{"id":9786,"date":"2025-11-14T11:10:39","date_gmt":"2025-11-14T14:10:39","guid":{"rendered":"https:\/\/educaremt.com.br\/web\/?page_id=9786"},"modified":"2025-11-14T11:40:38","modified_gmt":"2025-11-14T14:40:38","slug":"curso-de-aph-2","status":"publish","type":"page","link":"https:\/\/educaremt.com.br\/web\/curso-de-aph-2\/","title":{"rendered":"Curso de APH"},"content":{"rendered":"\t\t<div data-elementor-type=\"wp-page\" data-elementor-id=\"9786\" class=\"elementor elementor-9786\" data-elementor-post-type=\"page\">\n\t\t\t\t<div class=\"elementor-element elementor-element-c458b37 e-flex e-con-boxed e-con e-parent\" data-id=\"c458b37\" data-element_type=\"container\">\n\t\t\t\t\t<div class=\"e-con-inner\">\n\t\t<div class=\"elementor-element elementor-element-a847608 e-con-full e-flex e-con e-child\" data-id=\"a847608\" data-element_type=\"container\" data-settings=\"{&quot;background_background&quot;:&quot;classic&quot;}\">\n\t\t\r\n\r\n\t\t<\/div>\n\t\t\t\t<div class=\"elementor-element elementor-element-ce62d94 elementor-widget elementor-widget-html\" data-id=\"ce62d94\" data-element_type=\"widget\" data-widget_type=\"html.default\">\n\t\t\t\t\t<!doctype html>\r\n<html lang=\"pt-BR\">\r\n <head>\r\n  <meta charset=\"UTF-8\">\r\n  <meta name=\"viewport\" content=\"width=device-width, initial-scale=1.0\">\r\n  <title>Curso de Imers\u00e3o APH - Atendimento Pr\u00e9-Hospitalar<\/title>\r\n  <script src=\"\/_sdk\/element_sdk.js\"><\/script>\r\n  <style>\r\n        body {\r\n            box-sizing: border-box;\r\n            margin: 0;\r\n            padding: 0;\r\n            font-family: 'Inter', -apple-system, BlinkMacSystemFont, sans-serif;\r\n            line-height: 1.6;\r\n            color: #2d3748;\r\n            background: linear-gradient(135deg, #103850 0%, #0a5887 100%);\r\n            min-height: 100%;\r\n        }\r\n\r\n        .container {\r\n            max-width: 1200px;\r\n            margin: 0 auto;\r\n            padding: 20px;\r\n        }\r\n\r\n        .hero-section {\r\n            background: rgba(255, 255, 255, 0.95);\r\n            border-radius: 20px;\r\n            padding: 60px 40px;\r\n            text-align: center;\r\n            margin-bottom: 40px;\r\n            box-shadow: 0 20px 40px rgba(0, 0, 0, 0.1);\r\n            backdrop-filter: blur(10px);\r\n        }\r\n\r\n        .hero-title {\r\n            font-size: 3.5rem;\r\n            font-weight: 800;\r\n            color: #1a202c;\r\n            margin-bottom: 20px;\r\n            text-shadow: 2px 2px 4px rgba(0, 0, 0, 0.1);\r\n        }\r\n\r\n        .hero-subtitle {\r\n            font-size: 1.5rem;\r\n            color: #4a5568;\r\n            margin-bottom: 30px;\r\n            font-weight: 300;\r\n        }\r\n\r\n        .hero-description {\r\n            font-size: 1.2rem;\r\n            color: #718096;\r\n            max-width: 800px;\r\n            margin: 0 auto 40px;\r\n            line-height: 1.8;\r\n        }\r\n\r\n        .cta-button {\r\n            background: linear-gradient(135deg, #0f2239 0%, #063e82 100%);\r\n            color: white;\r\n            padding: 18px 40px;\r\n            border: none;\r\n            border-radius: 50px;\r\n            font-size: 1.3rem;\r\n            font-weight: 600;\r\n            cursor: pointer;\r\n            transition: all 0.3s ease;\r\n            text-decoration: none;\r\n            display: inline-block;\r\n            box-shadow: 0 10px 25px rgba(229, 62, 62, 0.3);\r\n        }\r\n\r\n        .cta-button:hover {\r\n            transform: translateY(-3px);\r\n            box-shadow: 0 15px 35px rgba(229, 62, 62, 0.4);\r\n        }\r\n\r\n        .info-grid {\r\n            display: grid;\r\n            grid-template-columns: repeat(auto-fit, minmax(300px, 1fr));\r\n            gap: 30px;\r\n            margin-bottom: 50px;\r\n        }\r\n\r\n        .info-card {\r\n            background: rgba(255, 255, 255, 0.95);\r\n            border-radius: 15px;\r\n            padding: 30px;\r\n            box-shadow: 0 10px 30px rgba(0, 0, 0, 0.1);\r\n            transition: transform 0.3s ease;\r\n        }\r\n\r\n        .info-card:hover {\r\n            transform: translateY(-5px);\r\n        }\r\n\r\n        .info-card h3 {\r\n            color: #e53e3e;\r\n            font-size: 1.5rem;\r\n            margin-bottom: 15px;\r\n            font-weight: 700;\r\n        }\r\n\r\n        .info-card p {\r\n            color: #4a5568;\r\n            font-size: 1.1rem;\r\n        }\r\n\r\n        .modules-section {\r\n            background: rgba(255, 255, 255, 0.95);\r\n            border-radius: 20px;\r\n            padding: 50px 40px;\r\n            margin-bottom: 40px;\r\n            box-shadow: 0 20px 40px rgba(0, 0, 0, 0.1);\r\n        }\r\n\r\n        .section-title {\r\n            font-size: 2.5rem;\r\n            color: #1a202c;\r\n            text-align: center;\r\n            margin-bottom: 40px;\r\n            font-weight: 700;\r\n        }\r\n\r\n        .modules-grid {\r\n            display: grid;\r\n            grid-template-columns: repeat(auto-fit, minmax(500px, 1fr));\r\n            gap: 40px;\r\n        }\r\n\r\n        .module-card {\r\n            background: linear-gradient(135deg, #f7fafc 0%, #edf2f7 100%);\r\n            border-radius: 15px;\r\n            padding: 30px;\r\n            border-left: 5px solid #e53e3e;\r\n        }\r\n\r\n        .module-title {\r\n            font-size: 1.8rem;\r\n            color: #e53e3e;\r\n            margin-bottom: 20px;\r\n            font-weight: 700;\r\n            display: flex;\r\n            align-items: center;\r\n            gap: 10px;\r\n        }\r\n\r\n        .module-list {\r\n            list-style: none;\r\n            padding: 0;\r\n        }\r\n\r\n        .module-list li {\r\n            padding: 8px 0;\r\n            color: #4a5568;\r\n            font-size: 1.1rem;\r\n            position: relative;\r\n            padding-left: 25px;\r\n        }\r\n\r\n        .module-list li:before {\r\n            content: \"\u2713\";\r\n            position: absolute;\r\n            left: 0;\r\n            color: #38a169;\r\n            font-weight: bold;\r\n        }\r\n\r\n        .highlight-section {\r\n            background: rgba(255, 255, 255, 0.95);\r\n            color: white;\r\n            border-radius: 20px;\r\n            padding: 50px 40px;\r\n            text-align: center;\r\n            margin-bottom: 40px;\r\n            box-shadow: 0 20px 40px rgba(229, 62, 62, 0.3);\r\n        }\r\n\r\n        .highlight-title {\r\n            font-size: 2.2rem;\r\n            margin-bottom: 20px;\r\n            font-weight: 700;\r\n        }\r\n\r\n        .highlight-text {\r\n            font-size: 1.3rem;\r\n            opacity: 0.95;\r\n            line-height: 1.8;\r\n        }\r\n\r\n        .contact-section {\r\n            background: rgba(255, 255, 255, 0.95);\r\n            border-radius: 20px;\r\n            padding: 50px 40px;\r\n            text-align: center;\r\n            box-shadow: 0 20px 40px rgba(0, 0, 0, 0.1);\r\n        }\r\n\r\n        .contact-button {\r\n            background: linear-gradient(135deg, #38a169 0%, #2f855a 100%);\r\n            color: white;\r\n            padding: 15px 35px;\r\n            border: none;\r\n            border-radius: 50px;\r\n            font-size: 1.2rem;\r\n            font-weight: 600;\r\n            cursor: pointer;\r\n            transition: all 0.3s ease;\r\n            text-decoration: none;\r\n            display: inline-block;\r\n            margin: 10px;\r\n            box-shadow: 0 8px 20px rgba(56, 161, 105, 0.3);\r\n        }\r\n\r\n        .contact-button:hover {\r\n            transform: translateY(-2px);\r\n            box-shadow: 0 12px 25px rgba(56, 161, 105, 0.4);\r\n        }\r\n\r\n        .icon {\r\n            font-size: 1.5rem;\r\n            margin-right: 10px;\r\n        }\r\n\r\n        @media (max-width: 768px) {\r\n            .hero-title {\r\n                font-size: 2.5rem;\r\n            }\r\n            \r\n            .hero-subtitle {\r\n                font-size: 1.2rem;\r\n            }\r\n            \r\n            .modules-grid {\r\n                grid-template-columns: 1fr;\r\n            }\r\n            \r\n            .module-card {\r\n                min-width: auto;\r\n            }\r\n            \r\n            .container {\r\n                padding: 15px;\r\n            }\r\n            \r\n            .hero-section, .modules-section, .contact-section {\r\n                padding: 30px 20px;\r\n            }\r\n        }\r\n    <\/style>\r\n  <style>@view-transition { navigation: auto; }<\/style>\r\n  <script src=\"\/_sdk\/data_sdk.js\" type=\"text\/javascript\"><\/script>\r\n  <script src=\"https:\/\/cdn.tailwindcss.com\" type=\"text\/javascript\"><\/script>\r\n <\/head>\r\n <body>\r\n  <main class=\"container\">\r\n   <section class=\"hero-section\">\r\n    <h1 class=\"hero-title\">Curso de Imers\u00e3o APH<\/h1>\r\n    <h2 class=\"hero-subtitle\">Atendimento Pr\u00e9-Hospitalar<\/h2>\r\n    <p class=\"hero-description\">No curso de imers\u00e3o voc\u00ea ter\u00e1 a viv\u00eancia intensiva das t\u00e9cnicas iniciais de redu\u00e7\u00e3o de danos em situa\u00e7\u00f5es de risco iminente de morte, principalmente em v\u00edtimas de trauma.<\/p><a href=\"#modulos\" class=\"cta-button\"> <span class=\"icon\">\ud83d\ude91<\/span> Conhe\u00e7a o Programa <\/a>\r\n   <\/section>\r\n   <div class=\"info-grid\">\r\n    <div class=\"info-card\">\r\n     <h3><span class=\"icon\">\u23f1\ufe0f<\/span>Carga Hor\u00e1ria<\/h3>\r\n     <p>30 horas de treinamento intensivo com teoria e pr\u00e1tica para forma\u00e7\u00e3o completa em APH.<\/p>\r\n    <\/div>\r\n    <div class=\"info-card\">\r\n     <h3><span class=\"icon\">\ud83c\udfaf<\/span>Objetivo<\/h3>\r\n     <p>Capacitar profissionais para atendimento de emerg\u00eancia com t\u00e9cnicas de redu\u00e7\u00e3o de danos e salvamento de vidas.<\/p>\r\n    <\/div>\r\n    <div class=\"info-card\">\r\n     <h3><span class=\"icon\">\ud83d\udc68\u200d\u2695\ufe0f<\/span>Certifica\u00e7\u00e3o<\/h3>\r\n     <p>Certificado reconhecido para atua\u00e7\u00e3o em atendimento pr\u00e9-hospitalar e situa\u00e7\u00f5es de emerg\u00eancia.<\/p>\r\n    <\/div>\r\n   <\/div>\r\n   <section id=\"modulos\" class=\"modules-section\">\r\n    <h2 class=\"section-title\">M\u00f3dulos do Curso<\/h2>\r\n    <div class=\"modules-grid\">\r\n     <div class=\"module-card\">\r\n      <h3 class=\"module-title\"><span class=\"icon\">\ud83d\udcda<\/span> M\u00d3DULO TE\u00d3RICO<\/h3>\r\n      <ul class=\"module-list\">\r\n       <li>Conceitos, Portarias, Resolu\u00e7\u00f5es, Protocolos, Legisla\u00e7\u00e3o e Normas<\/li>\r\n       <li>Perfil do Socorrista<\/li>\r\n       <li>Avalia\u00e7\u00e3o da cena<\/li>\r\n       <li>Avalia\u00e7\u00e3o prim\u00e1ria e secund\u00e1ria<\/li>\r\n       <li>Emerg\u00eancias cl\u00ednicas em APH<\/li>\r\n       <li>Emerg\u00eancias do trauma em APH<\/li>\r\n       <li>Rolamento em bloco<\/li>\r\n       <li>Imobiliza\u00e7\u00e3o e transporte: prancha, ked<\/li>\r\n       <li>OVACE (Obstru\u00e7\u00e3o de Vias A\u00e9reas por Corpo Estranho)<\/li>\r\n       <li>PCR e RCP (Parada Cardiorrespirat\u00f3ria e Reanima\u00e7\u00e3o)<\/li>\r\n       <li>Parto Emergencial<\/li>\r\n       <li>Kit\/bolsa do socorrista<\/li>\r\n      <\/ul>\r\n     <\/div>\r\n     <div class=\"module-card\">\r\n      <h3 class=\"module-title\"><span class=\"icon\">\ud83d\udd27<\/span> M\u00d3DULO PR\u00c1TICO<\/h3>\r\n      <ul class=\"module-list\">\r\n       <li>Manobra de Heimlich<\/li>\r\n       <li>Posi\u00e7\u00e3o lateral de seguran\u00e7a<\/li>\r\n       <li>Reanima\u00e7\u00e3o cardiopulmonar<\/li>\r\n       <li>Imobiliza\u00e7\u00e3o de fratura<\/li>\r\n       <li>Conten\u00e7\u00e3o hemorr\u00e1gica<\/li>\r\n       <li>Rolamento em prancha\/transporte em prancha<\/li>\r\n       <li>Extra\u00e7\u00e3o veicular: Ked, manual<\/li>\r\n       <li>Resgate remoto: desmoronamento\/atropelamento<\/li>\r\n      <\/ul>\r\n     <\/div>\r\n    <\/div>\r\n   <\/section>\r\n   <section class=\"highlight-section\">\r\n    <h2 class=\"highlight-title\">Salve Vidas com Conhecimento T\u00e9cnico<\/h2>\r\n    <p class=\"highlight-text\">Aprenda as t\u00e9cnicas essenciais para atuar em situa\u00e7\u00f5es de emerg\u00eancia e fazer a diferen\u00e7a quando cada segundo conta. Nosso curso combina conhecimento te\u00f3rico s\u00f3lido com pr\u00e1tica intensiva para sua forma\u00e7\u00e3o completa.<\/p>\r\n   <\/section>\r\n   <section class=\"contact-section\">\r\n    <h2 class=\"section-title\">Inscreva-se Agora<\/h2>\r\n    <p style=\"font-size: 1.2rem; margin-bottom: 30px; color: #4a5568;\">N\u00e3o perca a oportunidade de se capacitar em APH. Entre em contato para mais informa\u00e7\u00f5es sobre datas e valores.<\/p><a href=\"tel:+556530265661\" class=\"contact-button\"> <span class=\"icon\">\ud83d\udcde<\/span> Ligar Agora <\/a> <a href=\"https:\/\/wa.me\/556530265661\" target=\"_blank\" rel=\"noopener noreferrer\" class=\"contact-button\"> <span class=\"icon\">\ud83d\udcac<\/span> WhatsApp <\/a> <a href=\"mailto:educare@educaremt.com.br\" class=\"contact-button\"> <span class=\"icon\">\u2709\ufe0f<\/span> E-mail <\/a>\r\n   <\/section>\r\n  <\/main>\r\n  <script>\r\n        \/\/ Smooth scrolling para links internos\r\n        document.querySelectorAll('a[href^=\"#\"]').forEach(anchor => {\r\n            anchor.addEventListener('click', function (e) {\r\n                e.preventDefault();\r\n                const target = document.querySelector(this.getAttribute('href'));\r\n                if (target) {\r\n                    target.scrollIntoView({\r\n                        behavior: 'smooth',\r\n                        block: 'start'\r\n                    });\r\n                }\r\n            });\r\n        });\r\n\r\n        \/\/ Anima\u00e7\u00e3o de entrada dos cards\r\n        const observerOptions = {\r\n            threshold: 0.1,\r\n            rootMargin: '0px 0px -50px 0px'\r\n        };\r\n\r\n        const observer = new IntersectionObserver((entries) => {\r\n            entries.forEach(entry => {\r\n                if (entry.isIntersecting) {\r\n                    entry.target.style.opacity = '1';\r\n                    entry.target.style.transform = 'translateY(0)';\r\n                }\r\n            });\r\n        }, observerOptions);\r\n\r\n        \/\/ Aplicar anima\u00e7\u00e3o aos cards\r\n        document.querySelectorAll('.info-card, .module-card').forEach(card => {\r\n            card.style.opacity = '0';\r\n            card.style.transform = 'translateY(30px)';\r\n            card.style.transition = 'opacity 0.6s ease, transform 0.6s ease';\r\n            observer.observe(card);\r\n        });\r\n\r\n        \/\/ Efeito de hover nos bot\u00f5es\r\n        document.querySelectorAll('.cta-button, .contact-button').forEach(button => {\r\n            button.addEventListener('mouseenter', function() {\r\n                this.style.transform = 'translateY(-3px) scale(1.05)';\r\n            });\r\n            \r\n            button.addEventListener('mouseleave', function() {\r\n                this.style.transform = 'translateY(0) scale(1)';\r\n            });\r\n        });\r\n    <\/script>\r\n <script>(function(){function c(){var b=a.contentDocument||a.contentWindow.document;if(b){var d=b.createElement('script');d.innerHTML=\"window.__CF$cv$params={r:'99e714d3d6c2cac7',t:'MTc2MzEyOTMxMS4wMDAwMDA='};var a=document.createElement('script');a.nonce='';a.src='\/cdn-cgi\/challenge-platform\/scripts\/jsd\/main.js';document.getElementsByTagName('head')[0].appendChild(a);\";b.getElementsByTagName('head')[0].appendChild(d)}}if(document.body){var a=document.createElement('iframe');a.height=1;a.width=1;a.style.position='absolute';a.style.top=0;a.style.left=0;a.style.border='none';a.style.visibility='hidden';document.body.appendChild(a);if('loading'!==document.readyState)c();else if(window.addEventListener)document.addEventListener('DOMContentLoaded',c);else{var e=document.onreadystatechange||function(){};document.onreadystatechange=function(b){e(b);'loading'!==document.readyState&&(document.onreadystatechange=e,c())}}}})();<\/script><\/body>\r\n<\/html>\t\t\t\t<\/div>\n\t\t\t\t\t<\/div>\n\t\t\t\t<\/div>\n\t\t\t\t<\/div>\n\t\t","protected":false},"excerpt":{"rendered":"<p>Curso de Imers\u00e3o APH &#8211; Atendimento Pr\u00e9-Hospitalar Curso de Imers\u00e3o APH Atendimento Pr\u00e9-Hospitalar No curso de imers\u00e3o voc\u00ea ter\u00e1 a viv\u00eancia intensiva das t\u00e9cnicas iniciais de redu\u00e7\u00e3o de danos em situa\u00e7\u00f5es de risco iminente de morte, principalmente em v\u00edtimas de trauma. \ud83d\ude91 Conhe\u00e7a o Programa \u23f1\ufe0fCarga Hor\u00e1ria 30 horas de treinamento intensivo com teoria e&#8230;<\/p>\n","protected":false},"author":1,"featured_media":0,"parent":0,"menu_order":0,"comment_status":"closed","ping_status":"closed","template":"redux-templates_canvas","meta":{"footnotes":""},"class_list":["post-9786","page","type-page","status-publish","hentry"],"_links":{"self":[{"href":"https:\/\/educaremt.com.br\/web\/wp-json\/wp\/v2\/pages\/9786","targetHints":{"allow":["GET"]}}],"collection":[{"href":"https:\/\/educaremt.com.br\/web\/wp-json\/wp\/v2\/pages"}],"about":[{"href":"https:\/\/educaremt.com.br\/web\/wp-json\/wp\/v2\/types\/page"}],"author":[{"embeddable":true,"href":"https:\/\/educaremt.com.br\/web\/wp-json\/wp\/v2\/users\/1"}],"replies":[{"embeddable":true,"href":"https:\/\/educaremt.com.br\/web\/wp-json\/wp\/v2\/comments?post=9786"}],"version-history":[{"count":13,"href":"https:\/\/educaremt.com.br\/web\/wp-json\/wp\/v2\/pages\/9786\/revisions"}],"predecessor-version":[{"id":9803,"href":"https:\/\/educaremt.com.br\/web\/wp-json\/wp\/v2\/pages\/9786\/revisions\/9803"}],"wp:attachment":[{"href":"https:\/\/educaremt.com.br\/web\/wp-json\/wp\/v2\/media?parent=9786"}],"curies":[{"name":"wp","href":"https:\/\/api.w.org\/{rel}","templated":true}]}}