

{"id":9755,"date":"2025-11-12T18:52:43","date_gmt":"2025-11-12T21:52:43","guid":{"rendered":"https:\/\/educaremt.com.br\/web\/?page_id=9755"},"modified":"2025-11-12T19:05:09","modified_gmt":"2025-11-12T22:05:09","slug":"transferencia-2","status":"publish","type":"page","link":"https:\/\/educaremt.com.br\/web\/transferencia-2\/","title":{"rendered":"Transfer\u00eancia"},"content":{"rendered":"\t\t<div data-elementor-type=\"wp-page\" data-elementor-id=\"9755\" class=\"elementor elementor-9755\" data-elementor-post-type=\"page\">\n\t\t\t\t<div class=\"elementor-element elementor-element-2a8973a e-flex e-con-boxed e-con e-parent\" data-id=\"2a8973a\" data-element_type=\"container\">\n\t\t\t\t\t<div class=\"e-con-inner\">\n\t\t\t\t\t<\/div>\n\t\t\t\t<\/div>\n\t\t<div class=\"elementor-element elementor-element-50a61e3 e-flex e-con-boxed e-con e-parent\" data-id=\"50a61e3\" data-element_type=\"container\">\n\t\t\t\t\t<div class=\"e-con-inner\">\n\t\t<div class=\"elementor-element elementor-element-f24d158 e-con-full e-flex e-con e-child\" data-id=\"f24d158\" data-element_type=\"container\">\n\t\t\t\t<div class=\"elementor-element elementor-element-7c83fd5 elementor-widget elementor-widget-heading\" data-id=\"7c83fd5\" data-element_type=\"widget\" data-widget_type=\"heading.default\">\n\t\t\t\t\t<h2 class=\"elementor-heading-title elementor-size-default\">Transfer\u00eancia<\/h2>\t\t\t\t<\/div>\n\t\t\t\t<div class=\"elementor-element elementor-element-8298a54 elementor-widget elementor-widget-text-editor\" data-id=\"8298a54\" data-element_type=\"widget\" data-widget_type=\"text-editor.default\">\n\t\t\t\t\t\t\t\t\tPensando em fazer uma transfer\u00eancia de faculdade? Essa pode ser uma decis\u00e3o importante para quem busca uma nova experi\u00eancia acad\u00eamica ou profissional.<\/br>\nMuitas vezes, ao longo da gradua\u00e7\u00e3o, percebemos que o curso escolhido n\u00e3o atende \u00e0s nossas expectativas ou que a institui\u00e7\u00e3o n\u00e3o oferece o ambiente ideal para nosso desenvolvimento.<\/br>\nAo considerar uma transfer\u00eancia, \u00e9 fundamental avaliar os motivos que levam a essa decis\u00e3o e pesquisar a fundo a nova institui\u00e7\u00e3o. Para isso, \u00e9 preciso analisar a grade curricular, os professores, as oportunidades de interc\u00e2mbio e as atividades extracurriculares oferecidas pela nova faculdade.\nTransferir de faculdade pode ser um recome\u00e7o e uma oportunidade de crescimento pessoal e profissional. <\/br>Traga esse seu recome\u00e7o para a EduCareMT!\t\t\t\t\t\t\t\t<\/div>\n\t\t\t\t<div class=\"elementor-element elementor-element-86c4c30 elementor-widget elementor-widget-heading\" data-id=\"86c4c30\" data-element_type=\"widget\" data-widget_type=\"heading.default\">\n\t\t\t\t\t<h2 class=\"elementor-heading-title elementor-size-default\">Como Pedir Transfer\u00eancia de Faculdade:<\/h2>\t\t\t\t<\/div>\n\t\t\t\t<div class=\"elementor-element elementor-element-b58cda3 elementor-widget elementor-widget-text-editor\" data-id=\"b58cda3\" data-element_type=\"widget\" data-widget_type=\"text-editor.default\">\n\t\t\t\t\t\t\t\t\tO processo de transfer\u00eancia de faculdade \u00e9 bastante simples, confira abaixo:<\/br><\/br>\n \n  1. Fa\u00e7a sua inscri\u00e7\u00e3o Preencha o formul\u00e1rio com os dados pessoais, curso, em que deseja estudar e inscreva-se.<\/br>\n \n  2. Envie seus documentos. \u00c9 necess\u00e1rio enviar seu Hist\u00f3rico Oficial, fornecido pela institui\u00e7\u00e3o de origem para an\u00e1lise.<\/br>\n \n 3. Acompanhe seu processo, ap\u00f3s finalizar, acompanhe o processo pelo seu e-mail. Nosso time entrar\u00e1 em contato com voc\u00ea.\n <\/br>\n  4. Confirma\u00e7\u00e3o da an\u00e1lise. Ao ser aprovado, ser\u00e1 necess\u00e1rio confirmar que est\u00e1 de acordo com a an\u00e1lise curricular.\n <\/br>\n 5. Fa\u00e7a sua matr\u00edcula. Assine o contrato para se matricular e comece sua jornada na Faculdade EduCareMT.\t\t\t\t\t\t\t\t<\/div>\n\t\t\t\t<div class=\"elementor-element elementor-element-d283c4b e-n-tabs-mobile elementor-widget elementor-widget-n-tabs\" data-id=\"d283c4b\" data-element_type=\"widget\" data-settings=\"{&quot;horizontal_scroll&quot;:&quot;disable&quot;}\" data-widget_type=\"nested-tabs.default\">\n\t\t\t\t\t\t\t<div class=\"e-n-tabs\" data-widget-number=\"220740683\" aria-label=\"Abas. Abra itens com &quot;Enter&quot; ou &quot;Espa\u00e7o&quot;, feche com &quot;Escape&quot; e navegue usando as teclas de &quot;Seta&quot;.\">\n\t\t\t<div class=\"e-n-tabs-heading\" role=\"tablist\">\n\t\t\t\t\t<button id=\"e-n-tab-title-2207406831\" class=\"e-n-tab-title\" aria-selected=\"true\" data-tab-index=\"1\" role=\"tab\" tabindex=\"0\" aria-controls=\"e-n-tab-content-2207406831\" style=\"--n-tabs-title-order: 1;\">\n\t\t\t\t\t\t<span class=\"e-n-tab-title-text\">\n\t\t\t\tTransfer\u00eancia Externa\t\t\t<\/span>\n\t\t<\/button>\n\t\t\t\t<button id=\"e-n-tab-title-2207406832\" class=\"e-n-tab-title\" aria-selected=\"false\" data-tab-index=\"2\" role=\"tab\" tabindex=\"-1\" aria-controls=\"e-n-tab-content-2207406832\" style=\"--n-tabs-title-order: 2;\">\n\t\t\t\t\t\t<span class=\"e-n-tab-title-text\">\n\t\t\t\tTransfer\u00eancia Interna\t\t\t<\/span>\n\t\t<\/button>\n\t\t\t\t<button id=\"e-n-tab-title-2207406833\" class=\"e-n-tab-title\" aria-selected=\"false\" data-tab-index=\"3\" role=\"tab\" tabindex=\"-1\" aria-controls=\"e-n-tab-content-2207406833\" style=\"--n-tabs-title-order: 3;\">\n\t\t\t\t\t\t<span class=\"e-n-tab-title-text\">\n\t\t\t\tTransfer\u00eancia em Grupo\t\t\t<\/span>\n\t\t<\/button>\n\t\t\t\t\t<\/div>\n\t\t\t<div class=\"e-n-tabs-content\">\n\t\t\t\t<div id=\"e-n-tab-content-2207406831\" role=\"tabpanel\" aria-labelledby=\"e-n-tab-title-2207406831\" data-tab-index=\"1\" style=\"--n-tabs-title-order: 1;\" class=\"e-active elementor-element elementor-element-382cf3e e-con-full e-flex e-con e-child\" data-id=\"382cf3e\" data-element_type=\"container\">\n\t\t<div class=\"elementor-element elementor-element-558da95 e-flex e-con-boxed e-con e-child\" data-id=\"558da95\" data-element_type=\"container\">\n\t\t\t\t\t<div class=\"e-con-inner\">\n\t\t\t\t<div class=\"elementor-element elementor-element-3a702d9 elementor-widget elementor-widget-text-editor\" data-id=\"3a702d9\" data-element_type=\"widget\" data-widget_type=\"text-editor.default\">\n\t\t\t\t\t\t\t\t\t<p>A transfer\u00eancia externa ocorre quando voc\u00ea decide mudar de Institui\u00e7\u00e3o de Ensino Superior (IES), podendo ou n\u00e3o mudar de curso! O processo pode ser realizado em qualquer momento do curso de origem. \u00c9 importante, por\u00e9m, entender como ocorre o processo tanto na IES de origem quanto na que voc\u00ea pretende estudar.<br \/>Para transferir seu curso para a EduCareMT, voc\u00ea precisar\u00e1 de documentos como: Atestado de Regularidade Acad\u00eamica, Hist\u00f3rico Escolar oficial e original, Situa\u00e7\u00e3o ENADE, Programa das disciplinas cursadas, Documento de reconhecimento\/autoriza\u00e7\u00e3o do curso e da Universidade e Sistema de Avalia\u00e7\u00e3o da Institui\u00e7\u00e3o de Ensino Superior.<\/p>\t\t\t\t\t\t\t\t<\/div>\n\t\t\t\t\t<\/div>\n\t\t\t\t<\/div>\n\t\t\t\t<\/div>\n\t\t<div id=\"e-n-tab-content-2207406832\" role=\"tabpanel\" aria-labelledby=\"e-n-tab-title-2207406832\" data-tab-index=\"2\" style=\"--n-tabs-title-order: 2;\" class=\" elementor-element elementor-element-dcd8946 e-con-full e-flex e-con e-child\" data-id=\"dcd8946\" data-element_type=\"container\">\n\t\t<div class=\"elementor-element elementor-element-a24c2ad e-flex e-con-boxed e-con e-child\" data-id=\"a24c2ad\" data-element_type=\"container\">\n\t\t\t\t\t<div class=\"e-con-inner\">\n\t\t\t\t<div class=\"elementor-element elementor-element-7de4a65 elementor-widget elementor-widget-text-editor\" data-id=\"7de4a65\" data-element_type=\"widget\" data-widget_type=\"text-editor.default\">\n\t\t\t\t\t\t\t\t\t<p>Deseja mudar de curso, mas est\u00e1 satisfeito com a EduCareMT?<br \/>A\u00a0<b>transfer\u00eancia interna<\/b>\u00a0\u00e9 a melhor op\u00e7\u00e3o, pois permite que voc\u00ea reaproveite disciplinas j\u00e1 realizadas e n\u00e3o precise fazer novo vestibular.<\/p>\t\t\t\t\t\t\t\t<\/div>\n\t\t\t\t\t<\/div>\n\t\t\t\t<\/div>\n\t\t\t\t<\/div>\n\t\t<div id=\"e-n-tab-content-2207406833\" role=\"tabpanel\" aria-labelledby=\"e-n-tab-title-2207406833\" data-tab-index=\"3\" style=\"--n-tabs-title-order: 3;\" class=\" elementor-element elementor-element-222d358 e-con-full e-flex e-con e-child\" data-id=\"222d358\" data-element_type=\"container\">\n\t\t<div class=\"elementor-element elementor-element-dc0fa8a e-flex e-con-boxed e-con e-child\" data-id=\"dc0fa8a\" data-element_type=\"container\">\n\t\t\t\t\t<div class=\"e-con-inner\">\n\t\t\t\t<div class=\"elementor-element elementor-element-a8a8f8b elementor-widget elementor-widget-text-editor\" data-id=\"a8a8f8b\" data-element_type=\"widget\" data-widget_type=\"text-editor.default\">\n\t\t\t\t\t\t\t\t\t<p>Conhece mais pessoas em sua IES de origem que desejam vir para a EduCareMT? Voc\u00ea pode iniciar um processo em grupo, que ainda garante alguns descontos para cada membro:<br \/>At\u00e9 10 amigos: + 5%<br \/>Acima de 11 amigos: + 10%<br \/>L\u00edder do grupo: + 12%<\/p>\t\t\t\t\t\t\t\t<\/div>\n\t\t\t\t\t<\/div>\n\t\t\t\t<\/div>\n\t\t\t\t<\/div>\n\t\t\t\t\t<\/div>\n\t\t<\/div>\n\t\t\t\t\t\t<\/div>\n\t\t\t\t<div class=\"elementor-element elementor-element-f2f2300 elementor-align-justify elementor-widget elementor-widget-button\" data-id=\"f2f2300\" data-element_type=\"widget\" data-widget_type=\"button.default\">\n\t\t\t\t\t\t\t\t\t\t<a class=\"elementor-button elementor-button-link elementor-size-sm\" href=\"https:\/\/api.whatsapp.com\/send\/?phone=556530265661\">\n\t\t\t\t\t\t<span class=\"elementor-button-content-wrapper\">\n\t\t\t\t\t\t\t\t\t<span class=\"elementor-button-text\">SAIBA MAIS<\/span>\n\t\t\t\t\t<\/span>\n\t\t\t\t\t<\/a>\n\t\t\t\t\t\t\t\t<\/div>\n\t\t\t\t<\/div>\n\t\t<div class=\"elementor-element elementor-element-17f5dd6 e-con-full e-flex e-con e-child\" data-id=\"17f5dd6\" data-element_type=\"container\">\n\t\t\t\t<\/div>\n\t\t\t\t\t<\/div>\n\t\t\t\t<\/div>\n\t\t\t\t<\/div>\n\t\t","protected":false},"excerpt":{"rendered":"<p>Transfer\u00eancia Pensando em fazer uma transfer\u00eancia de faculdade? Essa pode ser uma decis\u00e3o importante para quem busca uma nova experi\u00eancia acad\u00eamica ou profissional. Muitas vezes, ao longo da gradua\u00e7\u00e3o, percebemos que o curso escolhido n\u00e3o atende \u00e0s nossas expectativas ou que a institui\u00e7\u00e3o n\u00e3o oferece o ambiente ideal para nosso desenvolvimento. Ao considerar uma transfer\u00eancia,&#8230;<\/p>\n","protected":false},"author":1,"featured_media":0,"parent":0,"menu_order":0,"comment_status":"closed","ping_status":"closed","template":"redux-templates_canvas","meta":{"footnotes":""},"class_list":["post-9755","page","type-page","status-publish","hentry"],"_links":{"self":[{"href":"https:\/\/educaremt.com.br\/web\/wp-json\/wp\/v2\/pages\/9755","targetHints":{"allow":["GET"]}}],"collection":[{"href":"https:\/\/educaremt.com.br\/web\/wp-json\/wp\/v2\/pages"}],"about":[{"href":"https:\/\/educaremt.com.br\/web\/wp-json\/wp\/v2\/types\/page"}],"author":[{"embeddable":true,"href":"https:\/\/educaremt.com.br\/web\/wp-json\/wp\/v2\/users\/1"}],"replies":[{"embeddable":true,"href":"https:\/\/educaremt.com.br\/web\/wp-json\/wp\/v2\/comments?post=9755"}],"version-history":[{"count":28,"href":"https:\/\/educaremt.com.br\/web\/wp-json\/wp\/v2\/pages\/9755\/revisions"}],"predecessor-version":[{"id":9783,"href":"https:\/\/educaremt.com.br\/web\/wp-json\/wp\/v2\/pages\/9755\/revisions\/9783"}],"wp:attachment":[{"href":"https:\/\/educaremt.com.br\/web\/wp-json\/wp\/v2\/media?parent=9755"}],"curies":[{"name":"wp","href":"https:\/\/api.w.org\/{rel}","templated":true}]}}