{"id":9241,"date":"2025-09-15T19:02:41","date_gmt":"2025-09-15T22:02:41","guid":{"rendered":"https:\/\/educaremt.com.br\/web\/clinica-escola-de-fisioterapia-copy\/"},"modified":"2025-09-15T19:13:04","modified_gmt":"2025-09-15T22:13:04","slug":"npj-educaremt","status":"publish","type":"page","link":"https:\/\/educaremt.com.br\/web\/npj-educaremt\/","title":{"rendered":"N\u00daCLEO DE PR\u00c1TICAS JUR\u00cdDICAS"},"content":{"rendered":"\t\t<div data-elementor-type=\"wp-page\" data-elementor-id=\"9241\" class=\"elementor elementor-9241\" data-elementor-post-type=\"page\">\n\t\t\t\t<div class=\"elementor-element elementor-element-19dab60 e-flex e-con-boxed e-con e-parent\" data-id=\"19dab60\" data-element_type=\"container\" data-settings=\"{&quot;background_background&quot;:&quot;classic&quot;}\">\n\t\t\t\t\t<div class=\"e-con-inner\">\n\t\t\t\t<div class=\"elementor-element elementor-element-043dd58 elementor-widget elementor-widget-heading\" data-id=\"043dd58\" data-element_type=\"widget\" data-widget_type=\"heading.default\">\n\t\t\t\t\t<h2 class=\"elementor-heading-title elementor-size-default\">N\u00daCLEO DE PR\u00c1TICAS JUR\u00cdDICAS<\/h2>\t\t\t\t<\/div>\n\t\t\t\t\t<\/div>\n\t\t\t\t<\/div>\n\t\t<div class=\"elementor-element elementor-element-37a6db8 e-flex e-con-boxed e-con e-parent\" data-id=\"37a6db8\" data-element_type=\"container\" data-settings=\"{&quot;background_background&quot;:&quot;classic&quot;}\">\n\t\t\t\t\t<div class=\"e-con-inner\">\n\t\t<div class=\"elementor-element elementor-element-3dd9428 e-con-full e-flex e-con e-child\" data-id=\"3dd9428\" data-element_type=\"container\" data-settings=\"{&quot;background_background&quot;:&quot;classic&quot;}\">\n\t\t\r\n\r\n\t\t<div class=\"elementor-element elementor-element-a8d479e elementor-widget elementor-widget-text-editor\" data-id=\"a8d479e\" data-element_type=\"widget\" data-widget_type=\"text-editor.default\">\n\t\t\t\t\t\t\t\t\tN\u00daCLEO DE PR\u00c1TICAS JUR\u00cdDICAS: O QUE \u00c9 E COMO FUNCIONA:<\/br>\nO N\u00facleo de Pr\u00e1ticas Jur\u00eddicas funciona como um laborat\u00f3rio onde os estudantes do curso de bacharelado em Direito podem colocar em pr\u00e1tica as teorias que aprenderam em sala de aula.\nO N\u00facleo funciona como se fosse um escrit\u00f3rio de advocacia, que \u00e9 estruturado dentro das Faculdades de Direito. Ele oferece atendimento gratuito \u00e0s pessoas da comunidade que precisam de orienta\u00e7\u00f5es jur\u00eddicas.<\/br>\nOu seja, o NPJ \u00e9 um ambiente que simula a realidade que os estudantes de Direito encontrar\u00e3o fora da faculdade, quando estiverem no mercado de trabalho.\nVale lembrar que todos os casos trabalhados no NPJ s\u00e3o reais. Al\u00e9m disso, as atividades s\u00e3o sempre acompanhadas por professores especialistas.\nEsse tipo de laborat\u00f3rio existe desde 1994. E desde 2004, quando foi publicada a Resolu\u00e7\u00e3o CNE\/CES n\u00ba 9\/2004, \u00e9 obrigat\u00f3rio em todas as institui\u00e7\u00f5es de ensino que oferecem o curso de Direito. O N\u00facleo de Pr\u00e1ticas Jur\u00eddicas (NPJ) da EduCareMT \u00e9 um espa\u00e7o dedicado \u00e0 forma\u00e7\u00e3o pr\u00e1tica dos estudantes de Direito, proporcionando uma experi\u00eancia real no atendimento a casos jur\u00eddicos e na aplica\u00e7\u00e3o do conhecimento adquirido em sala de aula. Aqui, os alunos t\u00eam a oportunidade de atuar em diversas \u00e1reas do Direito, sempre com a supervis\u00e3o de professores e advogados experientes.\nAl\u00e9m de contribuir para a forma\u00e7\u00e3o acad\u00eamica, o NPJ presta servi\u00e7os gratuitos de assessoria jur\u00eddica \u00e0 comunidade, beneficiando pessoas que n\u00e3o t\u00eam condi\u00e7\u00f5es de arcar com custos advocat\u00edcios.<\/br><\/br>\n\u00c1REAS DE ATUA\u00c7\u00c3O:<\/br>\n\u2022 Direito Civil<\/br>\n\u2022 Direito de Fam\u00edlia<\/br>\n\u2022 Direito do Trabalho<\/br>\n\u2022 Direito Previdenci\u00e1rio<\/br>\n\u2022 Defesa do Consumidor<\/br><\/br>\n\u2022 ATIVIDADES DO NPJ:<\/br>\n\u2022 Atendimento ao p\u00fablico<\/br>\n\u2022 Elabora\u00e7\u00e3o de peti\u00e7\u00f5es<\/br>\n\u2022 Acompanhamento de processos judiciais<\/br>\n\u2022 Media\u00e7\u00e3o e concilia\u00e7\u00e3o de conflitos<\/br><\/br>\nOBJETIVOS:<\/br>\nProporcionar aos alunos a viv\u00eancia pr\u00e1tica da advocacia, fortalecendo sua forma\u00e7\u00e3o acad\u00eamica e \u00e9tica.\nPrestar um servi\u00e7o essencial \u00e0 comunidade, garantindo acesso \u00e0 justi\u00e7a para aqueles que mais precisam.<\/br><\/br>\nHOR\u00c1RIO DE FUNCIONAMENTO:<\/br>\nSexta-feira, das 13h \u00e0s 18h.<\/br>\nTelefone: (65) 30265-661<\/br>\nE-mail: educare@educaremt.com.br<\/br>\n\t\t\t\t\t\t\t\t<\/div>\n\t\t\t\t<div class=\"elementor-element elementor-element-996c783 elementor-hidden-desktop elementor-hidden-tablet elementor-hidden-mobile elementor-arrows-position-inside elementor-pagination-position-outside elementor-widget elementor-widget-image-carousel\" data-id=\"996c783\" data-element_type=\"widget\" data-settings=\"{&quot;slides_to_show&quot;:&quot;3&quot;,&quot;navigation&quot;:&quot;both&quot;,&quot;autoplay&quot;:&quot;yes&quot;,&quot;pause_on_hover&quot;:&quot;yes&quot;,&quot;pause_on_interaction&quot;:&quot;yes&quot;,&quot;autoplay_speed&quot;:5000,&quot;infinite&quot;:&quot;yes&quot;,&quot;speed&quot;:500}\" data-widget_type=\"image-carousel.default\">\n\t\t\t\t\t\t\t<div class=\"elementor-image-carousel-wrapper swiper\" role=\"region\" aria-roledescription=\"carousel\" aria-label=\"Carrossel de imagens\" dir=\"ltr\">\n\t\t\t<div class=\"elementor-image-carousel swiper-wrapper\" aria-live=\"off\">\n\t\t\t\t\t\t\t\t<div class=\"swiper-slide\" role=\"group\" aria-roledescription=\"slide\" aria-label=\"1 de 4\"><figure class=\"swiper-slide-inner\"><img decoding=\"async\" class=\"swiper-slide-image\" src=\"https:\/\/educaremt.com.br\/web\/wp-content\/uploads\/2025\/09\/WhatsApp-Image-2025-09-09-at-18.18.05-225x300.jpeg\" alt=\"WhatsApp Image 2025-09-09 at 18.18.05\" \/><\/figure><\/div><div class=\"swiper-slide\" role=\"group\" aria-roledescription=\"slide\" aria-label=\"2 de 4\"><figure class=\"swiper-slide-inner\"><img decoding=\"async\" class=\"swiper-slide-image\" src=\"https:\/\/educaremt.com.br\/web\/wp-content\/uploads\/2025\/09\/WhatsApp-Image-2025-09-09-at-18.18.04-225x300.jpeg\" alt=\"WhatsApp Image 2025-09-09 at 18.18.04\" \/><\/figure><\/div><div class=\"swiper-slide\" role=\"group\" aria-roledescription=\"slide\" aria-label=\"3 de 4\"><figure class=\"swiper-slide-inner\"><img decoding=\"async\" class=\"swiper-slide-image\" src=\"https:\/\/educaremt.com.br\/web\/wp-content\/uploads\/2025\/09\/9ca176f8-7423-48fd-808c-422cb08e79cd-225x300.jpg\" alt=\"9ca176f8-7423-48fd-808c-422cb08e79cd\" \/><\/figure><\/div><div class=\"swiper-slide\" role=\"group\" aria-roledescription=\"slide\" aria-label=\"4 de 4\"><figure class=\"swiper-slide-inner\"><img decoding=\"async\" class=\"swiper-slide-image\" src=\"https:\/\/educaremt.com.br\/web\/wp-content\/uploads\/2025\/09\/WhatsApp-Image-2025-09-09-at-18.18.00-225x300.jpeg\" alt=\"WhatsApp Image 2025-09-09 at 18.18.00\" \/><\/figure><\/div>\t\t\t<\/div>\n\t\t\t\t\t\t\t\t\t\t\t\t<div class=\"elementor-swiper-button elementor-swiper-button-prev\" role=\"button\" tabindex=\"0\">\n\t\t\t\t\t\t<svg aria-hidden=\"true\" class=\"e-font-icon-svg e-eicon-chevron-left\" viewBox=\"0 0 1000 1000\" xmlns=\"http:\/\/www.w3.org\/2000\/svg\"><path d=\"M646 125C629 125 613 133 604 142L308 442C296 454 292 471 292 487 292 504 296 521 308 533L604 854C617 867 629 875 646 875 663 875 679 871 692 858 704 846 713 829 713 812 713 796 708 779 692 767L438 487 692 225C700 217 708 204 708 187 708 171 704 154 692 142 675 129 663 125 646 125Z\"><\/path><\/svg>\t\t\t\t\t<\/div>\n\t\t\t\t\t<div class=\"elementor-swiper-button elementor-swiper-button-next\" role=\"button\" tabindex=\"0\">\n\t\t\t\t\t\t<svg aria-hidden=\"true\" class=\"e-font-icon-svg e-eicon-chevron-right\" viewBox=\"0 0 1000 1000\" xmlns=\"http:\/\/www.w3.org\/2000\/svg\"><path d=\"M696 533C708 521 713 504 713 487 713 471 708 454 696 446L400 146C388 133 375 125 354 125 338 125 325 129 313 142 300 154 292 171 292 187 292 204 296 221 308 233L563 492 304 771C292 783 288 800 288 817 288 833 296 850 308 863 321 871 338 875 354 875 371 875 388 867 400 854L696 533Z\"><\/path><\/svg>\t\t\t\t\t<\/div>\n\t\t\t\t\n\t\t\t\t\t\t\t\t\t<div class=\"swiper-pagination\"><\/div>\n\t\t\t\t\t\t\t\t\t<\/div>\n\t\t\t\t\t\t<\/div>\n\t\t\t\t<\/div>\n\t\t<div class=\"elementor-element elementor-element-e6ec7fd e-con-full e-flex e-con e-child\" data-id=\"e6ec7fd\" data-element_type=\"container\" data-settings=\"{&quot;background_background&quot;:&quot;classic&quot;}\">\n\t\t\t\t<div class=\"elementor-element elementor-element-cd5c9cc elementor-widget__width-initial elementor-absolute elementor-widget elementor-widget-heading\" data-id=\"cd5c9cc\" data-element_type=\"widget\" data-settings=\"{&quot;_position&quot;:&quot;absolute&quot;}\" data-widget_type=\"heading.default\">\n\t\t\t\t\t<h2 class=\"elementor-heading-title elementor-size-default\">FA\u00c7A SEU AGENDAMENTO<\/h2>\t\t\t\t<\/div>\n\t\t\t\t<div class=\"elementor-element elementor-element-14ab959 elementor-absolute elementor-button-align-stretch elementor-widget elementor-widget-form\" data-id=\"14ab959\" data-element_type=\"widget\" data-settings=\"{&quot;step_next_label&quot;:&quot;Pr\\u00f3ximo&quot;,&quot;step_previous_label&quot;:&quot;Anterior&quot;,&quot;_position&quot;:&quot;absolute&quot;,&quot;button_width&quot;:&quot;100&quot;,&quot;step_type&quot;:&quot;number_text&quot;,&quot;step_icon_shape&quot;:&quot;circle&quot;}\" data-widget_type=\"form.default\">\n\t\t\t\t\t\t\t<form class=\"elementor-form\" method=\"post\" name=\"Formulario NPJ\" aria-label=\"Formulario NPJ\">\n\t\t\t<input type=\"hidden\" name=\"post_id\" value=\"9241\"\/>\n\t\t\t<input type=\"hidden\" name=\"form_id\" value=\"14ab959\"\/>\n\t\t\t<input type=\"hidden\" name=\"referer_title\" value=\"N\u00daCLEO DE PR\u00c1TICAS JUR\u00cdDICAS\" \/>\n\n\t\t\t\t\t\t\t<input type=\"hidden\" name=\"queried_id\" value=\"9241\"\/>\n\t\t\t\n\t\t\t<div class=\"elementor-form-fields-wrapper elementor-labels-above\">\n\t\t\t\t\t\t\t\t<div class=\"elementor-field-type-text elementor-field-group elementor-column elementor-field-group-name elementor-col-100\">\n\t\t\t\t\t\t\t\t\t\t\t\t<label for=\"form-field-name\" class=\"elementor-field-label\">\n\t\t\t\t\t\t\t\tNome\t\t\t\t\t\t\t<\/label>\n\t\t\t\t\t\t\t\t\t\t\t\t\t\t<input size=\"1\" type=\"text\" name=\"form_fields[name]\" id=\"form-field-name\" class=\"elementor-field elementor-size-sm  elementor-field-textual\" placeholder=\"Nome\">\n\t\t\t\t\t\t\t\t\t\t\t<\/div>\n\t\t\t\t\t\t\t\t<div class=\"elementor-field-type-email elementor-field-group elementor-column elementor-field-group-email elementor-col-100 elementor-field-required\">\n\t\t\t\t\t\t\t\t\t\t\t\t<label for=\"form-field-email\" class=\"elementor-field-label\">\n\t\t\t\t\t\t\t\tE-mail\t\t\t\t\t\t\t<\/label>\n\t\t\t\t\t\t\t\t\t\t\t\t\t\t<input size=\"1\" type=\"email\" name=\"form_fields[email]\" id=\"form-field-email\" class=\"elementor-field elementor-size-sm  elementor-field-textual\" placeholder=\"E-mail\" required=\"required\">\n\t\t\t\t\t\t\t\t\t\t\t<\/div>\n\t\t\t\t\t\t\t\t<div class=\"elementor-field-type-tel elementor-field-group elementor-column elementor-field-group-field_531f210 elementor-col-100\">\n\t\t\t\t\t\t\t\t\t\t\t\t<label for=\"form-field-field_531f210\" class=\"elementor-field-label\">\n\t\t\t\t\t\t\t\tWhatsap\t\t\t\t\t\t\t<\/label>\n\t\t\t\t\t\t\t\t<input size=\"1\" type=\"tel\" name=\"form_fields[field_531f210]\" id=\"form-field-field_531f210\" class=\"elementor-field elementor-size-sm  elementor-field-textual\" placeholder=\"Whatsap\" pattern=\"[0-9()#&amp;+*-=.]+\" title=\"Apenas n\u00fameros e caracteres de telefone (#, -, *, etc.) s\u00e3o aceitos.\">\n\n\t\t\t\t\t\t<\/div>\n\t\t\t\t\t\t\t\t<div class=\"elementor-field-type-date elementor-field-group elementor-column elementor-field-group-field_07301bc elementor-col-100 elementor-field-required\">\n\t\t\t\t\t\t\t\t\t\t\t\t<label for=\"form-field-field_07301bc\" class=\"elementor-field-label\">\n\t\t\t\t\t\t\t\tData Agendamento:\t\t\t\t\t\t\t<\/label>\n\t\t\t\t\t\t\n\t\t<input type=\"date\" name=\"form_fields[field_07301bc]\" id=\"form-field-field_07301bc\" class=\"elementor-field elementor-size-sm  elementor-field-textual elementor-date-field\" required=\"required\" pattern=\"[0-9]{4}-[0-9]{2}-[0-9]{2}\" min=\"2025-09-10\" max=\"2025-12-31\">\n\t\t\t\t\t\t<\/div>\n\t\t\t\t\t\t\t\t<div class=\"elementor-field-group elementor-column elementor-field-type-submit elementor-col-100 e-form__buttons\">\n\t\t\t\t\t<button class=\"elementor-button elementor-size-sm\" type=\"submit\">\n\t\t\t\t\t\t<span class=\"elementor-button-content-wrapper\">\n\t\t\t\t\t\t\t\t\t\t\t\t\t\t\t\t\t\t\t\t\t\t<span class=\"elementor-button-text\">Enviar<\/span>\n\t\t\t\t\t\t\t\t\t\t\t\t\t<\/span>\n\t\t\t\t\t<\/button>\n\t\t\t\t<\/div>\n\t\t\t<\/div>\n\t\t<\/form>\n\t\t\t\t\t\t<\/div>\n\t\t\t\t<\/div>\n\t\t\t\t\t<\/div>\n\t\t\t\t<\/div>\n\t\t\t\t<\/div>\n\t\t","protected":false},"excerpt":{"rendered":"<p>N\u00daCLEO DE PR\u00c1TICAS JUR\u00cdDICAS N\u00daCLEO DE PR\u00c1TICAS JUR\u00cdDICAS: O QUE \u00c9 E COMO FUNCIONA: O N\u00facleo de Pr\u00e1ticas Jur\u00eddicas funciona como um laborat\u00f3rio onde os estudantes do curso de bacharelado em Direito podem colocar em pr\u00e1tica as teorias que aprenderam em sala de aula. O N\u00facleo funciona como se fosse um escrit\u00f3rio de advocacia, que&#8230;<\/p>\n","protected":false},"author":1,"featured_media":0,"parent":0,"menu_order":0,"comment_status":"closed","ping_status":"closed","template":"redux-templates_canvas","meta":{"footnotes":""},"class_list":["post-9241","page","type-page","status-publish","hentry"],"_links":{"self":[{"href":"https:\/\/educaremt.com.br\/web\/wp-json\/wp\/v2\/pages\/9241","targetHints":{"allow":["GET"]}}],"collection":[{"href":"https:\/\/educaremt.com.br\/web\/wp-json\/wp\/v2\/pages"}],"about":[{"href":"https:\/\/educaremt.com.br\/web\/wp-json\/wp\/v2\/types\/page"}],"author":[{"embeddable":true,"href":"https:\/\/educaremt.com.br\/web\/wp-json\/wp\/v2\/users\/1"}],"replies":[{"embeddable":true,"href":"https:\/\/educaremt.com.br\/web\/wp-json\/wp\/v2\/comments?post=9241"}],"version-history":[{"count":13,"href":"https:\/\/educaremt.com.br\/web\/wp-json\/wp\/v2\/pages\/9241\/revisions"}],"predecessor-version":[{"id":9256,"href":"https:\/\/educaremt.com.br\/web\/wp-json\/wp\/v2\/pages\/9241\/revisions\/9256"}],"wp:attachment":[{"href":"https:\/\/educaremt.com.br\/web\/wp-json\/wp\/v2\/media?parent=9241"}],"curies":[{"name":"wp","href":"https:\/\/api.w.org\/{rel}","templated":true}]}}