{"id":8980,"date":"2025-05-05T12:25:34","date_gmt":"2025-05-05T15:25:34","guid":{"rendered":"https:\/\/educaremt.com.br\/web\/cpa-copy\/"},"modified":"2025-11-24T14:24:13","modified_gmt":"2025-11-24T17:24:13","slug":"ouvidoria","status":"publish","type":"page","link":"https:\/\/educaremt.com.br\/web\/ouvidoria\/","title":{"rendered":"Ouvidoria"},"content":{"rendered":"\t\t<div data-elementor-type=\"wp-page\" data-elementor-id=\"8980\" class=\"elementor elementor-8980\" data-elementor-post-type=\"page\">\n\t\t\t\t<div class=\"elementor-element elementor-element-1603e21 e-flex e-con-boxed e-con e-parent\" data-id=\"1603e21\" data-element_type=\"container\" data-settings=\"{&quot;background_background&quot;:&quot;classic&quot;}\">\n\t\t\t\t\t<div class=\"e-con-inner\">\n\t\t\r\n\r\n\t\t\t<\/div>\n\t\t\t\t<\/div>\n\t\t<div class=\"elementor-element elementor-element-4b7ce98 e-flex e-con-boxed e-con e-parent\" data-id=\"4b7ce98\" data-element_type=\"container\">\n\t\t\t\t\t<div class=\"e-con-inner\">\n\t\t<div class=\"elementor-element elementor-element-e1f13b7 e-con-full e-flex e-con e-child\" data-id=\"e1f13b7\" data-element_type=\"container\">\n\t\t\t\t<div class=\"elementor-element elementor-element-b83b6ff e-n-tabs-mobile elementor-widget elementor-widget-n-tabs\" data-id=\"b83b6ff\" data-element_type=\"widget\" data-settings=\"{&quot;horizontal_scroll&quot;:&quot;disable&quot;}\" data-widget_type=\"nested-tabs.default\">\n\t\t\t\t\t\t\t<div class=\"e-n-tabs\" data-widget-number=\"193181439\" aria-label=\"Abas. Abra itens com &quot;Enter&quot; ou &quot;Espa\u00e7o&quot;, feche com &quot;Escape&quot; e navegue usando as teclas de &quot;Seta&quot;.\">\n\t\t\t<div class=\"e-n-tabs-heading\" role=\"tablist\">\n\t\t\t\t\t<button id=\"e-n-tab-title-1931814391\" class=\"e-n-tab-title\" aria-selected=\"true\" data-tab-index=\"1\" role=\"tab\" tabindex=\"0\" aria-controls=\"e-n-tab-content-1931814391\" style=\"--n-tabs-title-order: 1;\">\n\t\t\t\t\t\t<span class=\"e-n-tab-title-text\">\n\t\t\t\tApoio Acad\u00eamico - ENSINC\t\t\t<\/span>\n\t\t<\/button>\n\t\t\t\t<button id=\"e-n-tab-title-1931814392\" class=\"e-n-tab-title\" aria-selected=\"false\" data-tab-index=\"2\" role=\"tab\" tabindex=\"-1\" aria-controls=\"e-n-tab-content-1931814392\" style=\"--n-tabs-title-order: 2;\">\n\t\t\t\t\t\t<span class=\"e-n-tab-title-text\">\n\t\t\t\tAtendimento Financeiro e Acad\u00eamico\t\t\t<\/span>\n\t\t<\/button>\n\t\t\t\t<button id=\"e-n-tab-title-1931814393\" class=\"e-n-tab-title\" aria-selected=\"false\" data-tab-index=\"3\" role=\"tab\" tabindex=\"-1\" aria-controls=\"e-n-tab-content-1931814393\" style=\"--n-tabs-title-order: 3;\">\n\t\t\t\t\t\t<span class=\"e-n-tab-title-text\">\n\t\t\t\tIncentivos Financeiros\t\t\t<\/span>\n\t\t<\/button>\n\t\t\t\t<button id=\"e-n-tab-title-1931814394\" class=\"e-n-tab-title\" aria-selected=\"false\" data-tab-index=\"4\" role=\"tab\" tabindex=\"-1\" aria-controls=\"e-n-tab-content-1931814394\" style=\"--n-tabs-title-order: 4;\">\n\t\t\t\t\t\t<span class=\"e-n-tab-title-text\">\n\t\t\t\tIncentivos Financeiros\t\t\t<\/span>\n\t\t<\/button>\n\t\t\t\t<button id=\"e-n-tab-title-1931814395\" class=\"e-n-tab-title\" aria-selected=\"false\" data-tab-index=\"5\" role=\"tab\" tabindex=\"-1\" aria-controls=\"e-n-tab-content-1931814395\" style=\"--n-tabs-title-order: 5;\">\n\t\t\t\t\t\t<span class=\"e-n-tab-title-text\">\n\t\t\t\t<a href=\"https:\/\/ensinc.com.br\/PortalEnsinc\/Aluno\/authentication\/login\">Portal do Aluno<\/a>\t\t\t<\/span>\n\t\t<\/button>\n\t\t\t\t\t<\/div>\n\t\t\t<div class=\"e-n-tabs-content\">\n\t\t\t\t<div id=\"e-n-tab-content-1931814391\" role=\"tabpanel\" aria-labelledby=\"e-n-tab-title-1931814391\" data-tab-index=\"1\" style=\"--n-tabs-title-order: 1;\" class=\"e-active elementor-element elementor-element-509ecbe e-con-full e-flex e-con e-child\" data-id=\"509ecbe\" data-element_type=\"container\">\n\t\t<div class=\"elementor-element elementor-element-e7d1458 e-flex e-con-boxed e-con e-child\" data-id=\"e7d1458\" data-element_type=\"container\">\n\t\t\t\t\t<div class=\"e-con-inner\">\n\t\t\t\t<div class=\"elementor-element elementor-element-a0d6237 elementor-widget elementor-widget-text-editor\" data-id=\"a0d6237\" data-element_type=\"widget\" data-widget_type=\"text-editor.default\">\n\t\t\t\t\t\t\t\t\t<p>A plataforma do ENSINC adota um Modelo de Reelacionamento que tem com ofoco a oferta de estrutura multicanal cujo objetivo \u00e9 prestar com excel\u00eancia os servi\u00e7os solicitados.<\/p><p>Voc\u00ea pode fazer solicita\u00e7\u00f5es , obter informa\u00e7\u00f5es e expressar sua opini\u00e3o atra\u00b4ves de um dos canais dispon\u00edveis no sistema acad\u00eamico do ENSINC.<\/p><ul><li>Solicita\u00e7\u00e3o de Documentos<\/li><li>Solicita\u00e7\u00e3o segunda via boleto<\/li><li>Acompanhamento de Frequ\u00eancia<\/li><li>Acompanhamento de notas e faltas<\/li><li>Visualiza\u00e7\u00e3o de materiais<\/li><\/ul>\t\t\t\t\t\t\t\t<\/div>\n\t\t\t\t\t<\/div>\n\t\t\t\t<\/div>\n\t\t\t\t<\/div>\n\t\t<div id=\"e-n-tab-content-1931814392\" role=\"tabpanel\" aria-labelledby=\"e-n-tab-title-1931814392\" data-tab-index=\"2\" style=\"--n-tabs-title-order: 2;\" class=\" elementor-element elementor-element-7dedb28 e-con-full e-flex e-con e-child\" data-id=\"7dedb28\" data-element_type=\"container\">\n\t\t<div class=\"elementor-element elementor-element-f7c36f9 e-flex e-con-boxed e-con e-child\" data-id=\"f7c36f9\" data-element_type=\"container\">\n\t\t\t\t\t<div class=\"e-con-inner\">\n\t\t\t\t<div class=\"elementor-element elementor-element-98a4942 elementor-widget elementor-widget-text-editor\" data-id=\"98a4942\" data-element_type=\"widget\" data-widget_type=\"text-editor.default\">\n\t\t\t\t\t\t\t\t\t<p data-raofz=\"14\">O dia a dia acad\u00eamico e financeiro dos alunos da EduCareMT,<strong>\u00a0<\/strong>fica\u00a0mais simples com o suporte dado pelo\u00a0<strong>N\u00facleo de Atendimento Acad\u00eamico e Financeiro<\/strong>. Neste setor, os estudantes\u00a0encontram\u00a0toda a ajuda de que precisam para solucionar d\u00favidas e realizar servi\u00e7os espec\u00edficos, de forma pratica e r\u00e1pida.<\/p><p data-raofz=\"14\">Confira os servi\u00e7os que voc\u00ea pode realizar, de forma presencial ou\u00a0<em>online<\/em>.<\/p><p data-raofz=\"14\"><strong>Assuntos Acad\u00eamicos:<\/strong><\/p><ul><li data-raofz=\"14\">Entrega de documentos<\/li><li data-raofz=\"14\">Matr\u00edcula de calouros<\/li><li data-raofz=\"14\">Rematr\u00edcula<\/li><li data-raofz=\"14\">Reabertura de matr\u00edcula<\/li><li data-raofz=\"14\">Informa\u00e7\u00f5es para ades\u00e3o da carteira estudantil<\/li><li data-raofz=\"14\">Calend\u00e1rio Acad\u00eamico.<\/li><\/ul><p data-raofz=\"14\"><strong>ASSUNTOS FINANCEIROS:<\/strong><\/p><ul><li data-raofz=\"14\">Recebimento de matr\u00edculas, mensalidades e taxas acad\u00eamicas<\/li><li data-raofz=\"14\">Emiss\u00e3o de 2\u00aa via de boletos<\/li><li data-raofz=\"14\">Renova\u00e7\u00e3o de bolsas<\/li><\/ul><p data-raofz=\"14\">Confira os servi\u00e7os que voc\u00ea pode realizar, de forma presencial ou\u00a0<em>online<\/em>.<\/p><p data-raofz=\"14\"><strong>ASSUNTOS ACAD\u00caMICOS:<\/strong><\/p><ul><li data-raofz=\"14\">Entrega de documentos<\/li><li data-raofz=\"14\">Matr\u00edcula de calouros<\/li><li data-raofz=\"14\">Rematr\u00edcula<\/li><li data-raofz=\"14\">Reabertura de matr\u00edcula<\/li><li data-raofz=\"14\">Informa\u00e7\u00f5es para ades\u00e3o da carteira estudantil<\/li><li data-raofz=\"14\">Calend\u00e1rio Acad\u00eamico.<\/li><\/ul><p data-raofz=\"14\"><strong>ASSUNTOS FINANCEIROS:<\/strong><\/p><ul><li data-raofz=\"14\">Recebimento de matr\u00edculas, mensalidades e taxas acad\u00eamicas<\/li><li data-raofz=\"14\">Emiss\u00e3o de 2\u00aa via de boletos<\/li><li data-raofz=\"14\">Negocia\u00e7\u00e3o de d\u00e9bitos<\/li><li data-raofz=\"14\">Emiss\u00e3o de declara\u00e7\u00f5es financeiras.<\/li><li data-raofz=\"14\">Negocia\u00e7\u00e3o de d\u00e9bitos;<\/li><\/ul>\t\t\t\t\t\t\t\t<\/div>\n\t\t\t\t\t<\/div>\n\t\t\t\t<\/div>\n\t\t\t\t<\/div>\n\t\t<div id=\"e-n-tab-content-1931814393\" role=\"tabpanel\" aria-labelledby=\"e-n-tab-title-1931814393\" data-tab-index=\"3\" style=\"--n-tabs-title-order: 3;\" class=\" elementor-element elementor-element-2f5649b e-con-full e-flex e-con e-child\" data-id=\"2f5649b\" data-element_type=\"container\">\n\t\t<div class=\"elementor-element elementor-element-164d984 e-flex e-con-boxed e-con e-child\" data-id=\"164d984\" data-element_type=\"container\">\n\t\t\t\t\t<div class=\"e-con-inner\">\n\t\t\t\t<div class=\"elementor-element elementor-element-9a153f4 elementor-widget elementor-widget-text-editor\" data-id=\"9a153f4\" data-element_type=\"widget\" data-widget_type=\"text-editor.default\">\n\t\t\t\t\t\t\t\t\t<p>A Faculdade EduCareMT oferece aos acad\u00eamicos dos Cursos de Gradua\u00e7\u00e3o e alguns descontos financeiros sobre os valores das semestralidades, como forma de incentivo. Entre eles est\u00e3o: B\u00f4nus Adimpl\u00eancia, B\u00f4nus AMIGOINDICA, B\u00f4nus Fidelidade, Veja mais informa\u00e7\u00f5es abaixo:<\/p><p>B\u00f4nus Adimpl\u00eancia<br \/>O B\u00f4nus Adimpl\u00eancia (desconto de pontualidade) oferecido pela Faculdade EduCareMT \u00e9 de 10% (dez por cento), para pagamento antecipado at\u00e9 o 10\u00ba dia do m\u00eas do vencimento do boleto banc\u00e1rio sobre os valores da mensalidade. Para o pagamento \u00e0 vista da semestralidade, o valor total do desconto ser\u00e1 de 15%.<\/p><p>Ainda, por interesse Institucional e por prioridade na forma\u00e7\u00e3o de professores, o Curso de Pedagogia goza de um adicional de 10% de desconto.<\/p><p>B\u00f4nus Fidelidade<br \/>O B\u00f4nus Fidelidade oferecido pela Faculdade EduCareMT de 10% (dez por cento) sobre o valor da mensalidade, al\u00e9m dos descontos de pontualidade. Tal B\u00f4nus institui que o acad\u00eamico que tenha CONCLU\u00cdDO um ou mais de um curso SUPERIOR da Faculdade EduCareMT possa usufruir do mesmo.<\/p>\t\t\t\t\t\t\t\t<\/div>\n\t\t\t\t\t<\/div>\n\t\t\t\t<\/div>\n\t\t\t\t<\/div>\n\t\t<div id=\"e-n-tab-content-1931814394\" role=\"tabpanel\" aria-labelledby=\"e-n-tab-title-1931814394\" data-tab-index=\"4\" style=\"--n-tabs-title-order: 4;\" class=\" elementor-element elementor-element-b38b825 e-con-full e-flex e-con e-child\" data-id=\"b38b825\" data-element_type=\"container\">\n\t\t<div class=\"elementor-element elementor-element-2769bdb e-flex e-con-boxed e-con e-child\" data-id=\"2769bdb\" data-element_type=\"container\">\n\t\t\t\t\t<div class=\"e-con-inner\">\n\t\t\t\t<div class=\"elementor-element elementor-element-bf42285 elementor-widget elementor-widget-text-editor\" data-id=\"bf42285\" data-element_type=\"widget\" data-widget_type=\"text-editor.default\">\n\t\t\t\t\t\t\t\t\t<p>A Faculdade EduCareMT oferece aos acad\u00eamicos dos Cursos de Gradua\u00e7\u00e3o e alguns descontos financeiros sobre os valores das semestralidades, como forma de incentivo. Entre eles est\u00e3o: B\u00f4nus Adimpl\u00eancia, B\u00f4nus AMIGOINDICA, B\u00f4nus Fidelidade, Veja mais informa\u00e7\u00f5es abaixo:<\/p><p>B\u00f4nus Adimpl\u00eancia<br \/>O B\u00f4nus Adimpl\u00eancia (desconto de pontualidade) oferecido pela Faculdade EduCareMT \u00e9 de 10% (dez por cento), para pagamento antecipado at\u00e9 o 10\u00ba dia do m\u00eas do vencimento do boleto banc\u00e1rio sobre os valores da mensalidade. Para o pagamento \u00e0 vista da semestralidade, o valor total do desconto ser\u00e1 de 15%.<\/p><p>Ainda, por interesse Institucional e por prioridade na forma\u00e7\u00e3o de professores, o Curso de Pedagogia goza de um adicional de 10% de desconto.<\/p><p>B\u00f4nus Fidelidade<br \/>O B\u00f4nus Fidelidade oferecido pela Faculdade EduCareMT de 10% (dez por cento) sobre o valor da mensalidade, al\u00e9m dos descontos de pontualidade. Tal B\u00f4nus institui que o acad\u00eamico que tenha CONCLU\u00cdDO um ou mais de um curso SUPERIOR da Faculdade EduCareMT possa usufruir do mesmo.<\/p>\t\t\t\t\t\t\t\t<\/div>\n\t\t\t\t\t<\/div>\n\t\t\t\t<\/div>\n\t\t\t\t<\/div>\n\t\t<div id=\"e-n-tab-content-1931814395\" role=\"tabpanel\" aria-labelledby=\"e-n-tab-title-1931814395\" data-tab-index=\"5\" style=\"--n-tabs-title-order: 5;\" class=\" elementor-element elementor-element-b991289 e-con-full e-flex e-con e-child\" data-id=\"b991289\" data-element_type=\"container\">\n\t\t<div class=\"elementor-element elementor-element-4e324f1 e-flex e-con-boxed e-con e-child\" data-id=\"4e324f1\" data-element_type=\"container\">\n\t\t\t\t\t<div class=\"e-con-inner\">\n\t\t\t\t<div class=\"elementor-element elementor-element-0e7190e elementor-widget elementor-widget-acadubutton\" data-id=\"0e7190e\" data-element_type=\"widget\" data-widget_type=\"acadubutton.default\">\n\t\t\t\t<div class=\"elementor-widget-container\">\n\t\t\t\t\t<!-- Button --><div class=\"btn-wrapper center\"><a class=\"th-btn\" href=\"https:\/\/ensinc.com.br\/PortalEnsinc\/Aluno\/authentication\/login\" target=\"_blank\">Ir para portal<\/a><\/div><!-- End Button -->\t\t\t\t<\/div>\n\t\t\t\t<\/div>\n\t\t\t\t\t<\/div>\n\t\t\t\t<\/div>\n\t\t\t\t<\/div>\n\t\t\t\t\t<\/div>\n\t\t<\/div>\n\t\t\t\t\t\t<\/div>\n\t\t\t\t<\/div>\n\t\t<div class=\"elementor-element elementor-element-7825bba e-con-full e-flex e-con e-child\" data-id=\"7825bba\" data-element_type=\"container\">\n\t\t\t\t<div class=\"elementor-element elementor-element-6b14585 elementor-widget elementor-widget-heading\" data-id=\"6b14585\" data-element_type=\"widget\" data-widget_type=\"heading.default\">\n\t\t\t\t\t<h2 class=\"elementor-heading-title elementor-size-default\">Ouvidoria<\/h2>\t\t\t\t<\/div>\n\t\t\t\t<div class=\"elementor-element elementor-element-1bb26bb elementor-button-align-stretch elementor-widget elementor-widget-form\" data-id=\"1bb26bb\" data-element_type=\"widget\" data-settings=\"{&quot;step_next_label&quot;:&quot;Pr\\u00f3ximo&quot;,&quot;step_previous_label&quot;:&quot;Anterior&quot;,&quot;button_width&quot;:&quot;100&quot;,&quot;step_type&quot;:&quot;number_text&quot;,&quot;step_icon_shape&quot;:&quot;circle&quot;}\" data-widget_type=\"form.default\">\n\t\t\t\t\t\t\t<form class=\"elementor-form\" method=\"post\" name=\"Novo formul\u00e1rio\" aria-label=\"Novo formul\u00e1rio\">\n\t\t\t<input type=\"hidden\" name=\"post_id\" value=\"8980\"\/>\n\t\t\t<input type=\"hidden\" name=\"form_id\" value=\"1bb26bb\"\/>\n\t\t\t<input type=\"hidden\" name=\"referer_title\" value=\"Ouvidoria\" \/>\n\n\t\t\t\t\t\t\t<input type=\"hidden\" name=\"queried_id\" value=\"8980\"\/>\n\t\t\t\n\t\t\t<div class=\"elementor-form-fields-wrapper elementor-labels-above\">\n\t\t\t\t\t\t\t\t<div class=\"elementor-field-type-text elementor-field-group elementor-column elementor-field-group-name elementor-col-100\">\n\t\t\t\t\t\t\t\t\t\t\t\t<label for=\"form-field-name\" class=\"elementor-field-label\">\n\t\t\t\t\t\t\t\tNome(n\u00e3o obrigat\u00f3rio)\t\t\t\t\t\t\t<\/label>\n\t\t\t\t\t\t\t\t\t\t\t\t\t\t<input size=\"1\" type=\"text\" name=\"form_fields[name]\" id=\"form-field-name\" class=\"elementor-field elementor-size-sm  elementor-field-textual\" placeholder=\"Nome\">\n\t\t\t\t\t\t\t\t\t\t\t<\/div>\n\t\t\t\t\t\t\t\t<div class=\"elementor-field-type-email elementor-field-group elementor-column elementor-field-group-email elementor-col-100\">\n\t\t\t\t\t\t\t\t\t\t\t\t<label for=\"form-field-email\" class=\"elementor-field-label\">\n\t\t\t\t\t\t\t\tE-mail(n\u00e3o obrigat\u00f3rio)\t\t\t\t\t\t\t<\/label>\n\t\t\t\t\t\t\t\t\t\t\t\t\t\t<input size=\"1\" type=\"email\" name=\"form_fields[email]\" id=\"form-field-email\" class=\"elementor-field elementor-size-sm  elementor-field-textual\" placeholder=\"E-mail\">\n\t\t\t\t\t\t\t\t\t\t\t<\/div>\n\t\t\t\t\t\t\t\t<div class=\"elementor-field-type-textarea elementor-field-group elementor-column elementor-field-group-message elementor-col-100\">\n\t\t\t\t\t\t\t\t\t\t\t\t<label for=\"form-field-message\" class=\"elementor-field-label\">\n\t\t\t\t\t\t\t\tMensagem\t\t\t\t\t\t\t<\/label>\n\t\t\t\t\t\t<textarea class=\"elementor-field-textual elementor-field  elementor-size-sm\" name=\"form_fields[message]\" id=\"form-field-message\" rows=\"4\" placeholder=\"Mensagem\"><\/textarea>\t\t\t\t<\/div>\n\t\t\t\t\t\t\t\t<div class=\"elementor-field-group elementor-column elementor-field-type-submit elementor-col-100 e-form__buttons\">\n\t\t\t\t\t<button class=\"elementor-button elementor-size-sm\" type=\"submit\">\n\t\t\t\t\t\t<span class=\"elementor-button-content-wrapper\">\n\t\t\t\t\t\t\t\t\t\t\t\t\t\t\t\t\t\t\t\t\t\t<span class=\"elementor-button-text\">Enviar<\/span>\n\t\t\t\t\t\t\t\t\t\t\t\t\t<\/span>\n\t\t\t\t\t<\/button>\n\t\t\t\t<\/div>\n\t\t\t<\/div>\n\t\t<\/form>\n\t\t\t\t\t\t<\/div>\n\t\t\t\t<\/div>\n\t\t\t\t\t<\/div>\n\t\t\t\t<\/div>\n\t\t<div class=\"elementor-element elementor-element-507767b e-flex e-con-boxed e-con e-parent\" data-id=\"507767b\" data-element_type=\"container\">\n\t\t\t\t\t<div class=\"e-con-inner\">\n\t\t\t\t\t<\/div>\n\t\t\t\t<\/div>\n\t\t\t\t<\/div>\n\t\t","protected":false},"excerpt":{"rendered":"<p>Apoio Acad\u00eamico &#8211; ENSINC Atendimento Financeiro e Acad\u00eamico Incentivos Financeiros Incentivos Financeiros Portal do Aluno A plataforma do ENSINC adota um Modelo de Reelacionamento que tem com ofoco a oferta de estrutura multicanal cujo objetivo \u00e9 prestar com excel\u00eancia os servi\u00e7os solicitados. Voc\u00ea pode fazer solicita\u00e7\u00f5es , obter informa\u00e7\u00f5es e expressar sua opini\u00e3o atra\u00b4ves de&#8230;<\/p>\n","protected":false},"author":1,"featured_media":0,"parent":0,"menu_order":0,"comment_status":"closed","ping_status":"closed","template":"redux-templates_canvas","meta":{"footnotes":""},"class_list":["post-8980","page","type-page","status-publish","hentry"],"_links":{"self":[{"href":"https:\/\/educaremt.com.br\/web\/wp-json\/wp\/v2\/pages\/8980","targetHints":{"allow":["GET"]}}],"collection":[{"href":"https:\/\/educaremt.com.br\/web\/wp-json\/wp\/v2\/pages"}],"about":[{"href":"https:\/\/educaremt.com.br\/web\/wp-json\/wp\/v2\/types\/page"}],"author":[{"embeddable":true,"href":"https:\/\/educaremt.com.br\/web\/wp-json\/wp\/v2\/users\/1"}],"replies":[{"embeddable":true,"href":"https:\/\/educaremt.com.br\/web\/wp-json\/wp\/v2\/comments?post=8980"}],"version-history":[{"count":34,"href":"https:\/\/educaremt.com.br\/web\/wp-json\/wp\/v2\/pages\/8980\/revisions"}],"predecessor-version":[{"id":9834,"href":"https:\/\/educaremt.com.br\/web\/wp-json\/wp\/v2\/pages\/8980\/revisions\/9834"}],"wp:attachment":[{"href":"https:\/\/educaremt.com.br\/web\/wp-json\/wp\/v2\/media?parent=8980"}],"curies":[{"name":"wp","href":"https:\/\/api.w.org\/{rel}","templated":true}]}}