{"id":7553,"date":"2024-11-21T12:47:18","date_gmt":"2024-11-21T15:47:18","guid":{"rendered":"https:\/\/educaremt.com.br\/web\/institucional-copy\/"},"modified":"2025-08-22T18:57:58","modified_gmt":"2025-08-22T21:57:58","slug":"cpa","status":"publish","type":"page","link":"https:\/\/educaremt.com.br\/web\/cpa\/","title":{"rendered":"CPA"},"content":{"rendered":"\t\t<div data-elementor-type=\"wp-page\" data-elementor-id=\"7553\" class=\"elementor elementor-7553\" data-elementor-post-type=\"page\">\n\t\t\t\t<div class=\"elementor-element elementor-element-83e9d36 e-con-full e-flex e-con e-parent\" data-id=\"83e9d36\" data-element_type=\"container\">\n\t\t\r\n\r\n\t\t<\/div>\n\t\t<div class=\"elementor-element elementor-element-4b7ce98 e-flex e-con-boxed e-con e-parent\" data-id=\"4b7ce98\" data-element_type=\"container\">\n\t\t\t\t\t<div class=\"e-con-inner\">\n\t\t<div class=\"elementor-element elementor-element-e1f13b7 e-con-full e-flex e-con e-child\" data-id=\"e1f13b7\" data-element_type=\"container\">\n\t\t\t\t<div class=\"elementor-element elementor-element-b83b6ff e-n-tabs-mobile elementor-widget elementor-widget-n-tabs\" data-id=\"b83b6ff\" data-element_type=\"widget\" data-settings=\"{&quot;horizontal_scroll&quot;:&quot;disable&quot;}\" data-widget_type=\"nested-tabs.default\">\n\t\t\t\t\t\t\t<div class=\"e-n-tabs\" data-widget-number=\"193181439\" aria-label=\"Abas. Abra itens com &quot;Enter&quot; ou &quot;Espa\u00e7o&quot;, feche com &quot;Escape&quot; e navegue usando as teclas de &quot;Seta&quot;.\">\n\t\t\t<div class=\"e-n-tabs-heading\" role=\"tablist\">\n\t\t\t\t\t<button id=\"e-n-tab-title-1931814391\" class=\"e-n-tab-title\" aria-selected=\"true\" data-tab-index=\"1\" role=\"tab\" tabindex=\"0\" aria-controls=\"e-n-tab-content-1931814391\" style=\"--n-tabs-title-order: 1;\">\n\t\t\t\t\t\t<span class=\"e-n-tab-title-text\">\n\t\t\t\tO que \u00e9 CPA ?\t\t\t<\/span>\n\t\t<\/button>\n\t\t\t\t<button id=\"e-n-tab-title-1931814392\" class=\"e-n-tab-title\" aria-selected=\"false\" data-tab-index=\"2\" role=\"tab\" tabindex=\"-1\" aria-controls=\"e-n-tab-content-1931814392\" style=\"--n-tabs-title-order: 2;\">\n\t\t\t\t\t\t<span class=\"e-n-tab-title-text\">\n\t\t\t\t DIMENS\u00d5ES AVALIADAS PELA CPA DA EduCareMT\t\t\t<\/span>\n\t\t<\/button>\n\t\t\t\t\t<\/div>\n\t\t\t<div class=\"e-n-tabs-content\">\n\t\t\t\t<div id=\"e-n-tab-content-1931814391\" role=\"tabpanel\" aria-labelledby=\"e-n-tab-title-1931814391\" data-tab-index=\"1\" style=\"--n-tabs-title-order: 1;\" class=\"e-active elementor-element elementor-element-509ecbe e-con-full e-flex e-con e-child\" data-id=\"509ecbe\" data-element_type=\"container\">\n\t\t<div class=\"elementor-element elementor-element-e7d1458 e-flex e-con-boxed e-con e-child\" data-id=\"e7d1458\" data-element_type=\"container\">\n\t\t\t\t\t<div class=\"e-con-inner\">\n\t\t\t\t<div class=\"elementor-element elementor-element-a0d6237 elementor-widget elementor-widget-text-editor\" data-id=\"a0d6237\" data-element_type=\"widget\" data-widget_type=\"text-editor.default\">\n\t\t\t\t\t\t\t\t\t<p>CPA \u00e9 a Comiss\u00e3o Pr\u00f3pria de Avalia\u00e7\u00e3o, institu\u00edda pelo SINAES \u2013 Sistema Nacional de Avalia\u00e7\u00e3o da Educa\u00e7\u00e3o Superior, e \u00e9 respons\u00e1vel pela implanta\u00e7\u00e3o e pelo desenvolvimento de processos de avalia\u00e7\u00e3o institucional. Os instrumentos de avalia\u00e7\u00e3o (question\u00e1rios) desenvolvidos pela CPA da Faculdade EduCareMT, constituem importantes ferramentas para o planejamento educacional, sempre em busca da melhoria da qualidade da forma\u00e7\u00e3o, da produ\u00e7\u00e3o do conhecimento e da extens\u00e3o. Al\u00e9m disso, esses instrumentos permitem que sejam identificadas \u00e1reas problem\u00e1ticas ou carentes de adequado investimento institucional, apontando exatamente os setores que requerem melhorias.<\/p>\t\t\t\t\t\t\t\t<\/div>\n\t\t\t\t\t<\/div>\n\t\t\t\t<\/div>\n\t\t\t\t<\/div>\n\t\t<div id=\"e-n-tab-content-1931814392\" role=\"tabpanel\" aria-labelledby=\"e-n-tab-title-1931814392\" data-tab-index=\"2\" style=\"--n-tabs-title-order: 2;\" class=\" elementor-element elementor-element-7dedb28 e-con-full e-flex e-con e-child\" data-id=\"7dedb28\" data-element_type=\"container\">\n\t\t<div class=\"elementor-element elementor-element-f7c36f9 e-flex e-con-boxed e-con e-child\" data-id=\"f7c36f9\" data-element_type=\"container\">\n\t\t\t\t\t<div class=\"e-con-inner\">\n\t\t\t\t<div class=\"elementor-element elementor-element-98a4942 elementor-widget elementor-widget-text-editor\" data-id=\"98a4942\" data-element_type=\"widget\" data-widget_type=\"text-editor.default\">\n\t\t\t\t\t\t\t\t\t<p>A avalia\u00e7\u00e3o engloba dimens\u00f5es como ensino, produ\u00e7\u00e3o acad\u00eamica, extens\u00e3o e gest\u00e3o universit\u00e1ria, e seus \u00edndices s\u00e3o expressos quantitativa e qualitativamente. As dimens\u00f5es avaliadas s\u00e3o:<\/p><ol><li>Miss\u00e3o, Plano de Desenvolvimento Institucional<\/li><li>Pol\u00edticas para o Ensino, a Pesquisa, a P\u00f3s-gradua\u00e7\u00e3o, a Extens\u00e3o.<\/li><li>Responsabilidade social da institui\u00e7\u00e3o, considerada especialmente no que se refere \u00e0 sua contribui\u00e7\u00e3o em rela\u00e7\u00e3o \u00e0 inclus\u00e3o social e ao desenvolvimento econ\u00f4mico e social.<\/li><li>Comunica\u00e7\u00e3o com a sociedade.<\/li><li>Pol\u00edticas de pessoal, de carreiras do corpo docente e corpo t\u00e9cnico-administrativo e as condi\u00e7\u00f5es de trabalho.<\/li><li>Organiza\u00e7\u00e3o e gest\u00e3o da institui\u00e7\u00e3o.<\/li><li>Infraestrutura f\u00edsica, especialmente a de ensino e de pesquisa, biblioteca, recursos de informa\u00e7\u00e3o e comunica\u00e7\u00e3o.<\/li><li>Planejamento e avalia\u00e7\u00e3o, especialmente em rela\u00e7\u00e3o aos processos, resultados e efic\u00e1cia da auto avalia\u00e7\u00e3o institucional.<\/li><li>Pol\u00edticas de atendimento aos estudantes.<\/li><li>Sustentabilidade financeira, tendo em vista o significado social da continuidade dos compromissos na oferta da educa\u00e7\u00e3o superior.<\/li><\/ol>\t\t\t\t\t\t\t\t<\/div>\n\t\t\t\t\t<\/div>\n\t\t\t\t<\/div>\n\t\t\t\t<\/div>\n\t\t\t\t\t<\/div>\n\t\t<\/div>\n\t\t\t\t\t\t<\/div>\n\t\t\t\t<\/div>\n\t\t<div class=\"elementor-element elementor-element-7825bba e-con-full e-flex e-con e-child\" data-id=\"7825bba\" data-element_type=\"container\">\n\t\t\t\t<div class=\"elementor-element elementor-element-6b14585 elementor-widget elementor-widget-heading\" data-id=\"6b14585\" data-element_type=\"widget\" data-widget_type=\"heading.default\">\n\t\t\t\t\t<h2 class=\"elementor-heading-title elementor-size-default\">Relat\u00f3rio CPA<\/h2>\t\t\t\t<\/div>\n\t\t\t\t<div class=\"elementor-element elementor-element-55fb194 elementor-widget elementor-widget-edurabutton\" data-id=\"55fb194\" data-element_type=\"widget\" data-widget_type=\"edurabutton.default\">\n\t\t\t\t<div class=\"elementor-widget-container\">\n\t\t\t\t\t<!-- Button --><div class=\"btn-wrapper center\"><a class=\"th-btn\" href=\"https:\/\/educaremt.com.br\/web\/wp-content\/uploads\/2025\/05\/RELATORIO-DA-CPA-2018.pdf\" target=\"_blank\">RELAT\u00d3RIO DA CPA 2018<\/a><\/div><!-- End Button -->\t\t\t\t<\/div>\n\t\t\t\t<\/div>\n\t\t\t\t<div class=\"elementor-element elementor-element-7c1c47b elementor-widget elementor-widget-edurabutton\" data-id=\"7c1c47b\" data-element_type=\"widget\" data-widget_type=\"edurabutton.default\">\n\t\t\t\t<div class=\"elementor-widget-container\">\n\t\t\t\t\t<!-- Button --><div class=\"btn-wrapper center\"><a class=\"th-btn\" href=\"https:\/\/educaremt.com.br\/web\/wp-content\/uploads\/2025\/05\/RELATORIO-DAS-ATIVIDADES-CPA-2019.pdf\" target=\"_blank\">RELAT\u00d3RIO DA CPA 2019<\/a><\/div><!-- End Button -->\t\t\t\t<\/div>\n\t\t\t\t<\/div>\n\t\t\t\t<div class=\"elementor-element elementor-element-a8ae318 elementor-widget elementor-widget-edurabutton\" data-id=\"a8ae318\" data-element_type=\"widget\" data-widget_type=\"edurabutton.default\">\n\t\t\t\t<div class=\"elementor-widget-container\">\n\t\t\t\t\t<!-- Button --><div class=\"btn-wrapper center\"><a class=\"th-btn\" href=\"https:\/\/educaremt.com.br\/web\/wp-content\/uploads\/2025\/05\/RELATORIO-DAS-ATIVIDADES-DA-CPA-2020.pdf\" target=\"_blank\">RELAT\u00d3RIO DA CPA 2020<\/a><\/div><!-- End Button -->\t\t\t\t<\/div>\n\t\t\t\t<\/div>\n\t\t\t\t<div class=\"elementor-element elementor-element-460d301 elementor-widget elementor-widget-edurabutton\" data-id=\"460d301\" data-element_type=\"widget\" data-widget_type=\"edurabutton.default\">\n\t\t\t\t<div class=\"elementor-widget-container\">\n\t\t\t\t\t<!-- Button --><div class=\"btn-wrapper center\"><a class=\"th-btn\" href=\"https:\/\/educaremt.com.br\/web\/wp-content\/uploads\/2025\/05\/RELATORIO-PARCIAL-DAS-ATIVIDADES-DA-CPA-2021.pdf\" target=\"_blank\">RELAT\u00d3RIO DA CPA 2021<\/a><\/div><!-- End Button -->\t\t\t\t<\/div>\n\t\t\t\t<\/div>\n\t\t\t\t<div class=\"elementor-element elementor-element-22b1f2b elementor-widget elementor-widget-edurabutton\" data-id=\"22b1f2b\" data-element_type=\"widget\" data-widget_type=\"edurabutton.default\">\n\t\t\t\t<div class=\"elementor-widget-container\">\n\t\t\t\t\t<!-- Button --><div class=\"btn-wrapper center\"><a class=\"th-btn\" href=\"https:\/\/educaremt.com.br\/web\/wp-content\/uploads\/2025\/05\/RELATORIO-DAS-ATIVIDADES-DA-CPA-2022.pdf\" target=\"_blank\">RELAT\u00d3RIO DA CPA 2022<\/a><\/div><!-- End Button -->\t\t\t\t<\/div>\n\t\t\t\t<\/div>\n\t\t\t\t<div class=\"elementor-element elementor-element-180469d elementor-widget elementor-widget-edurabutton\" data-id=\"180469d\" data-element_type=\"widget\" data-widget_type=\"edurabutton.default\">\n\t\t\t\t<div class=\"elementor-widget-container\">\n\t\t\t\t\t<!-- Button --><div class=\"btn-wrapper center\"><a class=\"th-btn\" href=\"https:\/\/educaremt.com.br\/web\/wp-content\/uploads\/2025\/05\/RELATORIO-DAS-ATIVIDADES-DA-CPA-2023.pdf\" target=\"_blank\">RELAT\u00d3RIO DA CPA 2023<\/a><\/div><!-- End Button -->\t\t\t\t<\/div>\n\t\t\t\t<\/div>\n\t\t\t\t<div class=\"elementor-element elementor-element-409e18a elementor-widget elementor-widget-edurabutton\" data-id=\"409e18a\" data-element_type=\"widget\" data-widget_type=\"edurabutton.default\">\n\t\t\t\t<div class=\"elementor-widget-container\">\n\t\t\t\t\t<!-- Button --><div class=\"btn-wrapper center\"><a class=\"th-btn\" href=\"https:\/\/educaremt.com.br\/web\/wp-content\/uploads\/2025\/05\/RELATORIO-DAS-ATIVIDADES-DA-CPA-2024.pdf\" target=\"_blank\">RELAT\u00d3RIO DA CPA 2024<\/a><\/div><!-- End Button -->\t\t\t\t<\/div>\n\t\t\t\t<\/div>\n\t\t\t\t<\/div>\n\t\t\t\t\t<\/div>\n\t\t\t\t<\/div>\n\t\t<div class=\"elementor-element elementor-element-507767b e-flex e-con-boxed e-con e-parent\" data-id=\"507767b\" data-element_type=\"container\">\n\t\t\t\t\t<div class=\"e-con-inner\">\n\t\t\t\t\t<\/div>\n\t\t\t\t<\/div>\n\t\t\t\t<\/div>\n\t\t","protected":false},"excerpt":{"rendered":"<p>O que \u00e9 CPA ? DIMENS\u00d5ES AVALIADAS PELA CPA DA EduCareMT CPA \u00e9 a Comiss\u00e3o Pr\u00f3pria de Avalia\u00e7\u00e3o, institu\u00edda pelo SINAES \u2013 Sistema Nacional de Avalia\u00e7\u00e3o da Educa\u00e7\u00e3o Superior, e \u00e9 respons\u00e1vel pela implanta\u00e7\u00e3o e pelo desenvolvimento de processos de avalia\u00e7\u00e3o institucional. Os instrumentos de avalia\u00e7\u00e3o (question\u00e1rios) desenvolvidos pela CPA da Faculdade EduCareMT, constituem importantes&#8230;<\/p>\n","protected":false},"author":1,"featured_media":0,"parent":0,"menu_order":0,"comment_status":"closed","ping_status":"closed","template":"redux-templates_canvas","meta":{"footnotes":""},"class_list":["post-7553","page","type-page","status-publish","hentry"],"_links":{"self":[{"href":"https:\/\/educaremt.com.br\/web\/wp-json\/wp\/v2\/pages\/7553","targetHints":{"allow":["GET"]}}],"collection":[{"href":"https:\/\/educaremt.com.br\/web\/wp-json\/wp\/v2\/pages"}],"about":[{"href":"https:\/\/educaremt.com.br\/web\/wp-json\/wp\/v2\/types\/page"}],"author":[{"embeddable":true,"href":"https:\/\/educaremt.com.br\/web\/wp-json\/wp\/v2\/users\/1"}],"replies":[{"embeddable":true,"href":"https:\/\/educaremt.com.br\/web\/wp-json\/wp\/v2\/comments?post=7553"}],"version-history":[{"count":43,"href":"https:\/\/educaremt.com.br\/web\/wp-json\/wp\/v2\/pages\/7553\/revisions"}],"predecessor-version":[{"id":9072,"href":"https:\/\/educaremt.com.br\/web\/wp-json\/wp\/v2\/pages\/7553\/revisions\/9072"}],"wp:attachment":[{"href":"https:\/\/educaremt.com.br\/web\/wp-json\/wp\/v2\/media?parent=7553"}],"curies":[{"name":"wp","href":"https:\/\/api.w.org\/{rel}","templated":true}]}}