{"id":7179,"date":"2024-11-18T11:41:29","date_gmt":"2024-11-18T14:41:29","guid":{"rendered":"https:\/\/educaremt.com.br\/web\/?page_id=7179"},"modified":"2026-03-16T11:05:38","modified_gmt":"2026-03-16T14:05:38","slug":"biblioteca","status":"publish","type":"page","link":"https:\/\/educaremt.com.br\/web\/biblioteca\/","title":{"rendered":"Biblioteca"},"content":{"rendered":"\t\t<div data-elementor-type=\"wp-page\" data-elementor-id=\"7179\" class=\"elementor elementor-7179\" data-elementor-post-type=\"page\">\n\t\t\t\t<div class=\"elementor-element elementor-element-2e264d3 e-flex e-con-boxed e-con e-parent\" data-id=\"2e264d3\" data-element_type=\"container\" data-settings=\"{&quot;background_background&quot;:&quot;classic&quot;}\">\n\t\t\t\t\t<div class=\"e-con-inner\">\n\t\t\r\n\r\n\t\t\t<\/div>\n\t\t\t\t<\/div>\n\t\t<div class=\"elementor-element elementor-element-cdd9c4d e-flex e-con-boxed e-con e-parent\" data-id=\"cdd9c4d\" data-element_type=\"container\">\n\t\t\t\t\t<div class=\"e-con-inner\">\n\t\t<div class=\"elementor-element elementor-element-1ac72c1 e-con-full e-flex e-con e-child\" data-id=\"1ac72c1\" data-element_type=\"container\">\n\t\t\t\t<div class=\"elementor-element elementor-element-7170674 e-n-tabs-mobile elementor-widget elementor-widget-n-tabs\" data-id=\"7170674\" data-element_type=\"widget\" data-settings=\"{&quot;horizontal_scroll&quot;:&quot;disable&quot;}\" data-widget_type=\"nested-tabs.default\">\n\t\t\t\t\t\t\t<div class=\"e-n-tabs\" data-widget-number=\"118949492\" aria-label=\"Abas. Abra itens com &quot;Enter&quot; ou &quot;Espa\u00e7o&quot;, feche com &quot;Escape&quot; e navegue usando as teclas de &quot;Seta&quot;.\">\n\t\t\t<div class=\"e-n-tabs-heading\" role=\"tablist\">\n\t\t\t\t\t<button id=\"e-n-tab-title-1189494921\" class=\"e-n-tab-title\" aria-selected=\"true\" data-tab-index=\"1\" role=\"tab\" tabindex=\"0\" aria-controls=\"e-n-tab-content-1189494921\" style=\"--n-tabs-title-order: 1;\">\n\t\t\t\t\t\t<span class=\"e-n-tab-title-text\">\n\t\t\t\tApresenta\u00e7\u00e3o\t\t\t<\/span>\n\t\t<\/button>\n\t\t\t\t<button id=\"e-n-tab-title-1189494922\" class=\"e-n-tab-title\" aria-selected=\"false\" data-tab-index=\"2\" role=\"tab\" tabindex=\"-1\" aria-controls=\"e-n-tab-content-1189494922\" style=\"--n-tabs-title-order: 2;\">\n\t\t\t\t\t\t<span class=\"e-n-tab-title-text\">\n\t\t\t\tNormas e Regulamentos\t\t\t<\/span>\n\t\t<\/button>\n\t\t\t\t<button id=\"e-n-tab-title-1189494923\" class=\"e-n-tab-title\" aria-selected=\"false\" data-tab-index=\"3\" role=\"tab\" tabindex=\"-1\" aria-controls=\"e-n-tab-content-1189494923\" style=\"--n-tabs-title-order: 3;\">\n\t\t\t\t\t\t<span class=\"e-n-tab-title-text\">\n\t\t\t\tAcervo\t\t\t<\/span>\n\t\t<\/button>\n\t\t\t\t<button id=\"e-n-tab-title-1189494924\" class=\"e-n-tab-title\" aria-selected=\"false\" data-tab-index=\"4\" role=\"tab\" tabindex=\"-1\" aria-controls=\"e-n-tab-content-1189494924\" style=\"--n-tabs-title-order: 4;\">\n\t\t\t\t\t\t<span class=\"e-n-tab-title-text\">\n\t\t\t\tInstala\u00e7\u00f5es\t\t\t<\/span>\n\t\t<\/button>\n\t\t\t\t<button id=\"e-n-tab-title-1189494925\" class=\"e-n-tab-title\" aria-selected=\"false\" data-tab-index=\"5\" role=\"tab\" tabindex=\"-1\" aria-controls=\"e-n-tab-content-1189494925\" style=\"--n-tabs-title-order: 5;\">\n\t\t\t\t\t\t<span class=\"e-n-tab-title-text\">\n\t\t\t\tPeri\u00f3dicos Online\t\t\t<\/span>\n\t\t<\/button>\n\t\t\t\t\t<\/div>\n\t\t\t<div class=\"e-n-tabs-content\">\n\t\t\t\t<div id=\"e-n-tab-content-1189494921\" role=\"tabpanel\" aria-labelledby=\"e-n-tab-title-1189494921\" data-tab-index=\"1\" style=\"--n-tabs-title-order: 1;\" class=\"e-active elementor-element elementor-element-6804740 e-con-full e-flex e-con e-child\" data-id=\"6804740\" data-element_type=\"container\">\n\t\t<div class=\"elementor-element elementor-element-96e7451 e-flex e-con-boxed e-con e-child\" data-id=\"96e7451\" data-element_type=\"container\">\n\t\t\t\t\t<div class=\"e-con-inner\">\n\t\t\t\t<div class=\"elementor-element elementor-element-37e4a59 elementor-widget elementor-widget-text-editor\" data-id=\"37e4a59\" data-element_type=\"widget\" data-widget_type=\"text-editor.default\">\n\t\t\t\t\t\t\t\t\t<h3><strong>Apresenta\u00e7\u00e3o<\/strong><\/h3><p>A Biblioteca da Faculdade EduCareMT, \u00e9 um espa\u00e7o colaborativo onde professores, estudantes, bibliotec\u00e1rios e nosso vasto acervo trabalham juntos. Nosso principal objetivo \u00e9 impulsionar o sucesso acad\u00eamico, oferecendo suporte completo aos cursos e fomentando um ambiente de educa\u00e7\u00e3o, cultura e pesquisa para todos. Aqui, reunimos documentos importantes, tutoriais e acesso ao nosso acervo!\u00a0<\/p><h3><strong>\u00a0Biblioteca Virtual<\/strong><\/h3><p>A biblioteca virtual tem o intuito de oferecer acesso \u00e0 informa\u00e7\u00e3o ao alcance de todos. O sistema direciona seus usu\u00e1rios \u00e0s fontes de dados dispon\u00edveis no meio virtual, incluindo ferramentas para pessoas com necessidades especiais, como aumento de fonte, contraste de telas e sintetizador de voz.<\/p><p>O acervo digital inclui Peri\u00f3dico, obras liter\u00e1rias e acad\u00eamicas, conte\u00fado multim\u00eddia e documentos fundamentais para os alunos da EduCareMT, como as normas de formata\u00e7\u00e3o obrigat\u00f3rias em TCCs (Trabalhos de Conclus\u00e3o de Curso).<\/p><p>\u00a0<\/p>\t\t\t\t\t\t\t\t<\/div>\n\t\t\t\t\t<\/div>\n\t\t\t\t<\/div>\n\t\t\t\t<\/div>\n\t\t<div id=\"e-n-tab-content-1189494922\" role=\"tabpanel\" aria-labelledby=\"e-n-tab-title-1189494922\" data-tab-index=\"2\" style=\"--n-tabs-title-order: 2;\" class=\" elementor-element elementor-element-4ccf15d e-con-full e-flex e-con e-child\" data-id=\"4ccf15d\" data-element_type=\"container\">\n\t\t<div class=\"elementor-element elementor-element-2f3452a e-flex e-con-boxed e-con e-child\" data-id=\"2f3452a\" data-element_type=\"container\">\n\t\t\t\t\t<div class=\"e-con-inner\">\n\t\t\t\t<div class=\"elementor-element elementor-element-ef62271 elementor-widget elementor-widget-text-editor\" data-id=\"ef62271\" data-element_type=\"widget\" data-widget_type=\"text-editor.default\">\n\t\t\t\t\t\t\t\t\t<p><a href=\"https:\/\/educaremt.com.br\/web\/wp-content\/uploads\/2025\/05\/regulamento-biblioteca-ok.pdf\">Regulamento Biblioteca<\/a><\/p>\t\t\t\t\t\t\t\t<\/div>\n\t\t\t\t\t<\/div>\n\t\t\t\t<\/div>\n\t\t\t\t<\/div>\n\t\t<div id=\"e-n-tab-content-1189494923\" role=\"tabpanel\" aria-labelledby=\"e-n-tab-title-1189494923\" data-tab-index=\"3\" style=\"--n-tabs-title-order: 3;\" class=\" elementor-element elementor-element-6c47eae e-con-full e-flex e-con e-child\" data-id=\"6c47eae\" data-element_type=\"container\">\n\t\t<div class=\"elementor-element elementor-element-38f3cc5 e-flex e-con-boxed e-con e-child\" data-id=\"38f3cc5\" data-element_type=\"container\">\n\t\t\t\t\t<div class=\"e-con-inner\">\n\t\t\t\t<div class=\"elementor-element elementor-element-ca4b6f3 elementor-widget elementor-widget-text-editor\" data-id=\"ca4b6f3\" data-element_type=\"widget\" data-widget_type=\"text-editor.default\">\n\t\t\t\t\t\t\t\t\t<p>O acervo \u00e0 disposi\u00e7\u00e3o dos usu\u00e1rios, no sistema de Ensinc<\/p><p>est\u00e1 dispon\u00edvel por meio de bases de dados de indexa\u00e7\u00e3o de peri\u00f3dicos, como o Portal de Peri\u00f3dicos CAPES entre outro a disposi\u00e7\u00e3o da Comunidade Acad\u00eamica.<\/p><p>\u00a0<\/p>\t\t\t\t\t\t\t\t<\/div>\n\t\t\t\t<div class=\"elementor-element elementor-element-9447b46 elementor-widget elementor-widget-acadubutton\" data-id=\"9447b46\" data-element_type=\"widget\" data-widget_type=\"acadubutton.default\">\n\t\t\t\t<div class=\"elementor-widget-container\">\n\t\t\t\t\t<!-- Button --><div class=\"btn-wrapper center\"><a class=\"th-btn\" href=\"https:\/\/ensinc.com.br\/Ensinc\/?54ef0a85-736d-4707-ab72-339c902a3871\/#\/bibliotecaModulo\/pesquisaAcervo\">Acesso ao Portal<\/a><\/div><!-- End Button -->\t\t\t\t<\/div>\n\t\t\t\t<\/div>\n\t\t\t\t\t<\/div>\n\t\t\t\t<\/div>\n\t\t\t\t<\/div>\n\t\t<div id=\"e-n-tab-content-1189494924\" role=\"tabpanel\" aria-labelledby=\"e-n-tab-title-1189494924\" data-tab-index=\"4\" style=\"--n-tabs-title-order: 4;\" class=\" elementor-element elementor-element-54c96a0 e-con-full e-flex e-con e-child\" data-id=\"54c96a0\" data-element_type=\"container\">\n\t\t<div class=\"elementor-element elementor-element-7d96b39 e-flex e-con-boxed e-con e-child\" data-id=\"7d96b39\" data-element_type=\"container\">\n\t\t\t\t\t<div class=\"e-con-inner\">\n\t\t\t\t<div class=\"elementor-element elementor-element-91de317 elementor-widget elementor-widget-text-editor\" data-id=\"91de317\" data-element_type=\"widget\" data-widget_type=\"text-editor.default\">\n\t\t\t\t\t\t\t\t\t<p>A Biblioteca disp\u00f5em de recursos de biosseguran\u00e7a, empr\u00e9stimo por biometria, sinaliza\u00e7\u00f5es preventivas de orienta\u00e7\u00e3o aos usu\u00e1rios, extintores de inc\u00eandio e sa\u00eddas de emerg\u00eancia.\u00a0<\/p>\t\t\t\t\t\t\t\t<\/div>\n\t\t\t\t\t<\/div>\n\t\t\t\t<\/div>\n\t\t\t\t<\/div>\n\t\t<div id=\"e-n-tab-content-1189494925\" role=\"tabpanel\" aria-labelledby=\"e-n-tab-title-1189494925\" data-tab-index=\"5\" style=\"--n-tabs-title-order: 5;\" class=\" elementor-element elementor-element-8ae55b9 e-con-full e-flex e-con e-child\" data-id=\"8ae55b9\" data-element_type=\"container\">\n\t\t<div class=\"elementor-element elementor-element-ccb348c e-flex e-con-boxed e-con e-child\" data-id=\"ccb348c\" data-element_type=\"container\">\n\t\t\t\t\t<div class=\"e-con-inner\">\n\t\t\t\t<div class=\"elementor-element elementor-element-821d958 elementor-widget elementor-widget-text-editor\" data-id=\"821d958\" data-element_type=\"widget\" data-widget_type=\"text-editor.default\">\n\t\t\t\t\t\t\t\t\t\u2022\u00a0<a href=\"https:\/\/educaremt.com.br\/web\/biomedicina-periodicos\/\">Biomedicina<\/a><\/br>\n\u2022\u00a0<a href=\"https:\/\/educaremt.com.br\/web\/fisioterapia-periodicos\/\">Fisioterapia<\/a><\/br>\n\u2022\u00a0<a href=\"https:\/\/educaremt.com.br\/web\/engenharia-de-producao-periodicos\/\">Engenharia de produ\u00e7\u00e3o<\/a><\/br>\n\u2022\u00a0<a href=\"https:\/\/educaremt.com.br\/site\/biblioteca\/periodicos-online\/geoprocessamento\/\">Geoprocessamento<\/a><\/br>\n\u2022\u00a0<a href=\"https:\/\/educaremt.com.br\/site\/biblioteca\/periodicos-online\/pedagogia-2\/\">Pedagogia<\/a><\/br>\n\u2022\u00a0<a href=\"https:\/\/educaremt.com.br\/web\/enfermgem-periodicos\/\">Enfermagem<\/a><\/br>\n\u2022\u00a0<a href=\"https:\/\/educaremt.com.br\/site\/biblioteca\/periodicos-online\/biomedicina\/\">Biomedicina<\/a><\/br>\n\u2022\u00a0<a href=\"https:\/\/educaremt.com.br\/web\/cst-em-sistemas-biomedicos-periodicos\/\">CST Sistemas Biom\u00e9dicos<\/a><\/br>\n\u2022\u00a0<a href=\"https:\/\/educaremt.com.br\/web\/recursos-humanos-periodicos\/\">RH<\/a><\/br>\n\u2022\u00a0<a href=\"https:\/\/educaremt.com.br\/web\/cst-em-marketing-periodicos\/\">Marketing<\/a><\/br>\n\u2022\u00a0<a href=\"https:\/\/educaremt.com.br\/site\/biblioteca\/periodicos-online\/ciencias-aeronauticas\/\">Ci\u00eancias A\u00e9ron\u00e1uticas<\/a><\/br>\n\u2022\u00a0<a href=\"https:\/\/educaremt.com.br\/web\/direito-periodicos\/\">Direito<\/a><\/br>\n\u2022\u00a0<a href=\"https:\/\/educaremt.com.br\/web\/ciencias-contabeis-periodicos\/\">Ci\u00eancias Cont\u00e1beis<\/a><\/br>\n\u2022\u00a0<a href=\"https:\/\/educaremt.com.br\/site\/biblioteca\/periodicos-online\/nutricao\">Nutri\u00e7\u00e3o<\/a><\/br>\n\u2022\u00a0<a href=\"https:\/\/educaremt.com.br\/web\/psicologia-periodicos\/\">Psicologia<\/a><\/br>\n\u2022\u00a0<a href=\"https:\/\/educaremt.com.br\/site\/biblioteca\/periodicos-online\/p_analise-e-desenvolvimento\/\">An\u00e1lise e Desenvolvimento de Sistemas<\/a><\/br>\n\u2022 <a href=\"https:\/\/educaremt.com.br\/site\/biblioteca\/periodicos-online\/engenharia-civil\/\"> Engenharia Civil<\/a><\/br>\n\u2022 <a href=\"https:\/\/educaremt.com.br\/web\/farmacia-periodicos\/\"> Farm\u00e1cia<\/a><\/br>\t\t\t\t\t\t\t\t<\/div>\n\t\t\t\t\t<\/div>\n\t\t\t\t<\/div>\n\t\t\t\t<\/div>\n\t\t\t\t\t<\/div>\n\t\t<\/div>\n\t\t\t\t\t\t<\/div>\n\t\t\t\t<div class=\"elementor-element elementor-element-c17c7d5 elementor-widget elementor-widget-acadubutton\" data-id=\"c17c7d5\" data-element_type=\"widget\" data-widget_type=\"acadubutton.default\">\n\t\t\t\t<div class=\"elementor-widget-container\">\n\t\t\t\t\t<!-- Button --><div class=\"btn-wrapper center\"><a class=\"th-btn\" href=\"https:\/\/plataforma.bvirtual.com.br\/\">Acesso Biblioteca Virtual<\/a><\/div><!-- End Button -->\t\t\t\t<\/div>\n\t\t\t\t<\/div>\n\t\t\t\t<\/div>\n\t\t<div class=\"elementor-element elementor-element-271d37c e-con-full e-flex e-con e-child\" data-id=\"271d37c\" data-element_type=\"container\">\n\t\t\t\t<div class=\"elementor-element elementor-element-0694199 elementor-widget elementor-widget-heading\" data-id=\"0694199\" data-element_type=\"widget\" data-widget_type=\"heading.default\">\n\t\t\t\t\t<h2 class=\"elementor-heading-title elementor-size-default\">Reposit\u00f3rios<\/h2>\t\t\t\t<\/div>\n\t\t\t\t<div class=\"elementor-element elementor-element-b590572 elementor-widget elementor-widget-edurabutton\" data-id=\"b590572\" data-element_type=\"widget\" data-widget_type=\"edurabutton.default\">\n\t\t\t\t<div class=\"elementor-widget-container\">\n\t\t\t\t\t<!-- Button --><div class=\"btn-wrapper center\"><a class=\"th-btn\" href=\"https:\/\/educaremt.com.br\/web\/wp-content\/uploads\/2025\/05\/Tcc-MARYA-FERNANDA-DOS-ANJOS-XAVIER.pdf\">Pedagogia - Marya fernanda dos anjos xavier<\/a><\/div><!-- End Button -->\t\t\t\t<\/div>\n\t\t\t\t<\/div>\n\t\t\t\t<div class=\"elementor-element elementor-element-4287731 elementor-widget elementor-widget-edurabutton\" data-id=\"4287731\" data-element_type=\"widget\" data-widget_type=\"edurabutton.default\">\n\t\t\t\t<div class=\"elementor-widget-container\">\n\t\t\t\t\t<!-- Button --><div class=\"btn-wrapper center\"><a class=\"th-btn\" href=\"https:\/\/educaremt.com.br\/web\/wp-content\/uploads\/2025\/05\/TCC-Daniela-e-Leonardo-FINAL-HANSENIASE-EM-MATO-GROSSO-DISTRIBUICAO-GEOGRAFICA-1.pdf\">Enfermagem - daniela e leonardo<\/a><\/div><!-- End Button -->\t\t\t\t<\/div>\n\t\t\t\t<\/div>\n\t\t\t\t<div class=\"elementor-element elementor-element-bd5cc49 elementor-widget elementor-widget-edurabutton\" data-id=\"bd5cc49\" data-element_type=\"widget\" data-widget_type=\"edurabutton.default\">\n\t\t\t\t<div class=\"elementor-widget-container\">\n\t\t\t\t\t<!-- Button --><div class=\"btn-wrapper center\"><a class=\"th-btn\" href=\"https:\/\/educaremt.com.br\/web\/wp-content\/uploads\/2025\/05\/TCC-II-VERSAO-FINAL-LEANDRO-FREITAS-1.pdf\">Enfermagem - Leandro freitas<\/a><\/div><!-- End Button -->\t\t\t\t<\/div>\n\t\t\t\t<\/div>\n\t\t\t\t<div class=\"elementor-element elementor-element-d140415 elementor-widget elementor-widget-edurabutton\" data-id=\"d140415\" data-element_type=\"widget\" data-widget_type=\"edurabutton.default\">\n\t\t\t\t<div class=\"elementor-widget-container\">\n\t\t\t\t\t<!-- Button --><div class=\"btn-wrapper center\"><a class=\"th-btn\" href=\"https:\/\/educaremt.com.br\/web\/wp-content\/uploads\/2025\/05\/TCC-ALICE-DE-MOURA-BUENO-1.pdf\">Enfermagem - Alice De Moura Bueno<\/a><\/div><!-- End Button -->\t\t\t\t<\/div>\n\t\t\t\t<\/div>\n\t\t\t\t<div class=\"elementor-element elementor-element-2d80336 elementor-widget elementor-widget-edurabutton\" data-id=\"2d80336\" data-element_type=\"widget\" data-widget_type=\"edurabutton.default\">\n\t\t\t\t<div class=\"elementor-widget-container\">\n\t\t\t\t\t<!-- Button --><div class=\"btn-wrapper center\"><a class=\"th-btn\" href=\"https:\/\/educaremt.com.br\/web\/wp-content\/uploads\/2025\/05\/TCC-II-VERSAO-FINAL-VITOR-RAMOS-1.pdf\">Enfermagem - Vitor Ramos<\/a><\/div><!-- End Button -->\t\t\t\t<\/div>\n\t\t\t\t<\/div>\n\t\t\t\t<div class=\"elementor-element elementor-element-27ac17d elementor-widget elementor-widget-edurabutton\" data-id=\"27ac17d\" data-element_type=\"widget\" data-widget_type=\"edurabutton.default\">\n\t\t\t\t<div class=\"elementor-widget-container\">\n\t\t\t\t\t<!-- Button --><div class=\"btn-wrapper center\"><a class=\"th-btn\" href=\"https:\/\/educaremt.com.br\/web\/wp-content\/uploads\/2025\/05\/LETICIA-ALVES-TCC-OK-1.pdf\">Enfermagem - Leticia Alves<\/a><\/div><!-- End Button -->\t\t\t\t<\/div>\n\t\t\t\t<\/div>\n\t\t\t\t<\/div>\n\t\t\t\t\t<\/div>\n\t\t\t\t<\/div>\n\t\t\t\t<\/div>\n\t\t","protected":false},"excerpt":{"rendered":"<p>Apresenta\u00e7\u00e3o Normas e Regulamentos Acervo Instala\u00e7\u00f5es Peri\u00f3dicos Online Apresenta\u00e7\u00e3o A Biblioteca da Faculdade EduCareMT, \u00e9 um espa\u00e7o colaborativo onde professores, estudantes, bibliotec\u00e1rios e nosso vasto acervo trabalham juntos. Nosso principal objetivo \u00e9 impulsionar o sucesso acad\u00eamico, oferecendo suporte completo aos cursos e fomentando um ambiente de educa\u00e7\u00e3o, cultura e pesquisa para todos. Aqui, reunimos documentos&#8230;<\/p>\n","protected":false},"author":1,"featured_media":0,"parent":0,"menu_order":0,"comment_status":"closed","ping_status":"closed","template":"redux-templates_canvas","meta":{"footnotes":""},"class_list":["post-7179","page","type-page","status-publish","hentry"],"_links":{"self":[{"href":"https:\/\/educaremt.com.br\/web\/wp-json\/wp\/v2\/pages\/7179","targetHints":{"allow":["GET"]}}],"collection":[{"href":"https:\/\/educaremt.com.br\/web\/wp-json\/wp\/v2\/pages"}],"about":[{"href":"https:\/\/educaremt.com.br\/web\/wp-json\/wp\/v2\/types\/page"}],"author":[{"embeddable":true,"href":"https:\/\/educaremt.com.br\/web\/wp-json\/wp\/v2\/users\/1"}],"replies":[{"embeddable":true,"href":"https:\/\/educaremt.com.br\/web\/wp-json\/wp\/v2\/comments?post=7179"}],"version-history":[{"count":64,"href":"https:\/\/educaremt.com.br\/web\/wp-json\/wp\/v2\/pages\/7179\/revisions"}],"predecessor-version":[{"id":9923,"href":"https:\/\/educaremt.com.br\/web\/wp-json\/wp\/v2\/pages\/7179\/revisions\/9923"}],"wp:attachment":[{"href":"https:\/\/educaremt.com.br\/web\/wp-json\/wp\/v2\/media?parent=7179"}],"curies":[{"name":"wp","href":"https:\/\/api.w.org\/{rel}","templated":true}]}}