{"id":859,"date":"2017-11-03T06:43:59","date_gmt":"2017-11-03T06:43:59","guid":{"rendered":"http:\/\/www.educaremt.com.br\/2017\/?page_id=859"},"modified":"2023-09-27T11:49:30","modified_gmt":"2023-09-27T14:49:30","slug":"comissao-propria-de-avaliacao","status":"publish","type":"page","link":"https:\/\/educaremt.com.br\/site\/comissao-propria-de-avaliacao\/","title":{"rendered":"Comiss\u00e3o Pr\u00f3pria de Avalia\u00e7\u00e3o"},"content":{"rendered":"\t\t<div data-elementor-type=\"wp-post\" data-elementor-id=\"859\" class=\"elementor elementor-859\">\n\t\t\t\t\t\t<section class=\"elementor-section elementor-top-section elementor-element elementor-element-17f2f55f elementor-section-boxed elementor-section-height-default elementor-section-height-default\" data-id=\"17f2f55f\" data-element_type=\"section\">\n\t\t\t\t\t\t<div class=\"elementor-container elementor-column-gap-default\">\n\t\t\t\t\t<div class=\"elementor-column elementor-col-100 elementor-top-column elementor-element elementor-element-76ea54f1\" data-id=\"76ea54f1\" data-element_type=\"column\">\n\t\t\t<div class=\"elementor-widget-wrap elementor-element-populated\">\n\t\t\t\t\t\t<div class=\"elementor-element elementor-element-bc37bd7 elementor-widget elementor-widget-text-editor\" data-id=\"bc37bd7\" data-element_type=\"widget\" data-widget_type=\"text-editor.default\">\n\t\t\t\t<div class=\"elementor-widget-container\">\n\t\t\t\t\t\t\t<p data-raofz=\"14\"><strong>O QUE \u00c9 CPA?<\/strong><\/p><p align=\" justify\" data-raofz=\"14\">A CPA \u00e9 a Comiss\u00e3o Pr\u00f3pria de Avalia\u00e7\u00e3o, institu\u00edda pelo SINAES \u2013 Sistema Nacional de Avalia\u00e7\u00e3o da Educa\u00e7\u00e3o Superior, e \u00e9 respons\u00e1vel pela implanta\u00e7\u00e3o e pelo desenvolvimento de processos de avalia\u00e7\u00e3o institucional. Os instrumentos de avalia\u00e7\u00e3o (question\u00e1rios) desenvolvidos pela CPA da Faculdade EduCareMT, constituem importantes ferramentas para o planejamento educacional, sempre em busca da melhoria da qualidade da forma\u00e7\u00e3o, da produ\u00e7\u00e3o do conhecimento e da extens\u00e3o. Al\u00e9m disso, esses instrumentos permitem que sejam identificadas \u00e1reas problem\u00e1ticas ou carentes de adequado investimento institucional, apontando exatamente os setores que requerem melhorias.<\/p><p data-raofz=\"14\"><strong>DIMENS\u00d5ES AVALIADAS PELA CPA DA EduCareMT<\/strong><\/p><p data-raofz=\"14\">A avalia\u00e7\u00e3o engloba dimens\u00f5es como ensino, produ\u00e7\u00e3o acad\u00eamica, extens\u00e3o e gest\u00e3o universit\u00e1ria, e seus \u00edndices s\u00e3o expressos quantitativa e qualitativamente. As dimens\u00f5es avaliadas s\u00e3o:<\/p><ol><li data-raofz=\"14\">Miss\u00e3o, Plano de Desenvolvimento Institucional<\/li><li data-raofz=\"14\">Pol\u00edticas para o Ensino, a Pesquisa, a P\u00f3s-gradua\u00e7\u00e3o, a Extens\u00e3o.<\/li><li data-raofz=\"14\">Responsabilidade social da institui\u00e7\u00e3o, considerada especialmente no que se refere \u00e0 sua contribui\u00e7\u00e3o em rela\u00e7\u00e3o \u00e0 inclus\u00e3o social e ao desenvolvimento econ\u00f4mico e social.<\/li><li data-raofz=\"14\">Comunica\u00e7\u00e3o com a sociedade.<\/li><li data-raofz=\"14\">Pol\u00edticas de pessoal, de carreiras do corpo docente e corpo t\u00e9cnico-administrativo e as condi\u00e7\u00f5es de trabalho.<\/li><li data-raofz=\"14\">Organiza\u00e7\u00e3o e gest\u00e3o da institui\u00e7\u00e3o.<\/li><li data-raofz=\"14\">Infraestrutura f\u00edsica, especialmente a de ensino e de pesquisa, biblioteca, recursos de informa\u00e7\u00e3o e comunica\u00e7\u00e3o.<\/li><li data-raofz=\"14\">Planejamento e avalia\u00e7\u00e3o, especialmente em rela\u00e7\u00e3o aos processos, resultados e efic\u00e1cia da auto avalia\u00e7\u00e3o institucional.<\/li><li data-raofz=\"14\">Pol\u00edticas de atendimento aos estudantes.<\/li><li data-raofz=\"14\">Sustentabilidade financeira, tendo em vista o significado social da continuidade dos compromissos na oferta da educa\u00e7\u00e3o superior.<\/li><\/ol>\t\t\t\t\t\t<\/div>\n\t\t\t\t<\/div>\n\t\t\t\t\t<\/div>\n\t\t<\/div>\n\t\t\t\t\t<\/div>\n\t\t<\/section>\n\t\t\t\t<section class=\"elementor-section elementor-top-section elementor-element elementor-element-7b7e7bc elementor-section-boxed elementor-section-height-default elementor-section-height-default\" data-id=\"7b7e7bc\" data-element_type=\"section\">\n\t\t\t\t\t\t<div class=\"elementor-container elementor-column-gap-default\">\n\t\t\t\t\t<div class=\"elementor-column elementor-col-100 elementor-top-column elementor-element elementor-element-c28bcf2\" data-id=\"c28bcf2\" data-element_type=\"column\">\n\t\t\t<div class=\"elementor-widget-wrap elementor-element-populated\">\n\t\t\t\t\t\t<div class=\"elementor-element elementor-element-24104fb elementor-widget elementor-widget-heading\" data-id=\"24104fb\" data-element_type=\"widget\" data-widget_type=\"heading.default\">\n\t\t\t\t<div class=\"elementor-widget-container\">\n\t\t\t<h3 class=\"elementor-heading-title elementor-size-default\">Relat\u00f3rios<\/h3>\t\t<\/div>\n\t\t\t\t<\/div>\n\t\t\t\t\t<\/div>\n\t\t<\/div>\n\t\t\t\t\t<\/div>\n\t\t<\/section>\n\t\t\t\t<section class=\"elementor-section elementor-top-section elementor-element elementor-element-904b6f1 elementor-section-boxed elementor-section-height-default elementor-section-height-default\" data-id=\"904b6f1\" data-element_type=\"section\">\n\t\t\t\t\t\t<div class=\"elementor-container elementor-column-gap-default\">\n\t\t\t\t\t<div class=\"elementor-column elementor-col-100 elementor-top-column elementor-element elementor-element-2e7daf3\" data-id=\"2e7daf3\" data-element_type=\"column\">\n\t\t\t<div class=\"elementor-widget-wrap elementor-element-populated\">\n\t\t\t\t\t\t<div class=\"elementor-element elementor-element-479ed97 elementor-tabs-view-horizontal elementor-widget elementor-widget-tabs\" data-id=\"479ed97\" data-element_type=\"widget\" data-widget_type=\"tabs.default\">\n\t\t\t\t<div class=\"elementor-widget-container\">\n\t\t\t\t\t<div class=\"elementor-tabs\">\n\t\t\t<div class=\"elementor-tabs-wrapper\" role=\"tablist\" >\n\t\t\t\t\t\t\t\t\t<div id=\"elementor-tab-title-7501\" class=\"elementor-tab-title elementor-tab-desktop-title\" aria-selected=\"true\" data-tab=\"1\" role=\"tab\" tabindex=\"0\" aria-controls=\"elementor-tab-content-7501\" aria-expanded=\"false\">Relat\u00f3rio 2018<\/div>\n\t\t\t\t\t\t\t\t\t<div id=\"elementor-tab-title-7502\" class=\"elementor-tab-title elementor-tab-desktop-title\" aria-selected=\"false\" data-tab=\"2\" role=\"tab\" tabindex=\"-1\" aria-controls=\"elementor-tab-content-7502\" aria-expanded=\"false\">Relat\u00f3rio 2019<\/div>\n\t\t\t\t\t\t\t\t\t<div id=\"elementor-tab-title-7503\" class=\"elementor-tab-title elementor-tab-desktop-title\" aria-selected=\"false\" data-tab=\"3\" role=\"tab\" tabindex=\"-1\" aria-controls=\"elementor-tab-content-7503\" aria-expanded=\"false\">Relat\u00f3rio 2020<\/div>\n\t\t\t\t\t\t\t\t\t<div id=\"elementor-tab-title-7504\" class=\"elementor-tab-title elementor-tab-desktop-title\" aria-selected=\"false\" data-tab=\"4\" role=\"tab\" tabindex=\"-1\" aria-controls=\"elementor-tab-content-7504\" aria-expanded=\"false\">Relat\u00f3rio 2021<\/div>\n\t\t\t\t\t\t\t\t\t<div id=\"elementor-tab-title-7505\" class=\"elementor-tab-title elementor-tab-desktop-title\" aria-selected=\"false\" data-tab=\"5\" role=\"tab\" tabindex=\"-1\" aria-controls=\"elementor-tab-content-7505\" aria-expanded=\"false\">Relat\u00f3rio 2022<\/div>\n\t\t\t\t\t\t\t<\/div>\n\t\t\t<div class=\"elementor-tabs-content-wrapper\" role=\"tablist\" aria-orientation=\"vertical\">\n\t\t\t\t\t\t\t\t\t<div class=\"elementor-tab-title elementor-tab-mobile-title\" aria-selected=\"true\" data-tab=\"1\" role=\"tab\" tabindex=\"0\" aria-controls=\"elementor-tab-content-7501\" aria-expanded=\"false\">Relat\u00f3rio 2018<\/div>\n\t\t\t\t\t<div id=\"elementor-tab-content-7501\" class=\"elementor-tab-content elementor-clearfix\" data-tab=\"1\" role=\"tabpanel\" aria-labelledby=\"elementor-tab-title-7501\" tabindex=\"0\" hidden=\"false\"><p><a href=\"https:\/\/educaremt.com.br\/site\/wp-content\/uploads\/2022\/09\/RELATORIO-DA-CPA-2018.pdf\">RELAT\u00d3RIO DA CPA 2018<\/a><\/p><\/div>\n\t\t\t\t\t\t\t\t\t<div class=\"elementor-tab-title elementor-tab-mobile-title\" aria-selected=\"false\" data-tab=\"2\" role=\"tab\" tabindex=\"-1\" aria-controls=\"elementor-tab-content-7502\" aria-expanded=\"false\">Relat\u00f3rio 2019<\/div>\n\t\t\t\t\t<div id=\"elementor-tab-content-7502\" class=\"elementor-tab-content elementor-clearfix\" data-tab=\"2\" role=\"tabpanel\" aria-labelledby=\"elementor-tab-title-7502\" tabindex=\"0\" hidden=\"hidden\"><p><a href=\"https:\/\/educaremt.com.br\/site\/wp-content\/uploads\/2022\/09\/RELATORIO-DAS-ATIVIDADES-CPA-2019.pdf\">RELAT\u00d3RIO DAS ATIVIDADES CPA 2019<\/a><\/p><\/div>\n\t\t\t\t\t\t\t\t\t<div class=\"elementor-tab-title elementor-tab-mobile-title\" aria-selected=\"false\" data-tab=\"3\" role=\"tab\" tabindex=\"-1\" aria-controls=\"elementor-tab-content-7503\" aria-expanded=\"false\">Relat\u00f3rio 2020<\/div>\n\t\t\t\t\t<div id=\"elementor-tab-content-7503\" class=\"elementor-tab-content elementor-clearfix\" data-tab=\"3\" role=\"tabpanel\" aria-labelledby=\"elementor-tab-title-7503\" tabindex=\"0\" hidden=\"hidden\"><p><a href=\"https:\/\/educaremt.com.br\/site\/wp-content\/uploads\/2022\/09\/RELATORIO-DAS-ATIVIDADES-DA-CPA-2020.pdf\">RELATORIO DAS ATIVIDADES DA CPA 2020<\/a><\/p><\/div>\n\t\t\t\t\t\t\t\t\t<div class=\"elementor-tab-title elementor-tab-mobile-title\" aria-selected=\"false\" data-tab=\"4\" role=\"tab\" tabindex=\"-1\" aria-controls=\"elementor-tab-content-7504\" aria-expanded=\"false\">Relat\u00f3rio 2021<\/div>\n\t\t\t\t\t<div id=\"elementor-tab-content-7504\" class=\"elementor-tab-content elementor-clearfix\" data-tab=\"4\" role=\"tabpanel\" aria-labelledby=\"elementor-tab-title-7504\" tabindex=\"0\" hidden=\"hidden\"><p><a href=\"https:\/\/educaremt.com.br\/site\/wp-content\/uploads\/2022\/09\/RELATORIO-PARCIAL-DAS-ATIVIDADES-DA-CPA-2021.pdf\">RELATORIO PARCIAL DAS ATIVIDADES DA CPA 2021<\/a><\/p><\/div>\n\t\t\t\t\t\t\t\t\t<div class=\"elementor-tab-title elementor-tab-mobile-title\" aria-selected=\"false\" data-tab=\"5\" role=\"tab\" tabindex=\"-1\" aria-controls=\"elementor-tab-content-7505\" aria-expanded=\"false\">Relat\u00f3rio 2022<\/div>\n\t\t\t\t\t<div id=\"elementor-tab-content-7505\" class=\"elementor-tab-content elementor-clearfix\" data-tab=\"5\" role=\"tabpanel\" aria-labelledby=\"elementor-tab-title-7505\" tabindex=\"0\" hidden=\"hidden\"><p><a href=\"https:\/\/educaremt.com.br\/site\/wp-content\/uploads\/2022\/09\/RELATORIO-PARCIAL-DAS-ATIVIDADES-DA-CPA-2021.pdf\">RELATORIO PARCIAL DAS ATIVIDADES DA CPA 2021<\/a><\/p><\/div>\n\t\t\t\t\t\t\t<\/div>\n\t\t<\/div>\n\t\t\t\t<\/div>\n\t\t\t\t<\/div>\n\t\t\t\t\t<\/div>\n\t\t<\/div>\n\t\t\t\t\t<\/div>\n\t\t<\/section>\n\t\t\t\t<\/div>\n\t\t","protected":false},"excerpt":{"rendered":"<p>O QUE \u00c9 CPA? A CPA \u00e9 a Comiss\u00e3o Pr\u00f3pria de Avalia\u00e7\u00e3o, institu\u00edda pelo SINAES \u2013 Sistema Nacional de Avalia\u00e7\u00e3o da Educa\u00e7\u00e3o Superior, e \u00e9 respons\u00e1vel<span class=\"excerpt-hellip\"> [\u2026]<\/span><\/p>\n","protected":false},"author":1,"featured_media":0,"parent":0,"menu_order":0,"comment_status":"closed","ping_status":"closed","template":"","meta":{"footnotes":""},"class_list":["post-859","page","type-page","status-publish","hentry"],"_links":{"self":[{"href":"https:\/\/educaremt.com.br\/site\/wp-json\/wp\/v2\/pages\/859","targetHints":{"allow":["GET"]}}],"collection":[{"href":"https:\/\/educaremt.com.br\/site\/wp-json\/wp\/v2\/pages"}],"about":[{"href":"https:\/\/educaremt.com.br\/site\/wp-json\/wp\/v2\/types\/page"}],"author":[{"embeddable":true,"href":"https:\/\/educaremt.com.br\/site\/wp-json\/wp\/v2\/users\/1"}],"replies":[{"embeddable":true,"href":"https:\/\/educaremt.com.br\/site\/wp-json\/wp\/v2\/comments?post=859"}],"version-history":[{"count":14,"href":"https:\/\/educaremt.com.br\/site\/wp-json\/wp\/v2\/pages\/859\/revisions"}],"predecessor-version":[{"id":8545,"href":"https:\/\/educaremt.com.br\/site\/wp-json\/wp\/v2\/pages\/859\/revisions\/8545"}],"wp:attachment":[{"href":"https:\/\/educaremt.com.br\/site\/wp-json\/wp\/v2\/media?parent=859"}],"curies":[{"name":"wp","href":"https:\/\/api.w.org\/{rel}","templated":true}]}}