{"id":7962,"date":"2023-05-08T19:53:18","date_gmt":"2023-05-08T22:53:18","guid":{"rendered":"https:\/\/educaremt.com.br\/site\/?page_id=7962"},"modified":"2023-05-08T20:12:13","modified_gmt":"2023-05-08T23:12:13","slug":"terapia-ocupacional-reorganizacao-sensorial-e-reabilitacao-cognitiva-funcional","status":"publish","type":"page","link":"https:\/\/educaremt.com.br\/site\/terapia-ocupacional-reorganizacao-sensorial-e-reabilitacao-cognitiva-funcional\/","title":{"rendered":"Terapia ocupacional, Reorganiza\u00e7\u00e3o Sensorial e Reabilita\u00e7\u00e3o Cognitiva Funcional"},"content":{"rendered":"\t\t<div data-elementor-type=\"wp-post\" data-elementor-id=\"7962\" class=\"elementor elementor-7962\">\n\t\t\t\t\t\t<section class=\"elementor-section elementor-top-section elementor-element elementor-element-5c18fbc elementor-section-boxed elementor-section-height-default elementor-section-height-default\" data-id=\"5c18fbc\" data-element_type=\"section\">\n\t\t\t\t\t\t<div class=\"elementor-container elementor-column-gap-default\">\n\t\t\t\t\t<div class=\"elementor-column elementor-col-66 elementor-top-column elementor-element elementor-element-c9cf68d\" data-id=\"c9cf68d\" data-element_type=\"column\">\n\t\t\t<div class=\"elementor-widget-wrap elementor-element-populated\">\n\t\t\t\t\t\t<div class=\"elementor-element elementor-element-ccc3e1c elementor-widget elementor-widget-text-editor\" data-id=\"ccc3e1c\" data-element_type=\"widget\" data-widget_type=\"text-editor.default\">\n\t\t\t\t<div class=\"elementor-widget-container\">\n\t\t\t\t\t\t\t<h3 style=\"font-style: normal; font-variant-ligatures: normal; font-variant-caps: normal; letter-spacing: normal;\"><span style=\"color: #002d54;\"><span style=\"font-weight: bold;\">Terapia ocupacional, Reorganiza\u00e7\u00e3o Sensorial e Reabilita\u00e7\u00e3o Cognitiva Funcional<\/span><\/span><\/h3>\t\t\t\t\t\t<\/div>\n\t\t\t\t<\/div>\n\t\t\t\t\t<\/div>\n\t\t<\/div>\n\t\t\t\t<div class=\"elementor-column elementor-col-33 elementor-top-column elementor-element elementor-element-727643a\" data-id=\"727643a\" data-element_type=\"column\">\n\t\t\t<div class=\"elementor-widget-wrap elementor-element-populated\">\n\t\t\t\t\t\t<div class=\"elementor-element elementor-element-c85a78b elementor-widget elementor-widget-button\" data-id=\"c85a78b\" data-element_type=\"widget\" data-widget_type=\"button.default\">\n\t\t\t\t<div class=\"elementor-widget-container\">\n\t\t\t\t\t\t\t<div class=\"elementor-button-wrapper\">\n\t\t\t\t\t<a class=\"elementor-button elementor-button-link elementor-size-sm\" href=\"#idform\">\n\t\t\t\t\t\t<span class=\"elementor-button-content-wrapper\">\n\t\t\t\t\t\t\t\t\t<span class=\"elementor-button-text\">Matricule-se J\u00e1 !<\/span>\n\t\t\t\t\t<\/span>\n\t\t\t\t\t<\/a>\n\t\t\t\t<\/div>\n\t\t\t\t\t\t<\/div>\n\t\t\t\t<\/div>\n\t\t\t\t\t<\/div>\n\t\t<\/div>\n\t\t\t\t\t<\/div>\n\t\t<\/section>\n\t\t\t\t<section class=\"elementor-section elementor-top-section elementor-element elementor-element-3f7053e4 elementor-section-boxed elementor-section-height-default elementor-section-height-default\" data-id=\"3f7053e4\" data-element_type=\"section\">\n\t\t\t\t\t\t<div class=\"elementor-container elementor-column-gap-default\">\n\t\t\t\t\t<div class=\"elementor-column elementor-col-25 elementor-top-column elementor-element elementor-element-7bf10478\" data-id=\"7bf10478\" data-element_type=\"column\">\n\t\t\t<div class=\"elementor-widget-wrap elementor-element-populated\">\n\t\t\t\t\t\t<div class=\"elementor-element elementor-element-64198944 elementor-view-default elementor-position-top elementor-mobile-position-top elementor-widget elementor-widget-icon-box\" data-id=\"64198944\" data-element_type=\"widget\" data-widget_type=\"icon-box.default\">\n\t\t\t\t<div class=\"elementor-widget-container\">\n\t\t\t\t\t<div class=\"elementor-icon-box-wrapper\">\n\n\t\t\t\t\t\t<div class=\"elementor-icon-box-icon\">\n\t\t\t\t<span  class=\"elementor-icon elementor-animation-\">\n\t\t\t\t<i aria-hidden=\"true\" class=\"far fa-clock\"><\/i>\t\t\t\t<\/span>\n\t\t\t<\/div>\n\t\t\t\n\t\t\t\t\t\t<div class=\"elementor-icon-box-content\">\n\n\t\t\t\t\t\t\t\t\t<h3 class=\"elementor-icon-box-title\">\n\t\t\t\t\t\t<span  >\n\t\t\t\t\t\t\tHor\u00e1rio:\t\t\t\t\t\t<\/span>\n\t\t\t\t\t<\/h3>\n\t\t\t\t\n\t\t\t\t\t\t\t\t\t<p class=\"elementor-icon-box-description\">\n\t\t\t\t\t\tS\u00e1bado: 07h:30min \u00e0s 17h\nDomingo: 07h:30min \u00e0s 12h\t\t\t\t\t<\/p>\n\t\t\t\t\n\t\t\t<\/div>\n\t\t\t\n\t\t<\/div>\n\t\t\t\t<\/div>\n\t\t\t\t<\/div>\n\t\t\t\t\t<\/div>\n\t\t<\/div>\n\t\t\t\t<div class=\"elementor-column elementor-col-25 elementor-top-column elementor-element elementor-element-396a92e1\" data-id=\"396a92e1\" data-element_type=\"column\">\n\t\t\t<div class=\"elementor-widget-wrap elementor-element-populated\">\n\t\t\t\t\t\t<div class=\"elementor-element elementor-element-69ec10ce elementor-position-top elementor-widget elementor-widget-image-box\" data-id=\"69ec10ce\" data-element_type=\"widget\" data-widget_type=\"image-box.default\">\n\t\t\t\t<div class=\"elementor-widget-container\">\n\t\t\t<div class=\"elementor-image-box-wrapper\"><figure class=\"elementor-image-box-img\"><img decoding=\"async\" src=\"https:\/\/educaremt.com.br\/2017\/wp-content\/uploads\/2021\/07\/icone-suporte.png\" title=\"\" alt=\"\" loading=\"lazy\" \/><\/figure><div class=\"elementor-image-box-content\"><h3 class=\"elementor-image-box-title\">Suporte ao Aluno<\/h3><\/div><\/div>\t\t<\/div>\n\t\t\t\t<\/div>\n\t\t\t\t\t<\/div>\n\t\t<\/div>\n\t\t\t\t<div class=\"elementor-column elementor-col-25 elementor-top-column elementor-element elementor-element-679c3743\" data-id=\"679c3743\" data-element_type=\"column\">\n\t\t\t<div class=\"elementor-widget-wrap elementor-element-populated\">\n\t\t\t\t\t\t<div class=\"elementor-element elementor-element-36348807 elementor-view-default elementor-position-top elementor-mobile-position-top elementor-widget elementor-widget-icon-box\" data-id=\"36348807\" data-element_type=\"widget\" data-widget_type=\"icon-box.default\">\n\t\t\t\t<div class=\"elementor-widget-container\">\n\t\t\t\t\t<div class=\"elementor-icon-box-wrapper\">\n\n\t\t\t\t\t\t<div class=\"elementor-icon-box-icon\">\n\t\t\t\t<span  class=\"elementor-icon elementor-animation-\">\n\t\t\t\t<i aria-hidden=\"true\" class=\"fab fa-safari\"><\/i>\t\t\t\t<\/span>\n\t\t\t<\/div>\n\t\t\t\n\t\t\t\t\t\t<div class=\"elementor-icon-box-content\">\n\n\t\t\t\t\t\t\t\t\t<h3 class=\"elementor-icon-box-title\">\n\t\t\t\t\t\t<span  >\n\t\t\t\t\t\t\tCarga Hor\u00e1ria\t\t\t\t\t\t<\/span>\n\t\t\t\t\t<\/h3>\n\t\t\t\t\n\t\t\t\t\t\t\t\t\t<p class=\"elementor-icon-box-description\">\n\t\t\t\t\t\t400 horas.\t\t\t\t\t<\/p>\n\t\t\t\t\n\t\t\t<\/div>\n\t\t\t\n\t\t<\/div>\n\t\t\t\t<\/div>\n\t\t\t\t<\/div>\n\t\t\t\t\t<\/div>\n\t\t<\/div>\n\t\t\t\t<div class=\"elementor-column elementor-col-25 elementor-top-column elementor-element elementor-element-63ada044\" data-id=\"63ada044\" data-element_type=\"column\">\n\t\t\t<div class=\"elementor-widget-wrap elementor-element-populated\">\n\t\t\t\t\t\t<div class=\"elementor-element elementor-element-42e9d7b8 elementor-position-top elementor-widget elementor-widget-image-box\" data-id=\"42e9d7b8\" data-element_type=\"widget\" data-widget_type=\"image-box.default\">\n\t\t\t\t<div class=\"elementor-widget-container\">\n\t\t\t<div class=\"elementor-image-box-wrapper\"><figure class=\"elementor-image-box-img\"><img fetchpriority=\"high\" decoding=\"async\" width=\"300\" height=\"300\" src=\"https:\/\/educaremt.com.br\/site\/wp-content\/uploads\/2022\/11\/icone-professor-300x3002-1.png\" class=\"attachment-full size-full wp-image-7504\" alt=\"\" srcset=\"https:\/\/educaremt.com.br\/site\/wp-content\/uploads\/2022\/11\/icone-professor-300x3002-1.png 300w, https:\/\/educaremt.com.br\/site\/wp-content\/uploads\/2022\/11\/icone-professor-300x3002-1-150x150.png 150w, https:\/\/educaremt.com.br\/site\/wp-content\/uploads\/2022\/11\/icone-professor-300x3002-1-146x146.png 146w, https:\/\/educaremt.com.br\/site\/wp-content\/uploads\/2022\/11\/icone-professor-300x3002-1-50x50.png 50w, https:\/\/educaremt.com.br\/site\/wp-content\/uploads\/2022\/11\/icone-professor-300x3002-1-75x75.png 75w, https:\/\/educaremt.com.br\/site\/wp-content\/uploads\/2022\/11\/icone-professor-300x3002-1-85x85.png 85w, https:\/\/educaremt.com.br\/site\/wp-content\/uploads\/2022\/11\/icone-professor-300x3002-1-80x80.png 80w\" sizes=\"(max-width: 300px) 100vw, 300px\" \/><\/figure><div class=\"elementor-image-box-content\"><h3 class=\"elementor-image-box-title\">Professores Renomados<\/h3><\/div><\/div>\t\t<\/div>\n\t\t\t\t<\/div>\n\t\t\t\t\t<\/div>\n\t\t<\/div>\n\t\t\t\t\t<\/div>\n\t\t<\/section>\n\t\t\t\t<section class=\"elementor-section elementor-top-section elementor-element elementor-element-dd1ab4d elementor-section-boxed elementor-section-height-default elementor-section-height-default\" data-id=\"dd1ab4d\" data-element_type=\"section\">\n\t\t\t\t\t\t<div class=\"elementor-container elementor-column-gap-default\">\n\t\t\t\t\t<div class=\"elementor-column elementor-col-100 elementor-top-column elementor-element elementor-element-4dde60d\" data-id=\"4dde60d\" data-element_type=\"column\">\n\t\t\t<div class=\"elementor-widget-wrap elementor-element-populated\">\n\t\t\t\t\t\t<div class=\"elementor-element elementor-element-77ae856 elementor-widget elementor-widget-text-editor\" data-id=\"77ae856\" data-element_type=\"widget\" data-widget_type=\"text-editor.default\">\n\t\t\t\t<div class=\"elementor-widget-container\">\n\t\t\t\t\t\t\t<h3><\/h3>\n<h3><span style=\"color: #002d54;\"><strong>Objetivo:<\/strong><\/span><\/h3>\n<p align=\"justify\">A Terapia Ocupacional apresenta v\u00e1rias t\u00e9cnicas efetivas que auxiliam no melhor desempenho do paciente e sua condi\u00e7\u00e3o de vida, auxiliando as outras cl\u00ednicas, que ao realizarem um trabalho multidisciplinar, agregam valores e saberes diversos.\nA Especializa\u00e7\u00e3o em Terapia Ocupacional, Reorganiza\u00e7\u00e3o Sensorial e Reabilita\u00e7\u00e3o Cognitiva Funcional busca auxiliar o profissional a aperfei\u00e7oar-se em uma demanda muito procurada hoje em dia e que est\u00e1 sendo encaminhada por profissionais de ramos como a neurologia, pediatria, geriatria, psicologia e outros da \u00e1rea de sa\u00fade e educa\u00e7\u00e3o.  Instrumentalizar-se com teoria e pr\u00e1tica em reabilita\u00e7\u00e3o cognitiva, no sentido de capacitar pacientes e familiares a conviver, lidar, contornar, reduzir ou superar defici\u00eancias cognitivas, emocionais e sociais, proporcionando melhora significativa na qualidade de vida.\n* Estabelecer protocolos de estimula\u00e7\u00e3o cognitiva e atuar junto a pacientes que sofreram perdas nas fun\u00e7\u00f5es cognitivas ou que n\u00e3o a desenvolveram independentemente de sua natureza, como doen\u00e7as neurol\u00f3gicas, perdas cognitivas decorrentes de envelhecimento; doen\u00e7as psiqui\u00e1tricas; transtorno do neurodesenvolvimento; TCE \u2013 traumatismo cr\u00e2nio-encef\u00e1lico, etc.\n* Aprimorar a pr\u00e1tica profissional, levando em conta as exig\u00eancias de atua\u00e7\u00e3o multiprofissional.<\/p>\n\n<h3><span style=\"color: #002d54;\"><strong>P\u00fablico Alvo:<\/strong><\/span><\/h3>\n<p align=\"justify\">Neuropsic\u00f3logo(a), Fonoaudi\u00f3logo(a), Terapeuta Ocupacional, Enfermeiro(a), Fisioterapeuta, Neuropsicopedagogo(a), que tenham comprovada viv\u00eancia pr\u00e1tica no trato direto com pacientes.<\/p>\t\t\t\t\t\t<\/div>\n\t\t\t\t<\/div>\n\t\t\t\t\t<\/div>\n\t\t<\/div>\n\t\t\t\t\t<\/div>\n\t\t<\/section>\n\t\t\t\t<section class=\"elementor-section elementor-top-section elementor-element elementor-element-d990834 elementor-section-boxed elementor-section-height-default elementor-section-height-default\" data-id=\"d990834\" data-element_type=\"section\">\n\t\t\t\t\t\t<div class=\"elementor-container elementor-column-gap-default\">\n\t\t\t\t\t<div class=\"elementor-column elementor-col-100 elementor-top-column elementor-element elementor-element-70afbf4\" data-id=\"70afbf4\" data-element_type=\"column\">\n\t\t\t<div class=\"elementor-widget-wrap elementor-element-populated\">\n\t\t\t\t\t\t<div class=\"elementor-element elementor-element-2926f90 elementor-widget elementor-widget-accordion\" data-id=\"2926f90\" data-element_type=\"widget\" data-settings=\"{&quot;_animation&quot;:&quot;none&quot;}\" data-widget_type=\"accordion.default\">\n\t\t\t\t<div class=\"elementor-widget-container\">\n\t\t\t\t\t<div class=\"elementor-accordion\">\n\t\t\t\t\t\t\t<div class=\"elementor-accordion-item\">\n\t\t\t\t\t<div id=\"elementor-tab-title-4311\" class=\"elementor-tab-title\" data-tab=\"1\" role=\"button\" aria-controls=\"elementor-tab-content-4311\" aria-expanded=\"false\">\n\t\t\t\t\t\t\t\t\t\t\t\t\t<span class=\"elementor-accordion-icon elementor-accordion-icon-right\" aria-hidden=\"true\">\n\t\t\t\t\t\t\t\t\t\t\t\t\t\t\t<span class=\"elementor-accordion-icon-closed\"><i class=\"fas fa-plus-square\"><\/i><\/span>\n\t\t\t\t\t\t\t\t<span class=\"elementor-accordion-icon-opened\"><i class=\"fas fa-minus-square\"><\/i><\/span>\n\t\t\t\t\t\t\t\t\t\t\t\t\t\t<\/span>\n\t\t\t\t\t\t\t\t\t\t\t\t<a class=\"elementor-accordion-title\" tabindex=\"0\">Matriz Curricular<\/a>\n\t\t\t\t\t<\/div>\n\t\t\t\t\t<div id=\"elementor-tab-content-4311\" class=\"elementor-tab-content elementor-clearfix\" data-tab=\"1\" role=\"region\" aria-labelledby=\"elementor-tab-title-4311\"><table>\n<tbody>\n<tr bgcolor=\"#E0FFFF\">\n<td style=\"text-align: left;\"><strong><span style=\"color: #333333;\">FUNDAMENTOS DE NEUROANATOMIA E NEUROCI\u00caNCIAS <\/span><\/strong><\/td>\n<\/tr>\n<tr>\n<td style=\"text-align: left;\"><strong><span style=\"color: #333333;\">CONTROLE MOTOR E DESENVOLVIMENTO NEUROPSICOMOTOR<\/span><\/strong><\/td>\n<\/tr>\n<tr bgcolor=\"#E0FFFF\">\n<td style=\"text-align: left;\"><strong><span style=\"color: #333333;\">PATOLOGIAS NEUROL\u00d3GICAS, PERIF\u00c9RICAS E CENTRAIS NO ADULTO E NA CRIAN\u00c7A<\/span><\/strong><\/td>\n<\/tr>\n<tr>\n<td style=\"text-align: left;\"><strong><span style=\"color: #333333;\">SEMIOLOGIA NEUROL\u00d3GICA NO ADULTO E INFANTIL<\/span><\/strong><\/td>\n<\/tr>\n<tr bgcolor=\"#E0FFFF\">\n<td style=\"text-align: left;\"><strong><span style=\"color: #333333;\">T\u00c9CNICAS FISIOTERAP\u00caUTICAS EM NEUROLOGIA<\/span><\/strong><\/td>\n<\/tr>\n<tr>\n<td style=\"text-align: left;\"><strong><span style=\"color: #333333;\">TERMO ELETRO, E FOTOTERAPIA E APLICADA A NEUROLOGIA<\/span><\/strong><\/td>\n<\/tr>\n<tr bgcolor=\"#E0FFFF\">\n<td style=\"text-align: left;\"><strong><span style=\"color: #333333;\">EXAMES COMPLEMENTARES NO DIAGN\u00d3STICO DE DOEN\u00c7AS NEUROL\u00d3GICAS<\/span><\/strong><\/td>\n<\/tr>\n<tr>\n<td style=\"text-align: left;\"><strong><span style=\"color: #333333;\">TERAPIA OCUPACIONAL EM PACIENTES NEUROL\u00d3GICOS<\/span><\/strong><\/td>\n<\/tr>\n<tr bgcolor=\"#E0FFFF\">\n<td style=\"text-align: left;\"><strong><span style=\"color: #333333;\">FUNDAMENTOS DE NEUROANATOMIA E NEUROCI\u00caNCIAS<\/span><\/strong><\/td>\n<\/tr>\n<tr>\n<td style=\"text-align: left;\"><strong><span style=\"color: #333333;\">CONTROLE MOTOR E DESENVOLVIMENTO NEUROPSICOMOTOR<\/span><\/strong><\/td>\n<\/tr>\n<tr bgcolor=\"#E0FFFF\">\n<td style=\"text-align: left;\"><strong><span style=\"color: #333333;\">PATOLOGIAS NEUROL\u00d3GICAS, PERIF\u00c9RICAS E CENTRAIS NO ADULTO E NA CRIAN\u00c7A<\/span><\/strong><\/td>\n<\/tr>\n<tr>\n<td style=\"text-align: left;\"><strong><span style=\"color: #333333;\">TERAPIA OCUPACIONAL REABILITA\u00c7\u00c3O COGNITIVA FUNCIONAL<\/span><\/strong><\/td>\n<\/tr>\n<tr bgcolor=\"#E0FFFF\">\n<td style=\"text-align: left;\"><strong><span style=\"color: #333333;\">PROTOCOLO B\u00c1SICO DE REABILITA\u00c7\u00c3O COGNITIVA<\/span><\/strong><\/td>\n<\/tr>\n<tr>\n<td style=\"text-align: left;\"><strong><span style=\"color: #333333;\">REABILITA\u00c7\u00c3O COGNITIVA: FASES DE REABILITA\u00c7\u00c3O<\/span><\/strong><\/td>\n<\/tr>\n<tr bgcolor=\"#E0FFFF\">\n<td style=\"text-align: left;\"><strong><span style=\"color: #333333;\">INSTRUMENTOS DE REABILITA\u00c7\u00c3O COGNITIVA<\/span><\/strong><\/td>\n<\/tr>\n<tr>\n<td style=\"text-align: left;\"><strong><span style=\"color: #333333;\">REABILITA\u00c7\u00c3O DO DEFICIT COGNITIVO<\/span><\/strong><\/td>\n<\/tr>\n<tr bgcolor=\"#E0FFFF\">\n<td style=\"text-align: left;\"><strong><span style=\"color: #333333;\">VISITAS T\u00c9CNICAS<\/span><\/strong><\/td>\n<\/tr>\n<tr>\n<td style=\"text-align: left;\"><strong><span style=\"color: #333333;\">FUNDAMENTOS METODOL\u00d3GICOS DA PESQUISA-EAD<\/span><\/strong><\/td>\n<\/tr>\n<tr bgcolor=\"#E0FFFF\">\n<td style=\"text-align: left;\"><strong><span style=\"color: #333333;\">ORIENTA\u00c7\u00c3O DE TCC \u2013 Relat\u00f3rio Cient\u00edfico<\/span><\/strong><\/td>\n<\/tr>\n<\/tbody>\n<\/table><\/div>\n\t\t\t\t<\/div>\n\t\t\t\t\t\t\t\t<\/div>\n\t\t\t\t<\/div>\n\t\t\t\t<\/div>\n\t\t\t\t\t<\/div>\n\t\t<\/div>\n\t\t\t\t\t<\/div>\n\t\t<\/section>\n\t\t\t\t<section class=\"elementor-section elementor-top-section elementor-element elementor-element-ff9b6aa elementor-section-boxed elementor-section-height-default elementor-section-height-default\" data-id=\"ff9b6aa\" data-element_type=\"section\">\n\t\t\t\t\t\t<div class=\"elementor-container elementor-column-gap-default\">\n\t\t\t\t\t<div class=\"elementor-column elementor-col-50 elementor-top-column elementor-element elementor-element-485190b0\" data-id=\"485190b0\" data-element_type=\"column\">\n\t\t\t<div class=\"elementor-widget-wrap elementor-element-populated\">\n\t\t\t\t\t\t<div class=\"elementor-element elementor-element-2bc44714 elementor-widget elementor-widget-heading\" data-id=\"2bc44714\" data-element_type=\"widget\" data-widget_type=\"heading.default\">\n\t\t\t\t<div class=\"elementor-widget-container\">\n\t\t\t<h2 class=\"elementor-heading-title elementor-size-default\"><p align=\"justify\"><font style=\"vertical-align: inherit\"><font style=\"vertical-align: inherit\">  <\/font><\/font><span style=\"letter-spacing: 0px\">Tempo restante para realizar sua matr\u00edcula com condi\u00e7\u00f5es especiais.<\/span><span style=\"font-family: Roboto, sans-serif;font-size: 25px;font-weight: 600;letter-spacing: 0px\"><\/span><\/p><\/h2>\t\t<\/div>\n\t\t\t\t<\/div>\n\t\t\t\t<div class=\"elementor-element elementor-element-77a65910 elementor-countdown--label-block elementor-widget elementor-widget-countdown\" data-id=\"77a65910\" data-element_type=\"widget\" data-widget_type=\"countdown.default\">\n\t\t\t\t<div class=\"elementor-widget-container\">\n\t\t\t\t\t<div data-evergreen-interval=\"86400\" class=\"elementor-countdown-wrapper\" data-date=\"\">\n\t\t\t<div class=\"elementor-countdown-item\"><span class=\"elementor-countdown-digits elementor-countdown-hours\"><\/span> <span class=\"elementor-countdown-label\">Horas<\/span><\/div><div class=\"elementor-countdown-item\"><span class=\"elementor-countdown-digits elementor-countdown-minutes\"><\/span> <span class=\"elementor-countdown-label\">Minutos<\/span><\/div><div class=\"elementor-countdown-item\"><span class=\"elementor-countdown-digits elementor-countdown-seconds\"><\/span> <span class=\"elementor-countdown-label\">Segundos<\/span><\/div>\t\t<\/div>\n\t\t\t\t<\/div>\n\t\t\t\t<\/div>\n\t\t\t\t<div class=\"elementor-element elementor-element-2656c1ef elementor-view-default elementor-widget elementor-widget-icon\" data-id=\"2656c1ef\" data-element_type=\"widget\" data-widget_type=\"icon.default\">\n\t\t\t\t<div class=\"elementor-widget-container\">\n\t\t\t\t\t<div class=\"elementor-icon-wrapper\">\n\t\t\t<a class=\"elementor-icon\" href=\"https:\/\/educaremt.com.br\/site\/area-pos\/area-enfermagem\/\">\n\t\t\t<i aria-hidden=\"true\" class=\"fas fa-backward\"><\/i>\t\t\t<\/a>\n\t\t<\/div>\n\t\t\t\t<\/div>\n\t\t\t\t<\/div>\n\t\t\t\t\t<\/div>\n\t\t<\/div>\n\t\t\t\t<div class=\"elementor-column elementor-col-50 elementor-top-column elementor-element elementor-element-7f8fd8f3\" data-id=\"7f8fd8f3\" data-element_type=\"column\">\n\t\t\t<div class=\"elementor-widget-wrap elementor-element-populated\">\n\t\t\t\t\t\t<div class=\"elementor-element elementor-element-48e9f3f1 elementor-button-align-stretch elementor-widget elementor-widget-form\" data-id=\"48e9f3f1\" data-element_type=\"widget\" id=\"idform\" data-settings=\"{&quot;step_next_label&quot;:&quot;Next&quot;,&quot;step_previous_label&quot;:&quot;Previous&quot;,&quot;button_width&quot;:&quot;100&quot;,&quot;step_type&quot;:&quot;number_text&quot;,&quot;step_icon_shape&quot;:&quot;circle&quot;}\" data-widget_type=\"form.default\">\n\t\t\t\t<div class=\"elementor-widget-container\">\n\t\t\t\t\t<form class=\"elementor-form\" method=\"post\" name=\"FormPosgraduacao\">\n\t\t\t<input type=\"hidden\" name=\"post_id\" value=\"7962\"\/>\n\t\t\t<input type=\"hidden\" name=\"form_id\" value=\"48e9f3f1\"\/>\n\t\t\t<input type=\"hidden\" name=\"referer_title\" value=\"\" \/>\n\n\t\t\t\n\t\t\t<div class=\"elementor-form-fields-wrapper elementor-labels-above\">\n\t\t\t\t\t\t\t\t<div class=\"elementor-field-type-text elementor-field-group elementor-column elementor-field-group-name elementor-col-100\">\n\t\t\t\t\t\t\t\t\t\t\t\t<label for=\"form-field-name\" class=\"elementor-field-label\">\n\t\t\t\t\t\t\t\tNome\t\t\t\t\t\t\t<\/label>\n\t\t\t\t\t\t\t\t\t\t\t\t\t\t<input size=\"1\" type=\"text\" name=\"form_fields[name]\" id=\"form-field-name\" class=\"elementor-field elementor-size-sm  elementor-field-textual\" placeholder=\"Nome\">\n\t\t\t\t\t\t\t\t\t\t\t<\/div>\n\t\t\t\t\t\t\t\t<div class=\"elementor-field-type-email elementor-field-group elementor-column elementor-field-group-email elementor-col-100 elementor-field-required\">\n\t\t\t\t\t\t\t\t\t\t\t\t<label for=\"form-field-email\" class=\"elementor-field-label\">\n\t\t\t\t\t\t\t\tE-mail\t\t\t\t\t\t\t<\/label>\n\t\t\t\t\t\t\t\t\t\t\t\t\t\t<input size=\"1\" type=\"email\" name=\"form_fields[email]\" id=\"form-field-email\" class=\"elementor-field elementor-size-sm  elementor-field-textual\" placeholder=\"e-mail\" required=\"required\" aria-required=\"true\">\n\t\t\t\t\t\t\t\t\t\t\t<\/div>\n\t\t\t\t\t\t\t\t<div class=\"elementor-field-type-tel elementor-field-group elementor-column elementor-field-group-field_e6e5fa5 elementor-col-100\">\n\t\t\t\t\t\t\t\t\t\t\t\t<label for=\"form-field-field_e6e5fa5\" class=\"elementor-field-label\">\n\t\t\t\t\t\t\t\tTelefone\t\t\t\t\t\t\t<\/label>\n\t\t\t\t\t\t\t\t<input size=\"1\" type=\"tel\" name=\"form_fields[field_e6e5fa5]\" id=\"form-field-field_e6e5fa5\" class=\"elementor-field elementor-size-sm  elementor-field-textual\" placeholder=\"Celular\" pattern=\"[0-9()#&amp;+*-=.]+\" title=\"Only numbers and phone characters (#, -, *, etc) are accepted.\">\n\n\t\t\t\t\t\t<\/div>\n\t\t\t\t\t\t\t\t<div class=\"elementor-field-group elementor-column elementor-field-type-submit elementor-col-100 e-form__buttons\">\n\t\t\t\t\t<button type=\"submit\" class=\"elementor-button elementor-size-sm\">\n\t\t\t\t\t\t<span >\n\t\t\t\t\t\t\t\t\t\t\t\t\t\t\t<span class=\" elementor-button-icon\">\n\t\t\t\t\t\t\t\t\t\t\t\t\t\t\t\t\t\t\t\t\t\t\t\t\t\t<\/span>\n\t\t\t\t\t\t\t\t\t\t\t\t\t\t\t\t\t\t\t\t\t\t<span class=\"elementor-button-text\">Enviar<\/span>\n\t\t\t\t\t\t\t\t\t\t\t\t\t<\/span>\n\t\t\t\t\t<\/button>\n\t\t\t\t<\/div>\n\t\t\t<\/div>\n\t\t<\/form>\n\t\t\t\t<\/div>\n\t\t\t\t<\/div>\n\t\t\t\t\t<\/div>\n\t\t<\/div>\n\t\t\t\t\t<\/div>\n\t\t<\/section>\n\t\t\t\t<\/div>\n\t\t","protected":false},"excerpt":{"rendered":"<p>Terapia ocupacional, Reorganiza\u00e7\u00e3o Sensorial e Reabilita\u00e7\u00e3o Cognitiva Funcional Matricule-se J\u00e1 ! Hor\u00e1rio: S\u00e1bado: 07h:30min \u00e0s 17h Domingo: 07h:30min \u00e0s 12h Suporte ao Aluno Carga Hor\u00e1ria 400<span class=\"excerpt-hellip\"> [\u2026]<\/span><\/p>\n","protected":false},"author":2,"featured_media":0,"parent":0,"menu_order":0,"comment_status":"closed","ping_status":"closed","template":"","meta":{"footnotes":""},"class_list":["post-7962","page","type-page","status-publish","hentry"],"_links":{"self":[{"href":"https:\/\/educaremt.com.br\/site\/wp-json\/wp\/v2\/pages\/7962","targetHints":{"allow":["GET"]}}],"collection":[{"href":"https:\/\/educaremt.com.br\/site\/wp-json\/wp\/v2\/pages"}],"about":[{"href":"https:\/\/educaremt.com.br\/site\/wp-json\/wp\/v2\/types\/page"}],"author":[{"embeddable":true,"href":"https:\/\/educaremt.com.br\/site\/wp-json\/wp\/v2\/users\/2"}],"replies":[{"embeddable":true,"href":"https:\/\/educaremt.com.br\/site\/wp-json\/wp\/v2\/comments?post=7962"}],"version-history":[{"count":13,"href":"https:\/\/educaremt.com.br\/site\/wp-json\/wp\/v2\/pages\/7962\/revisions"}],"predecessor-version":[{"id":7978,"href":"https:\/\/educaremt.com.br\/site\/wp-json\/wp\/v2\/pages\/7962\/revisions\/7978"}],"wp:attachment":[{"href":"https:\/\/educaremt.com.br\/site\/wp-json\/wp\/v2\/media?parent=7962"}],"curies":[{"name":"wp","href":"https:\/\/api.w.org\/{rel}","templated":true}]}}