{"id":6398,"date":"2021-12-13T16:34:10","date_gmt":"2021-12-13T19:34:10","guid":{"rendered":"https:\/\/educaremt.com.br\/site\/?page_id=6398"},"modified":"2023-12-29T19:48:15","modified_gmt":"2023-12-29T22:48:15","slug":"nutricao-g","status":"publish","type":"page","link":"https:\/\/educaremt.com.br\/site\/graduacao-cursos\/nutricao-g\/","title":{"rendered":"Nutri\u00e7\u00e3o"},"content":{"rendered":"\t\t<div data-elementor-type=\"wp-page\" data-elementor-id=\"6398\" class=\"elementor elementor-6398\">\n\t\t\t\t\t\t<section class=\"elementor-section elementor-top-section elementor-element elementor-element-bfa0175 elementor-section-full_width elementor-section-height-default elementor-section-height-default\" data-id=\"bfa0175\" data-element_type=\"section\">\n\t\t\t\t\t\t<div class=\"elementor-container elementor-column-gap-default\">\n\t\t\t\t\t<div class=\"elementor-column elementor-col-66 elementor-top-column elementor-element elementor-element-9dd2b42\" data-id=\"9dd2b42\" data-element_type=\"column\">\n\t\t\t<div class=\"elementor-widget-wrap elementor-element-populated\">\n\t\t\t\t\t\t<div class=\"elementor-element elementor-element-0a7506c elementor-widget elementor-widget-heading\" data-id=\"0a7506c\" data-element_type=\"widget\" data-widget_type=\"heading.default\">\n\t\t\t\t<div class=\"elementor-widget-container\">\n\t\t\t<h1 class=\"elementor-heading-title elementor-size-default\">NUTRI\u00c7\u00c3O<\/h1>\t\t<\/div>\n\t\t\t\t<\/div>\n\t\t\t\t<div class=\"elementor-element elementor-element-29e4dd2 elementor-widget elementor-widget-text-editor\" data-id=\"29e4dd2\" data-element_type=\"widget\" data-widget_type=\"text-editor.default\">\n\t\t\t\t<div class=\"elementor-widget-container\">\n\t\t\t\t\t\t\t\n Nutri\u00e7\u00e3o \u00e9 uma carreira diversificada, que tem se tornado bastante popular no Brasil, especialmente junto a quem busca um estilo de vida mais de acordo com os novos tempos: sempre pensando na preven\u00e7\u00e3o de doen\u00e7as, um corpo bonito e saud\u00e1vel e n\u00e3o aguenta mais aquelas dietas da moda que prometem milagres. Estamos falando do crescimento no mercado de trabalho de uma profiss\u00e3o respons\u00e1vel pela sa\u00fade da alimenta\u00e7\u00e3o sem que isso seja um sacrif\u00edcio, mas de maneira natural e consciente. O Nutricionista tem oportunidades de atuar em consult\u00f3rios, cl\u00ednicas, hospitais, hot\u00e9is, restaurantes, ind\u00fastrias e redes de alimentos. Ele trabalha com diagn\u00f3sticos nutricionais, elabora card\u00e1pios e faz controle de qualidade dos alimentos em estabelecimentos. A reeduca\u00e7\u00e3o alimentar \u00e9 o foco desse profissional, que se dedica \u00e0 promo\u00e7\u00e3o, recupera\u00e7\u00e3o e manuten\u00e7\u00e3o da sa\u00fade por meio da alimenta\u00e7\u00e3o. O mercado de trabalho para o Nutricionista pode envolver v\u00e1rias \u00e1reas que v\u00e3o desde a Nutri\u00e7\u00e3o Cl\u00ednica, passando pela Nutri\u00e7\u00e3o Esportiva, at\u00e9 Marketing Nutricional, entre outros. Pessoas com problemas de sa\u00fade, como diabetes, doen\u00e7a cel\u00edaca e hipertens\u00e3o, por exemplo, tamb\u00e9m formam um p\u00fablico bastante forte dos Nutricionistas, que s\u00e3o respons\u00e1veis por criar card\u00e1pios substitutivos e que possam ser ingeridos diariamente. Assim, o Nutricionista se torna fundamental para quem realmente precisa ou deseja uma vida mais saud\u00e1vel. Um bom Nutricionista sempre ser\u00e1 disputado no mercado, pois estar\u00e1 por dentro das pesquisas mais recentes, dos alimentos mais saud\u00e1veis e dos produtos mais novos. Para ter esse diferencial, conseguir se destacar e ser acima da m\u00e9dia, \u00e9 preciso ter uma forma\u00e7\u00e3o de qualidade, sem perder tempo. Fa\u00e7a sua inscri\u00e7\u00e3o no curso de Nutri\u00e7\u00e3o da EduCareMT<\/BR><\/BR>\n\n<B><H3>Qual o campo de trabalho?<\/H3><\/B>\n\nO nutricionista pode exercer atividades aut\u00f4nomas, trabalhar em institui\u00e7\u00f5es de ensino, pesquisa, sa\u00fade e abastecimento de alimentos, alimenta\u00e7\u00e3o escolar, ind\u00fastrias aliment\u00edcias, nutri\u00e7\u00e3o e marketing, nutri\u00e7\u00e3o e esporte, cl\u00ednicas, ambulat\u00f3rios, consult\u00f3rios, hospitais, academias, spas.\nA oferta de postos de trabalho no mercado est\u00e1 em expans\u00e3o, na medida em que a expectativa de vida da popula\u00e7\u00e3o brasileira tem aumentado e as necessidades de aten\u00e7\u00e3o diet\u00e9tica se multiplicado.\nCabe ao nutricionista um amplo espectro de atua\u00e7\u00e3o e de participa\u00e7\u00e3o na sociedade.<\/br><\/br>\n\n<h3>Atividades Principais:<\/h3>\nO curso de gradua\u00e7\u00e3o em Nutri\u00e7\u00e3o da EduCareMT procura estar sempre engajado para manter um curr\u00edculo adequado \u00e0s mudan\u00e7as pelas quais a sociedade vem passando, sem, contudo, deixar de priorizar a aten\u00e7\u00e3o diet\u00e9tica, tanto em n\u00edvel individual quanto coletivo, por meio de a\u00e7\u00f5es integradas de preven\u00e7\u00e3o, promo\u00e7\u00e3o, prote\u00e7\u00e3o e reabilita\u00e7\u00e3o da sa\u00fade, nas diferentes fases do ciclo-vital e do processo sa\u00fade-doen\u00e7a, para atuar, de forma interdisciplinar,  em equipes multiprofissionais e com pr\u00e1tica integrada ao sistema de sa\u00fade local.<\/br>\nA forma\u00e7\u00e3o do nutricionista deve dotar o profissional dos conhecimentos, habilidades e atitudes requeridos para atuar com compet\u00eancia em:<\/br>\n\u2022\tAten\u00e7\u00e3o diet\u00e9tica a indiv\u00edduos e popula\u00e7\u00f5es, de diferentes idades e condi\u00e7\u00e3o de sa\u00fade;<\/br>\n\u2022\tAvalia\u00e7\u00e3o, promo\u00e7\u00e3o, manuten\u00e7\u00e3o e recupera\u00e7\u00e3o do estado nutricional de indiv\u00edduos e grupos;<\/br>\n\u2022\tDesenvolvimento e aplica\u00e7\u00e3o de t\u00e9cnicas de ensino em sua \u00e1rea de atua\u00e7\u00e3o;<\/br>\n\u2022\tAtua\u00e7\u00e3o na formula\u00e7\u00e3o e execu\u00e7\u00e3o de pol\u00edticas e programas de educa\u00e7\u00e3o nutricional, seguran\u00e7a alimentar e sanit\u00e1ria e vigil\u00e2ncia nutricional, visando a promo\u00e7\u00e3o da sa\u00fade em \u00e2mbito local, regional e nacional;<\/br>\n\u2022\tAtua\u00e7\u00e3o interprofissional em equipes multiprofissionais de sa\u00fade e terapia nutricional, realizando a avalia\u00e7\u00e3o, diagn\u00f3stico e acompanhamento do estado nutricional, planejando, prescrevendo, analisando, supervisionando e avaliando o uso de dietas e suplementos diet\u00e9ticos;<\/br>\n\u2022\tPlanejamento, gerenciamento, avalia\u00e7\u00e3o de unidades de alimenta\u00e7\u00e3o e nutri\u00e7\u00e3o com vistas \u00e0 melhoria das condi\u00e7\u00f5es de sa\u00fade de coletividades sadias e enfermas;<\/br>\n\u2022\tRealiza\u00e7\u00e3o de diagn\u00f3sticos e interven\u00e7\u00f5es na rede de alimenta\u00e7\u00e3o e nutri\u00e7\u00e3o, considerando a influ\u00eancia s\u00f3cio-cultural, econ\u00f4mica que determina a disponibilidade, consumo e utiliza\u00e7\u00e3o biol\u00f3gica dos alimentos;<\/br>\n\u2022\tAtua\u00e7\u00e3o interprofissional em equipes multiprofissionais, realizando planejamento, coordena\u00e7\u00e3o, supervis\u00e3o, implementa\u00e7\u00e3o, execu\u00e7\u00e3o e avalia\u00e7\u00e3o de atividades na \u00e1rea de alimenta\u00e7\u00e3o e de sa\u00fade;<\/br>\n\u2022\tDesenvolvimento de auditoria, assessoria e consultoria na \u00e1rea de alimenta\u00e7\u00e3o e nutri\u00e7\u00e3o e atua\u00e7\u00e3o em marketing de alimenta\u00e7\u00e3o e nutri\u00e7\u00e3o.<\/br>\n\u2022\tControle de qualidade dos alimentos nas suas \u00e1reas de compet\u00eancia e desenvolvimento e avalia\u00e7\u00e3o de novas f\u00f3rmulas ou produtos aliment\u00edcios para consumo humano.<\/br>\n\u2022\tParticipa\u00e7\u00e3o em grupos de pesquisa, enfatizando a nutri\u00e7\u00e3o humana de forma integral e \u00e9tica.<\/br><\/br>\n\n<h3><b>INFRAESTRUTURA M\u00cdNIMA REQUERIDA<\/h3><\/b>\nO curso de Nutri\u00e7\u00e3o da EduCareMT trabalha teoria e pr\u00e1tica, por ter um grande diferencial: uma Cl\u00ednica de Nutri\u00e7\u00e3o que atende \u00e0 comunidade e que garante a experi\u00eancia necess\u00e1ria para os alunos saiam direto para o mercado de trabalho. Tamb\u00e9m se preocupa em atuar com dinamismo, conhecimento, compet\u00eancia, responsabilidade e \u00e9tica profissional, sempre contemplando as novas tend\u00eancias de mercado e os avan\u00e7os na ci\u00eancia da nutri\u00e7\u00e3o. O curso forma profissionais totalmente preparados para atuar nas diversas \u00e1reas e atingir grandes resultados.<\/br>\n\u2022\tBiblioteca incluindo acervo espec\u00edfico e atualizado.<\/br>\n\u2022\tLaborat\u00f3rio de t\u00e9cnica diet\u00e9tica<\/br>\n\u2022\tLaborat\u00f3rio de Anatomia<\/br>\n\u2022\tLaborat\u00f3rio multidisciplinar<\/br>\n\u2022\tLaborat\u00f3rio de Animais<\/br>\n\u2022\tLaborat\u00f3rio de inform\u00e1tica<\/br>\n\u2022\tCl\u00ednicas de sa\u00fade da EduCareMT<\/br>\n\u2022\tEventos Acad\u00eamico-cient\u00edficos<\/br>\n\u2022\tAtividades de extens\u00e3o comunit\u00e1ria<\/br>\n\u2022\tAtividades complementares<\/br>\n\u2022\tEst\u00e1gio em institui\u00e7\u00f5es de sa\u00fade: <\/br>hospitais, cl\u00ednicas, creches, asilos e outros.<\/br>\n\u2022\tEst\u00e1gio em ind\u00fastrias<\/br>\n\u2022\tMonitoria<\/br>\n\u2022\tInicia\u00e7\u00e3o cient\u00edfica<\/br>\n\n\n\n\t\t\t\t\t\t<\/div>\n\t\t\t\t<\/div>\n\t\t\t\t\t<\/div>\n\t\t<\/div>\n\t\t\t\t<div class=\"elementor-column elementor-col-33 elementor-top-column elementor-element elementor-element-336de19\" data-id=\"336de19\" data-element_type=\"column\">\n\t\t\t<div class=\"elementor-widget-wrap elementor-element-populated\">\n\t\t\t\t\t\t<div class=\"elementor-element elementor-element-44d1661 elementor-position-top elementor-widget elementor-widget-image-box\" data-id=\"44d1661\" data-element_type=\"widget\" data-widget_type=\"image-box.default\">\n\t\t\t\t<div class=\"elementor-widget-container\">\n\t\t\t<div class=\"elementor-image-box-wrapper\"><figure class=\"elementor-image-box-img\"><img decoding=\"async\" src=\"https:\/\/educaremt.com.br\/2017\/wp-content\/uploads\/2017\/11\/Nota-4.jpeg\" title=\"\" alt=\"\" loading=\"lazy\" \/><\/figure><div class=\"elementor-image-box-content\"><h3 class=\"elementor-image-box-title\">Avalia\u00e7\u00e3o do MEC<\/h3><p class=\"elementor-image-box-description\">Nota 4  (de 1 a 5).<\/p><\/div><\/div>\t\t<\/div>\n\t\t\t\t<\/div>\n\t\t\t\t<div class=\"elementor-element elementor-element-e34110a elementor-button-info elementor-align-justify elementor-widget elementor-widget-button\" data-id=\"e34110a\" data-element_type=\"widget\" data-widget_type=\"button.default\">\n\t\t\t\t<div class=\"elementor-widget-container\">\n\t\t\t\t\t\t\t<div class=\"elementor-button-wrapper\">\n\t\t\t\t\t<a class=\"elementor-button elementor-button-link elementor-size-sm\" href=\"#matriz\">\n\t\t\t\t\t\t<span class=\"elementor-button-content-wrapper\">\n\t\t\t\t\t\t\t\t\t<span class=\"elementor-button-text\">Veja a Matriz<\/span>\n\t\t\t\t\t<\/span>\n\t\t\t\t\t<\/a>\n\t\t\t\t<\/div>\n\t\t\t\t\t\t<\/div>\n\t\t\t\t<\/div>\n\t\t\t\t<div class=\"elementor-element elementor-element-6438d45 elementor-align-justify elementor-widget elementor-widget-button\" data-id=\"6438d45\" data-element_type=\"widget\" data-widget_type=\"button.default\">\n\t\t\t\t<div class=\"elementor-widget-container\">\n\t\t\t\t\t\t\t<div class=\"elementor-button-wrapper\">\n\t\t\t\t\t<a class=\"elementor-button elementor-size-sm\" role=\"button\">\n\t\t\t\t\t\t<span class=\"elementor-button-content-wrapper\">\n\t\t\t\t\t\t\t\t\t<span class=\"elementor-button-text\">Dura\u00e7\u00e3o: 8 Semestres<\/span>\n\t\t\t\t\t<\/span>\n\t\t\t\t\t<\/a>\n\t\t\t\t<\/div>\n\t\t\t\t\t\t<\/div>\n\t\t\t\t<\/div>\n\t\t\t\t<div class=\"elementor-element elementor-element-2f1e11c elementor-align-justify elementor-widget elementor-widget-button\" data-id=\"2f1e11c\" data-element_type=\"widget\" data-widget_type=\"button.default\">\n\t\t\t\t<div class=\"elementor-widget-container\">\n\t\t\t\t\t\t\t<div class=\"elementor-button-wrapper\">\n\t\t\t\t\t<a class=\"elementor-button elementor-size-sm\" role=\"button\">\n\t\t\t\t\t\t<span class=\"elementor-button-content-wrapper\">\n\t\t\t\t\t\t\t\t\t<span class=\"elementor-button-text\">Turno: Manh\u00e3 ou Noite<\/span>\n\t\t\t\t\t<\/span>\n\t\t\t\t\t<\/a>\n\t\t\t\t<\/div>\n\t\t\t\t\t\t<\/div>\n\t\t\t\t<\/div>\n\t\t\t\t<div class=\"elementor-element elementor-element-0d3289a elementor-align-justify elementor-widget elementor-widget-button\" data-id=\"0d3289a\" data-element_type=\"widget\" data-widget_type=\"button.default\">\n\t\t\t\t<div class=\"elementor-widget-container\">\n\t\t\t\t\t\t\t<div class=\"elementor-button-wrapper\">\n\t\t\t\t\t<a class=\"elementor-button elementor-size-sm\" role=\"button\">\n\t\t\t\t\t\t<span class=\"elementor-button-content-wrapper\">\n\t\t\t\t\t\t\t\t\t<span class=\"elementor-button-text\">Regime de Matr\u00edcula: Semestral<\/span>\n\t\t\t\t\t<\/span>\n\t\t\t\t\t<\/a>\n\t\t\t\t<\/div>\n\t\t\t\t\t\t<\/div>\n\t\t\t\t<\/div>\n\t\t\t\t<div class=\"elementor-element elementor-element-aadc790 elementor-widget elementor-widget-heading\" data-id=\"aadc790\" data-element_type=\"widget\" data-widget_type=\"heading.default\">\n\t\t\t\t<div class=\"elementor-widget-container\">\n\t\t\t<h2 class=\"elementor-heading-title elementor-size-default\">Baixe a Matriz<\/h2>\t\t<\/div>\n\t\t\t\t<\/div>\n\t\t\t\t<div class=\"elementor-element elementor-element-5b1816f elementor-widget elementor-widget-text-editor\" data-id=\"5b1816f\" data-element_type=\"widget\" data-widget_type=\"text-editor.default\">\n\t\t\t\t<div class=\"elementor-widget-container\">\n\t\t\t\t\t\t\t<p><span style=\"font-family: Roboto, sans-serif; font-size: 15px; font-style: normal; font-variant-ligatures: normal; font-variant-caps: normal; font-weight: 400;\">Preencha seus dados para baixar a matriz curricular:<\/span><\/p>\t\t\t\t\t\t<\/div>\n\t\t\t\t<\/div>\n\t\t\t\t<div class=\"elementor-element elementor-element-2ff23b6 elementor-button-align-stretch elementor-widget elementor-widget-form\" data-id=\"2ff23b6\" data-element_type=\"widget\" id=\"matriz\" data-settings=\"{&quot;step_next_label&quot;:&quot;Next&quot;,&quot;step_previous_label&quot;:&quot;Previous&quot;,&quot;button_width&quot;:&quot;100&quot;,&quot;step_type&quot;:&quot;number_text&quot;,&quot;step_icon_shape&quot;:&quot;circle&quot;}\" data-widget_type=\"form.default\">\n\t\t\t\t<div class=\"elementor-widget-container\">\n\t\t\t\t\t<form class=\"elementor-form\" method=\"post\" name=\"MatrizNutricao\">\n\t\t\t<input type=\"hidden\" name=\"post_id\" value=\"6398\"\/>\n\t\t\t<input type=\"hidden\" name=\"form_id\" value=\"2ff23b6\"\/>\n\t\t\t<input type=\"hidden\" name=\"referer_title\" value=\"\" \/>\n\n\t\t\t\n\t\t\t<div class=\"elementor-form-fields-wrapper elementor-labels-above\">\n\t\t\t\t\t\t\t\t<div class=\"elementor-field-type-text elementor-field-group elementor-column elementor-field-group-name elementor-col-100 elementor-field-required\">\n\t\t\t\t\t\t\t\t\t\t\t\t<label for=\"form-field-name\" class=\"elementor-field-label\">\n\t\t\t\t\t\t\t\tNome:\t\t\t\t\t\t\t<\/label>\n\t\t\t\t\t\t\t\t\t\t\t\t\t\t<input size=\"1\" type=\"text\" name=\"form_fields[name]\" id=\"form-field-name\" class=\"elementor-field elementor-size-sm  elementor-field-textual\" placeholder=\"Nome:\" required=\"required\" aria-required=\"true\">\n\t\t\t\t\t\t\t\t\t\t\t<\/div>\n\t\t\t\t\t\t\t\t<div class=\"elementor-field-type-tel elementor-field-group elementor-column elementor-field-group-field_1c2dac5 elementor-col-100 elementor-field-required\">\n\t\t\t\t\t\t\t\t\t\t\t\t<label for=\"form-field-field_1c2dac5\" class=\"elementor-field-label\">\n\t\t\t\t\t\t\t\tTelefone:\t\t\t\t\t\t\t<\/label>\n\t\t\t\t\t\t\t\t<input size=\"1\" type=\"tel\" name=\"form_fields[field_1c2dac5]\" id=\"form-field-field_1c2dac5\" class=\"elementor-field elementor-size-sm  elementor-field-textual\" placeholder=\"Telefone:\" required=\"required\" aria-required=\"true\" pattern=\"[0-9()#&amp;+*-=.]+\" title=\"Only numbers and phone characters (#, -, *, etc) are accepted.\">\n\n\t\t\t\t\t\t<\/div>\n\t\t\t\t\t\t\t\t<div class=\"elementor-field-type-email elementor-field-group elementor-column elementor-field-group-field_9afc6af elementor-col-100\">\n\t\t\t\t\t\t\t\t\t\t\t\t<label for=\"form-field-field_9afc6af\" class=\"elementor-field-label\">\n\t\t\t\t\t\t\t\tE-mail:\t\t\t\t\t\t\t<\/label>\n\t\t\t\t\t\t\t\t\t\t\t\t\t\t<input size=\"1\" type=\"email\" name=\"form_fields[field_9afc6af]\" id=\"form-field-field_9afc6af\" class=\"elementor-field elementor-size-sm  elementor-field-textual\" placeholder=\"E-mail:\">\n\t\t\t\t\t\t\t\t\t\t\t<\/div>\n\t\t\t\t\t\t\t\t<div class=\"elementor-field-group elementor-column elementor-field-type-submit elementor-col-100 e-form__buttons\">\n\t\t\t\t\t<button type=\"submit\" class=\"elementor-button elementor-size-sm\">\n\t\t\t\t\t\t<span >\n\t\t\t\t\t\t\t\t\t\t\t\t\t\t\t<span class=\" elementor-button-icon\">\n\t\t\t\t\t\t\t\t\t\t\t\t\t\t\t\t\t\t\t\t\t\t\t\t\t\t<\/span>\n\t\t\t\t\t\t\t\t\t\t\t\t\t\t\t\t\t\t\t\t\t\t<span class=\"elementor-button-text\">Baixar a Matriz<\/span>\n\t\t\t\t\t\t\t\t\t\t\t\t\t<\/span>\n\t\t\t\t\t<\/button>\n\t\t\t\t<\/div>\n\t\t\t<\/div>\n\t\t<\/form>\n\t\t\t\t<\/div>\n\t\t\t\t<\/div>\n\t\t\t\t\t<\/div>\n\t\t<\/div>\n\t\t\t\t\t<\/div>\n\t\t<\/section>\n\t\t\t\t<section class=\"elementor-section elementor-top-section elementor-element elementor-element-5f58ed0 elementor-section-full_width elementor-section-height-default elementor-section-height-default\" data-id=\"5f58ed0\" data-element_type=\"section\">\n\t\t\t\t\t\t<div class=\"elementor-container elementor-column-gap-default\">\n\t\t\t\t\t<div class=\"elementor-column elementor-col-100 elementor-top-column elementor-element elementor-element-6c03dc4\" data-id=\"6c03dc4\" data-element_type=\"column\">\n\t\t\t<div class=\"elementor-widget-wrap\">\n\t\t\t\t\t\t\t<\/div>\n\t\t<\/div>\n\t\t\t\t\t<\/div>\n\t\t<\/section>\n\t\t\t\t<\/div>\n\t\t","protected":false},"excerpt":{"rendered":"<p>NUTRI\u00c7\u00c3O Nutri\u00e7\u00e3o \u00e9 uma carreira diversificada, que tem se tornado bastante popular no Brasil, especialmente junto a quem busca um estilo de vida mais de acordo<span class=\"excerpt-hellip\"> [\u2026]<\/span><\/p>\n","protected":false},"author":1,"featured_media":0,"parent":6491,"menu_order":0,"comment_status":"closed","ping_status":"closed","template":"elementor_header_footer","meta":{"footnotes":""},"class_list":["post-6398","page","type-page","status-publish","hentry"],"_links":{"self":[{"href":"https:\/\/educaremt.com.br\/site\/wp-json\/wp\/v2\/pages\/6398","targetHints":{"allow":["GET"]}}],"collection":[{"href":"https:\/\/educaremt.com.br\/site\/wp-json\/wp\/v2\/pages"}],"about":[{"href":"https:\/\/educaremt.com.br\/site\/wp-json\/wp\/v2\/types\/page"}],"author":[{"embeddable":true,"href":"https:\/\/educaremt.com.br\/site\/wp-json\/wp\/v2\/users\/1"}],"replies":[{"embeddable":true,"href":"https:\/\/educaremt.com.br\/site\/wp-json\/wp\/v2\/comments?post=6398"}],"version-history":[{"count":26,"href":"https:\/\/educaremt.com.br\/site\/wp-json\/wp\/v2\/pages\/6398\/revisions"}],"predecessor-version":[{"id":8877,"href":"https:\/\/educaremt.com.br\/site\/wp-json\/wp\/v2\/pages\/6398\/revisions\/8877"}],"up":[{"embeddable":true,"href":"https:\/\/educaremt.com.br\/site\/wp-json\/wp\/v2\/pages\/6491"}],"wp:attachment":[{"href":"https:\/\/educaremt.com.br\/site\/wp-json\/wp\/v2\/media?parent=6398"}],"curies":[{"name":"wp","href":"https:\/\/api.w.org\/{rel}","templated":true}]}}