{"id":4982,"date":"2020-11-16T10:35:44","date_gmt":"2020-11-16T13:35:44","guid":{"rendered":"https:\/\/educaremt.com.br\/2017\/?page_id=4982"},"modified":"2023-05-10T13:27:32","modified_gmt":"2023-05-10T16:27:32","slug":"direito-aeronautico","status":"publish","type":"page","link":"https:\/\/educaremt.com.br\/site\/direito-aeronautico\/","title":{"rendered":"MBA Direito Aeron\u00e1utico"},"content":{"rendered":"\t\t<div data-elementor-type=\"wp-post\" data-elementor-id=\"4982\" class=\"elementor elementor-4982\">\n\t\t\t\t\t\t<section class=\"elementor-section elementor-top-section elementor-element elementor-element-5c18fbc elementor-section-boxed elementor-section-height-default elementor-section-height-default\" data-id=\"5c18fbc\" data-element_type=\"section\">\n\t\t\t\t\t\t<div class=\"elementor-container elementor-column-gap-default\">\n\t\t\t\t\t<div class=\"elementor-column elementor-col-66 elementor-top-column elementor-element elementor-element-c9cf68d\" data-id=\"c9cf68d\" data-element_type=\"column\">\n\t\t\t<div class=\"elementor-widget-wrap elementor-element-populated\">\n\t\t\t\t\t\t<div class=\"elementor-element elementor-element-ccc3e1c elementor-widget elementor-widget-text-editor\" data-id=\"ccc3e1c\" data-element_type=\"widget\" data-widget_type=\"text-editor.default\">\n\t\t\t\t<div class=\"elementor-widget-container\">\n\t\t\t\t\t\t\t<h3><span style=\"font-style: normal; font-variant-ligatures: normal; font-variant-caps: normal; letter-spacing: normal; color: #002d54;\"><span style=\"font-weight: bold;\">\u25ba\u00a0<\/span><\/span><span style=\"color: #002d54;\"><b>MBA Direito Aeron\u00e1utico<\/b><\/span><\/h3>\t\t\t\t\t\t<\/div>\n\t\t\t\t<\/div>\n\t\t\t\t\t<\/div>\n\t\t<\/div>\n\t\t\t\t<div class=\"elementor-column elementor-col-33 elementor-top-column elementor-element elementor-element-727643a\" data-id=\"727643a\" data-element_type=\"column\">\n\t\t\t<div class=\"elementor-widget-wrap elementor-element-populated\">\n\t\t\t\t\t\t<div class=\"elementor-element elementor-element-3c45c9d elementor-widget elementor-widget-button\" data-id=\"3c45c9d\" data-element_type=\"widget\" data-widget_type=\"button.default\">\n\t\t\t\t<div class=\"elementor-widget-container\">\n\t\t\t\t\t\t\t<div class=\"elementor-button-wrapper\">\n\t\t\t\t\t<a class=\"elementor-button elementor-button-link elementor-size-sm\" href=\"#idform\">\n\t\t\t\t\t\t<span class=\"elementor-button-content-wrapper\">\n\t\t\t\t\t\t\t\t\t<span class=\"elementor-button-text\">Matricule-se J\u00e1 !<\/span>\n\t\t\t\t\t<\/span>\n\t\t\t\t\t<\/a>\n\t\t\t\t<\/div>\n\t\t\t\t\t\t<\/div>\n\t\t\t\t<\/div>\n\t\t\t\t\t<\/div>\n\t\t<\/div>\n\t\t\t\t\t<\/div>\n\t\t<\/section>\n\t\t\t\t<section class=\"elementor-section elementor-top-section elementor-element elementor-element-4ac8cdf3 elementor-section-boxed elementor-section-height-default elementor-section-height-default\" data-id=\"4ac8cdf3\" data-element_type=\"section\">\n\t\t\t\t\t\t<div class=\"elementor-container elementor-column-gap-default\">\n\t\t\t\t\t<div class=\"elementor-column elementor-col-25 elementor-top-column elementor-element elementor-element-5cfb4009\" data-id=\"5cfb4009\" data-element_type=\"column\">\n\t\t\t<div class=\"elementor-widget-wrap elementor-element-populated\">\n\t\t\t\t\t\t<div class=\"elementor-element elementor-element-19083b8f elementor-view-default elementor-position-top elementor-mobile-position-top elementor-widget elementor-widget-icon-box\" data-id=\"19083b8f\" data-element_type=\"widget\" data-widget_type=\"icon-box.default\">\n\t\t\t\t<div class=\"elementor-widget-container\">\n\t\t\t\t\t<div class=\"elementor-icon-box-wrapper\">\n\n\t\t\t\t\t\t<div class=\"elementor-icon-box-icon\">\n\t\t\t\t<span  class=\"elementor-icon elementor-animation-\">\n\t\t\t\t<i aria-hidden=\"true\" class=\"far fa-clock\"><\/i>\t\t\t\t<\/span>\n\t\t\t<\/div>\n\t\t\t\n\t\t\t\t\t\t<div class=\"elementor-icon-box-content\">\n\n\t\t\t\t\t\t\t\t\t<h3 class=\"elementor-icon-box-title\">\n\t\t\t\t\t\t<span  >\n\t\t\t\t\t\t\tHor\u00e1rio:\t\t\t\t\t\t<\/span>\n\t\t\t\t\t<\/h3>\n\t\t\t\t\n\t\t\t\t\t\t\t\t\t<p class=\"elementor-icon-box-description\">\n\t\t\t\t\t\tS\u00e1bado: 07h:30min \u00e0s 17h\nDomingo: 07h:30min \u00e0s 12h\t\t\t\t\t<\/p>\n\t\t\t\t\n\t\t\t<\/div>\n\t\t\t\n\t\t<\/div>\n\t\t\t\t<\/div>\n\t\t\t\t<\/div>\n\t\t\t\t\t<\/div>\n\t\t<\/div>\n\t\t\t\t<div class=\"elementor-column elementor-col-25 elementor-top-column elementor-element elementor-element-2e94205\" data-id=\"2e94205\" data-element_type=\"column\">\n\t\t\t<div class=\"elementor-widget-wrap elementor-element-populated\">\n\t\t\t\t\t\t<div class=\"elementor-element elementor-element-45fed577 elementor-position-top elementor-widget elementor-widget-image-box\" data-id=\"45fed577\" data-element_type=\"widget\" data-widget_type=\"image-box.default\">\n\t\t\t\t<div class=\"elementor-widget-container\">\n\t\t\t<div class=\"elementor-image-box-wrapper\"><figure class=\"elementor-image-box-img\"><img decoding=\"async\" src=\"https:\/\/educaremt.com.br\/2017\/wp-content\/uploads\/2021\/07\/icone-suporte.png\" title=\"\" alt=\"\" loading=\"lazy\" \/><\/figure><div class=\"elementor-image-box-content\"><h3 class=\"elementor-image-box-title\">Suporte ao Aluno<\/h3><\/div><\/div>\t\t<\/div>\n\t\t\t\t<\/div>\n\t\t\t\t\t<\/div>\n\t\t<\/div>\n\t\t\t\t<div class=\"elementor-column elementor-col-25 elementor-top-column elementor-element elementor-element-1ea12bf0\" data-id=\"1ea12bf0\" data-element_type=\"column\">\n\t\t\t<div class=\"elementor-widget-wrap elementor-element-populated\">\n\t\t\t\t\t\t<div class=\"elementor-element elementor-element-64396127 elementor-view-default elementor-position-top elementor-mobile-position-top elementor-widget elementor-widget-icon-box\" data-id=\"64396127\" data-element_type=\"widget\" data-widget_type=\"icon-box.default\">\n\t\t\t\t<div class=\"elementor-widget-container\">\n\t\t\t\t\t<div class=\"elementor-icon-box-wrapper\">\n\n\t\t\t\t\t\t<div class=\"elementor-icon-box-icon\">\n\t\t\t\t<span  class=\"elementor-icon elementor-animation-\">\n\t\t\t\t<i aria-hidden=\"true\" class=\"fab fa-safari\"><\/i>\t\t\t\t<\/span>\n\t\t\t<\/div>\n\t\t\t\n\t\t\t\t\t\t<div class=\"elementor-icon-box-content\">\n\n\t\t\t\t\t\t\t\t\t<h3 class=\"elementor-icon-box-title\">\n\t\t\t\t\t\t<span  >\n\t\t\t\t\t\t\tCarga Hor\u00e1ria\t\t\t\t\t\t<\/span>\n\t\t\t\t\t<\/h3>\n\t\t\t\t\n\t\t\t\t\t\t\t\t\t<p class=\"elementor-icon-box-description\">\n\t\t\t\t\t\t400 horas.\t\t\t\t\t<\/p>\n\t\t\t\t\n\t\t\t<\/div>\n\t\t\t\n\t\t<\/div>\n\t\t\t\t<\/div>\n\t\t\t\t<\/div>\n\t\t\t\t\t<\/div>\n\t\t<\/div>\n\t\t\t\t<div class=\"elementor-column elementor-col-25 elementor-top-column elementor-element elementor-element-53744acc\" data-id=\"53744acc\" data-element_type=\"column\">\n\t\t\t<div class=\"elementor-widget-wrap elementor-element-populated\">\n\t\t\t\t\t\t<div class=\"elementor-element elementor-element-88af005 elementor-position-top elementor-widget elementor-widget-image-box\" data-id=\"88af005\" data-element_type=\"widget\" data-widget_type=\"image-box.default\">\n\t\t\t\t<div class=\"elementor-widget-container\">\n\t\t\t<div class=\"elementor-image-box-wrapper\"><figure class=\"elementor-image-box-img\"><img fetchpriority=\"high\" decoding=\"async\" width=\"300\" height=\"300\" src=\"https:\/\/educaremt.com.br\/site\/wp-content\/uploads\/2022\/11\/icone-professor-300x3002-1.png\" class=\"attachment-full size-full wp-image-7504\" alt=\"\" srcset=\"https:\/\/educaremt.com.br\/site\/wp-content\/uploads\/2022\/11\/icone-professor-300x3002-1.png 300w, https:\/\/educaremt.com.br\/site\/wp-content\/uploads\/2022\/11\/icone-professor-300x3002-1-150x150.png 150w, https:\/\/educaremt.com.br\/site\/wp-content\/uploads\/2022\/11\/icone-professor-300x3002-1-146x146.png 146w, https:\/\/educaremt.com.br\/site\/wp-content\/uploads\/2022\/11\/icone-professor-300x3002-1-50x50.png 50w, https:\/\/educaremt.com.br\/site\/wp-content\/uploads\/2022\/11\/icone-professor-300x3002-1-75x75.png 75w, https:\/\/educaremt.com.br\/site\/wp-content\/uploads\/2022\/11\/icone-professor-300x3002-1-85x85.png 85w, https:\/\/educaremt.com.br\/site\/wp-content\/uploads\/2022\/11\/icone-professor-300x3002-1-80x80.png 80w\" sizes=\"(max-width: 300px) 100vw, 300px\" \/><\/figure><div class=\"elementor-image-box-content\"><h3 class=\"elementor-image-box-title\">Professores Renomados<\/h3><\/div><\/div>\t\t<\/div>\n\t\t\t\t<\/div>\n\t\t\t\t\t<\/div>\n\t\t<\/div>\n\t\t\t\t\t<\/div>\n\t\t<\/section>\n\t\t\t\t<section class=\"elementor-section elementor-top-section elementor-element elementor-element-dd1ab4d elementor-section-boxed elementor-section-height-default elementor-section-height-default\" data-id=\"dd1ab4d\" data-element_type=\"section\">\n\t\t\t\t\t\t<div class=\"elementor-container elementor-column-gap-default\">\n\t\t\t\t\t<div class=\"elementor-column elementor-col-100 elementor-top-column elementor-element elementor-element-4dde60d\" data-id=\"4dde60d\" data-element_type=\"column\">\n\t\t\t<div class=\"elementor-widget-wrap elementor-element-populated\">\n\t\t\t\t\t\t<div class=\"elementor-element elementor-element-77ae856 elementor-widget elementor-widget-text-editor\" data-id=\"77ae856\" data-element_type=\"widget\" data-widget_type=\"text-editor.default\">\n\t\t\t\t<div class=\"elementor-widget-container\">\n\t\t\t\t\t\t\t<h3><\/h3>\n<h3><span style=\"color: #002d54;\"><strong>Objetivo:<\/strong><\/span><\/h3>\nO mercado da avia\u00e7\u00e3o tem se tornado cada vez mais rent\u00e1vel, competitivo e com\nnovas exig\u00eancias regulat\u00f3rias. \u00c9 necess\u00e1rio um permanente acompanhamento dos padr\u00f5es\ninternacionais, das normas e leis que visam avan\u00e7ar e organizar os transportes a\u00e9reos. Ao realiz\u00e1-lo, o\nespecialista ser\u00e1 capaz de utilizar de forma eficiente e eficaz os instrumentos de gest\u00e3o para a\nimplementa\u00e7\u00e3o de solu\u00e7\u00f5es inovadoras diante da complexidade que envolve o contexto da atividade\na\u00e9rea. Podem realizar o Curso profissionais da avia\u00e7\u00e3o, do direito e da \u00e1rea de gest\u00e3o voltadas \u00e0\natividade a\u00e9rea.\n<h3><span style=\"color: #002d54;\"><strong>P\u00fablico Alvo:<\/strong><\/span><\/h3>\nProfissionais de n\u00edvel superior especializados para atuarem como gestores de\norganiza\u00e7\u00f5es p\u00fablicas e privadas ligadas \u00e0 atividade a\u00e9rea como empresas de transporte a\u00e9reo comercial\ne executivo, manuten\u00e7\u00e3o, infraestrutura aeroportu\u00e1ria, seguran\u00e7a, consultoria, projetos, engenharia,\ncertifica\u00e7\u00e3o aeron\u00e1utica, log\u00edstica aeron\u00e1utica e aeroportu\u00e1ria, bem como atuar como docente e gestor\nem institui\u00e7\u00f5es de ensino, pesquisa e extens\u00e3o.\n\t\t\t\t\t\t<\/div>\n\t\t\t\t<\/div>\n\t\t\t\t\t<\/div>\n\t\t<\/div>\n\t\t\t\t\t<\/div>\n\t\t<\/section>\n\t\t\t\t<section class=\"elementor-section elementor-top-section elementor-element elementor-element-d990834 elementor-section-boxed elementor-section-height-default elementor-section-height-default\" data-id=\"d990834\" data-element_type=\"section\">\n\t\t\t\t\t\t<div class=\"elementor-container elementor-column-gap-default\">\n\t\t\t\t\t<div class=\"elementor-column elementor-col-100 elementor-top-column elementor-element elementor-element-70afbf4\" data-id=\"70afbf4\" data-element_type=\"column\">\n\t\t\t<div class=\"elementor-widget-wrap elementor-element-populated\">\n\t\t\t\t\t\t<div class=\"elementor-element elementor-element-2926f90 elementor-widget elementor-widget-accordion\" data-id=\"2926f90\" data-element_type=\"widget\" data-settings=\"{&quot;_animation&quot;:&quot;none&quot;}\" data-widget_type=\"accordion.default\">\n\t\t\t\t<div class=\"elementor-widget-container\">\n\t\t\t\t\t<div class=\"elementor-accordion\">\n\t\t\t\t\t\t\t<div class=\"elementor-accordion-item\">\n\t\t\t\t\t<div id=\"elementor-tab-title-4311\" class=\"elementor-tab-title\" data-tab=\"1\" role=\"button\" aria-controls=\"elementor-tab-content-4311\" aria-expanded=\"false\">\n\t\t\t\t\t\t\t\t\t\t\t\t\t<span class=\"elementor-accordion-icon elementor-accordion-icon-right\" aria-hidden=\"true\">\n\t\t\t\t\t\t\t\t\t\t\t\t\t\t\t<span class=\"elementor-accordion-icon-closed\"><i class=\"fas fa-plus-square\"><\/i><\/span>\n\t\t\t\t\t\t\t\t<span class=\"elementor-accordion-icon-opened\"><i class=\"fas fa-minus-square\"><\/i><\/span>\n\t\t\t\t\t\t\t\t\t\t\t\t\t\t<\/span>\n\t\t\t\t\t\t\t\t\t\t\t\t<a class=\"elementor-accordion-title\" tabindex=\"0\">Veja a Grade Curricular<\/a>\n\t\t\t\t\t<\/div>\n\t\t\t\t\t<div id=\"elementor-tab-content-4311\" class=\"elementor-tab-content elementor-clearfix\" data-tab=\"1\" role=\"region\" aria-labelledby=\"elementor-tab-title-4311\"><table><tbody><tr bgcolor=\"#E0FFFF\"><td style=\"text-align: left;\"><strong><span style=\"color: #000000;\">INFRAESTRUTURA AEROPORTU\u00c1RIA E SEGURAN\u00c7A DE VOO<\/span><\/strong><\/td><\/tr><tr><td style=\"text-align: left;\"><strong><span style=\"color: #000000;\">ASPECTOS DESTACADOS DE DIREITO AERON\u00c1UTICO<\/span><\/strong><\/td><\/tr><tr bgcolor=\"#E0FFFF\"><td style=\"text-align: left;\"><strong><span style=\"color: #000000;\">LEGISLA\u00c7\u00c3O AERON\u00c1UTICA BRASILEIRA<\/span><\/strong><\/td><\/tr><tr><td style=\"text-align: left;\"><strong><span style=\"color: #000000;\">DIREITO INTERNACIONAL AERON\u00c1UTICO<\/span><\/strong><\/td><\/tr><tr bgcolor=\"#E0FFFF\"><td style=\"text-align: left;\"><strong><span style=\"color: #000000;\">CONTRATOS E SEGUROS AERON\u00c1UTICOS<\/span><\/strong><\/td><\/tr><tr><td style=\"text-align: left;\"><strong><span style=\"color: #000000;\">ESTRAT\u00c9GIA E CICLO DE VIDA DAS ORGANIZA\u00c7\u00d5ES I,II<\/span><\/strong><\/td><\/tr><tr bgcolor=\"#E0FFFF\"><td style=\"text-align: left;\"><strong><span style=\"color: #000000;\">DIREITO AERON\u00c1UTICO E RELA\u00c7\u00d5ES TRABALHISTAS<\/span><\/strong><\/td><\/tr><tr><td style=\"text-align: left;\"><strong><span style=\"color: #000000;\">REGULAMENTA\u00c7\u00c3O AERON\u00c1UTICA BRASILEIRA<\/span><\/strong><\/td><\/tr><tr bgcolor=\"#E0FFFF\"><td style=\"text-align: left;\"><strong><span style=\"color: #000000;\">LOG\u00cdSTICA APLICADA \u00c0 AVIA\u00c7\u00c3O<\/span><\/strong><\/td><\/tr><tr><td style=\"text-align: left;\"><strong><span style=\"color: #000000;\">OR\u00c7AMENTO EMPRESARIAL<\/span><\/strong><\/td><\/tr><tr bgcolor=\"#E0FFFF\"><td style=\"text-align: left;\"><strong><span style=\"color: #000000;\">GEST\u00c3O EM ORGANIZA\u00c7\u00d5ES DE AVIA\u00c7\u00c3O:PESSOAS E SERVI\u00c7OS<\/span><\/strong><\/td><\/tr><tr><td style=\"text-align: left;\"><strong><span style=\"color: #000000;\">GEST\u00c3O AMBIENTAL NA AVIA\u00c7\u00c3O<\/span><\/strong><\/td><\/tr><tr bgcolor=\"#E0FFFF\"><td style=\"text-align: left;\"><strong><span style=\"color: #000000;\">FUNDAMENTOS METODOLOGICOS DA PESQUISA-EAD<\/span><\/strong><\/td><\/tr><tr><td style=\"text-align: left;\"><strong><span style=\"color: #000000;\">ORIENTA\u00c7\u00c3O DE TCC \u2013 RELAT\u00d3RIO<\/span><\/strong><\/td><\/tr><\/tbody><\/table><\/div>\n\t\t\t\t<\/div>\n\t\t\t\t\t\t\t\t<\/div>\n\t\t\t\t<\/div>\n\t\t\t\t<\/div>\n\t\t\t\t\t<\/div>\n\t\t<\/div>\n\t\t\t\t\t<\/div>\n\t\t<\/section>\n\t\t\t\t<section class=\"elementor-section elementor-top-section elementor-element elementor-element-4ce867b1 elementor-section-boxed elementor-section-height-default elementor-section-height-default\" data-id=\"4ce867b1\" data-element_type=\"section\">\n\t\t\t\t\t\t<div class=\"elementor-container elementor-column-gap-default\">\n\t\t\t\t\t<div class=\"elementor-column elementor-col-50 elementor-top-column elementor-element elementor-element-258ca151\" data-id=\"258ca151\" data-element_type=\"column\">\n\t\t\t<div class=\"elementor-widget-wrap elementor-element-populated\">\n\t\t\t\t\t\t<div class=\"elementor-element elementor-element-2977d6b6 elementor-widget elementor-widget-heading\" data-id=\"2977d6b6\" data-element_type=\"widget\" data-widget_type=\"heading.default\">\n\t\t\t\t<div class=\"elementor-widget-container\">\n\t\t\t<h2 class=\"elementor-heading-title elementor-size-default\"><p align=\"justify\"><font style=\"vertical-align: inherit\"><font style=\"vertical-align: inherit\">  <\/font><\/font><span style=\"letter-spacing: 0px\">Tempo restante para realizar sua matr\u00edcula com condi\u00e7\u00f5es especiais.<\/span><span style=\"font-family: Roboto, sans-serif;font-size: 25px;font-weight: 600;letter-spacing: 0px\"><\/span><\/p><\/h2>\t\t<\/div>\n\t\t\t\t<\/div>\n\t\t\t\t<div class=\"elementor-element elementor-element-27e393e7 elementor-countdown--label-block elementor-widget elementor-widget-countdown\" data-id=\"27e393e7\" data-element_type=\"widget\" data-widget_type=\"countdown.default\">\n\t\t\t\t<div class=\"elementor-widget-container\">\n\t\t\t\t\t<div data-evergreen-interval=\"86400\" class=\"elementor-countdown-wrapper\" data-date=\"\">\n\t\t\t<div class=\"elementor-countdown-item\"><span class=\"elementor-countdown-digits elementor-countdown-hours\"><\/span> <span class=\"elementor-countdown-label\">Horas<\/span><\/div><div class=\"elementor-countdown-item\"><span class=\"elementor-countdown-digits elementor-countdown-minutes\"><\/span> <span class=\"elementor-countdown-label\">Minutos<\/span><\/div><div class=\"elementor-countdown-item\"><span class=\"elementor-countdown-digits elementor-countdown-seconds\"><\/span> <span class=\"elementor-countdown-label\">Segundos<\/span><\/div>\t\t<\/div>\n\t\t\t\t<\/div>\n\t\t\t\t<\/div>\n\t\t\t\t<div class=\"elementor-element elementor-element-52605509 elementor-view-default elementor-widget elementor-widget-icon\" data-id=\"52605509\" data-element_type=\"widget\" data-widget_type=\"icon.default\">\n\t\t\t\t<div class=\"elementor-widget-container\">\n\t\t\t\t\t<div class=\"elementor-icon-wrapper\">\n\t\t\t<a class=\"elementor-icon\" href=\"https:\/\/educaremt.com.br\/site\/area-pos\/area-cienciaaero\/\">\n\t\t\t<i aria-hidden=\"true\" class=\"fas fa-backward\"><\/i>\t\t\t<\/a>\n\t\t<\/div>\n\t\t\t\t<\/div>\n\t\t\t\t<\/div>\n\t\t\t\t\t<\/div>\n\t\t<\/div>\n\t\t\t\t<div class=\"elementor-column elementor-col-50 elementor-top-column elementor-element elementor-element-4e417481\" data-id=\"4e417481\" data-element_type=\"column\">\n\t\t\t<div class=\"elementor-widget-wrap elementor-element-populated\">\n\t\t\t\t\t\t<div class=\"elementor-element elementor-element-13ed7d0c elementor-button-align-stretch elementor-widget elementor-widget-form\" data-id=\"13ed7d0c\" data-element_type=\"widget\" id=\"idform\" data-settings=\"{&quot;step_next_label&quot;:&quot;Next&quot;,&quot;step_previous_label&quot;:&quot;Previous&quot;,&quot;button_width&quot;:&quot;100&quot;,&quot;step_type&quot;:&quot;number_text&quot;,&quot;step_icon_shape&quot;:&quot;circle&quot;}\" data-widget_type=\"form.default\">\n\t\t\t\t<div class=\"elementor-widget-container\">\n\t\t\t\t\t<form class=\"elementor-form\" method=\"post\" name=\"FormPosgraduacao\">\n\t\t\t<input type=\"hidden\" name=\"post_id\" value=\"4982\"\/>\n\t\t\t<input type=\"hidden\" name=\"form_id\" value=\"13ed7d0c\"\/>\n\t\t\t<input type=\"hidden\" name=\"referer_title\" value=\"\" \/>\n\n\t\t\t\n\t\t\t<div class=\"elementor-form-fields-wrapper elementor-labels-above\">\n\t\t\t\t\t\t\t\t<div class=\"elementor-field-type-text elementor-field-group elementor-column elementor-field-group-name elementor-col-100\">\n\t\t\t\t\t\t\t\t\t\t\t\t<label for=\"form-field-name\" class=\"elementor-field-label\">\n\t\t\t\t\t\t\t\tNome\t\t\t\t\t\t\t<\/label>\n\t\t\t\t\t\t\t\t\t\t\t\t\t\t<input size=\"1\" type=\"text\" name=\"form_fields[name]\" id=\"form-field-name\" class=\"elementor-field elementor-size-sm  elementor-field-textual\" placeholder=\"Nome\">\n\t\t\t\t\t\t\t\t\t\t\t<\/div>\n\t\t\t\t\t\t\t\t<div class=\"elementor-field-type-email elementor-field-group elementor-column elementor-field-group-email elementor-col-100 elementor-field-required\">\n\t\t\t\t\t\t\t\t\t\t\t\t<label for=\"form-field-email\" class=\"elementor-field-label\">\n\t\t\t\t\t\t\t\tE-mail\t\t\t\t\t\t\t<\/label>\n\t\t\t\t\t\t\t\t\t\t\t\t\t\t<input size=\"1\" type=\"email\" name=\"form_fields[email]\" id=\"form-field-email\" class=\"elementor-field elementor-size-sm  elementor-field-textual\" placeholder=\"e-mail\" required=\"required\" aria-required=\"true\">\n\t\t\t\t\t\t\t\t\t\t\t<\/div>\n\t\t\t\t\t\t\t\t<div class=\"elementor-field-type-tel elementor-field-group elementor-column elementor-field-group-field_e6e5fa5 elementor-col-100\">\n\t\t\t\t\t\t\t\t\t\t\t\t<label for=\"form-field-field_e6e5fa5\" class=\"elementor-field-label\">\n\t\t\t\t\t\t\t\tTelefone\t\t\t\t\t\t\t<\/label>\n\t\t\t\t\t\t\t\t<input size=\"1\" type=\"tel\" name=\"form_fields[field_e6e5fa5]\" id=\"form-field-field_e6e5fa5\" class=\"elementor-field elementor-size-sm  elementor-field-textual\" placeholder=\"Celular\" pattern=\"[0-9()#&amp;+*-=.]+\" title=\"Only numbers and phone characters (#, -, *, etc) are accepted.\">\n\n\t\t\t\t\t\t<\/div>\n\t\t\t\t\t\t\t\t<div class=\"elementor-field-group elementor-column elementor-field-type-submit elementor-col-100 e-form__buttons\">\n\t\t\t\t\t<button type=\"submit\" class=\"elementor-button elementor-size-sm\">\n\t\t\t\t\t\t<span >\n\t\t\t\t\t\t\t\t\t\t\t\t\t\t\t<span class=\" elementor-button-icon\">\n\t\t\t\t\t\t\t\t\t\t\t\t\t\t\t\t\t\t\t\t\t\t\t\t\t\t<\/span>\n\t\t\t\t\t\t\t\t\t\t\t\t\t\t\t\t\t\t\t\t\t\t<span class=\"elementor-button-text\">Enviar<\/span>\n\t\t\t\t\t\t\t\t\t\t\t\t\t<\/span>\n\t\t\t\t\t<\/button>\n\t\t\t\t<\/div>\n\t\t\t<\/div>\n\t\t<\/form>\n\t\t\t\t<\/div>\n\t\t\t\t<\/div>\n\t\t\t\t\t<\/div>\n\t\t<\/div>\n\t\t\t\t\t<\/div>\n\t\t<\/section>\n\t\t\t\t<\/div>\n\t\t","protected":false},"excerpt":{"rendered":"<p>\u25ba\u00a0MBA Direito Aeron\u00e1utico Matricule-se J\u00e1 ! Hor\u00e1rio: S\u00e1bado: 07h:30min \u00e0s 17h Domingo: 07h:30min \u00e0s 12h Suporte ao Aluno Carga Hor\u00e1ria 400 horas. Professores Renomados Objetivo: O<span class=\"excerpt-hellip\"> [\u2026]<\/span><\/p>\n","protected":false},"author":1,"featured_media":0,"parent":0,"menu_order":0,"comment_status":"closed","ping_status":"closed","template":"","meta":{"footnotes":""},"class_list":["post-4982","page","type-page","status-publish","hentry"],"_links":{"self":[{"href":"https:\/\/educaremt.com.br\/site\/wp-json\/wp\/v2\/pages\/4982","targetHints":{"allow":["GET"]}}],"collection":[{"href":"https:\/\/educaremt.com.br\/site\/wp-json\/wp\/v2\/pages"}],"about":[{"href":"https:\/\/educaremt.com.br\/site\/wp-json\/wp\/v2\/types\/page"}],"author":[{"embeddable":true,"href":"https:\/\/educaremt.com.br\/site\/wp-json\/wp\/v2\/users\/1"}],"replies":[{"embeddable":true,"href":"https:\/\/educaremt.com.br\/site\/wp-json\/wp\/v2\/comments?post=4982"}],"version-history":[{"count":4,"href":"https:\/\/educaremt.com.br\/site\/wp-json\/wp\/v2\/pages\/4982\/revisions"}],"predecessor-version":[{"id":8124,"href":"https:\/\/educaremt.com.br\/site\/wp-json\/wp\/v2\/pages\/4982\/revisions\/8124"}],"wp:attachment":[{"href":"https:\/\/educaremt.com.br\/site\/wp-json\/wp\/v2\/media?parent=4982"}],"curies":[{"name":"wp","href":"https:\/\/api.w.org\/{rel}","templated":true}]}}