{"id":4171,"date":"2020-10-02T10:34:07","date_gmt":"2020-10-02T13:34:07","guid":{"rendered":"https:\/\/educaremt.com.br\/site\/?page_id=4171"},"modified":"2022-03-18T19:05:24","modified_gmt":"2022-03-18T22:05:24","slug":"gestao-estrategica-negocios","status":"publish","type":"page","link":"https:\/\/educaremt.com.br\/site\/gestao-estrategica-negocios\/","title":{"rendered":"Gest\u00e3o Estrat\u00e9gica de Neg\u00f3cio"},"content":{"rendered":"\t\t<div data-elementor-type=\"wp-post\" data-elementor-id=\"4171\" class=\"elementor elementor-4171\">\n\t\t\t\t\t\t<section class=\"elementor-section elementor-top-section elementor-element elementor-element-5c18fbc elementor-section-boxed elementor-section-height-default elementor-section-height-default\" data-id=\"5c18fbc\" data-element_type=\"section\">\n\t\t\t\t\t\t<div class=\"elementor-container elementor-column-gap-default\">\n\t\t\t\t\t<div class=\"elementor-column elementor-col-66 elementor-top-column elementor-element elementor-element-c9cf68d\" data-id=\"c9cf68d\" data-element_type=\"column\">\n\t\t\t<div class=\"elementor-widget-wrap elementor-element-populated\">\n\t\t\t\t\t\t<div class=\"elementor-element elementor-element-ccc3e1c elementor-widget elementor-widget-text-editor\" data-id=\"ccc3e1c\" data-element_type=\"widget\" data-widget_type=\"text-editor.default\">\n\t\t\t\t<div class=\"elementor-widget-container\">\n\t\t\t\t\t\t\t<h3><span style=\"font-style: normal; font-variant-ligatures: normal; font-variant-caps: normal; letter-spacing: normal; color: #002D54;\"><span style=\"font-weight: bold;\">\u25ba\u00a0<\/span><\/span><span style=\"color: #002D54;\"><b>MBA Gest\u00e3o Estrat\u00e9gica de Neg\u00f3cios<\/b><\/span><\/h3>\t\t\t\t\t\t<\/div>\n\t\t\t\t<\/div>\n\t\t\t\t\t<\/div>\n\t\t<\/div>\n\t\t\t\t<div class=\"elementor-column elementor-col-33 elementor-top-column elementor-element elementor-element-727643a\" data-id=\"727643a\" data-element_type=\"column\">\n\t\t\t<div class=\"elementor-widget-wrap elementor-element-populated\">\n\t\t\t\t\t\t<div class=\"elementor-element elementor-element-3c45c9d elementor-widget elementor-widget-button\" data-id=\"3c45c9d\" data-element_type=\"widget\" data-widget_type=\"button.default\">\n\t\t\t\t<div class=\"elementor-widget-container\">\n\t\t\t\t\t\t\t<div class=\"elementor-button-wrapper\">\n\t\t\t\t\t<a class=\"elementor-button elementor-button-link elementor-size-sm\" href=\"#idform\">\n\t\t\t\t\t\t<span class=\"elementor-button-content-wrapper\">\n\t\t\t\t\t\t\t\t\t<span class=\"elementor-button-text\">Matricule-se J\u00e1 !<\/span>\n\t\t\t\t\t<\/span>\n\t\t\t\t\t<\/a>\n\t\t\t\t<\/div>\n\t\t\t\t\t\t<\/div>\n\t\t\t\t<\/div>\n\t\t\t\t\t<\/div>\n\t\t<\/div>\n\t\t\t\t\t<\/div>\n\t\t<\/section>\n\t\t\t\t<section class=\"elementor-section elementor-top-section elementor-element elementor-element-4f5bbb22 elementor-section-boxed elementor-section-height-default elementor-section-height-default\" data-id=\"4f5bbb22\" data-element_type=\"section\">\n\t\t\t\t\t\t<div class=\"elementor-container elementor-column-gap-default\">\n\t\t\t\t\t<div class=\"elementor-column elementor-col-25 elementor-top-column elementor-element elementor-element-5479a16e\" data-id=\"5479a16e\" data-element_type=\"column\">\n\t\t\t<div class=\"elementor-widget-wrap elementor-element-populated\">\n\t\t\t\t\t\t<div class=\"elementor-element elementor-element-426a81a5 elementor-view-default elementor-position-top elementor-mobile-position-top elementor-widget elementor-widget-icon-box\" data-id=\"426a81a5\" data-element_type=\"widget\" data-widget_type=\"icon-box.default\">\n\t\t\t\t<div class=\"elementor-widget-container\">\n\t\t\t\t\t<div class=\"elementor-icon-box-wrapper\">\n\n\t\t\t\t\t\t<div class=\"elementor-icon-box-icon\">\n\t\t\t\t<span  class=\"elementor-icon elementor-animation-\">\n\t\t\t\t<i aria-hidden=\"true\" class=\"far fa-clock\"><\/i>\t\t\t\t<\/span>\n\t\t\t<\/div>\n\t\t\t\n\t\t\t\t\t\t<div class=\"elementor-icon-box-content\">\n\n\t\t\t\t\t\t\t\t\t<h3 class=\"elementor-icon-box-title\">\n\t\t\t\t\t\t<span  >\n\t\t\t\t\t\t\tHor\u00e1rio:\t\t\t\t\t\t<\/span>\n\t\t\t\t\t<\/h3>\n\t\t\t\t\n\t\t\t\t\t\t\t\t\t<p class=\"elementor-icon-box-description\">\n\t\t\t\t\t\tS\u00e1bado: 07h:30min \u00e0s 17h\nDomingo: 07h:30min \u00e0s 12h\t\t\t\t\t<\/p>\n\t\t\t\t\n\t\t\t<\/div>\n\t\t\t\n\t\t<\/div>\n\t\t\t\t<\/div>\n\t\t\t\t<\/div>\n\t\t\t\t\t<\/div>\n\t\t<\/div>\n\t\t\t\t<div class=\"elementor-column elementor-col-25 elementor-top-column elementor-element elementor-element-594300a4\" data-id=\"594300a4\" data-element_type=\"column\">\n\t\t\t<div class=\"elementor-widget-wrap elementor-element-populated\">\n\t\t\t\t\t\t<div class=\"elementor-element elementor-element-388eab49 elementor-position-top elementor-widget elementor-widget-image-box\" data-id=\"388eab49\" data-element_type=\"widget\" data-widget_type=\"image-box.default\">\n\t\t\t\t<div class=\"elementor-widget-container\">\n\t\t\t<div class=\"elementor-image-box-wrapper\"><figure class=\"elementor-image-box-img\"><img decoding=\"async\" width=\"150\" height=\"150\" src=\"https:\/\/educaremt.com.br\/site\/wp-content\/uploads\/2022\/03\/icone-suporte.png\" class=\"attachment-full size-full wp-image-6453\" alt=\"\" srcset=\"https:\/\/educaremt.com.br\/site\/wp-content\/uploads\/2022\/03\/icone-suporte.png 150w, https:\/\/educaremt.com.br\/site\/wp-content\/uploads\/2022\/03\/icone-suporte-146x146.png 146w, https:\/\/educaremt.com.br\/site\/wp-content\/uploads\/2022\/03\/icone-suporte-50x50.png 50w, https:\/\/educaremt.com.br\/site\/wp-content\/uploads\/2022\/03\/icone-suporte-75x75.png 75w, https:\/\/educaremt.com.br\/site\/wp-content\/uploads\/2022\/03\/icone-suporte-85x85.png 85w, https:\/\/educaremt.com.br\/site\/wp-content\/uploads\/2022\/03\/icone-suporte-80x80.png 80w\" sizes=\"(max-width: 150px) 100vw, 150px\" \/><\/figure><div class=\"elementor-image-box-content\"><h3 class=\"elementor-image-box-title\">Suporte ao Aluno<\/h3><\/div><\/div>\t\t<\/div>\n\t\t\t\t<\/div>\n\t\t\t\t\t<\/div>\n\t\t<\/div>\n\t\t\t\t<div class=\"elementor-column elementor-col-25 elementor-top-column elementor-element elementor-element-5718d756\" data-id=\"5718d756\" data-element_type=\"column\">\n\t\t\t<div class=\"elementor-widget-wrap elementor-element-populated\">\n\t\t\t\t\t\t<div class=\"elementor-element elementor-element-2da7d464 elementor-view-default elementor-position-top elementor-mobile-position-top elementor-widget elementor-widget-icon-box\" data-id=\"2da7d464\" data-element_type=\"widget\" data-widget_type=\"icon-box.default\">\n\t\t\t\t<div class=\"elementor-widget-container\">\n\t\t\t\t\t<div class=\"elementor-icon-box-wrapper\">\n\n\t\t\t\t\t\t<div class=\"elementor-icon-box-icon\">\n\t\t\t\t<span  class=\"elementor-icon elementor-animation-\">\n\t\t\t\t<i aria-hidden=\"true\" class=\"fab fa-safari\"><\/i>\t\t\t\t<\/span>\n\t\t\t<\/div>\n\t\t\t\n\t\t\t\t\t\t<div class=\"elementor-icon-box-content\">\n\n\t\t\t\t\t\t\t\t\t<h3 class=\"elementor-icon-box-title\">\n\t\t\t\t\t\t<span  >\n\t\t\t\t\t\t\tCarga Hor\u00e1ria\t\t\t\t\t\t<\/span>\n\t\t\t\t\t<\/h3>\n\t\t\t\t\n\t\t\t\t\t\t\t\t\t<p class=\"elementor-icon-box-description\">\n\t\t\t\t\t\t420 horas.\t\t\t\t\t<\/p>\n\t\t\t\t\n\t\t\t<\/div>\n\t\t\t\n\t\t<\/div>\n\t\t\t\t<\/div>\n\t\t\t\t<\/div>\n\t\t\t\t\t<\/div>\n\t\t<\/div>\n\t\t\t\t<div class=\"elementor-column elementor-col-25 elementor-top-column elementor-element elementor-element-6f5910d5\" data-id=\"6f5910d5\" data-element_type=\"column\">\n\t\t\t<div class=\"elementor-widget-wrap elementor-element-populated\">\n\t\t\t\t\t\t<div class=\"elementor-element elementor-element-6644371a elementor-position-top elementor-widget elementor-widget-image-box\" data-id=\"6644371a\" data-element_type=\"widget\" data-widget_type=\"image-box.default\">\n\t\t\t\t<div class=\"elementor-widget-container\">\n\t\t\t<div class=\"elementor-image-box-wrapper\"><figure class=\"elementor-image-box-img\"><img fetchpriority=\"high\" decoding=\"async\" width=\"512\" height=\"512\" src=\"https:\/\/educaremt.com.br\/site\/wp-content\/uploads\/2022\/03\/icone-professor.png\" class=\"attachment-full size-full wp-image-6745\" alt=\"\" srcset=\"https:\/\/educaremt.com.br\/site\/wp-content\/uploads\/2022\/03\/icone-professor.png 512w, https:\/\/educaremt.com.br\/site\/wp-content\/uploads\/2022\/03\/icone-professor-300x300.png 300w, https:\/\/educaremt.com.br\/site\/wp-content\/uploads\/2022\/03\/icone-professor-150x150.png 150w, https:\/\/educaremt.com.br\/site\/wp-content\/uploads\/2022\/03\/icone-professor-146x146.png 146w, https:\/\/educaremt.com.br\/site\/wp-content\/uploads\/2022\/03\/icone-professor-50x50.png 50w, https:\/\/educaremt.com.br\/site\/wp-content\/uploads\/2022\/03\/icone-professor-75x75.png 75w, https:\/\/educaremt.com.br\/site\/wp-content\/uploads\/2022\/03\/icone-professor-85x85.png 85w, https:\/\/educaremt.com.br\/site\/wp-content\/uploads\/2022\/03\/icone-professor-80x80.png 80w\" sizes=\"(max-width: 512px) 100vw, 512px\" \/><\/figure><div class=\"elementor-image-box-content\"><h3 class=\"elementor-image-box-title\">Professores Renomados<\/h3><\/div><\/div>\t\t<\/div>\n\t\t\t\t<\/div>\n\t\t\t\t\t<\/div>\n\t\t<\/div>\n\t\t\t\t\t<\/div>\n\t\t<\/section>\n\t\t\t\t<section class=\"elementor-section elementor-top-section elementor-element elementor-element-dd1ab4d elementor-section-boxed elementor-section-height-default elementor-section-height-default\" data-id=\"dd1ab4d\" data-element_type=\"section\">\n\t\t\t\t\t\t<div class=\"elementor-container elementor-column-gap-default\">\n\t\t\t\t\t<div class=\"elementor-column elementor-col-100 elementor-top-column elementor-element elementor-element-4dde60d\" data-id=\"4dde60d\" data-element_type=\"column\">\n\t\t\t<div class=\"elementor-widget-wrap elementor-element-populated\">\n\t\t\t\t\t\t<div class=\"elementor-element elementor-element-77ae856 elementor-widget elementor-widget-text-editor\" data-id=\"77ae856\" data-element_type=\"widget\" data-widget_type=\"text-editor.default\">\n\t\t\t\t<div class=\"elementor-widget-container\">\n\t\t\t\t\t\t\t<h3><\/h3>\n<h3><span style=\"color: #002D54;\"><strong>Objetivo:<\/strong><\/span><\/h3>\n<p align=\"justify\">Especializar profissionais para atuarem como gestores, em organiza\u00e7\u00f5es da iniciativa privada e\/ou na gest\u00e3o de suas pr\u00f3prias empresas, mediante abordagem das tend\u00eancias do mercado empresarial, pela aprendizagem de t\u00e9cnicas emergentes e fundamentais da \u00e1rea de administra\u00e7\u00e3o de empresas, de modo a proporcionar ao profissional participante conhecimentos indispens\u00e1veis para uma atua\u00e7\u00e3o multiespecializada, na carreira executiva.<\/p>\n\n<h3><span style=\"color: #002D54;\"><strong>P\u00fablico Alvo:<\/strong><\/span><\/h3>\n<p align=\"justify\">O egresso poder\u00e1 atuar em organiza\u00e7\u00f5es privadas, p\u00fablicas de capital misto e ainda em organiza\u00e7\u00f5es n\u00e3o-governamentais, sendo capaz de utilizar os pilares da Administra\u00e7\u00e3o &#8211; planejamento, organiza\u00e7\u00e3o, dire\u00e7\u00e3o e controle \u2013 de modo a gerenciar de maneira eficiente e eficaz as \u00e1reas-chave da organiza\u00e7\u00e3o, buscando assim a otimiza\u00e7\u00e3o dos resultados a partir da utiliza\u00e7\u00e3o das principais ferramentas de gest\u00e3o. Estar\u00e1 apto ainda a atuar no gerenciamento de projetos, realizar planejamentos estrat\u00e9gicos, elaborar diagn\u00f3sticos e planos de a\u00e7\u00e3o, bem como outras atividades inerentes \u00e0 \u00e1rea de gest\u00e3o. Dessa forma, a P\u00f3s Gradua\u00e7\u00e3o em Gest\u00e3o Estrat\u00e9gica de Neg\u00f3cios espera formar profissionais empreendedores capazes de implementar, gerenciar, manter e desenvolver continuamente organiza\u00e7\u00f5es nas quais atuam, tendo como diretrizes o comprometimento com o desenvolvimento sustent\u00e1vel local, regional e nacional..<\/p>\t\t\t\t\t\t<\/div>\n\t\t\t\t<\/div>\n\t\t\t\t\t<\/div>\n\t\t<\/div>\n\t\t\t\t\t<\/div>\n\t\t<\/section>\n\t\t\t\t<section class=\"elementor-section elementor-top-section elementor-element elementor-element-d990834 elementor-section-boxed elementor-section-height-default elementor-section-height-default\" data-id=\"d990834\" data-element_type=\"section\">\n\t\t\t\t\t\t<div class=\"elementor-container elementor-column-gap-default\">\n\t\t\t\t\t<div class=\"elementor-column elementor-col-100 elementor-top-column elementor-element elementor-element-70afbf4\" data-id=\"70afbf4\" data-element_type=\"column\">\n\t\t\t<div class=\"elementor-widget-wrap elementor-element-populated\">\n\t\t\t\t\t\t<div class=\"elementor-element elementor-element-2926f90 elementor-widget elementor-widget-accordion\" data-id=\"2926f90\" data-element_type=\"widget\" data-settings=\"{&quot;_animation&quot;:&quot;none&quot;}\" data-widget_type=\"accordion.default\">\n\t\t\t\t<div class=\"elementor-widget-container\">\n\t\t\t\t\t<div class=\"elementor-accordion\">\n\t\t\t\t\t\t\t<div class=\"elementor-accordion-item\">\n\t\t\t\t\t<div id=\"elementor-tab-title-4311\" class=\"elementor-tab-title\" data-tab=\"1\" role=\"button\" aria-controls=\"elementor-tab-content-4311\" aria-expanded=\"false\">\n\t\t\t\t\t\t\t\t\t\t\t\t\t<span class=\"elementor-accordion-icon elementor-accordion-icon-right\" aria-hidden=\"true\">\n\t\t\t\t\t\t\t\t\t\t\t\t\t\t\t<span class=\"elementor-accordion-icon-closed\"><i class=\"fas fa-plus-square\"><\/i><\/span>\n\t\t\t\t\t\t\t\t<span class=\"elementor-accordion-icon-opened\"><i class=\"fas fa-minus-square\"><\/i><\/span>\n\t\t\t\t\t\t\t\t\t\t\t\t\t\t<\/span>\n\t\t\t\t\t\t\t\t\t\t\t\t<a class=\"elementor-accordion-title\" tabindex=\"0\">Veja a Grade Curricular<\/a>\n\t\t\t\t\t<\/div>\n\t\t\t\t\t<div id=\"elementor-tab-content-4311\" class=\"elementor-tab-content elementor-clearfix\" data-tab=\"1\" role=\"region\" aria-labelledby=\"elementor-tab-title-4311\"><table><tbody><tr bgcolor=\"#E0FFFF\"><td style=\"text-align: left;\"><strong><span style=\"color: #000000;\">ESTRAT\u00c9GIA EMPRESARIAL<\/span><\/strong><\/td><\/tr><tr><td style=\"text-align: left;\"><strong><span style=\"color: #000000;\">FINAN\u00c7AS CORPORATIVAS <\/span><\/strong><\/td><\/tr><tr bgcolor=\"#E0FFFF\"><td style=\"text-align: left;\"><strong><span style=\"color: #000000;\">GEST\u00c3O DE PESSOAS <\/span><\/strong><\/td><\/tr><tr><td style=\"text-align: left;\"><strong><span style=\"color: #000000;\">GEST\u00c3O DE MARKETING <\/span><\/strong><\/td><\/tr><tr bgcolor=\"#E0FFFF\"><td style=\"text-align: left;\"><strong><span style=\"color: #000000;\">DIREITO EMPRESARIAL E DAS RELA\u00c7\u00d5ES DO TRABALHO <\/span><\/strong><\/td><\/tr><tr><td style=\"text-align: left;\"><strong><span style=\"color: #000000;\">CULTURA E COMPORTAMENTO ORGANIZACIONAL NA ERA 4.0 <\/span><\/strong><\/td><\/tr><tr bgcolor=\"#E0FFFF\"><td style=\"text-align: left;\"><strong><span style=\"color: #000000;\">EMPREENDEDORISMO E NOVOS NEG\u00d3CIOS <\/span><\/strong><\/td><\/tr><tr><td style=\"text-align: left;\"><strong><span style=\"color: #000000;\">FUNDAMENTOS DE BUSINESS INTELLIGENCE <\/span><\/strong><\/td><\/tr><tr bgcolor=\"#E0FFFF\"><td style=\"text-align: left;\"><strong><span style=\"color: #000000;\">CONECTIVIDADE TOTAL <\/span><\/strong><\/td><\/tr><tr><td style=\"text-align: left;\"><strong><span style=\"color: #000000;\">GEST\u00c3O DE PROJETOS NA ERA 4.0 <\/span><\/strong><\/td><\/tr><tr bgcolor=\"#E0FFFF\"><td style=\"text-align: left;\"><strong><span style=\"color: #000000;\">GOVERNAN\u00c7A CORPORATIVA, STAKEHOLDERS E RELA\u00c7\u00d5ES COM INVESTIDORES <\/span><\/strong><\/td><\/tr><tr><td style=\"text-align: left;\"><strong><span style=\"color: #000000;\">SUSTENTABILIDADE E \u00c9TICA NAS ORGANIZA\u00c7\u00d5ES <\/span><\/strong><\/td><\/tr><tr bgcolor=\"#E0FFFF\"><td style=\"text-align: left;\"><strong><span style=\"color: #000000;\">T\u00c9CNICAS E ESTRAT\u00c9GIAS DE NEGOCIA\u00c7\u00c3O <\/span><\/strong><\/td><\/tr><tr><td style=\"text-align: left;\"><strong><span style=\"color: #000000;\">INOVA\u00c7\u00c3O E GEST\u00c3O EMPREENDEDORA <\/span><\/strong><\/td><\/tr><tr bgcolor=\"#E0FFFF\"><td style=\"text-align: left;\"><strong><span style=\"color: #000000;\">GEST\u00c3O LOG\u00cdSTICA E CADEIA DE SUPRIMENTOS NA ERA 4.0 <\/span><\/strong><\/td><\/tr><tr><td style=\"text-align: left;\"><strong><span style=\"color: #000000;\">GEST\u00c3O CONT\u00c1BIL GERENCIAL <\/span><\/strong><\/td><\/tr><tr bgcolor=\"#E0FFFF\"><td style=\"text-align: left;\"><strong><span style=\"color: #000000;\">NEG\u00d3CIOS INTERNACIONAIS <\/span><\/strong><\/td><\/tr><tr><td style=\"text-align: left;\"><strong><span style=\"color: #000000;\">METODOLOGIA DA PESQUISA \u2013 (EaD) <\/span><\/strong><\/td><\/tr><tr bgcolor=\"#E0FFFF\"><td style=\"text-align: left;\"><strong><span style=\"color: #000000;\">ORIENTA\u00c7\u00c3O DE TCC-RELAT\u00d3RIO CIENT\u00cdFICO<\/span><\/strong><\/td><\/tr><tr><td style=\"text-align: left;\"><strong><span style=\"color: #000000;\">SEMIN\u00c1RIO DE MONOGRAFIAS<\/span><\/strong><\/td><\/tr><\/tbody><\/table><\/div>\n\t\t\t\t<\/div>\n\t\t\t\t\t\t\t\t<\/div>\n\t\t\t\t<\/div>\n\t\t\t\t<\/div>\n\t\t\t\t\t<\/div>\n\t\t<\/div>\n\t\t\t\t\t<\/div>\n\t\t<\/section>\n\t\t\t\t<section class=\"elementor-section elementor-top-section elementor-element elementor-element-25a9dcf3 elementor-section-boxed elementor-section-height-default elementor-section-height-default\" data-id=\"25a9dcf3\" data-element_type=\"section\">\n\t\t\t\t\t\t<div class=\"elementor-container elementor-column-gap-default\">\n\t\t\t\t\t<div class=\"elementor-column elementor-col-50 elementor-top-column elementor-element elementor-element-278db5a6\" data-id=\"278db5a6\" data-element_type=\"column\">\n\t\t\t<div class=\"elementor-widget-wrap elementor-element-populated\">\n\t\t\t\t\t\t<div class=\"elementor-element elementor-element-79e9ab73 elementor-widget elementor-widget-heading\" data-id=\"79e9ab73\" data-element_type=\"widget\" data-widget_type=\"heading.default\">\n\t\t\t\t<div class=\"elementor-widget-container\">\n\t\t\t<h2 class=\"elementor-heading-title elementor-size-default\"><p align=\"justify\"><font style=\"vertical-align: inherit\"><font style=\"vertical-align: inherit\">  <\/font><\/font><span style=\"letter-spacing: 0px\">Tempo restante para realizar sua matr\u00edcula com condi\u00e7\u00f5es especiais.<\/span><span style=\"font-family: Roboto, sans-serif;font-size: 25px;font-weight: 600;letter-spacing: 0px\"><\/span><\/p><\/h2>\t\t<\/div>\n\t\t\t\t<\/div>\n\t\t\t\t<div class=\"elementor-element elementor-element-2b83d2e9 elementor-countdown--label-block elementor-widget elementor-widget-countdown\" data-id=\"2b83d2e9\" data-element_type=\"widget\" data-widget_type=\"countdown.default\">\n\t\t\t\t<div class=\"elementor-widget-container\">\n\t\t\t\t\t<div data-evergreen-interval=\"86400\" class=\"elementor-countdown-wrapper\" data-date=\"\">\n\t\t\t<div class=\"elementor-countdown-item\"><span class=\"elementor-countdown-digits elementor-countdown-hours\"><\/span> <span class=\"elementor-countdown-label\">Horas<\/span><\/div><div class=\"elementor-countdown-item\"><span class=\"elementor-countdown-digits elementor-countdown-minutes\"><\/span> <span class=\"elementor-countdown-label\">Minutos<\/span><\/div><div class=\"elementor-countdown-item\"><span class=\"elementor-countdown-digits elementor-countdown-seconds\"><\/span> <span class=\"elementor-countdown-label\">Segundos<\/span><\/div>\t\t<\/div>\n\t\t\t\t<\/div>\n\t\t\t\t<\/div>\n\t\t\t\t<div class=\"elementor-element elementor-element-24fac2c4 elementor-view-default elementor-widget elementor-widget-icon\" data-id=\"24fac2c4\" data-element_type=\"widget\" data-widget_type=\"icon.default\">\n\t\t\t\t<div class=\"elementor-widget-container\">\n\t\t\t\t\t<div class=\"elementor-icon-wrapper\">\n\t\t\t<a class=\"elementor-icon\" href=\"http:\/\/educaremt.com.br\/site\/area-administracao\/\">\n\t\t\t<i aria-hidden=\"true\" class=\"fas fa-backward\"><\/i>\t\t\t<\/a>\n\t\t<\/div>\n\t\t\t\t<\/div>\n\t\t\t\t<\/div>\n\t\t\t\t\t<\/div>\n\t\t<\/div>\n\t\t\t\t<div class=\"elementor-column elementor-col-50 elementor-top-column elementor-element elementor-element-121d1d74\" data-id=\"121d1d74\" data-element_type=\"column\">\n\t\t\t<div class=\"elementor-widget-wrap elementor-element-populated\">\n\t\t\t\t\t\t<div class=\"elementor-element elementor-element-37796f4d elementor-button-align-stretch elementor-widget elementor-widget-form\" data-id=\"37796f4d\" data-element_type=\"widget\" id=\"idform\" data-settings=\"{&quot;step_next_label&quot;:&quot;Next&quot;,&quot;step_previous_label&quot;:&quot;Previous&quot;,&quot;button_width&quot;:&quot;100&quot;,&quot;step_type&quot;:&quot;number_text&quot;,&quot;step_icon_shape&quot;:&quot;circle&quot;}\" data-widget_type=\"form.default\">\n\t\t\t\t<div class=\"elementor-widget-container\">\n\t\t\t\t\t<form class=\"elementor-form\" method=\"post\" name=\"FormPosgraduacao\">\n\t\t\t<input type=\"hidden\" name=\"post_id\" value=\"4171\"\/>\n\t\t\t<input type=\"hidden\" name=\"form_id\" value=\"37796f4d\"\/>\n\t\t\t<input type=\"hidden\" name=\"referer_title\" value=\"\" \/>\n\n\t\t\t\n\t\t\t<div class=\"elementor-form-fields-wrapper elementor-labels-above\">\n\t\t\t\t\t\t\t\t<div class=\"elementor-field-type-text elementor-field-group elementor-column elementor-field-group-name elementor-col-100\">\n\t\t\t\t\t\t\t\t\t\t\t\t<label for=\"form-field-name\" class=\"elementor-field-label\">\n\t\t\t\t\t\t\t\tNome\t\t\t\t\t\t\t<\/label>\n\t\t\t\t\t\t\t\t\t\t\t\t\t\t<input size=\"1\" type=\"text\" name=\"form_fields[name]\" id=\"form-field-name\" class=\"elementor-field elementor-size-sm  elementor-field-textual\" placeholder=\"Nome\">\n\t\t\t\t\t\t\t\t\t\t\t<\/div>\n\t\t\t\t\t\t\t\t<div class=\"elementor-field-type-email elementor-field-group elementor-column elementor-field-group-email elementor-col-100 elementor-field-required\">\n\t\t\t\t\t\t\t\t\t\t\t\t<label for=\"form-field-email\" class=\"elementor-field-label\">\n\t\t\t\t\t\t\t\tE-mail\t\t\t\t\t\t\t<\/label>\n\t\t\t\t\t\t\t\t\t\t\t\t\t\t<input size=\"1\" type=\"email\" name=\"form_fields[email]\" id=\"form-field-email\" class=\"elementor-field elementor-size-sm  elementor-field-textual\" placeholder=\"e-mail\" required=\"required\" aria-required=\"true\">\n\t\t\t\t\t\t\t\t\t\t\t<\/div>\n\t\t\t\t\t\t\t\t<div class=\"elementor-field-type-tel elementor-field-group elementor-column elementor-field-group-field_e6e5fa5 elementor-col-100\">\n\t\t\t\t\t\t\t\t\t\t\t\t<label for=\"form-field-field_e6e5fa5\" class=\"elementor-field-label\">\n\t\t\t\t\t\t\t\tTelefone\t\t\t\t\t\t\t<\/label>\n\t\t\t\t\t\t\t\t<input size=\"1\" type=\"tel\" name=\"form_fields[field_e6e5fa5]\" id=\"form-field-field_e6e5fa5\" class=\"elementor-field elementor-size-sm  elementor-field-textual\" placeholder=\"Celular\" pattern=\"[0-9()#&amp;+*-=.]+\" title=\"Only numbers and phone characters (#, -, *, etc) are accepted.\">\n\n\t\t\t\t\t\t<\/div>\n\t\t\t\t\t\t\t\t<div class=\"elementor-field-group elementor-column elementor-field-type-submit elementor-col-100 e-form__buttons\">\n\t\t\t\t\t<button type=\"submit\" class=\"elementor-button elementor-size-sm\">\n\t\t\t\t\t\t<span >\n\t\t\t\t\t\t\t\t\t\t\t\t\t\t\t<span class=\" elementor-button-icon\">\n\t\t\t\t\t\t\t\t\t\t\t\t\t\t\t\t\t\t\t\t\t\t\t\t\t\t<\/span>\n\t\t\t\t\t\t\t\t\t\t\t\t\t\t\t\t\t\t\t\t\t\t<span class=\"elementor-button-text\">Enviar<\/span>\n\t\t\t\t\t\t\t\t\t\t\t\t\t<\/span>\n\t\t\t\t\t<\/button>\n\t\t\t\t<\/div>\n\t\t\t<\/div>\n\t\t<\/form>\n\t\t\t\t<\/div>\n\t\t\t\t<\/div>\n\t\t\t\t\t<\/div>\n\t\t<\/div>\n\t\t\t\t\t<\/div>\n\t\t<\/section>\n\t\t\t\t<\/div>\n\t\t","protected":false},"excerpt":{"rendered":"<p>\u25ba\u00a0MBA Gest\u00e3o Estrat\u00e9gica de Neg\u00f3cios Matricule-se J\u00e1 ! Hor\u00e1rio: S\u00e1bado: 07h:30min \u00e0s 17h Domingo: 07h:30min \u00e0s 12h Suporte ao Aluno Carga Hor\u00e1ria 420 horas. Professores Renomados<span class=\"excerpt-hellip\"> [\u2026]<\/span><\/p>\n","protected":false},"author":1,"featured_media":0,"parent":0,"menu_order":0,"comment_status":"closed","ping_status":"closed","template":"","meta":{"footnotes":""},"class_list":["post-4171","page","type-page","status-publish","hentry"],"_links":{"self":[{"href":"https:\/\/educaremt.com.br\/site\/wp-json\/wp\/v2\/pages\/4171","targetHints":{"allow":["GET"]}}],"collection":[{"href":"https:\/\/educaremt.com.br\/site\/wp-json\/wp\/v2\/pages"}],"about":[{"href":"https:\/\/educaremt.com.br\/site\/wp-json\/wp\/v2\/types\/page"}],"author":[{"embeddable":true,"href":"https:\/\/educaremt.com.br\/site\/wp-json\/wp\/v2\/users\/1"}],"replies":[{"embeddable":true,"href":"https:\/\/educaremt.com.br\/site\/wp-json\/wp\/v2\/comments?post=4171"}],"version-history":[{"count":4,"href":"https:\/\/educaremt.com.br\/site\/wp-json\/wp\/v2\/pages\/4171\/revisions"}],"predecessor-version":[{"id":6758,"href":"https:\/\/educaremt.com.br\/site\/wp-json\/wp\/v2\/pages\/4171\/revisions\/6758"}],"wp:attachment":[{"href":"https:\/\/educaremt.com.br\/site\/wp-json\/wp\/v2\/media?parent=4171"}],"curies":[{"name":"wp","href":"https:\/\/api.w.org\/{rel}","templated":true}]}}