{"id":3852,"date":"2020-06-08T12:04:30","date_gmt":"2020-06-08T15:04:30","guid":{"rendered":"https:\/\/educaremt.com.br\/site\/?page_id=3852"},"modified":"2023-12-31T17:14:26","modified_gmt":"2023-12-31T20:14:26","slug":"engcontauto-g","status":"publish","type":"page","link":"https:\/\/educaremt.com.br\/site\/graduacao-cursos\/engcontauto-g\/","title":{"rendered":"Curso Eng. Control. Auto."},"content":{"rendered":"\t\t<div data-elementor-type=\"wp-page\" data-elementor-id=\"3852\" class=\"elementor elementor-3852\">\n\t\t\t\t\t\t<section class=\"elementor-section elementor-top-section elementor-element elementor-element-5fd9fbe elementor-section-full_width elementor-section-height-default elementor-section-height-default\" data-id=\"5fd9fbe\" data-element_type=\"section\">\n\t\t\t\t\t\t<div class=\"elementor-container elementor-column-gap-default\">\n\t\t\t\t\t<div class=\"elementor-column elementor-col-66 elementor-top-column elementor-element elementor-element-caaf303\" data-id=\"caaf303\" data-element_type=\"column\">\n\t\t\t<div class=\"elementor-widget-wrap elementor-element-populated\">\n\t\t\t\t\t\t<div class=\"elementor-element elementor-element-0a7506c elementor-widget elementor-widget-heading\" data-id=\"0a7506c\" data-element_type=\"widget\" data-widget_type=\"heading.default\">\n\t\t\t\t<div class=\"elementor-widget-container\">\n\t\t\t<h1 class=\"elementor-heading-title elementor-size-default\">ENGENHARIA DE CONTROLE E AUTOMA\u00c7\u00c3O<\/h1>\t\t<\/div>\n\t\t\t\t<\/div>\n\t\t\t\t<div class=\"elementor-element elementor-element-29e4dd2 elementor-widget elementor-widget-text-editor\" data-id=\"29e4dd2\" data-element_type=\"widget\" data-widget_type=\"text-editor.default\">\n\t\t\t\t<div class=\"elementor-widget-container\">\n\t\t\t\t\t\t\t<p data-raofz=\"14\"><span style=\"color: #000000;\"><strong>O que \u00e9 Engenharia de Controle e Automa\u00e7\u00e3o?<\/strong><\/span><br \/><span style=\"color: #000000;\">\u00c9 um ramo da Engenharia cuja forma\u00e7\u00e3o profissional divide-se em quatro grandes \u00e1reas:<\/span><\/p><ul><li data-raofz=\"14\"><span style=\"color: #000000;\"><strong>Mec\u00e2nica:\u00a0<\/strong>M\u00e1quinas e Motores, Materiais, Projeto e Fabrica\u00e7\u00e3o Integrada por Computador (CIM), Rob\u00f3tica, Sistemas de Produ\u00e7\u00e3o.<\/span><\/li><li data-raofz=\"14\"><span style=\"color: #000000;\"><strong>Eletr\u00f4nica:\u00a0<\/strong>Circuitos El\u00e9tricos e Eletr\u00f4nicos, Eletr\u00f4nica Anal\u00f3gica e Digital, Instrumenta\u00e7\u00e3o, Microprocessadores e Redes Digitais.<\/span><\/li><li data-raofz=\"14\"><span style=\"color: #000000;\"><strong>Inform\u00e1tica:\u00a0<\/strong>L\u00f3gica e Matem\u00e1tica Computacional, Linguagens de Programa\u00e7\u00e3o, Engenharia de Software, Intelig\u00eancia Artificial.<\/span><\/li><li data-raofz=\"14\"><span style=\"color: #000000;\"><strong>Controle:\u00a0<\/strong>Sistemas de Controle, Controles Hidr\u00e1ulicos e Pneum\u00e1ticos, Controladores L\u00f3gicos Program\u00e1veis, Automa\u00e7\u00e3o Industrial.<\/span><\/li><\/ul><p data-raofz=\"14\"><span style=\"color: #000000;\"><strong>Forma\u00e7\u00e3o:<\/strong>O profissional formado no curso de Bacharelado em Engenharia de Controle e Automa\u00e7\u00e3o da EduCareMT receber\u00e1 o t\u00edtulo de ENGENHEIRO DE CONTROLE E AUTOMA\u00c7\u00c3O, e sua atua\u00e7\u00e3o se dar\u00e1 na concep\u00e7\u00e3o, projeto, fabrica\u00e7\u00e3o e manuten\u00e7\u00e3o de m\u00e1quinas e sistemas autom\u00e1ticos.<\/span><\/p><p data-raofz=\"14\"><span style=\"color: #000000;\"><strong>Objetivos Espec\u00edficos<\/strong><\/span><\/p><p data-raofz=\"14\"><span style=\"color: #000000;\">Essa gradua\u00e7\u00e3o possibilitar\u00e1 ao profissional projetar, instalar e gerenciar sistemas eletr\u00f4nicos para controle da produ\u00e7\u00e3o e processos industriais, criar, automatizar e\/ou integrar c\u00e9lulas e equipamentos para uso em linhas de produ\u00e7\u00e3o automatizadas, projetar e programar rob\u00f4s industriais utilizados nos processos de fabrica\u00e7\u00e3o e desenvolver aplica\u00e7\u00f5es de m\u00e1quinas programadas por computador para a fabrica\u00e7\u00e3o de pe\u00e7as e componentes mec\u00e2nicos.<\/span><br \/><span style=\"color: #000000;\">\u00c9 uma \u00e1rea de atividade que \u00e9 a base para o desenvolvimento industrial em um mundo que se desenvolve por meio de uma tecnologia cada vez mais avan\u00e7ada.<\/span><\/p><p data-raofz=\"14\"><span style=\"color: #000000;\"><strong>Qual o campo de trabalho?<\/strong><\/span><\/p><p data-raofz=\"14\"><span style=\"color: #000000;\">O profissional engenheiro de Controle e Automa\u00e7\u00e3o pode atuar nas ind\u00fastrias de automa\u00e7\u00e3o, de inform\u00e1tica, t\u00eaxteis, metal\u00fargicas, de cer\u00e2micas, automobil\u00edsticas, mec\u00e2nicas, em usinas etc., bem como em institutos de pesquisa e desenvolvimento ou at\u00e9 mesmo em hospitais. \u00c9 uma \u00e1rea bastante ampla com um mercado crescente, pois a automa\u00e7\u00e3o \u00e9 uma necessidade para se garantir a competitividade do cen\u00e1rio globalizado. Este curso de Engenharia foi criado como resposta \u00e0s necessidades das ind\u00fastrias, especialmente as de grande porte, que procuram profissionais formados e gabaritados. Assim, o conhecimento te\u00f3rico, unido \u00e1 pr\u00e1tica, \u00e9 o diferencial para o sucesso nessa \u00e1rea em constante expans\u00e3o.<\/span><\/p><p data-raofz=\"14\"><span style=\"color: #000000;\"><strong>INFRAESTRUTURA M\u00cdNIMA REQUERIDA<\/strong><\/span><\/p><p><span style=\"color: #000000;\">\u2022Biblioteca incluindo acervo espec\u00edfico e atualizado.<br \/><\/span><\/p><p><span style=\"color: #000000;\">\u2022Laborat\u00f3rios de F\u00edsica, Qu\u00edmica, Desenho, Mec\u00e2nica dos Fluidos, Sistemas Digitais, Circuitos Digitais, Microprocessadores, Controle e Servomecanismos, Processos de Fabrica\u00e7\u00e3o, \u00a0Eletr\u00f4nica Digital e Anal\u00f3gica, Automa\u00e7\u00e3o, Rob\u00f3tica e Instrumenta\u00e7\u00e3o.<br \/><\/span><\/p><p><span style=\"color: #000000;\">\u2022Laborat\u00f3rio de inform\u00e1tica com programas e equipamentos compat\u00edveis com as atividades educacionais do curso. Disponibilizando variados softwares nas plataformas Windows, Linux e outros.<\/span><\/p><p><span style=\"color: #000000;\">\u2022Visitas T\u00e9cnicas.<\/span><\/p><p><span style=\"color: #000000;\">\u2022Semana de Palestras e Atividades Espec\u00edficas.<\/span><\/p><p><span style=\"color: #000000;\">\u2022Inicia\u00e7\u00e3o Cient\u00edfica.<\/span><\/p><p><span style=\"color: #000000;\">\u2022Atividades Multiensino.<\/span><\/p><p><span style=\"color: #000000;\">\u2022Banco de Estudos Digitalizado.<\/span><\/p><p><span style=\"color: #000000;\">\u2022Acordo de Coopera\u00e7\u00e3o de Est\u00e1gios com Empresas e \u00d3rg\u00e3os P\u00fablicos.<\/span><\/p><p><span style=\"color: #000000;\">\u2022Est\u00e1gio Supervisionado.<\/span><\/p><p><span style=\"color: #000000;\">\u2022Projeto Integrado de Conclus\u00e3o de Curso.<\/span><\/p>\t\t\t\t\t\t<\/div>\n\t\t\t\t<\/div>\n\t\t\t\t\t<\/div>\n\t\t<\/div>\n\t\t\t\t<div class=\"elementor-column elementor-col-33 elementor-top-column elementor-element elementor-element-61c8d51\" data-id=\"61c8d51\" data-element_type=\"column\">\n\t\t\t<div class=\"elementor-widget-wrap elementor-element-populated\">\n\t\t\t\t\t\t<div class=\"elementor-element elementor-element-44d1661 elementor-position-top elementor-widget elementor-widget-image-box\" data-id=\"44d1661\" data-element_type=\"widget\" data-widget_type=\"image-box.default\">\n\t\t\t\t<div class=\"elementor-widget-container\">\n\t\t\t<div class=\"elementor-image-box-wrapper\"><figure class=\"elementor-image-box-img\"><img decoding=\"async\" src=\"https:\/\/educaremt.com.br\/2017\/wp-content\/uploads\/2017\/11\/Nota-3-1.png\" title=\"\" alt=\"\" loading=\"lazy\" \/><\/figure><div class=\"elementor-image-box-content\"><h3 class=\"elementor-image-box-title\">Avalia\u00e7\u00e3o do MEC<\/h3><p class=\"elementor-image-box-description\">Nota 3  (de 1 a 5).<\/p><\/div><\/div>\t\t<\/div>\n\t\t\t\t<\/div>\n\t\t\t\t<div class=\"elementor-element elementor-element-e34110a elementor-button-info elementor-align-justify elementor-widget elementor-widget-button\" data-id=\"e34110a\" data-element_type=\"widget\" data-widget_type=\"button.default\">\n\t\t\t\t<div class=\"elementor-widget-container\">\n\t\t\t\t\t\t\t<div class=\"elementor-button-wrapper\">\n\t\t\t\t\t<a class=\"elementor-button elementor-button-link elementor-size-sm\" href=\"#matriz\">\n\t\t\t\t\t\t<span class=\"elementor-button-content-wrapper\">\n\t\t\t\t\t\t\t\t\t<span class=\"elementor-button-text\">Veja a Matriz<\/span>\n\t\t\t\t\t<\/span>\n\t\t\t\t\t<\/a>\n\t\t\t\t<\/div>\n\t\t\t\t\t\t<\/div>\n\t\t\t\t<\/div>\n\t\t\t\t<div class=\"elementor-element elementor-element-6438d45 elementor-align-justify elementor-widget elementor-widget-button\" data-id=\"6438d45\" data-element_type=\"widget\" data-widget_type=\"button.default\">\n\t\t\t\t<div class=\"elementor-widget-container\">\n\t\t\t\t\t\t\t<div class=\"elementor-button-wrapper\">\n\t\t\t\t\t<a class=\"elementor-button elementor-size-sm\" role=\"button\">\n\t\t\t\t\t\t<span class=\"elementor-button-content-wrapper\">\n\t\t\t\t\t\t\t\t\t<span class=\"elementor-button-text\">Dura\u00e7\u00e3o: 10 Semestres<\/span>\n\t\t\t\t\t<\/span>\n\t\t\t\t\t<\/a>\n\t\t\t\t<\/div>\n\t\t\t\t\t\t<\/div>\n\t\t\t\t<\/div>\n\t\t\t\t<div class=\"elementor-element elementor-element-2f1e11c elementor-align-justify elementor-widget elementor-widget-button\" data-id=\"2f1e11c\" data-element_type=\"widget\" data-widget_type=\"button.default\">\n\t\t\t\t<div class=\"elementor-widget-container\">\n\t\t\t\t\t\t\t<div class=\"elementor-button-wrapper\">\n\t\t\t\t\t<a class=\"elementor-button elementor-size-sm\" role=\"button\">\n\t\t\t\t\t\t<span class=\"elementor-button-content-wrapper\">\n\t\t\t\t\t\t\t\t\t<span class=\"elementor-button-text\">Turno: Manh\u00e3 ou Noite<\/span>\n\t\t\t\t\t<\/span>\n\t\t\t\t\t<\/a>\n\t\t\t\t<\/div>\n\t\t\t\t\t\t<\/div>\n\t\t\t\t<\/div>\n\t\t\t\t<div class=\"elementor-element elementor-element-0d3289a elementor-align-justify elementor-widget elementor-widget-button\" data-id=\"0d3289a\" data-element_type=\"widget\" data-widget_type=\"button.default\">\n\t\t\t\t<div class=\"elementor-widget-container\">\n\t\t\t\t\t\t\t<div class=\"elementor-button-wrapper\">\n\t\t\t\t\t<a class=\"elementor-button elementor-size-sm\" role=\"button\">\n\t\t\t\t\t\t<span class=\"elementor-button-content-wrapper\">\n\t\t\t\t\t\t\t\t\t<span class=\"elementor-button-text\">Regime de Matr\u00edcula: Semestral<\/span>\n\t\t\t\t\t<\/span>\n\t\t\t\t\t<\/a>\n\t\t\t\t<\/div>\n\t\t\t\t\t\t<\/div>\n\t\t\t\t<\/div>\n\t\t\t\t<div class=\"elementor-element elementor-element-7da3bcd elementor-widget elementor-widget-heading\" data-id=\"7da3bcd\" data-element_type=\"widget\" data-widget_type=\"heading.default\">\n\t\t\t\t<div class=\"elementor-widget-container\">\n\t\t\t<h2 class=\"elementor-heading-title elementor-size-default\">Baixe a Matriz<\/h2>\t\t<\/div>\n\t\t\t\t<\/div>\n\t\t\t\t<div class=\"elementor-element elementor-element-9f02d0e elementor-widget elementor-widget-text-editor\" data-id=\"9f02d0e\" data-element_type=\"widget\" data-widget_type=\"text-editor.default\">\n\t\t\t\t<div class=\"elementor-widget-container\">\n\t\t\t\t\t\t\t<p><span style=\"font-family: Roboto, sans-serif; font-size: 15px; font-style: normal; font-variant-ligatures: normal; font-variant-caps: normal; font-weight: 400;\">Preencha seus dados para baixar a matriz curricular:<\/span><\/p>\t\t\t\t\t\t<\/div>\n\t\t\t\t<\/div>\n\t\t\t\t<div class=\"elementor-element elementor-element-d4b3aa9 elementor-button-align-stretch elementor-widget elementor-widget-form\" data-id=\"d4b3aa9\" data-element_type=\"widget\" data-settings=\"{&quot;step_next_label&quot;:&quot;Next&quot;,&quot;step_previous_label&quot;:&quot;Previous&quot;,&quot;button_width&quot;:&quot;100&quot;,&quot;step_type&quot;:&quot;number_text&quot;,&quot;step_icon_shape&quot;:&quot;circle&quot;}\" data-widget_type=\"form.default\">\n\t\t\t\t<div class=\"elementor-widget-container\">\n\t\t\t\t\t<form class=\"elementor-form\" method=\"post\" name=\"MatrizEngAutomacao\">\n\t\t\t<input type=\"hidden\" name=\"post_id\" value=\"3852\"\/>\n\t\t\t<input type=\"hidden\" name=\"form_id\" value=\"d4b3aa9\"\/>\n\t\t\t<input type=\"hidden\" name=\"referer_title\" value=\"\" \/>\n\n\t\t\t\n\t\t\t<div class=\"elementor-form-fields-wrapper elementor-labels-above\">\n\t\t\t\t\t\t\t\t<div class=\"elementor-field-type-text elementor-field-group elementor-column elementor-field-group-name elementor-col-100 elementor-field-required\">\n\t\t\t\t\t\t\t\t\t\t\t\t<label for=\"form-field-name\" class=\"elementor-field-label\">\n\t\t\t\t\t\t\t\tNome:\t\t\t\t\t\t\t<\/label>\n\t\t\t\t\t\t\t\t\t\t\t\t\t\t<input size=\"1\" type=\"text\" name=\"form_fields[name]\" id=\"form-field-name\" class=\"elementor-field elementor-size-sm  elementor-field-textual\" placeholder=\"Nome:\" required=\"required\" aria-required=\"true\">\n\t\t\t\t\t\t\t\t\t\t\t<\/div>\n\t\t\t\t\t\t\t\t<div class=\"elementor-field-type-tel elementor-field-group elementor-column elementor-field-group-field_1c2dac5 elementor-col-100 elementor-field-required\">\n\t\t\t\t\t\t\t\t\t\t\t\t<label for=\"form-field-field_1c2dac5\" class=\"elementor-field-label\">\n\t\t\t\t\t\t\t\tTelefone:\t\t\t\t\t\t\t<\/label>\n\t\t\t\t\t\t\t\t<input size=\"1\" type=\"tel\" name=\"form_fields[field_1c2dac5]\" id=\"form-field-field_1c2dac5\" class=\"elementor-field elementor-size-sm  elementor-field-textual\" placeholder=\"Telefone:\" required=\"required\" aria-required=\"true\" pattern=\"[0-9()#&amp;+*-=.]+\" title=\"Only numbers and phone characters (#, -, *, etc) are accepted.\">\n\n\t\t\t\t\t\t<\/div>\n\t\t\t\t\t\t\t\t<div class=\"elementor-field-type-email elementor-field-group elementor-column elementor-field-group-field_8bce6f3 elementor-col-100\">\n\t\t\t\t\t\t\t\t\t\t\t\t<label for=\"form-field-field_8bce6f3\" class=\"elementor-field-label\">\n\t\t\t\t\t\t\t\tE-mail:\t\t\t\t\t\t\t<\/label>\n\t\t\t\t\t\t\t\t\t\t\t\t\t\t<input size=\"1\" type=\"email\" name=\"form_fields[field_8bce6f3]\" id=\"form-field-field_8bce6f3\" class=\"elementor-field elementor-size-sm  elementor-field-textual\" placeholder=\"E-mail:\">\n\t\t\t\t\t\t\t\t\t\t\t<\/div>\n\t\t\t\t\t\t\t\t<div class=\"elementor-field-group elementor-column elementor-field-type-submit elementor-col-100 e-form__buttons\">\n\t\t\t\t\t<button type=\"submit\" class=\"elementor-button elementor-size-sm\">\n\t\t\t\t\t\t<span >\n\t\t\t\t\t\t\t\t\t\t\t\t\t\t\t<span class=\" elementor-button-icon\">\n\t\t\t\t\t\t\t\t\t\t\t\t\t\t\t\t\t\t\t\t\t\t\t\t\t\t<\/span>\n\t\t\t\t\t\t\t\t\t\t\t\t\t\t\t\t\t\t\t\t\t\t<span class=\"elementor-button-text\">Baixar a Matriz<\/span>\n\t\t\t\t\t\t\t\t\t\t\t\t\t<\/span>\n\t\t\t\t\t<\/button>\n\t\t\t\t<\/div>\n\t\t\t<\/div>\n\t\t<\/form>\n\t\t\t\t<\/div>\n\t\t\t\t<\/div>\n\t\t\t\t\t<\/div>\n\t\t<\/div>\n\t\t\t\t\t<\/div>\n\t\t<\/section>\n\t\t\t\t<\/div>\n\t\t","protected":false},"excerpt":{"rendered":"<p>ENGENHARIA DE CONTROLE E AUTOMA\u00c7\u00c3O O que \u00e9 Engenharia de Controle e Automa\u00e7\u00e3o?\u00c9 um ramo da Engenharia cuja forma\u00e7\u00e3o profissional divide-se em quatro grandes \u00e1reas: Mec\u00e2nica:\u00a0M\u00e1quinas<span class=\"excerpt-hellip\"> [\u2026]<\/span><\/p>\n","protected":false},"author":1,"featured_media":0,"parent":6491,"menu_order":0,"comment_status":"closed","ping_status":"closed","template":"elementor_header_footer","meta":{"footnotes":""},"class_list":["post-3852","page","type-page","status-publish","hentry"],"_links":{"self":[{"href":"https:\/\/educaremt.com.br\/site\/wp-json\/wp\/v2\/pages\/3852","targetHints":{"allow":["GET"]}}],"collection":[{"href":"https:\/\/educaremt.com.br\/site\/wp-json\/wp\/v2\/pages"}],"about":[{"href":"https:\/\/educaremt.com.br\/site\/wp-json\/wp\/v2\/types\/page"}],"author":[{"embeddable":true,"href":"https:\/\/educaremt.com.br\/site\/wp-json\/wp\/v2\/users\/1"}],"replies":[{"embeddable":true,"href":"https:\/\/educaremt.com.br\/site\/wp-json\/wp\/v2\/comments?post=3852"}],"version-history":[{"count":17,"href":"https:\/\/educaremt.com.br\/site\/wp-json\/wp\/v2\/pages\/3852\/revisions"}],"predecessor-version":[{"id":8905,"href":"https:\/\/educaremt.com.br\/site\/wp-json\/wp\/v2\/pages\/3852\/revisions\/8905"}],"up":[{"embeddable":true,"href":"https:\/\/educaremt.com.br\/site\/wp-json\/wp\/v2\/pages\/6491"}],"wp:attachment":[{"href":"https:\/\/educaremt.com.br\/site\/wp-json\/wp\/v2\/media?parent=3852"}],"curies":[{"name":"wp","href":"https:\/\/api.w.org\/{rel}","templated":true}]}}