{"id":3408,"date":"2019-10-24T15:59:03","date_gmt":"2019-10-24T18:59:03","guid":{"rendered":"https:\/\/educaremt.com.br\/site\/?page_id=3408"},"modified":"2023-05-11T14:30:14","modified_gmt":"2023-05-11T17:30:14","slug":"lideranca-pastoral","status":"publish","type":"page","link":"https:\/\/educaremt.com.br\/site\/lideranca-pastoral\/","title":{"rendered":"MBA Em Lideran\u00e7a Pastoral"},"content":{"rendered":"\t\t<div data-elementor-type=\"wp-post\" data-elementor-id=\"3408\" class=\"elementor elementor-3408\">\n\t\t\t\t\t\t<section class=\"elementor-section elementor-top-section elementor-element elementor-element-5c18fbc elementor-section-boxed elementor-section-height-default elementor-section-height-default\" data-id=\"5c18fbc\" data-element_type=\"section\">\n\t\t\t\t\t\t<div class=\"elementor-container elementor-column-gap-default\">\n\t\t\t\t\t<div class=\"elementor-column elementor-col-66 elementor-top-column elementor-element elementor-element-c9cf68d\" data-id=\"c9cf68d\" data-element_type=\"column\">\n\t\t\t<div class=\"elementor-widget-wrap elementor-element-populated\">\n\t\t\t\t\t\t<div class=\"elementor-element elementor-element-ccc3e1c elementor-widget elementor-widget-text-editor\" data-id=\"ccc3e1c\" data-element_type=\"widget\" data-widget_type=\"text-editor.default\">\n\t\t\t\t<div class=\"elementor-widget-container\">\n\t\t\t\t\t\t\t<h3><span style=\"font-style: normal; font-variant-ligatures: normal; font-variant-caps: normal; letter-spacing: normal; color: #002D54;\"><span style=\"font-weight: bold;\">\u25baMBA em Lideran\u00e7a Pastoral<\/span><\/span><\/h3>\t\t\t\t\t\t<\/div>\n\t\t\t\t<\/div>\n\t\t\t\t\t<\/div>\n\t\t<\/div>\n\t\t\t\t<div class=\"elementor-column elementor-col-33 elementor-top-column elementor-element elementor-element-727643a\" data-id=\"727643a\" data-element_type=\"column\">\n\t\t\t<div class=\"elementor-widget-wrap elementor-element-populated\">\n\t\t\t\t\t\t<div class=\"elementor-element elementor-element-c85a78b elementor-widget elementor-widget-button\" data-id=\"c85a78b\" data-element_type=\"widget\" data-widget_type=\"button.default\">\n\t\t\t\t<div class=\"elementor-widget-container\">\n\t\t\t\t\t\t\t<div class=\"elementor-button-wrapper\">\n\t\t\t\t\t<a class=\"elementor-button elementor-button-link elementor-size-sm\" href=\"#idform\">\n\t\t\t\t\t\t<span class=\"elementor-button-content-wrapper\">\n\t\t\t\t\t\t\t\t\t<span class=\"elementor-button-text\">Matricule-se J\u00e1 !<\/span>\n\t\t\t\t\t<\/span>\n\t\t\t\t\t<\/a>\n\t\t\t\t<\/div>\n\t\t\t\t\t\t<\/div>\n\t\t\t\t<\/div>\n\t\t\t\t\t<\/div>\n\t\t<\/div>\n\t\t\t\t\t<\/div>\n\t\t<\/section>\n\t\t\t\t<section class=\"elementor-section elementor-top-section elementor-element elementor-element-5afdf61c elementor-section-boxed elementor-section-height-default elementor-section-height-default\" data-id=\"5afdf61c\" data-element_type=\"section\">\n\t\t\t\t\t\t<div class=\"elementor-container elementor-column-gap-default\">\n\t\t\t\t\t<div class=\"elementor-column elementor-col-25 elementor-top-column elementor-element elementor-element-10fda5fe\" data-id=\"10fda5fe\" data-element_type=\"column\">\n\t\t\t<div class=\"elementor-widget-wrap elementor-element-populated\">\n\t\t\t\t\t\t<div class=\"elementor-element elementor-element-1b72da4a elementor-view-default elementor-position-top elementor-mobile-position-top elementor-widget elementor-widget-icon-box\" data-id=\"1b72da4a\" data-element_type=\"widget\" data-widget_type=\"icon-box.default\">\n\t\t\t\t<div class=\"elementor-widget-container\">\n\t\t\t\t\t<div class=\"elementor-icon-box-wrapper\">\n\n\t\t\t\t\t\t<div class=\"elementor-icon-box-icon\">\n\t\t\t\t<span  class=\"elementor-icon elementor-animation-\">\n\t\t\t\t<i aria-hidden=\"true\" class=\"far fa-clock\"><\/i>\t\t\t\t<\/span>\n\t\t\t<\/div>\n\t\t\t\n\t\t\t\t\t\t<div class=\"elementor-icon-box-content\">\n\n\t\t\t\t\t\t\t\t\t<h3 class=\"elementor-icon-box-title\">\n\t\t\t\t\t\t<span  >\n\t\t\t\t\t\t\tHor\u00e1rio:\t\t\t\t\t\t<\/span>\n\t\t\t\t\t<\/h3>\n\t\t\t\t\n\t\t\t\t\t\t\t\t\t<p class=\"elementor-icon-box-description\">\n\t\t\t\t\t\tS\u00e1bado: 07h:30min \u00e0s 17h\nDomingo: 07h:30min \u00e0s 12h\t\t\t\t\t<\/p>\n\t\t\t\t\n\t\t\t<\/div>\n\t\t\t\n\t\t<\/div>\n\t\t\t\t<\/div>\n\t\t\t\t<\/div>\n\t\t\t\t\t<\/div>\n\t\t<\/div>\n\t\t\t\t<div class=\"elementor-column elementor-col-25 elementor-top-column elementor-element elementor-element-630bc0cd\" data-id=\"630bc0cd\" data-element_type=\"column\">\n\t\t\t<div class=\"elementor-widget-wrap elementor-element-populated\">\n\t\t\t\t\t\t<div class=\"elementor-element elementor-element-21e5bea5 elementor-position-top elementor-widget elementor-widget-image-box\" data-id=\"21e5bea5\" data-element_type=\"widget\" data-widget_type=\"image-box.default\">\n\t\t\t\t<div class=\"elementor-widget-container\">\n\t\t\t<div class=\"elementor-image-box-wrapper\"><figure class=\"elementor-image-box-img\"><img decoding=\"async\" src=\"https:\/\/educaremt.com.br\/2017\/wp-content\/uploads\/2021\/07\/icone-suporte.png\" title=\"\" alt=\"\" loading=\"lazy\" \/><\/figure><div class=\"elementor-image-box-content\"><h3 class=\"elementor-image-box-title\">Suporte ao Aluno<\/h3><\/div><\/div>\t\t<\/div>\n\t\t\t\t<\/div>\n\t\t\t\t\t<\/div>\n\t\t<\/div>\n\t\t\t\t<div class=\"elementor-column elementor-col-25 elementor-top-column elementor-element elementor-element-7a3808da\" data-id=\"7a3808da\" data-element_type=\"column\">\n\t\t\t<div class=\"elementor-widget-wrap elementor-element-populated\">\n\t\t\t\t\t\t<div class=\"elementor-element elementor-element-1d46bf8e elementor-view-default elementor-position-top elementor-mobile-position-top elementor-widget elementor-widget-icon-box\" data-id=\"1d46bf8e\" data-element_type=\"widget\" data-widget_type=\"icon-box.default\">\n\t\t\t\t<div class=\"elementor-widget-container\">\n\t\t\t\t\t<div class=\"elementor-icon-box-wrapper\">\n\n\t\t\t\t\t\t<div class=\"elementor-icon-box-icon\">\n\t\t\t\t<span  class=\"elementor-icon elementor-animation-\">\n\t\t\t\t<i aria-hidden=\"true\" class=\"fab fa-safari\"><\/i>\t\t\t\t<\/span>\n\t\t\t<\/div>\n\t\t\t\n\t\t\t\t\t\t<div class=\"elementor-icon-box-content\">\n\n\t\t\t\t\t\t\t\t\t<h3 class=\"elementor-icon-box-title\">\n\t\t\t\t\t\t<span  >\n\t\t\t\t\t\t\tCarga Hor\u00e1ria\t\t\t\t\t\t<\/span>\n\t\t\t\t\t<\/h3>\n\t\t\t\t\n\t\t\t\t\t\t\t\t\t<p class=\"elementor-icon-box-description\">\n\t\t\t\t\t\t400 horas.\t\t\t\t\t<\/p>\n\t\t\t\t\n\t\t\t<\/div>\n\t\t\t\n\t\t<\/div>\n\t\t\t\t<\/div>\n\t\t\t\t<\/div>\n\t\t\t\t\t<\/div>\n\t\t<\/div>\n\t\t\t\t<div class=\"elementor-column elementor-col-25 elementor-top-column elementor-element elementor-element-2b1e6727\" data-id=\"2b1e6727\" data-element_type=\"column\">\n\t\t\t<div class=\"elementor-widget-wrap elementor-element-populated\">\n\t\t\t\t\t\t<div class=\"elementor-element elementor-element-4775c909 elementor-position-top elementor-widget elementor-widget-image-box\" data-id=\"4775c909\" data-element_type=\"widget\" data-widget_type=\"image-box.default\">\n\t\t\t\t<div class=\"elementor-widget-container\">\n\t\t\t<div class=\"elementor-image-box-wrapper\"><figure class=\"elementor-image-box-img\"><img fetchpriority=\"high\" decoding=\"async\" width=\"300\" height=\"300\" src=\"https:\/\/educaremt.com.br\/site\/wp-content\/uploads\/2022\/11\/icone-professor-300x3002-1.png\" class=\"attachment-full size-full wp-image-7504\" alt=\"\" srcset=\"https:\/\/educaremt.com.br\/site\/wp-content\/uploads\/2022\/11\/icone-professor-300x3002-1.png 300w, https:\/\/educaremt.com.br\/site\/wp-content\/uploads\/2022\/11\/icone-professor-300x3002-1-150x150.png 150w, https:\/\/educaremt.com.br\/site\/wp-content\/uploads\/2022\/11\/icone-professor-300x3002-1-146x146.png 146w, https:\/\/educaremt.com.br\/site\/wp-content\/uploads\/2022\/11\/icone-professor-300x3002-1-50x50.png 50w, https:\/\/educaremt.com.br\/site\/wp-content\/uploads\/2022\/11\/icone-professor-300x3002-1-75x75.png 75w, https:\/\/educaremt.com.br\/site\/wp-content\/uploads\/2022\/11\/icone-professor-300x3002-1-85x85.png 85w, https:\/\/educaremt.com.br\/site\/wp-content\/uploads\/2022\/11\/icone-professor-300x3002-1-80x80.png 80w\" sizes=\"(max-width: 300px) 100vw, 300px\" \/><\/figure><div class=\"elementor-image-box-content\"><h3 class=\"elementor-image-box-title\">Professores Renomados<\/h3><\/div><\/div>\t\t<\/div>\n\t\t\t\t<\/div>\n\t\t\t\t\t<\/div>\n\t\t<\/div>\n\t\t\t\t\t<\/div>\n\t\t<\/section>\n\t\t\t\t<section class=\"elementor-section elementor-top-section elementor-element elementor-element-dd1ab4d elementor-section-boxed elementor-section-height-default elementor-section-height-default\" data-id=\"dd1ab4d\" data-element_type=\"section\">\n\t\t\t\t\t\t<div class=\"elementor-container elementor-column-gap-default\">\n\t\t\t\t\t<div class=\"elementor-column elementor-col-100 elementor-top-column elementor-element elementor-element-4dde60d\" data-id=\"4dde60d\" data-element_type=\"column\">\n\t\t\t<div class=\"elementor-widget-wrap elementor-element-populated\">\n\t\t\t\t\t\t<div class=\"elementor-element elementor-element-77ae856 elementor-widget elementor-widget-text-editor\" data-id=\"77ae856\" data-element_type=\"widget\" data-widget_type=\"text-editor.default\">\n\t\t\t\t<div class=\"elementor-widget-container\">\n\t\t\t\t\t\t\t<h3><\/h3>\n<h3><span style=\"color: #002D54;\"><strong>Objetivo:<\/strong><\/span><\/h3>\n<p align=\"justify\">Um dos grandes desafios que as organiza\u00e7\u00f5es atuais enfrentam \u00e9 a falta de profissionais devidamente formados para assumirem fun\u00e7\u00f5es que demandem o exerc\u00edcio da compet\u00eancia lideran\u00e7a. Preparar-se adequadamente, estar consciente dos dilemas e desafios deste caminho de carreira, conhecer ferramentas \u00fateis para o exerc\u00edcio da lideran\u00e7a e encontrar formas para o aprimoramento e desenvolvimento pessoal, far\u00e1 toda diferen\u00e7a em sua jornada profissional e pessoal.<\/p>\n<h3><strong style=\"color: #002D54; letter-spacing: 0px;\">P\u00fablico Alvo:<\/strong><\/h3>\n\nGraduados (Bacharelado, Licenciatura ou Tecn\u00f3logo) em qualquer \u00e1rea do conhecimento que buscam aprimoramento profissional.\t\t\t\t\t\t<\/div>\n\t\t\t\t<\/div>\n\t\t\t\t\t<\/div>\n\t\t<\/div>\n\t\t\t\t\t<\/div>\n\t\t<\/section>\n\t\t\t\t<section class=\"elementor-section elementor-top-section elementor-element elementor-element-d990834 elementor-section-boxed elementor-section-height-default elementor-section-height-default\" data-id=\"d990834\" data-element_type=\"section\">\n\t\t\t\t\t\t<div class=\"elementor-container elementor-column-gap-default\">\n\t\t\t\t\t<div class=\"elementor-column elementor-col-100 elementor-top-column elementor-element elementor-element-70afbf4\" data-id=\"70afbf4\" data-element_type=\"column\">\n\t\t\t<div class=\"elementor-widget-wrap elementor-element-populated\">\n\t\t\t\t\t\t<div class=\"elementor-element elementor-element-2926f90 elementor-widget elementor-widget-accordion\" data-id=\"2926f90\" data-element_type=\"widget\" data-settings=\"{&quot;_animation&quot;:&quot;none&quot;}\" data-widget_type=\"accordion.default\">\n\t\t\t\t<div class=\"elementor-widget-container\">\n\t\t\t\t\t<div class=\"elementor-accordion\">\n\t\t\t\t\t\t\t<div class=\"elementor-accordion-item\">\n\t\t\t\t\t<div id=\"elementor-tab-title-4311\" class=\"elementor-tab-title\" data-tab=\"1\" role=\"button\" aria-controls=\"elementor-tab-content-4311\" aria-expanded=\"false\">\n\t\t\t\t\t\t\t\t\t\t\t\t\t<span class=\"elementor-accordion-icon elementor-accordion-icon-right\" aria-hidden=\"true\">\n\t\t\t\t\t\t\t\t\t\t\t\t\t\t\t<span class=\"elementor-accordion-icon-closed\"><i class=\"fas fa-plus-square\"><\/i><\/span>\n\t\t\t\t\t\t\t\t<span class=\"elementor-accordion-icon-opened\"><i class=\"fas fa-minus-square\"><\/i><\/span>\n\t\t\t\t\t\t\t\t\t\t\t\t\t\t<\/span>\n\t\t\t\t\t\t\t\t\t\t\t\t<a class=\"elementor-accordion-title\" tabindex=\"0\">Veja a Grade Curricular<\/a>\n\t\t\t\t\t<\/div>\n\t\t\t\t\t<div id=\"elementor-tab-content-4311\" class=\"elementor-tab-content elementor-clearfix\" data-tab=\"1\" role=\"region\" aria-labelledby=\"elementor-tab-title-4311\"><p><strong><span style=\"color: #000000;\">ORIENTA\u00c7\u00c3O DE TCC &#8211; RELAT\u00d3RIO CIENT\u00cdFICO<\/span><\/strong><\/p><table><tbody><tr bgcolor=\"#E0FFFF\"><td style=\"text-align: left;\"><strong><span style=\"color: #000000;\">INTRODU\u00c7\u00c3O \u00c0 ADMINISTRA\u00c7\u00c3O ECLESI\u00c1STICA<\/span><\/strong><\/td><\/tr><tr><td style=\"text-align: left;\"><strong><span style=\"color: #000000;\">GEST\u00c3O DE PROCESSOS E MORDOMIA APLICADA \u00c0 LIDERAN\u00c7A PASTORAL<\/span><\/strong><\/td><\/tr><tr bgcolor=\"#E0FFFF\"><td style=\"text-align: left;\"><strong><span style=\"color: #000000;\">GEST\u00c3O DE ALTA PERFORMANCE<\/span><\/strong><\/td><\/tr><tr><td style=\"text-align: left;\"><strong><span style=\"color: #000000;\">INTELIG\u00caNCIA EMOCIONAL<\/span><\/strong><\/td><\/tr><tr bgcolor=\"#E0FFFF\"><td style=\"text-align: left;\"><strong><span style=\"color: #000000;\">COACHING E INTELIG\u00caNCIA EMOCIONAL I,II<\/span><\/strong><\/td><\/tr><tr><td style=\"text-align: left;\"><strong><span style=\"color: #000000;\">ESPIRITUALIDADE TRANSFORMADORA<\/span><\/strong><\/td><\/tr><tr bgcolor=\"#E0FFFF\"><td style=\"text-align: left;\"><strong><span style=\"color: #000000;\">MISS\u00c3O URBANA<\/span><\/strong><\/td><\/tr><tr><td style=\"text-align: left;\"><strong><span style=\"color: #000000;\">GEST\u00c3O E CUIDADOS DA VIDA PASTORAL<\/span><\/strong><\/td><\/tr><tr bgcolor=\"#E0FFFF\"><td style=\"text-align: left;\"><strong><span style=\"color: #000000;\">DESAFIOS CONTEMPOR\u00c2NEOS DA IGREJA<\/span><\/strong><\/td><\/tr><tr><td style=\"text-align: left;\"><strong><span style=\"color: #000000;\">REVITALIZA\u00c7\u00c3O E CRESCIMENTO INTEGRAL DA IGREJA<\/span><\/strong><\/td><\/tr><tr bgcolor=\"#E0FFFF\"><td style=\"text-align: left;\"><strong><span style=\"color: #000000;\">MEDIA\u00c7\u00c3O DE CONFLITOS E CUIDADO PASTORAL<\/span><\/strong><\/td><\/tr><tr><td style=\"text-align: left;\"><strong><span style=\"color: #000000;\">CONFIGURA\u00c7\u00d5ES E DESENVOLVIMENTO DA IGREJA<\/span><\/strong><\/td><\/tr><tr bgcolor=\"#E0FFFF\"><td style=\"text-align: left;\"><strong><span style=\"color: #000000;\">MENTORIA E CAPACITA\u00c7\u00c3O DE LIDERAN\u00c7A<\/span><\/strong><\/td><\/tr><tr><td style=\"text-align: left;\"><strong><span style=\"color: #000000;\">GEST\u00c3O DE MARCAS<\/span><\/strong><\/td><\/tr><tr bgcolor=\"#E0FFFF\"><td style=\"text-align: left;\"><strong><span style=\"color: #000000;\">AS REDES, M\u00cdDIAS SOCIAIS E ORAT\u00d3RIA CRIST\u00c3<\/span><\/strong><\/td><\/tr><tr bgcolor=\"#E0FFFF\"><td style=\"text-align: left;\"><strong><span style=\"color: #000000;\">ENTREGA DE RELAT\u00d3RIO CIENT\u00cdFICO<\/span><\/strong><\/td><\/tr><\/tbody><\/table><\/div>\n\t\t\t\t<\/div>\n\t\t\t\t\t\t\t\t<\/div>\n\t\t\t\t<\/div>\n\t\t\t\t<\/div>\n\t\t\t\t\t<\/div>\n\t\t<\/div>\n\t\t\t\t\t<\/div>\n\t\t<\/section>\n\t\t\t\t<section class=\"elementor-section elementor-top-section elementor-element elementor-element-4fa39cbd elementor-section-boxed elementor-section-height-default elementor-section-height-default\" data-id=\"4fa39cbd\" data-element_type=\"section\">\n\t\t\t\t\t\t<div class=\"elementor-container elementor-column-gap-default\">\n\t\t\t\t\t<div class=\"elementor-column elementor-col-50 elementor-top-column elementor-element elementor-element-48823b02\" data-id=\"48823b02\" data-element_type=\"column\">\n\t\t\t<div class=\"elementor-widget-wrap elementor-element-populated\">\n\t\t\t\t\t\t<div class=\"elementor-element elementor-element-65598af0 elementor-widget elementor-widget-heading\" data-id=\"65598af0\" data-element_type=\"widget\" data-widget_type=\"heading.default\">\n\t\t\t\t<div class=\"elementor-widget-container\">\n\t\t\t<h2 class=\"elementor-heading-title elementor-size-default\"><p align=\"justify\"><font style=\"vertical-align: inherit\"><font style=\"vertical-align: inherit\">  <\/font><\/font><span style=\"letter-spacing: 0px\">Tempo restante para realizar sua matr\u00edcula com condi\u00e7\u00f5es especiais.<\/span><span style=\"font-family: Roboto, sans-serif;font-size: 25px;font-weight: 600;letter-spacing: 0px\"><\/span><\/p><\/h2>\t\t<\/div>\n\t\t\t\t<\/div>\n\t\t\t\t<div class=\"elementor-element elementor-element-171a1c8b elementor-countdown--label-block elementor-widget elementor-widget-countdown\" data-id=\"171a1c8b\" data-element_type=\"widget\" data-widget_type=\"countdown.default\">\n\t\t\t\t<div class=\"elementor-widget-container\">\n\t\t\t\t\t<div data-evergreen-interval=\"86400\" class=\"elementor-countdown-wrapper\" data-date=\"\">\n\t\t\t<div class=\"elementor-countdown-item\"><span class=\"elementor-countdown-digits elementor-countdown-hours\"><\/span> <span class=\"elementor-countdown-label\">Horas<\/span><\/div><div class=\"elementor-countdown-item\"><span class=\"elementor-countdown-digits elementor-countdown-minutes\"><\/span> <span class=\"elementor-countdown-label\">Minutos<\/span><\/div><div class=\"elementor-countdown-item\"><span class=\"elementor-countdown-digits elementor-countdown-seconds\"><\/span> <span class=\"elementor-countdown-label\">Segundos<\/span><\/div>\t\t<\/div>\n\t\t\t\t<\/div>\n\t\t\t\t<\/div>\n\t\t\t\t<div class=\"elementor-element elementor-element-2b9c418 elementor-view-default elementor-widget elementor-widget-icon\" data-id=\"2b9c418\" data-element_type=\"widget\" data-widget_type=\"icon.default\">\n\t\t\t\t<div class=\"elementor-widget-container\">\n\t\t\t\t\t<div class=\"elementor-icon-wrapper\">\n\t\t\t<a class=\"elementor-icon\" href=\"https:\/\/educaremt.com.br\/2017\/area-pos\/area-teologia\/\">\n\t\t\t<i aria-hidden=\"true\" class=\"fas fa-backward\"><\/i>\t\t\t<\/a>\n\t\t<\/div>\n\t\t\t\t<\/div>\n\t\t\t\t<\/div>\n\t\t\t\t\t<\/div>\n\t\t<\/div>\n\t\t\t\t<div class=\"elementor-column elementor-col-50 elementor-top-column elementor-element elementor-element-6af96f22\" data-id=\"6af96f22\" data-element_type=\"column\">\n\t\t\t<div class=\"elementor-widget-wrap elementor-element-populated\">\n\t\t\t\t\t\t<div class=\"elementor-element elementor-element-f627ce5 elementor-button-align-stretch elementor-widget elementor-widget-form\" data-id=\"f627ce5\" data-element_type=\"widget\" id=\"idform\" data-settings=\"{&quot;step_next_label&quot;:&quot;Next&quot;,&quot;step_previous_label&quot;:&quot;Previous&quot;,&quot;button_width&quot;:&quot;100&quot;,&quot;step_type&quot;:&quot;number_text&quot;,&quot;step_icon_shape&quot;:&quot;circle&quot;}\" data-widget_type=\"form.default\">\n\t\t\t\t<div class=\"elementor-widget-container\">\n\t\t\t\t\t<form class=\"elementor-form\" method=\"post\" name=\"FormPosgraduacao\">\n\t\t\t<input type=\"hidden\" name=\"post_id\" value=\"3408\"\/>\n\t\t\t<input type=\"hidden\" name=\"form_id\" value=\"f627ce5\"\/>\n\t\t\t<input type=\"hidden\" name=\"referer_title\" value=\"\" \/>\n\n\t\t\t\n\t\t\t<div class=\"elementor-form-fields-wrapper elementor-labels-above\">\n\t\t\t\t\t\t\t\t<div class=\"elementor-field-type-text elementor-field-group elementor-column elementor-field-group-name elementor-col-100\">\n\t\t\t\t\t\t\t\t\t\t\t\t<label for=\"form-field-name\" class=\"elementor-field-label\">\n\t\t\t\t\t\t\t\tNome\t\t\t\t\t\t\t<\/label>\n\t\t\t\t\t\t\t\t\t\t\t\t\t\t<input size=\"1\" type=\"text\" name=\"form_fields[name]\" id=\"form-field-name\" class=\"elementor-field elementor-size-sm  elementor-field-textual\" placeholder=\"Nome\">\n\t\t\t\t\t\t\t\t\t\t\t<\/div>\n\t\t\t\t\t\t\t\t<div class=\"elementor-field-type-email elementor-field-group elementor-column elementor-field-group-email elementor-col-100 elementor-field-required\">\n\t\t\t\t\t\t\t\t\t\t\t\t<label for=\"form-field-email\" class=\"elementor-field-label\">\n\t\t\t\t\t\t\t\tE-mail\t\t\t\t\t\t\t<\/label>\n\t\t\t\t\t\t\t\t\t\t\t\t\t\t<input size=\"1\" type=\"email\" name=\"form_fields[email]\" id=\"form-field-email\" class=\"elementor-field elementor-size-sm  elementor-field-textual\" placeholder=\"e-mail\" required=\"required\" aria-required=\"true\">\n\t\t\t\t\t\t\t\t\t\t\t<\/div>\n\t\t\t\t\t\t\t\t<div class=\"elementor-field-type-tel elementor-field-group elementor-column elementor-field-group-field_e6e5fa5 elementor-col-100\">\n\t\t\t\t\t\t\t\t\t\t\t\t<label for=\"form-field-field_e6e5fa5\" class=\"elementor-field-label\">\n\t\t\t\t\t\t\t\tTelefone\t\t\t\t\t\t\t<\/label>\n\t\t\t\t\t\t\t\t<input size=\"1\" type=\"tel\" name=\"form_fields[field_e6e5fa5]\" id=\"form-field-field_e6e5fa5\" class=\"elementor-field elementor-size-sm  elementor-field-textual\" placeholder=\"Celular\" pattern=\"[0-9()#&amp;+*-=.]+\" title=\"Only numbers and phone characters (#, -, *, etc) are accepted.\">\n\n\t\t\t\t\t\t<\/div>\n\t\t\t\t\t\t\t\t<div class=\"elementor-field-group elementor-column elementor-field-type-submit elementor-col-100 e-form__buttons\">\n\t\t\t\t\t<button type=\"submit\" class=\"elementor-button elementor-size-sm\">\n\t\t\t\t\t\t<span >\n\t\t\t\t\t\t\t\t\t\t\t\t\t\t\t<span class=\" elementor-button-icon\">\n\t\t\t\t\t\t\t\t\t\t\t\t\t\t\t\t\t\t\t\t\t\t\t\t\t\t<\/span>\n\t\t\t\t\t\t\t\t\t\t\t\t\t\t\t\t\t\t\t\t\t\t<span class=\"elementor-button-text\">Enviar<\/span>\n\t\t\t\t\t\t\t\t\t\t\t\t\t<\/span>\n\t\t\t\t\t<\/button>\n\t\t\t\t<\/div>\n\t\t\t<\/div>\n\t\t<\/form>\n\t\t\t\t<\/div>\n\t\t\t\t<\/div>\n\t\t\t\t\t<\/div>\n\t\t<\/div>\n\t\t\t\t\t<\/div>\n\t\t<\/section>\n\t\t\t\t<\/div>\n\t\t","protected":false},"excerpt":{"rendered":"<p>\u25baMBA em Lideran\u00e7a Pastoral Matricule-se J\u00e1 ! Hor\u00e1rio: S\u00e1bado: 07h:30min \u00e0s 17h Domingo: 07h:30min \u00e0s 12h Suporte ao Aluno Carga Hor\u00e1ria 400 horas. Professores Renomados Objetivo:<span class=\"excerpt-hellip\"> [\u2026]<\/span><\/p>\n","protected":false},"author":1,"featured_media":0,"parent":0,"menu_order":0,"comment_status":"closed","ping_status":"closed","template":"","meta":{"footnotes":""},"class_list":["post-3408","page","type-page","status-publish","hentry"],"_links":{"self":[{"href":"https:\/\/educaremt.com.br\/site\/wp-json\/wp\/v2\/pages\/3408","targetHints":{"allow":["GET"]}}],"collection":[{"href":"https:\/\/educaremt.com.br\/site\/wp-json\/wp\/v2\/pages"}],"about":[{"href":"https:\/\/educaremt.com.br\/site\/wp-json\/wp\/v2\/types\/page"}],"author":[{"embeddable":true,"href":"https:\/\/educaremt.com.br\/site\/wp-json\/wp\/v2\/users\/1"}],"replies":[{"embeddable":true,"href":"https:\/\/educaremt.com.br\/site\/wp-json\/wp\/v2\/comments?post=3408"}],"version-history":[{"count":4,"href":"https:\/\/educaremt.com.br\/site\/wp-json\/wp\/v2\/pages\/3408\/revisions"}],"predecessor-version":[{"id":8380,"href":"https:\/\/educaremt.com.br\/site\/wp-json\/wp\/v2\/pages\/3408\/revisions\/8380"}],"wp:attachment":[{"href":"https:\/\/educaremt.com.br\/site\/wp-json\/wp\/v2\/media?parent=3408"}],"curies":[{"name":"wp","href":"https:\/\/api.w.org\/{rel}","templated":true}]}}