{"id":2709,"date":"2019-05-26T09:01:01","date_gmt":"2019-05-26T12:01:01","guid":{"rendered":"http:\/\/educaremt.com.br\/2017\/?page_id=2709"},"modified":"2023-05-10T15:16:22","modified_gmt":"2023-05-10T18:16:22","slug":"obesidade-emagrecimento","status":"publish","type":"page","link":"https:\/\/educaremt.com.br\/site\/obesidade-emagrecimento\/","title":{"rendered":"Obesidade e Emagrecimento"},"content":{"rendered":"\t\t<div data-elementor-type=\"wp-post\" data-elementor-id=\"2709\" class=\"elementor elementor-2709\">\n\t\t\t\t\t\t<section class=\"elementor-section elementor-top-section elementor-element elementor-element-5c18fbc elementor-section-boxed elementor-section-height-default elementor-section-height-default\" data-id=\"5c18fbc\" data-element_type=\"section\">\n\t\t\t\t\t\t<div class=\"elementor-container elementor-column-gap-default\">\n\t\t\t\t\t<div class=\"elementor-column elementor-col-66 elementor-top-column elementor-element elementor-element-c9cf68d\" data-id=\"c9cf68d\" data-element_type=\"column\">\n\t\t\t<div class=\"elementor-widget-wrap elementor-element-populated\">\n\t\t\t\t\t\t<div class=\"elementor-element elementor-element-ccc3e1c elementor-widget elementor-widget-text-editor\" data-id=\"ccc3e1c\" data-element_type=\"widget\" data-widget_type=\"text-editor.default\">\n\t\t\t\t<div class=\"elementor-widget-container\">\n\t\t\t\t\t\t\t<h3><span style=\"font-style: normal; font-variant-ligatures: normal; font-variant-caps: normal; letter-spacing: normal; color: #002d54;\"><span style=\"font-weight: bold;\">\u25ba Obesidade e Emagrecimento<\/span><\/span><\/h3>\t\t\t\t\t\t<\/div>\n\t\t\t\t<\/div>\n\t\t\t\t\t<\/div>\n\t\t<\/div>\n\t\t\t\t<div class=\"elementor-column elementor-col-33 elementor-top-column elementor-element elementor-element-727643a\" data-id=\"727643a\" data-element_type=\"column\">\n\t\t\t<div class=\"elementor-widget-wrap elementor-element-populated\">\n\t\t\t\t\t\t<div class=\"elementor-element elementor-element-3c45c9d elementor-widget elementor-widget-button\" data-id=\"3c45c9d\" data-element_type=\"widget\" data-widget_type=\"button.default\">\n\t\t\t\t<div class=\"elementor-widget-container\">\n\t\t\t\t\t\t\t<div class=\"elementor-button-wrapper\">\n\t\t\t\t\t<a class=\"elementor-button elementor-button-link elementor-size-sm\" href=\"#idform\">\n\t\t\t\t\t\t<span class=\"elementor-button-content-wrapper\">\n\t\t\t\t\t\t\t\t\t<span class=\"elementor-button-text\">Matricule-se J\u00e1 !<\/span>\n\t\t\t\t\t<\/span>\n\t\t\t\t\t<\/a>\n\t\t\t\t<\/div>\n\t\t\t\t\t\t<\/div>\n\t\t\t\t<\/div>\n\t\t\t\t\t<\/div>\n\t\t<\/div>\n\t\t\t\t\t<\/div>\n\t\t<\/section>\n\t\t\t\t<section class=\"elementor-section elementor-top-section elementor-element elementor-element-7044ff97 elementor-section-boxed elementor-section-height-default elementor-section-height-default\" data-id=\"7044ff97\" data-element_type=\"section\">\n\t\t\t\t\t\t<div class=\"elementor-container elementor-column-gap-default\">\n\t\t\t\t\t<div class=\"elementor-column elementor-col-25 elementor-top-column elementor-element elementor-element-3bd6509f\" data-id=\"3bd6509f\" data-element_type=\"column\">\n\t\t\t<div class=\"elementor-widget-wrap elementor-element-populated\">\n\t\t\t\t\t\t<div class=\"elementor-element elementor-element-3382949e elementor-view-default elementor-position-top elementor-mobile-position-top elementor-widget elementor-widget-icon-box\" data-id=\"3382949e\" data-element_type=\"widget\" data-widget_type=\"icon-box.default\">\n\t\t\t\t<div class=\"elementor-widget-container\">\n\t\t\t\t\t<div class=\"elementor-icon-box-wrapper\">\n\n\t\t\t\t\t\t<div class=\"elementor-icon-box-icon\">\n\t\t\t\t<span  class=\"elementor-icon elementor-animation-\">\n\t\t\t\t<i aria-hidden=\"true\" class=\"far fa-clock\"><\/i>\t\t\t\t<\/span>\n\t\t\t<\/div>\n\t\t\t\n\t\t\t\t\t\t<div class=\"elementor-icon-box-content\">\n\n\t\t\t\t\t\t\t\t\t<h3 class=\"elementor-icon-box-title\">\n\t\t\t\t\t\t<span  >\n\t\t\t\t\t\t\tHor\u00e1rio:\t\t\t\t\t\t<\/span>\n\t\t\t\t\t<\/h3>\n\t\t\t\t\n\t\t\t\t\t\t\t\t\t<p class=\"elementor-icon-box-description\">\n\t\t\t\t\t\tS\u00e1bado: 07h:30min \u00e0s 17h\nDomingo: 07h:30min \u00e0s 12h\t\t\t\t\t<\/p>\n\t\t\t\t\n\t\t\t<\/div>\n\t\t\t\n\t\t<\/div>\n\t\t\t\t<\/div>\n\t\t\t\t<\/div>\n\t\t\t\t\t<\/div>\n\t\t<\/div>\n\t\t\t\t<div class=\"elementor-column elementor-col-25 elementor-top-column elementor-element elementor-element-76599232\" data-id=\"76599232\" data-element_type=\"column\">\n\t\t\t<div class=\"elementor-widget-wrap elementor-element-populated\">\n\t\t\t\t\t\t<div class=\"elementor-element elementor-element-21637452 elementor-position-top elementor-widget elementor-widget-image-box\" data-id=\"21637452\" data-element_type=\"widget\" data-widget_type=\"image-box.default\">\n\t\t\t\t<div class=\"elementor-widget-container\">\n\t\t\t<div class=\"elementor-image-box-wrapper\"><figure class=\"elementor-image-box-img\"><img decoding=\"async\" src=\"https:\/\/educaremt.com.br\/2017\/wp-content\/uploads\/2021\/07\/icone-suporte.png\" title=\"\" alt=\"\" loading=\"lazy\" \/><\/figure><div class=\"elementor-image-box-content\"><h3 class=\"elementor-image-box-title\">Suporte ao Aluno<\/h3><\/div><\/div>\t\t<\/div>\n\t\t\t\t<\/div>\n\t\t\t\t\t<\/div>\n\t\t<\/div>\n\t\t\t\t<div class=\"elementor-column elementor-col-25 elementor-top-column elementor-element elementor-element-6c3ff3ea\" data-id=\"6c3ff3ea\" data-element_type=\"column\">\n\t\t\t<div class=\"elementor-widget-wrap elementor-element-populated\">\n\t\t\t\t\t\t<div class=\"elementor-element elementor-element-3ea29cdd elementor-view-default elementor-position-top elementor-mobile-position-top elementor-widget elementor-widget-icon-box\" data-id=\"3ea29cdd\" data-element_type=\"widget\" data-widget_type=\"icon-box.default\">\n\t\t\t\t<div class=\"elementor-widget-container\">\n\t\t\t\t\t<div class=\"elementor-icon-box-wrapper\">\n\n\t\t\t\t\t\t<div class=\"elementor-icon-box-icon\">\n\t\t\t\t<span  class=\"elementor-icon elementor-animation-\">\n\t\t\t\t<i aria-hidden=\"true\" class=\"fab fa-safari\"><\/i>\t\t\t\t<\/span>\n\t\t\t<\/div>\n\t\t\t\n\t\t\t\t\t\t<div class=\"elementor-icon-box-content\">\n\n\t\t\t\t\t\t\t\t\t<h3 class=\"elementor-icon-box-title\">\n\t\t\t\t\t\t<span  >\n\t\t\t\t\t\t\tCarga Hor\u00e1ria\t\t\t\t\t\t<\/span>\n\t\t\t\t\t<\/h3>\n\t\t\t\t\n\t\t\t\t\t\t\t\t\t<p class=\"elementor-icon-box-description\">\n\t\t\t\t\t\t400 horas.\t\t\t\t\t<\/p>\n\t\t\t\t\n\t\t\t<\/div>\n\t\t\t\n\t\t<\/div>\n\t\t\t\t<\/div>\n\t\t\t\t<\/div>\n\t\t\t\t\t<\/div>\n\t\t<\/div>\n\t\t\t\t<div class=\"elementor-column elementor-col-25 elementor-top-column elementor-element elementor-element-60e78b14\" data-id=\"60e78b14\" data-element_type=\"column\">\n\t\t\t<div class=\"elementor-widget-wrap elementor-element-populated\">\n\t\t\t\t\t\t<div class=\"elementor-element elementor-element-695fc58d elementor-position-top elementor-widget elementor-widget-image-box\" data-id=\"695fc58d\" data-element_type=\"widget\" data-widget_type=\"image-box.default\">\n\t\t\t\t<div class=\"elementor-widget-container\">\n\t\t\t<div class=\"elementor-image-box-wrapper\"><figure class=\"elementor-image-box-img\"><img fetchpriority=\"high\" decoding=\"async\" width=\"300\" height=\"300\" src=\"https:\/\/educaremt.com.br\/site\/wp-content\/uploads\/2022\/11\/icone-professor-300x3002-1.png\" class=\"attachment-full size-full wp-image-7504\" alt=\"\" srcset=\"https:\/\/educaremt.com.br\/site\/wp-content\/uploads\/2022\/11\/icone-professor-300x3002-1.png 300w, https:\/\/educaremt.com.br\/site\/wp-content\/uploads\/2022\/11\/icone-professor-300x3002-1-150x150.png 150w, https:\/\/educaremt.com.br\/site\/wp-content\/uploads\/2022\/11\/icone-professor-300x3002-1-146x146.png 146w, https:\/\/educaremt.com.br\/site\/wp-content\/uploads\/2022\/11\/icone-professor-300x3002-1-50x50.png 50w, https:\/\/educaremt.com.br\/site\/wp-content\/uploads\/2022\/11\/icone-professor-300x3002-1-75x75.png 75w, https:\/\/educaremt.com.br\/site\/wp-content\/uploads\/2022\/11\/icone-professor-300x3002-1-85x85.png 85w, https:\/\/educaremt.com.br\/site\/wp-content\/uploads\/2022\/11\/icone-professor-300x3002-1-80x80.png 80w\" sizes=\"(max-width: 300px) 100vw, 300px\" \/><\/figure><div class=\"elementor-image-box-content\"><h3 class=\"elementor-image-box-title\">Professores Renomados<\/h3><\/div><\/div>\t\t<\/div>\n\t\t\t\t<\/div>\n\t\t\t\t\t<\/div>\n\t\t<\/div>\n\t\t\t\t\t<\/div>\n\t\t<\/section>\n\t\t\t\t<section class=\"elementor-section elementor-top-section elementor-element elementor-element-dd1ab4d elementor-section-boxed elementor-section-height-default elementor-section-height-default\" data-id=\"dd1ab4d\" data-element_type=\"section\">\n\t\t\t\t\t\t<div class=\"elementor-container elementor-column-gap-default\">\n\t\t\t\t\t<div class=\"elementor-column elementor-col-100 elementor-top-column elementor-element elementor-element-4dde60d\" data-id=\"4dde60d\" data-element_type=\"column\">\n\t\t\t<div class=\"elementor-widget-wrap elementor-element-populated\">\n\t\t\t\t\t\t<div class=\"elementor-element elementor-element-77ae856 elementor-widget elementor-widget-text-editor\" data-id=\"77ae856\" data-element_type=\"widget\" data-widget_type=\"text-editor.default\">\n\t\t\t\t<div class=\"elementor-widget-container\">\n\t\t\t\t\t\t\t<h3><\/h3>\n<h3><span style=\"color: #002d54;\"><strong>Objetivo:<\/strong><\/span><\/h3>\n<p align=\"justify\">A obesidade vem sendo cada vez mais estudada e relatada como um dos problemas mais graves da sociedade moderna e urbanizada e tamb\u00e9m a respons\u00e1vel por uma s\u00e9rie de processos delet\u00e9rios decorrentes das v\u00e1rias doen\u00e7as cr\u00f4nico degenerativas. Tal fato torna-se ainda mais relevante diante da crescente constata\u00e7\u00e3o que abordagens farmacol\u00f3gicas e cir\u00fargicas s\u00e3o extremamente caras e proporcionalmente n\u00e3o apresentam o retorno esperado, tornando sua rela\u00e7\u00e3o custo-benef\u00edcio pouco interessante.Torna-se urgente para os profissionais da \u00e1rea da sa\u00fade encontrar m\u00e9todos alternativos para solucionar o problema da obesidade desenvolvendo novas metodologias para o emagrecimento.<\/p>\n<p align=\"justify\">Promover a forma\u00e7\u00e3o continuada, em n\u00edvel de p\u00f3s-gradua\u00e7\u00e3o lato-sensu, de profissionais de educa\u00e7\u00e3o f\u00edsica, nutri\u00e7\u00e3o e \u00e1reas afins, voltada para o desenvolvimento de estrat\u00e9gias de interven\u00e7\u00e3o alusiva \u00e0 preven\u00e7\u00e3o e tratamento da obesidade em diferentes fases e contextos do ciclo vital.<\/p>\n<p align=\"justify\">Estimular a conscientiza\u00e7\u00e3o do profissional, atrav\u00e9s de sua atua\u00e7\u00e3o t\u00e9cnico-pedag\u00f3gica no contexto social, fundamentado em uma melhor qualidade t\u00e9cnico-cient\u00edfica na \u00e1rea da sa\u00fade das popula\u00e7\u00f5es humanas principalmente em rela\u00e7\u00e3o \u00e0 obesidade e ao emagrecimento, no sentido de prepar\u00e1-lo para atuar com mais seguran\u00e7a e melhor padr\u00e3o profissional, tanto no atendimento direto ao cliente, quanto em institui\u00e7\u00f5es de ensino, lecionando e\/ou fomentando a produ\u00e7\u00e3o cient\u00edfica atrav\u00e9s da pesquisa.<\/p>\n\n<h3><span style=\"color: #002d54;\"><strong>P\u00fablico Alvo:<\/strong><\/span><\/h3>\n<p align=\"justify\">Este curso de P\u00f3s-Gradua\u00e7\u00e3o \u00e9 destinado aos Nutricionistas com habilita\u00e7\u00e3o em Bacharelado, uma vez que o curso cont\u00e9m disciplinas espec\u00edficas da forma\u00e7\u00e3o do nutricionista, al\u00e9m disso, qualquer outro profissional da sa\u00fade que realize este curso n\u00e3o ter\u00e1 aptid\u00e3o para exercer as atividades pertinentes ao nutricionista em nenhum momento.<\/p>\t\t\t\t\t\t<\/div>\n\t\t\t\t<\/div>\n\t\t\t\t\t<\/div>\n\t\t<\/div>\n\t\t\t\t\t<\/div>\n\t\t<\/section>\n\t\t\t\t<section class=\"elementor-section elementor-top-section elementor-element elementor-element-d990834 elementor-section-boxed elementor-section-height-default elementor-section-height-default\" data-id=\"d990834\" data-element_type=\"section\">\n\t\t\t\t\t\t<div class=\"elementor-container elementor-column-gap-default\">\n\t\t\t\t\t<div class=\"elementor-column elementor-col-100 elementor-top-column elementor-element elementor-element-70afbf4\" data-id=\"70afbf4\" data-element_type=\"column\">\n\t\t\t<div class=\"elementor-widget-wrap elementor-element-populated\">\n\t\t\t\t\t\t<div class=\"elementor-element elementor-element-2926f90 elementor-widget elementor-widget-accordion\" data-id=\"2926f90\" data-element_type=\"widget\" data-settings=\"{&quot;_animation&quot;:&quot;none&quot;}\" data-widget_type=\"accordion.default\">\n\t\t\t\t<div class=\"elementor-widget-container\">\n\t\t\t\t\t<div class=\"elementor-accordion\">\n\t\t\t\t\t\t\t<div class=\"elementor-accordion-item\">\n\t\t\t\t\t<div id=\"elementor-tab-title-4311\" class=\"elementor-tab-title\" data-tab=\"1\" role=\"button\" aria-controls=\"elementor-tab-content-4311\" aria-expanded=\"false\">\n\t\t\t\t\t\t\t\t\t\t\t\t\t<span class=\"elementor-accordion-icon elementor-accordion-icon-right\" aria-hidden=\"true\">\n\t\t\t\t\t\t\t\t\t\t\t\t\t\t\t<span class=\"elementor-accordion-icon-closed\"><i class=\"fas fa-plus-square\"><\/i><\/span>\n\t\t\t\t\t\t\t\t<span class=\"elementor-accordion-icon-opened\"><i class=\"fas fa-minus-square\"><\/i><\/span>\n\t\t\t\t\t\t\t\t\t\t\t\t\t\t<\/span>\n\t\t\t\t\t\t\t\t\t\t\t\t<a class=\"elementor-accordion-title\" tabindex=\"0\">Veja a Grade Curricular<\/a>\n\t\t\t\t\t<\/div>\n\t\t\t\t\t<div id=\"elementor-tab-content-4311\" class=\"elementor-tab-content elementor-clearfix\" data-tab=\"1\" role=\"region\" aria-labelledby=\"elementor-tab-title-4311\"><table><tbody><tr bgcolor=\"#E0FFFF\"><td style=\"text-align: left;\"><span style=\"color: #808080;\"><strong>AVALIA\u00c7\u00c3O, PREVEN\u00c7\u00c3O E TRATAMENTO DA OBESIDADE PARA O EMAGRECIMENTO<\/strong><\/span><\/td><\/tr><tr><td style=\"text-align: left;\"><span style=\"color: #000000;\"><strong>O TRATAMENTO CIR\u00daRGICO E FARMACOL\u00d3GICO DA OBESIDADE<\/strong><\/span><\/td><\/tr><tr bgcolor=\"#E0FFFF\"><td style=\"text-align: left;\"><span style=\"color: #000000;\"><strong>O TRATAMENTO DO OBESO COM HIPERTENS\u00c3O E DISLIPOPROTEINEMIAS<\/strong><\/span><\/td><\/tr><tr><td style=\"text-align: left;\"><span style=\"color: #000000;\"><strong>COMO PREVENIR, CLASSIFICAR E AVALIA\u00c7\u00c3O OS INDIV\u00cdDUOS COM SOBREPESO<\/strong><\/span><\/td><\/tr><tr bgcolor=\"#E0FFFF\"><td style=\"text-align: left;\"><span style=\"color: #000000;\"><strong>O TRATAMENTO DA OBESIDADE PELA DIETA<\/strong><\/span><\/td><\/tr><tr><td style=\"text-align: left;\"><span style=\"color: #000000;\"><strong>O TRATAMENTO DE INDIV\u00cdDUOS COM DIABETES DO TIPO 2<\/strong><\/span><\/td><\/tr><tr bgcolor=\"#E0FFFF\"><td style=\"text-align: left;\"><span style=\"color: #000000;\"><strong>O TRATAMENTO DA OBESIDADE PELO EXERC\u00cdCIO F\u00cdSICO<\/strong><\/span><\/td><\/tr><tr><td style=\"text-align: left;\"><span style=\"color: #808080;\"><strong>HIST\u00d3RICO DA PREVAL\u00caNCIA E DA DEFINI\u00c7\u00c3O DE OBESIDADE<\/strong><\/span><\/td><\/tr><tr bgcolor=\"#E0FFFF\"><td style=\"text-align: left;\"><span style=\"color: #000000;\"><strong>AVALIA\u00c7\u00c3O DA COMPOSI\u00c7\u00c3O CORPORAL LOCALIZADA E TOTAL DO CORPO HUMANO<\/strong><\/span><\/td><\/tr><tr><td style=\"text-align: left;\"><span style=\"color: #000000;\"><strong>DEFINI\u00c7\u00c3O E PROPOSTAS ATUAIS DA CLASSIFICA\u00c7\u00c3O DE OBESIDADE<\/strong><\/span><\/td><\/tr><tr bgcolor=\"#E0FFFF\"><td style=\"text-align: left;\"><span style=\"color: #000000;\"><strong>OBESIDADE NA INF\u00c2NCIA E NO ENVELHECIMENTO<\/strong><\/span><\/td><\/tr><tr><td style=\"text-align: left;\"><span style=\"color: #000000;\"><strong>OBESIDADE E DESORDENS ALIMENTARES<\/strong><\/span><\/td><\/tr><tr bgcolor=\"#E0FFFF\"><td style=\"text-align: left;\"><span style=\"color: #000000;\"><strong>OS ASPECTOS PSICOL\u00d3GICOS E COMPORTAMENTAIS DA OBESIDADE<\/strong><\/span><\/td><\/tr><tr><td style=\"text-align: left;\"><span style=\"color: #808080;\"><strong>ETIOLOGIA DA OBESIDADE<\/strong><\/span><\/td><\/tr><tr bgcolor=\"#E0FFFF\"><td style=\"text-align: left;\"><span style=\"color: #000000;\"><strong>O GASTO ENERG\u00c9TICO DE REPOUSO NA ATIVIDADE F\u00cdSICA E TOTAL<\/strong><\/span><\/td><\/tr><tr><td style=\"text-align: left;\"><span style=\"color: #000000;\"><strong>O EFEITO T\u00c9RMICO DO ALIMENTO<\/strong><\/span><\/td><\/tr><tr bgcolor=\"#E0FFFF\"><td style=\"text-align: left;\"><span style=\"color: #000000;\"><strong>A GEN\u00c9TICA DA OBESIDADE HUMANA<\/strong><\/span><\/td><\/tr><tr><td style=\"text-align: left;\"><span style=\"color: #000000;\"><strong>A GEN\u00c9TICA MOLECULAR DA OBESIDADE<\/strong><\/span><\/td><\/tr><tr bgcolor=\"#E0FFFF\"><td style=\"text-align: left;\"><span style=\"color: #000000;\"><strong>O CONTROLE DA COMPOSI\u00c7\u00c3O DA DIETA E DA INGEST\u00c3O DE ALIMENTOS EM HUMANOS E ESTUDOS EXPERIMENTAIS<\/strong><\/span><\/td><\/tr><tr><td style=\"text-align: left;\"><span style=\"color: #000000;\"><strong>AS DIVERSAS FUN\u00c7\u00d5ES DO TECIDO ADIPOSO NA REGULA\u00c7\u00c3O DA SISTEM\u00c1TICA METAB\u00d3LICA E DO BALAN\u00c7O CAL\u00d3RICO<\/strong><\/span><\/td><\/tr><tr bgcolor=\"#E0FFFF\"><td style=\"text-align: left;\"><span style=\"color: #000000;\"><strong>OS DETERMINANTES END\u00d3CRINOS DA OBESIDADE NO METABOLISMO E NO SISTEMA SIMPATOADRENAL<\/strong><\/span><\/td><\/tr><tr><td style=\"text-align: left;\"><span style=\"color: #000000;\"><strong>O GASTO ENERG\u00c9TICO E A OXIDA\u00c7\u00c3O DE SUBSTRATO NO M\u00daSCULO ESQUEL\u00c9TICO DE OBESOS<\/strong><\/span><\/td><\/tr><tr bgcolor=\"#E0FFFF\"><td style=\"text-align: left;\"><span style=\"color: #808080;\"><strong>FISIOPATOLOGIA DA OBESIDADE<\/strong><\/span><\/td><\/tr><tr><td style=\"text-align: left;\"><span style=\"color: #000000;\"><strong>A ETIOLOGIA DA S\u00cdNDROME METAB\u00d3LICA<\/strong><\/span><\/td><\/tr><tr bgcolor=\"#E0FFFF\"><td style=\"text-align: left;\"><span style=\"color: #000000;\"><strong>MANIFESTA\u00c7\u00d5ES CL\u00cdNICAS DA S\u00cdNDROME METAB\u00d3LICA<\/strong><\/span><\/td><\/tr><tr><td style=\"text-align: left;\"><span style=\"color: #000000;\"><strong>O EFEITO DA OBESIDADE NO SISTEMA IMUNOL\u00d3GICO<\/strong><\/span><\/td><\/tr><tr bgcolor=\"#E0FFFF\"><td style=\"text-align: left;\"><span style=\"color: #000000;\"><strong>O EFEITO DA OBESIDADE NO SISTEMA CARDIOVASCULAR<\/strong><\/span><\/td><\/tr><tr><td style=\"text-align: left;\"><span style=\"color: #000000;\"><strong>A REGULA\u00c7\u00c3O DA PRESS\u00c3O A<\/strong><\/span><\/td><\/tr><tr bgcolor=\"#E0FFFF\"><td style=\"text-align: left;\"><span style=\"color: #000000;\"><strong>O METABOLISMO DAS LIPOPROTE\u00cdNAS NA OBESIDADE<\/strong><\/span><\/td><\/tr><tr><td style=\"text-align: left;\"><span style=\"color: #000000;\"><strong>A OBESIDADE E O DIABETES<\/strong><\/span><\/td><\/tr><tr bgcolor=\"#E0FFFF\"><td style=\"text-align: left;\"><span style=\"color: #000000;\"><strong>ORIENTA\u00c7\u00c3O DE TCC \u2013 RELAT\u00d3RIO CIENT\u00cdFICO<\/strong><\/span><\/td><\/tr><tr><td style=\"text-align: left;\"><p><span style=\"color: #000000;\"><strong>ENTREGA DO RELAT\u00d3RIO CIENT\u00cdFICO<\/strong><\/span><\/p><\/td><\/tr><\/tbody><\/table><\/div>\n\t\t\t\t<\/div>\n\t\t\t\t\t\t\t\t<\/div>\n\t\t\t\t<\/div>\n\t\t\t\t<\/div>\n\t\t\t\t\t<\/div>\n\t\t<\/div>\n\t\t\t\t\t<\/div>\n\t\t<\/section>\n\t\t\t\t<section class=\"elementor-section elementor-top-section elementor-element elementor-element-71f17e6c elementor-section-boxed elementor-section-height-default elementor-section-height-default\" data-id=\"71f17e6c\" data-element_type=\"section\">\n\t\t\t\t\t\t<div class=\"elementor-container elementor-column-gap-default\">\n\t\t\t\t\t<div class=\"elementor-column elementor-col-50 elementor-top-column elementor-element elementor-element-6674dc9d\" data-id=\"6674dc9d\" data-element_type=\"column\">\n\t\t\t<div class=\"elementor-widget-wrap elementor-element-populated\">\n\t\t\t\t\t\t<div class=\"elementor-element elementor-element-1c8d4531 elementor-widget elementor-widget-heading\" data-id=\"1c8d4531\" data-element_type=\"widget\" data-widget_type=\"heading.default\">\n\t\t\t\t<div class=\"elementor-widget-container\">\n\t\t\t<h2 class=\"elementor-heading-title elementor-size-default\"><p align=\"justify\"><font style=\"vertical-align: inherit\"><font style=\"vertical-align: inherit\">  <\/font><\/font><span style=\"letter-spacing: 0px\">Tempo restante para realizar sua matr\u00edcula com condi\u00e7\u00f5es especiais.<\/span><span style=\"font-family: Roboto, sans-serif;font-size: 25px;font-weight: 600;letter-spacing: 0px\"><\/span><\/p><\/h2>\t\t<\/div>\n\t\t\t\t<\/div>\n\t\t\t\t<div class=\"elementor-element elementor-element-4afe19e9 elementor-countdown--label-block elementor-widget elementor-widget-countdown\" data-id=\"4afe19e9\" data-element_type=\"widget\" data-widget_type=\"countdown.default\">\n\t\t\t\t<div class=\"elementor-widget-container\">\n\t\t\t\t\t<div data-evergreen-interval=\"86400\" class=\"elementor-countdown-wrapper\" data-date=\"\">\n\t\t\t<div class=\"elementor-countdown-item\"><span class=\"elementor-countdown-digits elementor-countdown-hours\"><\/span> <span class=\"elementor-countdown-label\">Horas<\/span><\/div><div class=\"elementor-countdown-item\"><span class=\"elementor-countdown-digits elementor-countdown-minutes\"><\/span> <span class=\"elementor-countdown-label\">Minutos<\/span><\/div><div class=\"elementor-countdown-item\"><span class=\"elementor-countdown-digits elementor-countdown-seconds\"><\/span> <span class=\"elementor-countdown-label\">Segundos<\/span><\/div>\t\t<\/div>\n\t\t\t\t<\/div>\n\t\t\t\t<\/div>\n\t\t\t\t<div class=\"elementor-element elementor-element-2fd43a64 elementor-view-default elementor-widget elementor-widget-icon\" data-id=\"2fd43a64\" data-element_type=\"widget\" data-widget_type=\"icon.default\">\n\t\t\t\t<div class=\"elementor-widget-container\">\n\t\t\t\t\t<div class=\"elementor-icon-wrapper\">\n\t\t\t<a class=\"elementor-icon\" href=\"https:\/\/educaremt.com.br\/2017\/area-pos\/area-nutricao\/\">\n\t\t\t<i aria-hidden=\"true\" class=\"fas fa-backward\"><\/i>\t\t\t<\/a>\n\t\t<\/div>\n\t\t\t\t<\/div>\n\t\t\t\t<\/div>\n\t\t\t\t\t<\/div>\n\t\t<\/div>\n\t\t\t\t<div class=\"elementor-column elementor-col-50 elementor-top-column elementor-element elementor-element-56664add\" data-id=\"56664add\" data-element_type=\"column\">\n\t\t\t<div class=\"elementor-widget-wrap elementor-element-populated\">\n\t\t\t\t\t\t<div class=\"elementor-element elementor-element-5d9ce64b elementor-button-align-stretch elementor-widget elementor-widget-form\" data-id=\"5d9ce64b\" data-element_type=\"widget\" id=\"idform\" data-settings=\"{&quot;step_next_label&quot;:&quot;Next&quot;,&quot;step_previous_label&quot;:&quot;Previous&quot;,&quot;button_width&quot;:&quot;100&quot;,&quot;step_type&quot;:&quot;number_text&quot;,&quot;step_icon_shape&quot;:&quot;circle&quot;}\" data-widget_type=\"form.default\">\n\t\t\t\t<div class=\"elementor-widget-container\">\n\t\t\t\t\t<form class=\"elementor-form\" method=\"post\" name=\"FormPosgraduacao\">\n\t\t\t<input type=\"hidden\" name=\"post_id\" value=\"2709\"\/>\n\t\t\t<input type=\"hidden\" name=\"form_id\" value=\"5d9ce64b\"\/>\n\t\t\t<input type=\"hidden\" name=\"referer_title\" value=\"\" \/>\n\n\t\t\t\n\t\t\t<div class=\"elementor-form-fields-wrapper elementor-labels-above\">\n\t\t\t\t\t\t\t\t<div class=\"elementor-field-type-text elementor-field-group elementor-column elementor-field-group-name elementor-col-100\">\n\t\t\t\t\t\t\t\t\t\t\t\t<label for=\"form-field-name\" class=\"elementor-field-label\">\n\t\t\t\t\t\t\t\tNome\t\t\t\t\t\t\t<\/label>\n\t\t\t\t\t\t\t\t\t\t\t\t\t\t<input size=\"1\" type=\"text\" name=\"form_fields[name]\" id=\"form-field-name\" class=\"elementor-field elementor-size-sm  elementor-field-textual\" placeholder=\"Nome\">\n\t\t\t\t\t\t\t\t\t\t\t<\/div>\n\t\t\t\t\t\t\t\t<div class=\"elementor-field-type-email elementor-field-group elementor-column elementor-field-group-email elementor-col-100 elementor-field-required\">\n\t\t\t\t\t\t\t\t\t\t\t\t<label for=\"form-field-email\" class=\"elementor-field-label\">\n\t\t\t\t\t\t\t\tE-mail\t\t\t\t\t\t\t<\/label>\n\t\t\t\t\t\t\t\t\t\t\t\t\t\t<input size=\"1\" type=\"email\" name=\"form_fields[email]\" id=\"form-field-email\" class=\"elementor-field elementor-size-sm  elementor-field-textual\" placeholder=\"e-mail\" required=\"required\" aria-required=\"true\">\n\t\t\t\t\t\t\t\t\t\t\t<\/div>\n\t\t\t\t\t\t\t\t<div class=\"elementor-field-type-tel elementor-field-group elementor-column elementor-field-group-field_e6e5fa5 elementor-col-100\">\n\t\t\t\t\t\t\t\t\t\t\t\t<label for=\"form-field-field_e6e5fa5\" class=\"elementor-field-label\">\n\t\t\t\t\t\t\t\tTelefone\t\t\t\t\t\t\t<\/label>\n\t\t\t\t\t\t\t\t<input size=\"1\" type=\"tel\" name=\"form_fields[field_e6e5fa5]\" id=\"form-field-field_e6e5fa5\" class=\"elementor-field elementor-size-sm  elementor-field-textual\" placeholder=\"Celular\" pattern=\"[0-9()#&amp;+*-=.]+\" title=\"Only numbers and phone characters (#, -, *, etc) are accepted.\">\n\n\t\t\t\t\t\t<\/div>\n\t\t\t\t\t\t\t\t<div class=\"elementor-field-group elementor-column elementor-field-type-submit elementor-col-100 e-form__buttons\">\n\t\t\t\t\t<button type=\"submit\" class=\"elementor-button elementor-size-sm\">\n\t\t\t\t\t\t<span >\n\t\t\t\t\t\t\t\t\t\t\t\t\t\t\t<span class=\" elementor-button-icon\">\n\t\t\t\t\t\t\t\t\t\t\t\t\t\t\t\t\t\t\t\t\t\t\t\t\t\t<\/span>\n\t\t\t\t\t\t\t\t\t\t\t\t\t\t\t\t\t\t\t\t\t\t<span class=\"elementor-button-text\">Enviar<\/span>\n\t\t\t\t\t\t\t\t\t\t\t\t\t<\/span>\n\t\t\t\t\t<\/button>\n\t\t\t\t<\/div>\n\t\t\t<\/div>\n\t\t<\/form>\n\t\t\t\t<\/div>\n\t\t\t\t<\/div>\n\t\t\t\t\t<\/div>\n\t\t<\/div>\n\t\t\t\t\t<\/div>\n\t\t<\/section>\n\t\t\t\t<\/div>\n\t\t","protected":false},"excerpt":{"rendered":"<p>\u25ba Obesidade e Emagrecimento Matricule-se J\u00e1 ! Hor\u00e1rio: S\u00e1bado: 07h:30min \u00e0s 17h Domingo: 07h:30min \u00e0s 12h Suporte ao Aluno Carga Hor\u00e1ria 400 horas. Professores Renomados Objetivo:<span class=\"excerpt-hellip\"> [\u2026]<\/span><\/p>\n","protected":false},"author":1,"featured_media":0,"parent":0,"menu_order":0,"comment_status":"closed","ping_status":"closed","template":"","meta":{"footnotes":""},"class_list":["post-2709","page","type-page","status-publish","hentry"],"_links":{"self":[{"href":"https:\/\/educaremt.com.br\/site\/wp-json\/wp\/v2\/pages\/2709","targetHints":{"allow":["GET"]}}],"collection":[{"href":"https:\/\/educaremt.com.br\/site\/wp-json\/wp\/v2\/pages"}],"about":[{"href":"https:\/\/educaremt.com.br\/site\/wp-json\/wp\/v2\/types\/page"}],"author":[{"embeddable":true,"href":"https:\/\/educaremt.com.br\/site\/wp-json\/wp\/v2\/users\/1"}],"replies":[{"embeddable":true,"href":"https:\/\/educaremt.com.br\/site\/wp-json\/wp\/v2\/comments?post=2709"}],"version-history":[{"count":4,"href":"https:\/\/educaremt.com.br\/site\/wp-json\/wp\/v2\/pages\/2709\/revisions"}],"predecessor-version":[{"id":8319,"href":"https:\/\/educaremt.com.br\/site\/wp-json\/wp\/v2\/pages\/2709\/revisions\/8319"}],"wp:attachment":[{"href":"https:\/\/educaremt.com.br\/site\/wp-json\/wp\/v2\/media?parent=2709"}],"curies":[{"name":"wp","href":"https:\/\/api.w.org\/{rel}","templated":true}]}}