{"id":2026,"date":"2019-05-13T12:30:08","date_gmt":"2019-05-13T15:30:08","guid":{"rendered":"http:\/\/educaremt.com.br\/2017\/?page_id=2026"},"modified":"2022-04-01T13:17:41","modified_gmt":"2022-04-01T16:17:41","slug":"enfermagem-adulto-infantil","status":"publish","type":"page","link":"https:\/\/educaremt.com.br\/site\/enfermagem-adulto-infantil\/","title":{"rendered":"Enfermagem em UTI: Adulto e Infantil"},"content":{"rendered":"\t\t<div data-elementor-type=\"wp-post\" data-elementor-id=\"2026\" class=\"elementor elementor-2026\">\n\t\t\t\t\t\t<section class=\"elementor-section elementor-top-section elementor-element elementor-element-5c18fbc elementor-section-boxed elementor-section-height-default elementor-section-height-default\" data-id=\"5c18fbc\" data-element_type=\"section\">\n\t\t\t\t\t\t<div class=\"elementor-container elementor-column-gap-default\">\n\t\t\t\t\t<div class=\"elementor-column elementor-col-66 elementor-top-column elementor-element elementor-element-c9cf68d\" data-id=\"c9cf68d\" data-element_type=\"column\">\n\t\t\t<div class=\"elementor-widget-wrap elementor-element-populated\">\n\t\t\t\t\t\t<div class=\"elementor-element elementor-element-ccc3e1c elementor-widget elementor-widget-text-editor\" data-id=\"ccc3e1c\" data-element_type=\"widget\" data-widget_type=\"text-editor.default\">\n\t\t\t\t<div class=\"elementor-widget-container\">\n\t\t\t\t\t\t\t<h3 style=\"font-style: normal; font-variant-ligatures: normal; font-variant-caps: normal; letter-spacing: normal;\"><span style=\"color: #002d54;\"><span style=\"font-weight: bold;\">\u25ba Enfermagem em UTI: Adulto e Infantil<\/span><\/span><\/h3>\t\t\t\t\t\t<\/div>\n\t\t\t\t<\/div>\n\t\t\t\t\t<\/div>\n\t\t<\/div>\n\t\t\t\t<div class=\"elementor-column elementor-col-33 elementor-top-column elementor-element elementor-element-727643a\" data-id=\"727643a\" data-element_type=\"column\">\n\t\t\t<div class=\"elementor-widget-wrap elementor-element-populated\">\n\t\t\t\t\t\t<div class=\"elementor-element elementor-element-3c45c9d elementor-widget elementor-widget-button\" data-id=\"3c45c9d\" data-element_type=\"widget\" data-widget_type=\"button.default\">\n\t\t\t\t<div class=\"elementor-widget-container\">\n\t\t\t\t\t\t\t<div class=\"elementor-button-wrapper\">\n\t\t\t\t\t<a class=\"elementor-button elementor-button-link elementor-size-sm\" href=\"#idform\">\n\t\t\t\t\t\t<span class=\"elementor-button-content-wrapper\">\n\t\t\t\t\t\t\t\t\t<span class=\"elementor-button-text\">Matricule-se J\u00e1 !<\/span>\n\t\t\t\t\t<\/span>\n\t\t\t\t\t<\/a>\n\t\t\t\t<\/div>\n\t\t\t\t\t\t<\/div>\n\t\t\t\t<\/div>\n\t\t\t\t\t<\/div>\n\t\t<\/div>\n\t\t\t\t\t<\/div>\n\t\t<\/section>\n\t\t\t\t<section class=\"elementor-section elementor-top-section elementor-element elementor-element-57559b17 elementor-section-boxed elementor-section-height-default elementor-section-height-default\" data-id=\"57559b17\" data-element_type=\"section\">\n\t\t\t\t\t\t<div class=\"elementor-container elementor-column-gap-default\">\n\t\t\t\t\t<div class=\"elementor-column elementor-col-25 elementor-top-column elementor-element elementor-element-13fd57a6\" data-id=\"13fd57a6\" data-element_type=\"column\">\n\t\t\t<div class=\"elementor-widget-wrap elementor-element-populated\">\n\t\t\t\t\t\t<div class=\"elementor-element elementor-element-1ca6d562 elementor-view-default elementor-position-top elementor-mobile-position-top elementor-widget elementor-widget-icon-box\" data-id=\"1ca6d562\" data-element_type=\"widget\" data-widget_type=\"icon-box.default\">\n\t\t\t\t<div class=\"elementor-widget-container\">\n\t\t\t\t\t<div class=\"elementor-icon-box-wrapper\">\n\n\t\t\t\t\t\t<div class=\"elementor-icon-box-icon\">\n\t\t\t\t<span  class=\"elementor-icon elementor-animation-\">\n\t\t\t\t<i aria-hidden=\"true\" class=\"far fa-clock\"><\/i>\t\t\t\t<\/span>\n\t\t\t<\/div>\n\t\t\t\n\t\t\t\t\t\t<div class=\"elementor-icon-box-content\">\n\n\t\t\t\t\t\t\t\t\t<h3 class=\"elementor-icon-box-title\">\n\t\t\t\t\t\t<span  >\n\t\t\t\t\t\t\tHor\u00e1rio:\t\t\t\t\t\t<\/span>\n\t\t\t\t\t<\/h3>\n\t\t\t\t\n\t\t\t\t\t\t\t\t\t<p class=\"elementor-icon-box-description\">\n\t\t\t\t\t\tS\u00e1bado: 07h:30min \u00e0s 17h\nDomingo: 07h:30min \u00e0s 12h\t\t\t\t\t<\/p>\n\t\t\t\t\n\t\t\t<\/div>\n\t\t\t\n\t\t<\/div>\n\t\t\t\t<\/div>\n\t\t\t\t<\/div>\n\t\t\t\t\t<\/div>\n\t\t<\/div>\n\t\t\t\t<div class=\"elementor-column elementor-col-25 elementor-top-column elementor-element elementor-element-4807640\" data-id=\"4807640\" data-element_type=\"column\">\n\t\t\t<div class=\"elementor-widget-wrap elementor-element-populated\">\n\t\t\t\t\t\t<div class=\"elementor-element elementor-element-37963dc8 elementor-position-top elementor-widget elementor-widget-image-box\" data-id=\"37963dc8\" data-element_type=\"widget\" data-widget_type=\"image-box.default\">\n\t\t\t\t<div class=\"elementor-widget-container\">\n\t\t\t<div class=\"elementor-image-box-wrapper\"><figure class=\"elementor-image-box-img\"><img decoding=\"async\" src=\"https:\/\/educaremt.com.br\/2017\/wp-content\/uploads\/2021\/07\/icone-suporte.png\" title=\"\" alt=\"\" loading=\"lazy\" \/><\/figure><div class=\"elementor-image-box-content\"><h3 class=\"elementor-image-box-title\">Suporte ao Aluno<\/h3><\/div><\/div>\t\t<\/div>\n\t\t\t\t<\/div>\n\t\t\t\t\t<\/div>\n\t\t<\/div>\n\t\t\t\t<div class=\"elementor-column elementor-col-25 elementor-top-column elementor-element elementor-element-1201f643\" data-id=\"1201f643\" data-element_type=\"column\">\n\t\t\t<div class=\"elementor-widget-wrap elementor-element-populated\">\n\t\t\t\t\t\t<div class=\"elementor-element elementor-element-146d2ecb elementor-view-default elementor-position-top elementor-mobile-position-top elementor-widget elementor-widget-icon-box\" data-id=\"146d2ecb\" data-element_type=\"widget\" data-widget_type=\"icon-box.default\">\n\t\t\t\t<div class=\"elementor-widget-container\">\n\t\t\t\t\t<div class=\"elementor-icon-box-wrapper\">\n\n\t\t\t\t\t\t<div class=\"elementor-icon-box-icon\">\n\t\t\t\t<span  class=\"elementor-icon elementor-animation-\">\n\t\t\t\t<i aria-hidden=\"true\" class=\"fab fa-safari\"><\/i>\t\t\t\t<\/span>\n\t\t\t<\/div>\n\t\t\t\n\t\t\t\t\t\t<div class=\"elementor-icon-box-content\">\n\n\t\t\t\t\t\t\t\t\t<h3 class=\"elementor-icon-box-title\">\n\t\t\t\t\t\t<span  >\n\t\t\t\t\t\t\tCarga Hor\u00e1ria\t\t\t\t\t\t<\/span>\n\t\t\t\t\t<\/h3>\n\t\t\t\t\n\t\t\t\t\t\t\t\t\t<p class=\"elementor-icon-box-description\">\n\t\t\t\t\t\t460 horas.\t\t\t\t\t<\/p>\n\t\t\t\t\n\t\t\t<\/div>\n\t\t\t\n\t\t<\/div>\n\t\t\t\t<\/div>\n\t\t\t\t<\/div>\n\t\t\t\t\t<\/div>\n\t\t<\/div>\n\t\t\t\t<div class=\"elementor-column elementor-col-25 elementor-top-column elementor-element elementor-element-3f995a6d\" data-id=\"3f995a6d\" data-element_type=\"column\">\n\t\t\t<div class=\"elementor-widget-wrap elementor-element-populated\">\n\t\t\t\t\t\t<div class=\"elementor-element elementor-element-6da4edf2 elementor-position-top elementor-widget elementor-widget-image-box\" data-id=\"6da4edf2\" data-element_type=\"widget\" data-widget_type=\"image-box.default\">\n\t\t\t\t<div class=\"elementor-widget-container\">\n\t\t\t<div class=\"elementor-image-box-wrapper\"><figure class=\"elementor-image-box-img\"><img decoding=\"async\" src=\"https:\/\/educaremt.com.br\/2017\/wp-content\/uploads\/2021\/07\/icone-professor.png\" title=\"\" alt=\"\" loading=\"lazy\" \/><\/figure><div class=\"elementor-image-box-content\"><h3 class=\"elementor-image-box-title\">Professores Renomados<\/h3><\/div><\/div>\t\t<\/div>\n\t\t\t\t<\/div>\n\t\t\t\t\t<\/div>\n\t\t<\/div>\n\t\t\t\t\t<\/div>\n\t\t<\/section>\n\t\t\t\t<section class=\"elementor-section elementor-top-section elementor-element elementor-element-dd1ab4d elementor-section-boxed elementor-section-height-default elementor-section-height-default\" data-id=\"dd1ab4d\" data-element_type=\"section\">\n\t\t\t\t\t\t<div class=\"elementor-container elementor-column-gap-default\">\n\t\t\t\t\t<div class=\"elementor-column elementor-col-100 elementor-top-column elementor-element elementor-element-4dde60d\" data-id=\"4dde60d\" data-element_type=\"column\">\n\t\t\t<div class=\"elementor-widget-wrap elementor-element-populated\">\n\t\t\t\t\t\t<div class=\"elementor-element elementor-element-77ae856 elementor-widget elementor-widget-text-editor\" data-id=\"77ae856\" data-element_type=\"widget\" data-widget_type=\"text-editor.default\">\n\t\t\t\t<div class=\"elementor-widget-container\">\n\t\t\t\t\t\t\t<h3><\/h3>\n<h3><span style=\"color: #002d54;\"><strong>Objetivo:<\/strong><\/span><\/h3>\nAprofundar o conhecimento te\u00f3rico-pr\u00e1tico do cuidado ao paciente neonato, pedi\u00e1trico e adulto em estado cr\u00edtico de sa\u00fade, em Unidade de Terapia Intensiva, seguindo os princ\u00edpios da \u00e9tica e bio\u00e9tica.*Aprimorar o saber do profissional enfermeiro para atuar em uma \u00e1rea em unidades de atendimento de alta complexidade, que concentra recursos humanos e tecnol\u00f3gicos especializados;* Capacitar o profissional enfermeiro para cuidar de pacientes em diferentes situa\u00e7\u00f5es cr\u00edticas em UTI, desenvolvendo uma pr\u00e1tica segura, fundamentada em evid\u00eancias, tendo como princ\u00edpio a Sistematiza\u00e7\u00e3o da Assist\u00eancia de Enfermagem e os princ\u00edpios da seguran\u00e7a e da qualidade do cuidado;* Promover a reflex\u00e3o e discuss\u00e3o sobre a realidade das unidades de terapia intensiva e de atendimento ao paciente gravemente enfermo, buscando alternativas para um cuidado que busca a solu\u00e7\u00f5es dos problemas relacionado;* Fortalecer e estimular o comportamento \u00e9tico e human\u00edstico nas rela\u00e7\u00f5es interpessoais que envolvem o cotidiano das unidades de terapia intensiva (equipe, fam\u00edlia, paciente).\n<h3><span style=\"color: #002d54;\"><strong>P\u00fablico Alvo:<\/strong><\/span><\/h3>\nPortadores do diploma de gradua\u00e7\u00e3o em Enfermagem.\t\t\t\t\t\t<\/div>\n\t\t\t\t<\/div>\n\t\t\t\t\t<\/div>\n\t\t<\/div>\n\t\t\t\t\t<\/div>\n\t\t<\/section>\n\t\t\t\t<section class=\"elementor-section elementor-top-section elementor-element elementor-element-d990834 elementor-section-boxed elementor-section-height-default elementor-section-height-default\" data-id=\"d990834\" data-element_type=\"section\">\n\t\t\t\t\t\t<div class=\"elementor-container elementor-column-gap-default\">\n\t\t\t\t\t<div class=\"elementor-column elementor-col-100 elementor-top-column elementor-element elementor-element-70afbf4\" data-id=\"70afbf4\" data-element_type=\"column\">\n\t\t\t<div class=\"elementor-widget-wrap elementor-element-populated\">\n\t\t\t\t\t\t<div class=\"elementor-element elementor-element-2926f90 elementor-widget elementor-widget-accordion\" data-id=\"2926f90\" data-element_type=\"widget\" data-settings=\"{&quot;_animation&quot;:&quot;none&quot;}\" data-widget_type=\"accordion.default\">\n\t\t\t\t<div class=\"elementor-widget-container\">\n\t\t\t\t\t<div class=\"elementor-accordion\">\n\t\t\t\t\t\t\t<div class=\"elementor-accordion-item\">\n\t\t\t\t\t<div id=\"elementor-tab-title-4311\" class=\"elementor-tab-title\" data-tab=\"1\" role=\"button\" aria-controls=\"elementor-tab-content-4311\" aria-expanded=\"false\">\n\t\t\t\t\t\t\t\t\t\t\t\t\t<span class=\"elementor-accordion-icon elementor-accordion-icon-right\" aria-hidden=\"true\">\n\t\t\t\t\t\t\t\t\t\t\t\t\t\t\t<span class=\"elementor-accordion-icon-closed\"><i class=\"fas fa-plus-square\"><\/i><\/span>\n\t\t\t\t\t\t\t\t<span class=\"elementor-accordion-icon-opened\"><i class=\"fas fa-minus-square\"><\/i><\/span>\n\t\t\t\t\t\t\t\t\t\t\t\t\t\t<\/span>\n\t\t\t\t\t\t\t\t\t\t\t\t<a class=\"elementor-accordion-title\" tabindex=\"0\">Veja a Grade Curricular<\/a>\n\t\t\t\t\t<\/div>\n\t\t\t\t\t<div id=\"elementor-tab-content-4311\" class=\"elementor-tab-content elementor-clearfix\" data-tab=\"1\" role=\"region\" aria-labelledby=\"elementor-tab-title-4311\"><table>\n<tbody>\n<tr bgcolor=\"#E0FFFF\">\n<td style=\"text-align: left;\"><span style=\"color: #333333;\"><strong>O PAPEL PROFISSIONAL DO ENFERMEIRO DE UNIDADE INTENSIVA E GERENCIAMENTO DE ENFERMAGEM<\/strong><\/span><\/td>\n<\/tr>\n<tr>\n<td style=\"text-align: left;\"><span style=\"color: #333333;\"><strong>HUMANIZA\u00c7\u00c3O E \u00c9TICA NA UTI<\/strong><\/span><\/td>\n<\/tr>\n<tr bgcolor=\"#E0FFFF\">\n<td style=\"text-align: left;\"><span style=\"color: #333333;\"><strong>BIOSSEGURAN\u00c7A E CONTROLE DE INFEC\u00c7\u00c3O NA UTI<\/strong><\/span><\/td>\n<\/tr>\n<tr>\n<td style=\"text-align: left;\"><span style=\"color: #333333;\"><strong>GERENCIAMENTO E SAE \u2013 SISTEMATIZA\u00c7\u00c3O DA ASSIST\u00caNCIA EM ENFERMAGEM DE UMA UTIN E UTIP<\/strong><\/span><\/td>\n<\/tr>\n<tr bgcolor=\"#E0FFFF\">\n<td style=\"text-align: left;\"><span style=\"color: #333333;\"><strong>FARMACOLOGIA APLICADA \u00c0 NEONATOLOGIA E PEDIATRIA NO CEN\u00c1RIO INTENSIVISTA<\/strong><\/span><\/td>\n<\/tr>\n<tr>\n<td style=\"text-align: left;\"><span style=\"color: #333333;\"><strong>EMERG\u00caNCIAS PEDI\u00c1TRICAS<\/strong><\/span><\/td>\n<\/tr>\n<tr bgcolor=\"#E0FFFF\">\n<td style=\"text-align: left;\"><span style=\"color: #333333;\"><strong>PR\u00c1TICAS EM UTI NEONATAL E PEDI\u00c1TRICA<\/strong><\/span><\/td>\n<\/tr>\n<tr>\n<td style=\"text-align: left;\"><span style=\"color: #333333;\"><strong>AUDITORIA E FATURAMENTO EM UTI<\/strong><\/span><\/td>\n<\/tr>\n<tr bgcolor=\"#E0FFFF\">\n<td style=\"text-align: left;\"><span style=\"color: #333333;\"><strong>SISTEMATIZA\u00c7\u00c3O DA ASSIST\u00caNCIA DE ENFERMAGEM AO PACIENTE COM DISFUN\u00c7\u00d5ES CARDIOVASCULARES I e II<\/strong><\/span><\/td>\n<\/tr>\n<tr>\n<td style=\"text-align: left;\"><span style=\"color: #333333;\"><strong>SISTEMATIZA\u00c7\u00c3O DA ASSIST\u00caNCIA DE ENFERMAGEM NO NEFROINTENSIVISMO<\/strong><\/span><\/td>\n<\/tr>\n<tr bgcolor=\"#E0FFFF\">\n<td style=\"text-align: left;\"><span style=\"color: #333333;\"><strong>ASSIST\u00caNCIA AO PACIENTE CR\u00cdTICO FRENTE \u00c0S ALTERA\u00c7\u00d5ES DO SISTEMA RESPIRAT\u00d3RIO E METAB\u00d3LICO<\/strong><\/span><\/td>\n<\/tr>\n<tr>\n<td style=\"text-align: left;\"><span style=\"color: #333333;\"><strong>ASSIST\u00caNCIA AO PACIENTE CR\u00cdTICO FRENTE \u00c0S ALTERA\u00c7\u00d5ES DO SISTEMA RESPIRAT\u00d3RIO E METAB\u00d3LICO<\/strong><\/span><\/td>\n<\/tr>\n<tr bgcolor=\"#E0FFFF\">\n<td style=\"text-align: left;\"><span style=\"color: #333333;\"><strong>SISTEMA NEUROL\u00d3GICO<\/strong><\/span><\/td>\n<\/tr>\n<tr>\n<td style=\"text-align: left;\"><span style=\"color: #333333;\"><strong>SISTEMA HEMATOL\u00d3GICO<\/strong><\/span><\/td>\n<\/tr>\n<tr bgcolor=\"#E0FFFF\">\n<td style=\"text-align: left;\"><span style=\"color: #333333;\"><strong>SUPORTE NUTRICIONAL<\/strong><\/span><\/td>\n<\/tr>\n<tr>\n<td style=\"text-align: left;\"><span style=\"color: #333333;\"><strong>ASSIST\u00caNCIA AO PACIENTE CR\u00cdTICO POLI TRAUMATIZADO<\/strong><\/span><\/td>\n<\/tr>\n<tr bgcolor=\"#E0FFFF\">\n<td style=\"text-align: left;\"><span style=\"color: #333333;\"><strong>SISTEMATIZA\u00c7\u00c3O DA ASSIST\u00caNCIA DE ENFERMAGEM AO PACIENTE NA ANALGESIA, SEDA\u00c7\u00c3O<\/strong><\/span><\/td>\n<\/tr>\n<tr>\n<td style=\"text-align: left;\"><span style=\"color: #333333;\"><strong>MONITORIZA\u00c7\u00c3O INVASIVA E N\u00c3O INVASIVA DO PACIENTE CRITICAMENTE ENFERMO.<\/strong><\/span><\/td>\n<\/tr>\n<tr bgcolor=\"#E0FFFF\">\n<td style=\"text-align: left;\"><span style=\"color: #333333;\"><strong>EST\u00c1GIO E VIVENCIAS PR\u00c1TICAS EM UTI<\/strong><\/span><\/td>\n<\/tr>\n<tr>\n<td style=\"text-align: left;\"><span style=\"color: #333333;\"><strong>METODOLOGIA DA PESQUISA CIENT\u00cdFICA -EaD<\/strong><\/span><\/td>\n<\/tr>\n<tr bgcolor=\"#E0FFFF\">\n<td style=\"text-align: left;\"><span style=\"color: #333333;\"><strong>ORIENTA\u00c7\u00c3O DE TCC-RELAT\u00d3RIO CIENT\u00cdFICO<\/strong><\/span><\/td>\n<\/tr>\n<tr>\n<td style=\"text-align: left;\"><span style=\"color: #333333;\"><strong>SEMIN\u00c1RIO DE MONOGRAFIAS<\/strong><\/span><\/td>\n<\/tr>\n<\/tbody>\n<\/table>\n<p>\u00a0<\/p><\/div>\n\t\t\t\t<\/div>\n\t\t\t\t\t\t\t\t<\/div>\n\t\t\t\t<\/div>\n\t\t\t\t<\/div>\n\t\t\t\t\t<\/div>\n\t\t<\/div>\n\t\t\t\t\t<\/div>\n\t\t<\/section>\n\t\t\t\t<section class=\"elementor-section elementor-top-section elementor-element elementor-element-4e1ebf59 elementor-section-boxed elementor-section-height-default elementor-section-height-default\" data-id=\"4e1ebf59\" data-element_type=\"section\">\n\t\t\t\t\t\t<div class=\"elementor-container elementor-column-gap-default\">\n\t\t\t\t\t<div class=\"elementor-column elementor-col-50 elementor-top-column elementor-element elementor-element-1d3610ff\" data-id=\"1d3610ff\" data-element_type=\"column\">\n\t\t\t<div class=\"elementor-widget-wrap elementor-element-populated\">\n\t\t\t\t\t\t<div class=\"elementor-element elementor-element-40091b4d elementor-widget elementor-widget-heading\" data-id=\"40091b4d\" data-element_type=\"widget\" data-widget_type=\"heading.default\">\n\t\t\t\t<div class=\"elementor-widget-container\">\n\t\t\t<h2 class=\"elementor-heading-title elementor-size-default\"><p align=\"justify\"><font style=\"vertical-align: inherit\"><font style=\"vertical-align: inherit\">  <\/font><\/font><span style=\"letter-spacing: 0px\">Tempo restante para realizar sua matr\u00edcula com condi\u00e7\u00f5es especiais.<\/span><span style=\"font-family: Roboto, sans-serif;font-size: 25px;font-weight: 600;letter-spacing: 0px\"><\/span><\/p><\/h2>\t\t<\/div>\n\t\t\t\t<\/div>\n\t\t\t\t<div class=\"elementor-element elementor-element-308c38af elementor-countdown--label-block elementor-widget elementor-widget-countdown\" data-id=\"308c38af\" data-element_type=\"widget\" data-widget_type=\"countdown.default\">\n\t\t\t\t<div class=\"elementor-widget-container\">\n\t\t\t\t\t<div data-evergreen-interval=\"86400\" class=\"elementor-countdown-wrapper\" data-date=\"\">\n\t\t\t<div class=\"elementor-countdown-item\"><span class=\"elementor-countdown-digits elementor-countdown-hours\"><\/span> <span class=\"elementor-countdown-label\">Horas<\/span><\/div><div class=\"elementor-countdown-item\"><span class=\"elementor-countdown-digits elementor-countdown-minutes\"><\/span> <span class=\"elementor-countdown-label\">Minutos<\/span><\/div><div class=\"elementor-countdown-item\"><span class=\"elementor-countdown-digits elementor-countdown-seconds\"><\/span> <span class=\"elementor-countdown-label\">Segundos<\/span><\/div>\t\t<\/div>\n\t\t\t\t<\/div>\n\t\t\t\t<\/div>\n\t\t\t\t<div class=\"elementor-element elementor-element-5163f4bf elementor-view-default elementor-widget elementor-widget-icon\" data-id=\"5163f4bf\" data-element_type=\"widget\" data-widget_type=\"icon.default\">\n\t\t\t\t<div class=\"elementor-widget-container\">\n\t\t\t\t\t<div class=\"elementor-icon-wrapper\">\n\t\t\t<a class=\"elementor-icon\" href=\"https:\/\/educaremt.com.br\/site\/area-pos\/area-enfermagem\/\">\n\t\t\t<i aria-hidden=\"true\" class=\"fas fa-backward\"><\/i>\t\t\t<\/a>\n\t\t<\/div>\n\t\t\t\t<\/div>\n\t\t\t\t<\/div>\n\t\t\t\t\t<\/div>\n\t\t<\/div>\n\t\t\t\t<div class=\"elementor-column elementor-col-50 elementor-top-column elementor-element elementor-element-6dd39326\" data-id=\"6dd39326\" data-element_type=\"column\">\n\t\t\t<div class=\"elementor-widget-wrap elementor-element-populated\">\n\t\t\t\t\t\t<div class=\"elementor-element elementor-element-1f4d5150 elementor-button-align-stretch elementor-widget elementor-widget-form\" data-id=\"1f4d5150\" data-element_type=\"widget\" id=\"idform\" data-settings=\"{&quot;step_next_label&quot;:&quot;Next&quot;,&quot;step_previous_label&quot;:&quot;Previous&quot;,&quot;button_width&quot;:&quot;100&quot;,&quot;step_type&quot;:&quot;number_text&quot;,&quot;step_icon_shape&quot;:&quot;circle&quot;}\" data-widget_type=\"form.default\">\n\t\t\t\t<div class=\"elementor-widget-container\">\n\t\t\t\t\t<form class=\"elementor-form\" method=\"post\" name=\"FormPosgraduacao\">\n\t\t\t<input type=\"hidden\" name=\"post_id\" value=\"2026\"\/>\n\t\t\t<input type=\"hidden\" name=\"form_id\" value=\"1f4d5150\"\/>\n\t\t\t<input type=\"hidden\" name=\"referer_title\" value=\"\" \/>\n\n\t\t\t\n\t\t\t<div class=\"elementor-form-fields-wrapper elementor-labels-above\">\n\t\t\t\t\t\t\t\t<div class=\"elementor-field-type-text elementor-field-group elementor-column elementor-field-group-name elementor-col-100\">\n\t\t\t\t\t\t\t\t\t\t\t\t<label for=\"form-field-name\" class=\"elementor-field-label\">\n\t\t\t\t\t\t\t\tNome\t\t\t\t\t\t\t<\/label>\n\t\t\t\t\t\t\t\t\t\t\t\t\t\t<input size=\"1\" type=\"text\" name=\"form_fields[name]\" id=\"form-field-name\" class=\"elementor-field elementor-size-sm  elementor-field-textual\" placeholder=\"Nome\">\n\t\t\t\t\t\t\t\t\t\t\t<\/div>\n\t\t\t\t\t\t\t\t<div class=\"elementor-field-type-email elementor-field-group elementor-column elementor-field-group-email elementor-col-100 elementor-field-required\">\n\t\t\t\t\t\t\t\t\t\t\t\t<label for=\"form-field-email\" class=\"elementor-field-label\">\n\t\t\t\t\t\t\t\tE-mail\t\t\t\t\t\t\t<\/label>\n\t\t\t\t\t\t\t\t\t\t\t\t\t\t<input size=\"1\" type=\"email\" name=\"form_fields[email]\" id=\"form-field-email\" class=\"elementor-field elementor-size-sm  elementor-field-textual\" placeholder=\"e-mail\" required=\"required\" aria-required=\"true\">\n\t\t\t\t\t\t\t\t\t\t\t<\/div>\n\t\t\t\t\t\t\t\t<div class=\"elementor-field-type-tel elementor-field-group elementor-column elementor-field-group-field_e6e5fa5 elementor-col-100\">\n\t\t\t\t\t\t\t\t\t\t\t\t<label for=\"form-field-field_e6e5fa5\" class=\"elementor-field-label\">\n\t\t\t\t\t\t\t\tTelefone\t\t\t\t\t\t\t<\/label>\n\t\t\t\t\t\t\t\t<input size=\"1\" type=\"tel\" name=\"form_fields[field_e6e5fa5]\" id=\"form-field-field_e6e5fa5\" class=\"elementor-field elementor-size-sm  elementor-field-textual\" placeholder=\"Celular\" pattern=\"[0-9()#&amp;+*-=.]+\" title=\"Only numbers and phone characters (#, -, *, etc) are accepted.\">\n\n\t\t\t\t\t\t<\/div>\n\t\t\t\t\t\t\t\t<div class=\"elementor-field-group elementor-column elementor-field-type-submit elementor-col-100 e-form__buttons\">\n\t\t\t\t\t<button type=\"submit\" class=\"elementor-button elementor-size-sm\">\n\t\t\t\t\t\t<span >\n\t\t\t\t\t\t\t\t\t\t\t\t\t\t\t<span class=\" elementor-button-icon\">\n\t\t\t\t\t\t\t\t\t\t\t\t\t\t\t\t\t\t\t\t\t\t\t\t\t\t<\/span>\n\t\t\t\t\t\t\t\t\t\t\t\t\t\t\t\t\t\t\t\t\t\t<span class=\"elementor-button-text\">Enviar<\/span>\n\t\t\t\t\t\t\t\t\t\t\t\t\t<\/span>\n\t\t\t\t\t<\/button>\n\t\t\t\t<\/div>\n\t\t\t<\/div>\n\t\t<\/form>\n\t\t\t\t<\/div>\n\t\t\t\t<\/div>\n\t\t\t\t\t<\/div>\n\t\t<\/div>\n\t\t\t\t\t<\/div>\n\t\t<\/section>\n\t\t\t\t<\/div>\n\t\t","protected":false},"excerpt":{"rendered":"<p>\u25ba Enfermagem em UTI: Adulto e Infantil Matricule-se J\u00e1 ! Hor\u00e1rio: S\u00e1bado: 07h:30min \u00e0s 17h Domingo: 07h:30min \u00e0s 12h Suporte ao Aluno Carga Hor\u00e1ria 460 horas.<span class=\"excerpt-hellip\"> [\u2026]<\/span><\/p>\n","protected":false},"author":1,"featured_media":0,"parent":0,"menu_order":0,"comment_status":"closed","ping_status":"closed","template":"","meta":{"footnotes":""},"class_list":["post-2026","page","type-page","status-publish","hentry"],"_links":{"self":[{"href":"https:\/\/educaremt.com.br\/site\/wp-json\/wp\/v2\/pages\/2026","targetHints":{"allow":["GET"]}}],"collection":[{"href":"https:\/\/educaremt.com.br\/site\/wp-json\/wp\/v2\/pages"}],"about":[{"href":"https:\/\/educaremt.com.br\/site\/wp-json\/wp\/v2\/types\/page"}],"author":[{"embeddable":true,"href":"https:\/\/educaremt.com.br\/site\/wp-json\/wp\/v2\/users\/1"}],"replies":[{"embeddable":true,"href":"https:\/\/educaremt.com.br\/site\/wp-json\/wp\/v2\/comments?post=2026"}],"version-history":[{"count":1,"href":"https:\/\/educaremt.com.br\/site\/wp-json\/wp\/v2\/pages\/2026\/revisions"}],"predecessor-version":[{"id":6953,"href":"https:\/\/educaremt.com.br\/site\/wp-json\/wp\/v2\/pages\/2026\/revisions\/6953"}],"wp:attachment":[{"href":"https:\/\/educaremt.com.br\/site\/wp-json\/wp\/v2\/media?parent=2026"}],"curies":[{"name":"wp","href":"https:\/\/api.w.org\/{rel}","templated":true}]}}