{"id":187,"date":"2016-01-20T20:06:56","date_gmt":"2016-01-20T20:06:56","guid":{"rendered":"http:\/\/www.educaremt.com.br\/2016\/?page_id=187"},"modified":"2023-12-19T18:18:01","modified_gmt":"2023-12-19T21:18:01","slug":"cursos-de-extensao-2","status":"publish","type":"page","link":"https:\/\/educaremt.com.br\/site\/cursos-de-extensao-2\/","title":{"rendered":"Extens\u00e3o"},"content":{"rendered":"\t\t<div data-elementor-type=\"wp-page\" data-elementor-id=\"187\" class=\"elementor elementor-187\">\n\t\t\t\t\t\t<section class=\"elementor-section elementor-top-section elementor-element elementor-element-1d650e1 elementor-section-boxed elementor-section-height-default elementor-section-height-default\" data-id=\"1d650e1\" data-element_type=\"section\">\n\t\t\t\t\t\t<div class=\"elementor-container elementor-column-gap-default\">\n\t\t\t\t\t<div class=\"elementor-column elementor-col-100 elementor-top-column elementor-element elementor-element-6ae6bdb\" data-id=\"6ae6bdb\" data-element_type=\"column\">\n\t\t\t<div class=\"elementor-widget-wrap elementor-element-populated\">\n\t\t\t\t\t\t<div class=\"elementor-element elementor-element-7ed80a1 elementor-widget elementor-widget-heading\" data-id=\"7ed80a1\" data-element_type=\"widget\" data-widget_type=\"heading.default\">\n\t\t\t\t<div class=\"elementor-widget-container\">\n\t\t\t<h2 class=\"elementor-heading-title elementor-size-default\">Curso Capacita\u00e7\u00e3o T\u00e9cnica<\/h2>\t\t<\/div>\n\t\t\t\t<\/div>\n\t\t\t\t\t<\/div>\n\t\t<\/div>\n\t\t\t\t\t<\/div>\n\t\t<\/section>\n\t\t\t\t<section class=\"elementor-section elementor-top-section elementor-element elementor-element-24da3886 elementor-section-boxed elementor-section-height-default elementor-section-height-default\" data-id=\"24da3886\" data-element_type=\"section\">\n\t\t\t\t\t\t<div class=\"elementor-container elementor-column-gap-default\">\n\t\t\t\t\t<div class=\"elementor-column elementor-col-33 elementor-top-column elementor-element elementor-element-6747b3e5\" data-id=\"6747b3e5\" data-element_type=\"column\">\n\t\t\t<div class=\"elementor-widget-wrap elementor-element-populated\">\n\t\t\t\t\t\t<div class=\"elementor-element elementor-element-77ed8e89 elementor-widget elementor-widget-image\" data-id=\"77ed8e89\" data-element_type=\"widget\" data-settings=\"{&quot;_animation&quot;:&quot;none&quot;}\" data-widget_type=\"image.default\">\n\t\t\t\t<div class=\"elementor-widget-container\">\n\t\t\t\t\t\t\t\t\t\t\t\t\t\t<a href=\"https:\/\/educaremt.com.br\/site\/curso-picc\/\">\n\t\t\t\t\t\t\t<img fetchpriority=\"high\" decoding=\"async\" width=\"540\" height=\"540\" src=\"https:\/\/educaremt.com.br\/site\/wp-content\/uploads\/2023\/12\/Curso-Online-Inscricoes-abertas-Post-Instagram-1.png\" class=\"elementor-animation-bounce-in attachment-large size-large wp-image-8733\" alt=\"\" srcset=\"https:\/\/educaremt.com.br\/site\/wp-content\/uploads\/2023\/12\/Curso-Online-Inscricoes-abertas-Post-Instagram-1.png 540w, https:\/\/educaremt.com.br\/site\/wp-content\/uploads\/2023\/12\/Curso-Online-Inscricoes-abertas-Post-Instagram-1-300x300.png 300w, https:\/\/educaremt.com.br\/site\/wp-content\/uploads\/2023\/12\/Curso-Online-Inscricoes-abertas-Post-Instagram-1-150x150.png 150w, https:\/\/educaremt.com.br\/site\/wp-content\/uploads\/2023\/12\/Curso-Online-Inscricoes-abertas-Post-Instagram-1-146x146.png 146w, https:\/\/educaremt.com.br\/site\/wp-content\/uploads\/2023\/12\/Curso-Online-Inscricoes-abertas-Post-Instagram-1-50x50.png 50w, https:\/\/educaremt.com.br\/site\/wp-content\/uploads\/2023\/12\/Curso-Online-Inscricoes-abertas-Post-Instagram-1-75x75.png 75w, https:\/\/educaremt.com.br\/site\/wp-content\/uploads\/2023\/12\/Curso-Online-Inscricoes-abertas-Post-Instagram-1-85x85.png 85w, https:\/\/educaremt.com.br\/site\/wp-content\/uploads\/2023\/12\/Curso-Online-Inscricoes-abertas-Post-Instagram-1-80x80.png 80w\" sizes=\"(max-width: 540px) 100vw, 540px\" \/>\t\t\t\t\t\t\t\t<\/a>\n\t\t\t\t\t\t\t\t\t\t\t\t\t<\/div>\n\t\t\t\t<\/div>\n\t\t\t\t\t<\/div>\n\t\t<\/div>\n\t\t\t\t<div class=\"elementor-column elementor-col-33 elementor-top-column elementor-element elementor-element-49fd86c0\" data-id=\"49fd86c0\" data-element_type=\"column\">\n\t\t\t<div class=\"elementor-widget-wrap elementor-element-populated\">\n\t\t\t\t\t\t<div class=\"elementor-element elementor-element-65799be5 elementor-widget elementor-widget-image\" data-id=\"65799be5\" data-element_type=\"widget\" data-settings=\"{&quot;_animation&quot;:&quot;none&quot;}\" data-widget_type=\"image.default\">\n\t\t\t\t<div class=\"elementor-widget-container\">\n\t\t\t\t\t\t\t\t\t\t\t\t\t\t<a href=\"https:\/\/educaremt.com.br\/site\/curso-aph\/\">\n\t\t\t\t\t\t\t<img decoding=\"async\" width=\"540\" height=\"540\" src=\"https:\/\/educaremt.com.br\/site\/wp-content\/uploads\/2023\/12\/Copia-de-Curso-Online-Inscricoes-abertas-Post-Instagram.png\" class=\"elementor-animation-bounce-in attachment-large size-large wp-image-8734\" alt=\"\" srcset=\"https:\/\/educaremt.com.br\/site\/wp-content\/uploads\/2023\/12\/Copia-de-Curso-Online-Inscricoes-abertas-Post-Instagram.png 540w, https:\/\/educaremt.com.br\/site\/wp-content\/uploads\/2023\/12\/Copia-de-Curso-Online-Inscricoes-abertas-Post-Instagram-300x300.png 300w, https:\/\/educaremt.com.br\/site\/wp-content\/uploads\/2023\/12\/Copia-de-Curso-Online-Inscricoes-abertas-Post-Instagram-150x150.png 150w, https:\/\/educaremt.com.br\/site\/wp-content\/uploads\/2023\/12\/Copia-de-Curso-Online-Inscricoes-abertas-Post-Instagram-146x146.png 146w, https:\/\/educaremt.com.br\/site\/wp-content\/uploads\/2023\/12\/Copia-de-Curso-Online-Inscricoes-abertas-Post-Instagram-50x50.png 50w, https:\/\/educaremt.com.br\/site\/wp-content\/uploads\/2023\/12\/Copia-de-Curso-Online-Inscricoes-abertas-Post-Instagram-75x75.png 75w, https:\/\/educaremt.com.br\/site\/wp-content\/uploads\/2023\/12\/Copia-de-Curso-Online-Inscricoes-abertas-Post-Instagram-85x85.png 85w, https:\/\/educaremt.com.br\/site\/wp-content\/uploads\/2023\/12\/Copia-de-Curso-Online-Inscricoes-abertas-Post-Instagram-80x80.png 80w\" sizes=\"(max-width: 540px) 100vw, 540px\" \/>\t\t\t\t\t\t\t\t<\/a>\n\t\t\t\t\t\t\t\t\t\t\t\t\t<\/div>\n\t\t\t\t<\/div>\n\t\t\t\t\t<\/div>\n\t\t<\/div>\n\t\t\t\t<div class=\"elementor-column elementor-col-33 elementor-top-column elementor-element elementor-element-14913ca7\" data-id=\"14913ca7\" data-element_type=\"column\">\n\t\t\t<div class=\"elementor-widget-wrap elementor-element-populated\">\n\t\t\t\t\t\t<div class=\"elementor-element elementor-element-42702a3 elementor-widget elementor-widget-image\" data-id=\"42702a3\" data-element_type=\"widget\" data-settings=\"{&quot;_animation&quot;:&quot;none&quot;}\" data-widget_type=\"image.default\">\n\t\t\t\t<div class=\"elementor-widget-container\">\n\t\t\t\t\t\t\t\t\t\t\t\t\t\t<a href=\"https:\/\/educaremt.com.br\/site\/curso-arcgis\">\n\t\t\t\t\t\t\t<img decoding=\"async\" width=\"540\" height=\"540\" src=\"https:\/\/educaremt.com.br\/site\/wp-content\/uploads\/2023\/12\/Copia-de-Copia-de-Curso-Online-Inscricoes-abertas-Post-Instagram.png\" class=\"elementor-animation-bounce-in attachment-large size-large wp-image-8735\" alt=\"\" srcset=\"https:\/\/educaremt.com.br\/site\/wp-content\/uploads\/2023\/12\/Copia-de-Copia-de-Curso-Online-Inscricoes-abertas-Post-Instagram.png 540w, https:\/\/educaremt.com.br\/site\/wp-content\/uploads\/2023\/12\/Copia-de-Copia-de-Curso-Online-Inscricoes-abertas-Post-Instagram-300x300.png 300w, https:\/\/educaremt.com.br\/site\/wp-content\/uploads\/2023\/12\/Copia-de-Copia-de-Curso-Online-Inscricoes-abertas-Post-Instagram-150x150.png 150w, https:\/\/educaremt.com.br\/site\/wp-content\/uploads\/2023\/12\/Copia-de-Copia-de-Curso-Online-Inscricoes-abertas-Post-Instagram-146x146.png 146w, https:\/\/educaremt.com.br\/site\/wp-content\/uploads\/2023\/12\/Copia-de-Copia-de-Curso-Online-Inscricoes-abertas-Post-Instagram-50x50.png 50w, https:\/\/educaremt.com.br\/site\/wp-content\/uploads\/2023\/12\/Copia-de-Copia-de-Curso-Online-Inscricoes-abertas-Post-Instagram-75x75.png 75w, https:\/\/educaremt.com.br\/site\/wp-content\/uploads\/2023\/12\/Copia-de-Copia-de-Curso-Online-Inscricoes-abertas-Post-Instagram-85x85.png 85w, https:\/\/educaremt.com.br\/site\/wp-content\/uploads\/2023\/12\/Copia-de-Copia-de-Curso-Online-Inscricoes-abertas-Post-Instagram-80x80.png 80w\" sizes=\"(max-width: 540px) 100vw, 540px\" \/>\t\t\t\t\t\t\t\t<\/a>\n\t\t\t\t\t\t\t\t\t\t\t\t\t<\/div>\n\t\t\t\t<\/div>\n\t\t\t\t\t<\/div>\n\t\t<\/div>\n\t\t\t\t\t<\/div>\n\t\t<\/section>\n\t\t\t\t<section class=\"elementor-section elementor-top-section elementor-element elementor-element-dce52a7 elementor-section-boxed elementor-section-height-default elementor-section-height-default\" data-id=\"dce52a7\" data-element_type=\"section\">\n\t\t\t\t\t\t<div class=\"elementor-container elementor-column-gap-default\">\n\t\t\t\t\t<div class=\"elementor-column elementor-col-33 elementor-top-column elementor-element elementor-element-df066a0\" data-id=\"df066a0\" data-element_type=\"column\">\n\t\t\t<div class=\"elementor-widget-wrap elementor-element-populated\">\n\t\t\t\t\t\t<div class=\"elementor-element elementor-element-31009a6 elementor-widget elementor-widget-image\" data-id=\"31009a6\" data-element_type=\"widget\" data-settings=\"{&quot;_animation&quot;:&quot;none&quot;}\" data-widget_type=\"image.default\">\n\t\t\t\t<div class=\"elementor-widget-container\">\n\t\t\t\t\t\t\t\t\t\t\t\t\t\t<a href=\"https:\/\/educaremt.com.br\/site\/armonizacao-facial\">\n\t\t\t\t\t\t\t<img loading=\"lazy\" decoding=\"async\" width=\"540\" height=\"540\" src=\"https:\/\/educaremt.com.br\/site\/wp-content\/uploads\/2023\/12\/Copia-de-Copia-de-Curso-Online-Inscricoes-abertas-Post-Instagram-1.png\" class=\"elementor-animation-bounce-in attachment-large size-large wp-image-8736\" alt=\"\" srcset=\"https:\/\/educaremt.com.br\/site\/wp-content\/uploads\/2023\/12\/Copia-de-Copia-de-Curso-Online-Inscricoes-abertas-Post-Instagram-1.png 540w, https:\/\/educaremt.com.br\/site\/wp-content\/uploads\/2023\/12\/Copia-de-Copia-de-Curso-Online-Inscricoes-abertas-Post-Instagram-1-300x300.png 300w, https:\/\/educaremt.com.br\/site\/wp-content\/uploads\/2023\/12\/Copia-de-Copia-de-Curso-Online-Inscricoes-abertas-Post-Instagram-1-150x150.png 150w, https:\/\/educaremt.com.br\/site\/wp-content\/uploads\/2023\/12\/Copia-de-Copia-de-Curso-Online-Inscricoes-abertas-Post-Instagram-1-146x146.png 146w, https:\/\/educaremt.com.br\/site\/wp-content\/uploads\/2023\/12\/Copia-de-Copia-de-Curso-Online-Inscricoes-abertas-Post-Instagram-1-50x50.png 50w, https:\/\/educaremt.com.br\/site\/wp-content\/uploads\/2023\/12\/Copia-de-Copia-de-Curso-Online-Inscricoes-abertas-Post-Instagram-1-75x75.png 75w, https:\/\/educaremt.com.br\/site\/wp-content\/uploads\/2023\/12\/Copia-de-Copia-de-Curso-Online-Inscricoes-abertas-Post-Instagram-1-85x85.png 85w, https:\/\/educaremt.com.br\/site\/wp-content\/uploads\/2023\/12\/Copia-de-Copia-de-Curso-Online-Inscricoes-abertas-Post-Instagram-1-80x80.png 80w\" sizes=\"(max-width: 540px) 100vw, 540px\" \/>\t\t\t\t\t\t\t\t<\/a>\n\t\t\t\t\t\t\t\t\t\t\t\t\t<\/div>\n\t\t\t\t<\/div>\n\t\t\t\t\t<\/div>\n\t\t<\/div>\n\t\t\t\t<div class=\"elementor-column elementor-col-33 elementor-top-column elementor-element elementor-element-a7a4329\" data-id=\"a7a4329\" data-element_type=\"column\">\n\t\t\t<div class=\"elementor-widget-wrap elementor-element-populated\">\n\t\t\t\t\t\t<div class=\"elementor-element elementor-element-cadc864 elementor-widget elementor-widget-image\" data-id=\"cadc864\" data-element_type=\"widget\" data-settings=\"{&quot;_animation&quot;:&quot;none&quot;}\" data-widget_type=\"image.default\">\n\t\t\t\t<div class=\"elementor-widget-container\">\n\t\t\t\t\t\t\t\t\t\t\t\t\t\t<a href=\"https:\/\/educaremt.com.br\/site\/resgate-e-transporte-aeromedico\">\n\t\t\t\t\t\t\t<img loading=\"lazy\" decoding=\"async\" width=\"540\" height=\"540\" src=\"https:\/\/educaremt.com.br\/site\/wp-content\/uploads\/2023\/12\/Copia-de-Copia-de-Curso-Online-Inscricoes-abertas-Post-Instagram-2.png\" class=\"elementor-animation-bounce-in attachment-large size-large wp-image-8737\" alt=\"\" srcset=\"https:\/\/educaremt.com.br\/site\/wp-content\/uploads\/2023\/12\/Copia-de-Copia-de-Curso-Online-Inscricoes-abertas-Post-Instagram-2.png 540w, https:\/\/educaremt.com.br\/site\/wp-content\/uploads\/2023\/12\/Copia-de-Copia-de-Curso-Online-Inscricoes-abertas-Post-Instagram-2-300x300.png 300w, https:\/\/educaremt.com.br\/site\/wp-content\/uploads\/2023\/12\/Copia-de-Copia-de-Curso-Online-Inscricoes-abertas-Post-Instagram-2-150x150.png 150w, https:\/\/educaremt.com.br\/site\/wp-content\/uploads\/2023\/12\/Copia-de-Copia-de-Curso-Online-Inscricoes-abertas-Post-Instagram-2-146x146.png 146w, https:\/\/educaremt.com.br\/site\/wp-content\/uploads\/2023\/12\/Copia-de-Copia-de-Curso-Online-Inscricoes-abertas-Post-Instagram-2-50x50.png 50w, https:\/\/educaremt.com.br\/site\/wp-content\/uploads\/2023\/12\/Copia-de-Copia-de-Curso-Online-Inscricoes-abertas-Post-Instagram-2-75x75.png 75w, https:\/\/educaremt.com.br\/site\/wp-content\/uploads\/2023\/12\/Copia-de-Copia-de-Curso-Online-Inscricoes-abertas-Post-Instagram-2-85x85.png 85w, https:\/\/educaremt.com.br\/site\/wp-content\/uploads\/2023\/12\/Copia-de-Copia-de-Curso-Online-Inscricoes-abertas-Post-Instagram-2-80x80.png 80w\" sizes=\"(max-width: 540px) 100vw, 540px\" \/>\t\t\t\t\t\t\t\t<\/a>\n\t\t\t\t\t\t\t\t\t\t\t\t\t<\/div>\n\t\t\t\t<\/div>\n\t\t\t\t\t<\/div>\n\t\t<\/div>\n\t\t\t\t<div class=\"elementor-column elementor-col-33 elementor-top-column elementor-element elementor-element-a42a9f9\" data-id=\"a42a9f9\" data-element_type=\"column\">\n\t\t\t<div class=\"elementor-widget-wrap\">\n\t\t\t\t\t\t\t<\/div>\n\t\t<\/div>\n\t\t\t\t\t<\/div>\n\t\t<\/section>\n\t\t\t\t<\/div>\n\t\t","protected":false},"excerpt":{"rendered":"<p>Curso Capacita\u00e7\u00e3o T\u00e9cnica<\/p>\n","protected":false},"author":1,"featured_media":0,"parent":0,"menu_order":2,"comment_status":"closed","ping_status":"closed","template":"","meta":{"footnotes":""},"class_list":["post-187","page","type-page","status-publish","hentry"],"_links":{"self":[{"href":"https:\/\/educaremt.com.br\/site\/wp-json\/wp\/v2\/pages\/187","targetHints":{"allow":["GET"]}}],"collection":[{"href":"https:\/\/educaremt.com.br\/site\/wp-json\/wp\/v2\/pages"}],"about":[{"href":"https:\/\/educaremt.com.br\/site\/wp-json\/wp\/v2\/types\/page"}],"author":[{"embeddable":true,"href":"https:\/\/educaremt.com.br\/site\/wp-json\/wp\/v2\/users\/1"}],"replies":[{"embeddable":true,"href":"https:\/\/educaremt.com.br\/site\/wp-json\/wp\/v2\/comments?post=187"}],"version-history":[{"count":9,"href":"https:\/\/educaremt.com.br\/site\/wp-json\/wp\/v2\/pages\/187\/revisions"}],"predecessor-version":[{"id":8740,"href":"https:\/\/educaremt.com.br\/site\/wp-json\/wp\/v2\/pages\/187\/revisions\/8740"}],"wp:attachment":[{"href":"https:\/\/educaremt.com.br\/site\/wp-json\/wp\/v2\/media?parent=187"}],"curies":[{"name":"wp","href":"https:\/\/api.w.org\/{rel}","templated":true}]}}