{"id":1094,"date":"2017-11-05T13:47:37","date_gmt":"2017-11-05T13:47:37","guid":{"rendered":"http:\/\/www.educaremt.com.br\/2017\/?page_id=1094"},"modified":"2024-06-03T12:21:34","modified_gmt":"2024-06-03T15:21:34","slug":"vestibular","status":"publish","type":"page","link":"https:\/\/educaremt.com.br\/site\/vestibular\/","title":{"rendered":"Vestibular"},"content":{"rendered":"\t\t<div data-elementor-type=\"wp-post\" data-elementor-id=\"1094\" class=\"elementor elementor-1094\">\n\t\t\t\t\t\t<section class=\"elementor-section elementor-top-section elementor-element elementor-element-0a64632 elementor-section-boxed elementor-section-height-default elementor-section-height-default\" data-id=\"0a64632\" data-element_type=\"section\">\n\t\t\t\t\t\t<div class=\"elementor-container elementor-column-gap-default\">\n\t\t\t\t\t<div class=\"elementor-column elementor-col-100 elementor-top-column elementor-element elementor-element-e28b507\" data-id=\"e28b507\" data-element_type=\"column\">\n\t\t\t<div class=\"elementor-widget-wrap elementor-element-populated\">\n\t\t\t\t\t\t<div class=\"elementor-element elementor-element-97c484f elementor-widget elementor-widget-heading\" data-id=\"97c484f\" data-element_type=\"widget\" data-widget_type=\"heading.default\">\n\t\t\t\t<div class=\"elementor-widget-container\">\n\t\t\t<h2 class=\"elementor-heading-title elementor-size-default\">Processo Seletivo 2\/2024.<\/h2>\t\t<\/div>\n\t\t\t\t<\/div>\n\t\t\t\t\t<\/div>\n\t\t<\/div>\n\t\t\t\t\t<\/div>\n\t\t<\/section>\n\t\t\t\t<section class=\"elementor-section elementor-top-section elementor-element elementor-element-376fb41e elementor-section-boxed elementor-section-height-default elementor-section-height-default\" data-id=\"376fb41e\" data-element_type=\"section\">\n\t\t\t\t\t\t<div class=\"elementor-container elementor-column-gap-default\">\n\t\t\t\t\t<div class=\"elementor-column elementor-col-100 elementor-top-column elementor-element elementor-element-1f939c2a\" data-id=\"1f939c2a\" data-element_type=\"column\">\n\t\t\t<div class=\"elementor-widget-wrap elementor-element-populated\">\n\t\t\t\t\t\t<div class=\"elementor-element elementor-element-36c54f5 elementor-widget-divider--view-line elementor-widget elementor-widget-divider\" data-id=\"36c54f5\" data-element_type=\"widget\" data-widget_type=\"divider.default\">\n\t\t\t\t<div class=\"elementor-widget-container\">\n\t\t\t\t\t<div class=\"elementor-divider\">\n\t\t\t<span class=\"elementor-divider-separator\">\n\t\t\t\t\t\t<\/span>\n\t\t<\/div>\n\t\t\t\t<\/div>\n\t\t\t\t<\/div>\n\t\t\t\t<div class=\"elementor-element elementor-element-54152e7a elementor-widget elementor-widget-text-editor\" data-id=\"54152e7a\" data-element_type=\"widget\" data-widget_type=\"text-editor.default\">\n\t\t\t\t<div class=\"elementor-widget-container\">\n\t\t\t\t\t\t\t<p style=\"font-style: normal; font-variant-ligatures: normal; font-variant-caps: normal; font-weight: 400; font-size: 14px; font-family: Roboto, Arial, Tahoma, sans-serif; color: #626262;\" data-raofz=\"14\">A Faculdade EduCareMT \u00e9 credenciada pela Portaria MEC n\u00ba 1022, de 23 de Agosto de 2017, publicada no Di\u00e1rio Oficial da Uni\u00e3o de 24 de agosto de 2017, nos termos \u00a7 3\u00ba do Art. 32 da Portaria Normativa n\u00ba 40, de 12 de dezembro de 2007, e torna p\u00fablico o Edital de Abertura do seu Processo Seletivo para o semestre 2024\/2.<\/p><p style=\"font-style: normal; font-variant-ligatures: normal; font-variant-caps: normal; font-weight: 400; font-size: 14px; font-family: Roboto, Arial, Tahoma, sans-serif; color: #626262;\" data-raofz=\"14\">O edital disp\u00f5e sobre as normas do Processo de Sele\u00e7\u00e3o da Faculdade EduCareMT para ingresso de alunos no Curso de T\u00e9cnologo em Sistemas Biom\u00e9dicos, Bacharelado em Engenharia de Produ\u00e7\u00e3o, Engenharia de Controle e Automa\u00e7\u00e3o, Licenciatura em Pedagogia, Enfermagem, Fisioterapia, Ci\u00eancias Cont\u00e1beis , Direito, Biomedicina, Nutri\u00e7\u00e3o e Analise e Desenvolvimento de Sistemas\u00a0 para o segundo semestre letivo de 2024.<\/p>\t\t\t\t\t\t<\/div>\n\t\t\t\t<\/div>\n\t\t\t\t\t<\/div>\n\t\t<\/div>\n\t\t\t\t\t<\/div>\n\t\t<\/section>\n\t\t\t\t<section class=\"elementor-section elementor-top-section elementor-element elementor-element-09dd777 elementor-section-boxed elementor-section-height-default elementor-section-height-default\" data-id=\"09dd777\" data-element_type=\"section\">\n\t\t\t\t\t\t<div class=\"elementor-container elementor-column-gap-default\">\n\t\t\t\t\t<div class=\"elementor-column elementor-col-25 elementor-top-column elementor-element elementor-element-09e1ff6\" data-id=\"09e1ff6\" data-element_type=\"column\">\n\t\t\t<div class=\"elementor-widget-wrap elementor-element-populated\">\n\t\t\t\t\t\t<div class=\"elementor-element elementor-element-d479eb1 elementor-widget elementor-widget-image\" data-id=\"d479eb1\" data-element_type=\"widget\" data-widget_type=\"image.default\">\n\t\t\t\t<div class=\"elementor-widget-container\">\n\t\t\t\t\t\t\t\t\t\t\t\t\t\t<a href=\"https:\/\/educaremt.com.br\/site\/wp-content\/uploads\/2023\/11\/MANUAL-DO-CANDIDATO-2024-.pdf\" target=\"_blank\">\n\t\t\t\t\t\t\t<img fetchpriority=\"high\" decoding=\"async\" width=\"300\" height=\"300\" src=\"https:\/\/educaremt.com.br\/site\/wp-content\/uploads\/2022\/11\/manual-candidato.png\" class=\"elementor-animation-bounce-in attachment-large size-large wp-image-7472\" alt=\"\" srcset=\"https:\/\/educaremt.com.br\/site\/wp-content\/uploads\/2022\/11\/manual-candidato.png 300w, https:\/\/educaremt.com.br\/site\/wp-content\/uploads\/2022\/11\/manual-candidato-150x150.png 150w, https:\/\/educaremt.com.br\/site\/wp-content\/uploads\/2022\/11\/manual-candidato-146x146.png 146w, https:\/\/educaremt.com.br\/site\/wp-content\/uploads\/2022\/11\/manual-candidato-50x50.png 50w, https:\/\/educaremt.com.br\/site\/wp-content\/uploads\/2022\/11\/manual-candidato-75x75.png 75w, https:\/\/educaremt.com.br\/site\/wp-content\/uploads\/2022\/11\/manual-candidato-85x85.png 85w, https:\/\/educaremt.com.br\/site\/wp-content\/uploads\/2022\/11\/manual-candidato-80x80.png 80w\" sizes=\"(max-width: 300px) 100vw, 300px\" \/>\t\t\t\t\t\t\t\t<\/a>\n\t\t\t\t\t\t\t\t\t\t\t\t\t<\/div>\n\t\t\t\t<\/div>\n\t\t\t\t\t<\/div>\n\t\t<\/div>\n\t\t\t\t<div class=\"elementor-column elementor-col-25 elementor-top-column elementor-element elementor-element-63641cc\" data-id=\"63641cc\" data-element_type=\"column\">\n\t\t\t<div class=\"elementor-widget-wrap elementor-element-populated\">\n\t\t\t\t\t\t<div class=\"elementor-element elementor-element-35704f3 elementor-widget elementor-widget-image\" data-id=\"35704f3\" data-element_type=\"widget\" data-widget_type=\"image.default\">\n\t\t\t\t<div class=\"elementor-widget-container\">\n\t\t\t\t\t\t\t\t\t\t\t\t\t\t<a href=\"https:\/\/educaremt.com.br\/site\/wp-content\/uploads\/2024\/05\/EDITAL-VESTIBULAR-2024-2-.pdf\" target=\"_blank\">\n\t\t\t\t\t\t\t<img decoding=\"async\" width=\"300\" height=\"300\" src=\"https:\/\/educaremt.com.br\/site\/wp-content\/uploads\/2024\/06\/vestibular-2024-2.png\" class=\"elementor-animation-bounce-in attachment-large size-large wp-image-9207\" alt=\"\" srcset=\"https:\/\/educaremt.com.br\/site\/wp-content\/uploads\/2024\/06\/vestibular-2024-2.png 300w, https:\/\/educaremt.com.br\/site\/wp-content\/uploads\/2024\/06\/vestibular-2024-2-150x150.png 150w, https:\/\/educaremt.com.br\/site\/wp-content\/uploads\/2024\/06\/vestibular-2024-2-146x146.png 146w, https:\/\/educaremt.com.br\/site\/wp-content\/uploads\/2024\/06\/vestibular-2024-2-50x50.png 50w, https:\/\/educaremt.com.br\/site\/wp-content\/uploads\/2024\/06\/vestibular-2024-2-75x75.png 75w, https:\/\/educaremt.com.br\/site\/wp-content\/uploads\/2024\/06\/vestibular-2024-2-85x85.png 85w, https:\/\/educaremt.com.br\/site\/wp-content\/uploads\/2024\/06\/vestibular-2024-2-80x80.png 80w\" sizes=\"(max-width: 300px) 100vw, 300px\" \/>\t\t\t\t\t\t\t\t<\/a>\n\t\t\t\t\t\t\t\t\t\t\t\t\t<\/div>\n\t\t\t\t<\/div>\n\t\t\t\t\t<\/div>\n\t\t<\/div>\n\t\t\t\t<div class=\"elementor-column elementor-col-25 elementor-top-column elementor-element elementor-element-03b44ad\" data-id=\"03b44ad\" data-element_type=\"column\">\n\t\t\t<div class=\"elementor-widget-wrap elementor-element-populated\">\n\t\t\t\t\t\t<div class=\"elementor-element elementor-element-643a845 elementor-widget elementor-widget-image\" data-id=\"643a845\" data-element_type=\"widget\" data-widget_type=\"image.default\">\n\t\t\t\t<div class=\"elementor-widget-container\">\n\t\t\t\t\t\t\t\t\t\t\t\t\t\t<a href=\"https:\/\/educaremt.com.br\/site\/wp-content\/uploads\/2024\/05\/EDITAL-2024-2-HISTORICO.pdf\" target=\"_blank\">\n\t\t\t\t\t\t\t<img decoding=\"async\" width=\"300\" height=\"300\" src=\"https:\/\/educaremt.com.br\/site\/wp-content\/uploads\/2022\/11\/processo-historico.png\" class=\"elementor-animation-bounce-in attachment-large size-large wp-image-7473\" alt=\"\" srcset=\"https:\/\/educaremt.com.br\/site\/wp-content\/uploads\/2022\/11\/processo-historico.png 300w, https:\/\/educaremt.com.br\/site\/wp-content\/uploads\/2022\/11\/processo-historico-150x150.png 150w, https:\/\/educaremt.com.br\/site\/wp-content\/uploads\/2022\/11\/processo-historico-146x146.png 146w, https:\/\/educaremt.com.br\/site\/wp-content\/uploads\/2022\/11\/processo-historico-50x50.png 50w, https:\/\/educaremt.com.br\/site\/wp-content\/uploads\/2022\/11\/processo-historico-75x75.png 75w, https:\/\/educaremt.com.br\/site\/wp-content\/uploads\/2022\/11\/processo-historico-85x85.png 85w, https:\/\/educaremt.com.br\/site\/wp-content\/uploads\/2022\/11\/processo-historico-80x80.png 80w\" sizes=\"(max-width: 300px) 100vw, 300px\" \/>\t\t\t\t\t\t\t\t<\/a>\n\t\t\t\t\t\t\t\t\t\t\t\t\t<\/div>\n\t\t\t\t<\/div>\n\t\t\t\t\t<\/div>\n\t\t<\/div>\n\t\t\t\t<div class=\"elementor-column elementor-col-25 elementor-top-column elementor-element elementor-element-0452f8c\" data-id=\"0452f8c\" data-element_type=\"column\">\n\t\t\t<div class=\"elementor-widget-wrap elementor-element-populated\">\n\t\t\t\t\t\t<div class=\"elementor-element elementor-element-707b1f2 elementor-widget elementor-widget-image\" data-id=\"707b1f2\" data-element_type=\"widget\" data-widget_type=\"image.default\">\n\t\t\t\t<div class=\"elementor-widget-container\">\n\t\t\t\t\t\t\t\t\t\t\t\t\t\t<a href=\"https:\/\/educaremt.com.br\/site\/seja-parceiro-2\/\">\n\t\t\t\t\t\t\t<img loading=\"lazy\" decoding=\"async\" width=\"300\" height=\"300\" src=\"https:\/\/educaremt.com.br\/site\/wp-content\/uploads\/2022\/11\/indique-seu-amigo.png\" class=\"elementor-animation-bounce-in attachment-large size-large wp-image-7471\" alt=\"\" srcset=\"https:\/\/educaremt.com.br\/site\/wp-content\/uploads\/2022\/11\/indique-seu-amigo.png 300w, https:\/\/educaremt.com.br\/site\/wp-content\/uploads\/2022\/11\/indique-seu-amigo-150x150.png 150w, https:\/\/educaremt.com.br\/site\/wp-content\/uploads\/2022\/11\/indique-seu-amigo-146x146.png 146w, https:\/\/educaremt.com.br\/site\/wp-content\/uploads\/2022\/11\/indique-seu-amigo-50x50.png 50w, https:\/\/educaremt.com.br\/site\/wp-content\/uploads\/2022\/11\/indique-seu-amigo-75x75.png 75w, https:\/\/educaremt.com.br\/site\/wp-content\/uploads\/2022\/11\/indique-seu-amigo-85x85.png 85w, https:\/\/educaremt.com.br\/site\/wp-content\/uploads\/2022\/11\/indique-seu-amigo-80x80.png 80w\" sizes=\"(max-width: 300px) 100vw, 300px\" \/>\t\t\t\t\t\t\t\t<\/a>\n\t\t\t\t\t\t\t\t\t\t\t\t\t<\/div>\n\t\t\t\t<\/div>\n\t\t\t\t\t<\/div>\n\t\t<\/div>\n\t\t\t\t\t<\/div>\n\t\t<\/section>\n\t\t\t\t<\/div>\n\t\t","protected":false},"excerpt":{"rendered":"<p>Processo Seletivo 2\/2024. A Faculdade EduCareMT \u00e9 credenciada pela Portaria MEC n\u00ba 1022, de 23 de Agosto de 2017, publicada no Di\u00e1rio Oficial da Uni\u00e3o de<span class=\"excerpt-hellip\"> [\u2026]<\/span><\/p>\n","protected":false},"author":1,"featured_media":0,"parent":0,"menu_order":0,"comment_status":"closed","ping_status":"closed","template":"elementor_header_footer","meta":{"footnotes":""},"class_list":["post-1094","page","type-page","status-publish","hentry"],"_links":{"self":[{"href":"https:\/\/educaremt.com.br\/site\/wp-json\/wp\/v2\/pages\/1094","targetHints":{"allow":["GET"]}}],"collection":[{"href":"https:\/\/educaremt.com.br\/site\/wp-json\/wp\/v2\/pages"}],"about":[{"href":"https:\/\/educaremt.com.br\/site\/wp-json\/wp\/v2\/types\/page"}],"author":[{"embeddable":true,"href":"https:\/\/educaremt.com.br\/site\/wp-json\/wp\/v2\/users\/1"}],"replies":[{"embeddable":true,"href":"https:\/\/educaremt.com.br\/site\/wp-json\/wp\/v2\/comments?post=1094"}],"version-history":[{"count":63,"href":"https:\/\/educaremt.com.br\/site\/wp-json\/wp\/v2\/pages\/1094\/revisions"}],"predecessor-version":[{"id":9210,"href":"https:\/\/educaremt.com.br\/site\/wp-json\/wp\/v2\/pages\/1094\/revisions\/9210"}],"wp:attachment":[{"href":"https:\/\/educaremt.com.br\/site\/wp-json\/wp\/v2\/media?parent=1094"}],"curies":[{"name":"wp","href":"https:\/\/api.w.org\/{rel}","templated":true}]}}