{"id":868,"date":"2021-06-18T19:20:55","date_gmt":"2021-06-18T19:20:55","guid":{"rendered":"https:\/\/educaremt.com.br\/landing\/?page_id=868"},"modified":"2021-06-18T19:23:04","modified_gmt":"2021-06-18T19:23:04","slug":"termos-de-uso","status":"publish","type":"page","link":"https:\/\/educaremt.com.br\/landing\/termos-de-uso\/","title":{"rendered":"Termos de Uso"},"content":{"rendered":"\t\t<div data-elementor-type=\"wp-page\" data-elementor-id=\"868\" class=\"elementor elementor-868\" data-elementor-settings=\"{&quot;ha_cmc_init_switcher&quot;:&quot;no&quot;}\" data-elementor-post-type=\"page\">\n\t\t\t\t\t\t<section class=\"elementor-section elementor-top-section elementor-element elementor-element-1c373f4 elementor-section-boxed elementor-section-height-default elementor-section-height-default\" data-id=\"1c373f4\" data-element_type=\"section\" data-e-type=\"section\">\n\t\t\t\t\t\t<div class=\"elementor-container elementor-column-gap-default\">\n\t\t\t\t\t<div class=\"elementor-column elementor-col-100 elementor-top-column elementor-element elementor-element-ef70121\" data-id=\"ef70121\" data-element_type=\"column\" data-e-type=\"column\">\n\t\t\t<div class=\"elementor-widget-wrap elementor-element-populated\">\n\t\t\t\t\t\t<div class=\"elementor-element elementor-element-034347e elementor-widget elementor-widget-image\" data-id=\"034347e\" data-element_type=\"widget\" data-e-type=\"widget\" data-widget_type=\"image.default\">\n\t\t\t\t<div class=\"elementor-widget-container\">\n\t\t\t\t\t\t\t\t\t\t\t\t\t\t\t<img fetchpriority=\"high\" decoding=\"async\" width=\"1024\" height=\"358\" src=\"https:\/\/educaremt.com.br\/landing\/wp-content\/uploads\/2021\/06\/SLIDE-POL\u00cdTICA-DE-PRIVACIDADE-E-TERMOS-DE-USO-EDUCARE-1024x358.jpg\" class=\"attachment-large size-large wp-image-861\" alt=\"\" srcset=\"https:\/\/educaremt.com.br\/landing\/wp-content\/uploads\/2021\/06\/SLIDE-POL\u00cdTICA-DE-PRIVACIDADE-E-TERMOS-DE-USO-EDUCARE-1024x358.jpg 1024w, https:\/\/educaremt.com.br\/landing\/wp-content\/uploads\/2021\/06\/SLIDE-POL\u00cdTICA-DE-PRIVACIDADE-E-TERMOS-DE-USO-EDUCARE-300x105.jpg 300w, https:\/\/educaremt.com.br\/landing\/wp-content\/uploads\/2021\/06\/SLIDE-POL\u00cdTICA-DE-PRIVACIDADE-E-TERMOS-DE-USO-EDUCARE-768x269.jpg 768w, https:\/\/educaremt.com.br\/landing\/wp-content\/uploads\/2021\/06\/SLIDE-POL\u00cdTICA-DE-PRIVACIDADE-E-TERMOS-DE-USO-EDUCARE-1536x538.jpg 1536w, https:\/\/educaremt.com.br\/landing\/wp-content\/uploads\/2021\/06\/SLIDE-POL\u00cdTICA-DE-PRIVACIDADE-E-TERMOS-DE-USO-EDUCARE.jpg 2000w\" sizes=\"(max-width: 1024px) 100vw, 1024px\" \/>\t\t\t\t\t\t\t\t\t\t\t\t\t\t\t<\/div>\n\t\t\t\t<\/div>\n\t\t\t\t\t<\/div>\n\t\t<\/div>\n\t\t\t\t\t<\/div>\n\t\t<\/section>\n\t\t\t\t<section class=\"elementor-section elementor-top-section elementor-element elementor-element-f59a77c elementor-section-boxed elementor-section-height-default elementor-section-height-default\" data-id=\"f59a77c\" data-element_type=\"section\" data-e-type=\"section\">\n\t\t\t\t\t\t<div class=\"elementor-container elementor-column-gap-default\">\n\t\t\t\t\t<div class=\"elementor-column elementor-col-100 elementor-top-column elementor-element elementor-element-c41fe1e\" data-id=\"c41fe1e\" data-element_type=\"column\" data-e-type=\"column\">\n\t\t\t<div class=\"elementor-widget-wrap elementor-element-populated\">\n\t\t\t\t\t\t<div class=\"elementor-element elementor-element-ea03c3b elementor-widget elementor-widget-heading\" data-id=\"ea03c3b\" data-element_type=\"widget\" data-e-type=\"widget\" data-widget_type=\"heading.default\">\n\t\t\t\t<div class=\"elementor-widget-container\">\n\t\t\t\t\t<h2 class=\"elementor-heading-title elementor-size-default\">Termos de uso<\/h2>\t\t\t\t<\/div>\n\t\t\t\t<\/div>\n\t\t\t\t\t<\/div>\n\t\t<\/div>\n\t\t\t\t\t<\/div>\n\t\t<\/section>\n\t\t\t\t<section class=\"elementor-section elementor-top-section elementor-element elementor-element-9314237 elementor-section-boxed elementor-section-height-default elementor-section-height-default\" data-id=\"9314237\" data-element_type=\"section\" data-e-type=\"section\">\n\t\t\t\t\t\t<div class=\"elementor-container elementor-column-gap-default\">\n\t\t\t\t\t<div class=\"elementor-column elementor-col-100 elementor-top-column elementor-element elementor-element-85639bf\" data-id=\"85639bf\" data-element_type=\"column\" data-e-type=\"column\">\n\t\t\t<div class=\"elementor-widget-wrap elementor-element-populated\">\n\t\t\t\t\t\t<div class=\"elementor-element elementor-element-ae48f77 elementor-widget elementor-widget-text-editor\" data-id=\"ae48f77\" data-element_type=\"widget\" data-e-type=\"widget\" data-widget_type=\"text-editor.default\">\n\t\t\t\t<div class=\"elementor-widget-container\">\n\t\t\t\t\t\t\t\t\t<p style=\"text-align: justify;\"><strong><span style=\"color: #002d54;\"> TERMOS DE USO<\/span><\/strong><\/br>\nPrezado(a) usu\u00e1rio(a),<\/br>\n\nAgradecemos a voc\u00ea por acessar o <a href=\"https:\/\/www.theidioms.com\/#\" class=\"fr\">site<\/a> da Faculdade EduCareMT!<\/br><\/br>\n\nAcessando este site, voc\u00ea poder\u00e1 obter informa\u00e7\u00f5es sobre os cursos, palestras, congressos e demais produtos ou servi\u00e7os oferecidos pela EduCareMT. Antes de navegar pelo site, voc\u00ea dever\u00e1 ler atentamente e compreender os \u201cTermos de Uso\u201d e a \u201cPol\u00edtica de Privacidade\u201d da, EduCareMT,prosseguindo com a navega\u00e7\u00e3o somente se estiver de acordo com estes documentos.<\/br>\n\nEstes Termos se aplicam aos sites, aplicativos para dispositivos m\u00f3veis e aos servi\u00e7os online disponibilizados a EduCareMT , podendo ser alterados a qualquer tempo, mediante atualiza\u00e7\u00e3o da data no canto superior direito da p\u00e1gina. Recomendamos que voc\u00ea reveja os Termos de Uso e a Pol\u00edtica de Privacidade sempre que visitar o site da EduCareMT.<\/br><\/br>\n\n<strong><span style=\"color: #002d54;\"> 1. CONDI\u00c7\u00d5ES GERAIS DE USO DO SITE<\/span><\/strong> <\/br>\nGratuidade de acesso: o acesso ao site \u00e9, em geral, gratuito. No entanto, alguns produtos e\/ou servi\u00e7os podem estar sujeitos \u00e0 remunera\u00e7\u00e3o, tais como cursos, eventos, congressos e palestras. Nos casos em que for necess\u00e1rio o pagamento, voc\u00ea ser\u00e1 devidamente informado(a) sobre os termos e condi\u00e7\u00f5es.<\/br>\nP\u00fablico-alvo: este site se destina a usu\u00e1rios maiores de 18 (dezoito) anos.\nCadastro, nomes de usu\u00e1rios e senhas: para utilizar certas partes do site, voc\u00ea poder\u00e1 ser motivado(a) a criar uma conta e cadastrar uma senha. Seu login e senha s\u00e3o exclusivamente para seu uso pessoal e devem ser mantidos em sigilo. Voc\u00ea n\u00e3o dever\u00e1 utilizar a senha ou a conta de nenhuma outra pessoa. Voc\u00ea \u00e9 respons\u00e1vel por qualquer uso, ainda que indevido, do seu login ou senha. Notifique a Faculdade EduCareMT imediatamente, sobre qualquer viola\u00e7\u00e3o de confidencialidade ou uso n\u00e3o autorizado do seu login, senha ou conta do site. A EduCareMT n\u00e3o se responsabiliza se voc\u00ea sofrer qualquer dano ou preju\u00edzo decorrente da quebra de sigilo de sua senha.<\/br>\nSites e links de terceiros: este site poder\u00e1 conter links ou refer\u00eancias a sites ou plataformas de terceiros. A EduCareMT n\u00e3o endossa os produtos ou servi\u00e7os de terceiros, bem como n\u00e3o se responsabiliza pelas informa\u00e7\u00f5es, materiais ou conte\u00fados de terceiros contidos, referidos, inclu\u00eddos ou ligados a este site. Quaisquer informa\u00e7\u00f5es, dados, opini\u00f5es, recomenda\u00e7\u00f5es, produtos ou servi\u00e7os oferecidos por esses terceiros por links a outros websites ou de outra maneira disponibilizados por seus websites servem unicamente para esses terceiros e n\u00e3o a EduCareMT. O uso desses websites de terceiros est\u00e1 sujeito aos Termos de Uso e \u00e0s Pol\u00edticas de Privacidade desses websites.<\/br><\/br>\n<strong><span style=\"color: #002d54;\">2. REGRAS DE CONDUTA<\/span><\/strong><\/br>\nAl\u00e9m de outras obriga\u00e7\u00f5es indicadas nestes Termos de Uso, os usu\u00e1rios deste site ficam obrigados a observar as seguintes regras de conduta:<\/br>\nFornecer informa\u00e7\u00f5es cadastrais ver\u00eddicas e exatas, responsabilizando-se exclusiva e integralmente por todo o conte\u00fado informado no cadastro;<\/br>\nN\u00e3o praticar atos que afetem adversamente a disponibilidade do site por outros usu\u00e1rios ou que de qualquer outra forma possam danificar, desativar, ou sobrecarregar os servidores ou redes da EduCareMT;<\/br>\nAbster-se de: (i) introduzir ou facilitar a introdu\u00e7\u00e3o e propaga\u00e7\u00e3o de v\u00edrus ou quaisquer outras tecnologias que possam prejudicar o site; (ii) tentar modificar, traduzir, adaptar, modificar, descompilar, desmontar ou fazer engenharia reversa de qualquer programa de software utilizado em conex\u00e3o com o site; (iii) copiar, modificar ou distribuir direitos ou conte\u00fado do site ou direitos autorais e marcas comerciais da EduCareMT; (iv) colher e\/ou compartilhar quaisquer informa\u00e7\u00f5es sobre outro usu\u00e1rio sem o consentimento do mesmo, e\/ou (v) agir de qualquer forma que possa amea\u00e7ar ou prejudicar a opera\u00e7\u00e3o do site.<\/br>\nA EduCareMT se reserva ao direito, ao seu crit\u00e9rio exclusivo, de restringir ou encerrar contas que n\u00e3o sejam utilizadas de acordo com estes Termos de Uso, e\/ou com a Pol\u00edtica de Privacidade da EduCareMT, e\/ou com a legisla\u00e7\u00e3o aplic\u00e1vel, bem como de remover quaisquer materiais, imagens e conte\u00fados que violem estes Termos ou que sejam considerados question\u00e1veis.<\/br><\/br>\n\n<strong><span style=\"color: #002d54;\">3. LIMITA\u00c7\u00c3O DE RESPONSABILIDADE<\/span><\/strong><\/br>\nVoc\u00ea expressamente entende e concorda que sob nenhuma circunst\u00e2ncia os desenvolvedores deste site, a EduCareMT, seus diretores, executivos, funcion\u00e1rios, agentes, controladoras, controladas, coligadas, filiais e parceiras ser\u00e3o responsabilizados por danos indiretos, acidentais, presumidos, consequenciais, punitivos ou agravados, resultantes de: (i) qualquer informa\u00e7\u00e3o errada ou incompleta que seja fornecida por um usu\u00e1rio; (ii) fraude ou viola\u00e7\u00e3o de qualquer uma das condi\u00e7\u00f5es previstas neste Termos de Uso; (iii) falhas nas conex\u00f5es; (iv) problemas no processamento de dados por culpa de terceiros; (v) a\u00e7\u00f5es dos usu\u00e1rios cadastrados no site; (vi) viola\u00e7\u00e3o de direito de terceiros; (vii) lucros cessantes, perda econ\u00f4mica, financeira ou de neg\u00f3cio, ou por qualquer perda indireta.<\/br><\/br>\n\n<strong><span style=\"color: #002d54;\"> 4. INDENIZA\u00c7\u00d5ES<\/span><\/strong><\/br>\nVoc\u00ea concorda em indenizar e isentar os desenvolvedores deste site, a EduCareMT , seus diretores, executivos, empregados, agentes, filiais e parceiras de todas as reclama\u00e7\u00f5es, perdas, custos e despesas (inclusive sem limita\u00e7\u00e3o honor\u00e1rios advocat\u00edcios) decorrentes do (a) uso indevido ou pr\u00e1tica de atividades ilegais no site, (b) qualquer viola\u00e7\u00e3o destes Termos por voc\u00ea ou por meio de sua conta; e (c) reclama\u00e7\u00f5es ou alega\u00e7\u00f5es de suas condutas neste site infringem a propriedade intelectual ou outros direitos da EduCareMT , ou direitos de privacidade de qualquer terceiro.<\/br><\/br>\n\n<strong><span style=\"color: #002d54;\">5. CONFIDENCIALIDADE<\/span><\/strong><\/br>\nOs dados pessoais fornecidos ou coletados neste site s\u00e3o regidos pela Pol\u00edtica de Privacidade da EduCareMT.\nAs comunica\u00e7\u00f5es adicionais e quaisquer outras informa\u00e7\u00f5es que voc\u00ea submeta no site ou atrav\u00e9s deste s\u00e3o tratadas como n\u00e3o confidenciais e n\u00e3o propriet\u00e1rias. Isto inclui todas as informa\u00e7\u00f5es que voc\u00ea submeter direta ou indiretamente (por exemplo, atrav\u00e9s do uso de um site de rede social de terceiros usando uma hashtag promovida ou relacionada a EduCareMT).<\/br><\/br>\n\n<strong><span style=\"color: #002d54;\"> 6. PROPRIEDADE INTELECTUAL<\/span><\/strong><\/br>\nVoc\u00ea entende e concorda que este site \u00e9 de propriedade exclusiva da EduCareMT, inclusive todas as marcas registradas, marcas de servi\u00e7o, elementos gr\u00e1ficos e quaisquer outras imagens ou sinais distintivos relacionados, os quais s\u00e3o protegidos por direitos autorais, marca registrada, patente e\/ou outros direitos das leis de propriedade intelectual.<\/br>\nVoc\u00ea n\u00e3o poder\u00e1 copiar, alterar, distribuir, publicar, reutilizar, fazer engenharia reversa, desmontar ou vender o conte\u00fado do site, quaisquer atualiza\u00e7\u00f5es relacionadas a ele ou em qualquer parte dele, incluindo o(s) software(s) inclu\u00eddo(s) nele, para uso comercial ou fornec\u00ea-lo a qualquer fonte comercial, incluindo outros sites e plataformas, sem a pr\u00e9via permiss\u00e3o por escrito da EduCareMT. <\/br>\nAo navegar por este site e observados estes Termos de Uso, voc\u00ea recebe uma licen\u00e7a pessoal, n\u00e3o exclusiva, intransfer\u00edvel e revog\u00e1vel para usar o site apenas para seus pr\u00f3prios fins pessoais, n\u00e3o comerciais e exclusivamente de acordo com estes Termos. Esta licen\u00e7a poder\u00e1 ser revogada a qualquer momento e n\u00e3o lhe concede direitos adicionais em rela\u00e7\u00e3o ao site ou seu conte\u00fado.<\/br><\/br>\n\n<strong><span style=\"color: #002d54;\"> 7. DISPOSI\u00c7\u00d5ES FINAIS<\/span><\/strong><\/br>\nVoc\u00ea tem ci\u00eancia e concorda que uma vers\u00e3o destes Termos de Uso e de qualquer aviso enviado em formato eletr\u00f4nico, inclusive atrav\u00e9s de postagem no site, ser\u00e1 admiss\u00edvel em processos judiciais ou administrativos baseados em ou relacionados a estes Termos de Uso.<\/br>\nAtividades espec\u00edficas tais como pesquisas, promo\u00e7\u00f5es, sorteios, entre outros ser\u00e3o regidos por regras separadas destes Termos de Uso, que poder\u00e3o variar das condi\u00e7\u00f5es aqui estabelecidas.\nCaso tenha d\u00favidas\/coment\u00e1rios sobre este documento e as pr\u00e1ticas nele descritas, voc\u00ea poder\u00e1 entrar em com a EduCareMT, atrav\u00e9s do e-mail privacidade@educaremt.com.br<\/br>\n\nQuaisquer obriga\u00e7\u00f5es n\u00e3o contratuais decorrentes destes ou em rela\u00e7\u00e3o a estes Termos de Uso ser\u00e3o regidos e interpretados em conformidade com as leis brasileiras. Fica eleito o foro da Comarca de Cuiab\u00e1\/MT, para a resolu\u00e7\u00e3o de conflitos decorrentes destes Termos.\n\n<\/p>\t\t\t\t\t\t\t\t<\/div>\n\t\t\t\t<\/div>\n\t\t\t\t\t<\/div>\n\t\t<\/div>\n\t\t\t\t\t<\/div>\n\t\t<\/section>\n\t\t\t\t<\/div>\n\t\t","protected":false},"excerpt":{"rendered":"<p>Termos de uso TERMOS DE USO Prezado(a) usu\u00e1rio(a), Agradecemos a voc\u00ea por acessar o site da Faculdade EduCareMT! Acessando este site, voc\u00ea poder\u00e1 obter informa\u00e7\u00f5es sobre os cursos, palestras, congressos [&hellip;]<\/p>\n","protected":false},"author":1,"featured_media":0,"parent":0,"menu_order":0,"comment_status":"closed","ping_status":"closed","template":"..\/public\/views\/revslider-page-template.php","meta":{"_exactmetrics_skip_tracking":false,"_exactmetrics_sitenote_active":false,"_exactmetrics_sitenote_note":"","_exactmetrics_sitenote_category":0,"_joinchat":[],"footnotes":""},"class_list":["post-868","page","type-page","status-publish","hentry"],"_links":{"self":[{"href":"https:\/\/educaremt.com.br\/landing\/wp-json\/wp\/v2\/pages\/868"}],"collection":[{"href":"https:\/\/educaremt.com.br\/landing\/wp-json\/wp\/v2\/pages"}],"about":[{"href":"https:\/\/educaremt.com.br\/landing\/wp-json\/wp\/v2\/types\/page"}],"author":[{"embeddable":true,"href":"https:\/\/educaremt.com.br\/landing\/wp-json\/wp\/v2\/users\/1"}],"replies":[{"embeddable":true,"href":"https:\/\/educaremt.com.br\/landing\/wp-json\/wp\/v2\/comments?post=868"}],"version-history":[{"count":5,"href":"https:\/\/educaremt.com.br\/landing\/wp-json\/wp\/v2\/pages\/868\/revisions"}],"predecessor-version":[{"id":874,"href":"https:\/\/educaremt.com.br\/landing\/wp-json\/wp\/v2\/pages\/868\/revisions\/874"}],"wp:attachment":[{"href":"https:\/\/educaremt.com.br\/landing\/wp-json\/wp\/v2\/media?parent=868"}],"curies":[{"name":"wp","href":"https:\/\/api.w.org\/{rel}","templated":true}]}}